{"id":1432,"date":"2022-08-23T23:33:13","date_gmt":"2022-08-23T15:33:13","guid":{"rendered":"http:\/\/www.garden-kit.com\/product\/mini-bonsai-trees\/"},"modified":"2024-03-07T10:18:25","modified_gmt":"2024-03-07T02:18:25","slug":"mini-bonsai-tree-kit","status":"publish","type":"product","link":"https:\/\/www.garden-kit.com\/fr\/product\/mini-bonsai-tree-kit\/","title":{"rendered":"Kit mini bonsa\u00ef"},"content":{"rendered":"<h3 style=\"font-size: 19px\">Ensemble de mini bonsa\u00efs<\/h3>\n<table style=\"border-collapse: collapse;width: 100%;height: 184.75px\">\n<tbody>\n<tr style=\"height: 21.25px\">\n<td style=\"height: 21.25px;line-height: 2\" width=\"298\"><span style=\"font-family: 'PingFang SC', 'Microsoft YaHei', sans-serif;font-size: 16px\">Instructions d&#039;entretien du produit<\/span><\/td>\n<td style=\"height: 21.25px;line-height: 2\" width=\"298\"><span style=\"font-family: 'PingFang SC', 'Microsoft YaHei', sans-serif;font-size: 16px\">Disponible<\/span><\/td>\n<\/tr>\n<tr style=\"height: 21.25px\">\n<td style=\"height: 21.25px;line-height: 2\" width=\"298\"><span style=\"font-family: 'PingFang SC', 'Microsoft YaHei', sans-serif;font-size: 16px\">Type de produit v\u00e9g\u00e9tal<\/span><\/td>\n<td style=\"height: 21.25px;line-height: 2\" width=\"298\"><span style=\"font-family: 'PingFang SC', 'Microsoft YaHei', sans-serif;font-size: 16px\">Un bonsai<\/span><\/td>\n<\/tr>\n<tr style=\"height: 21.25px\">\n<td style=\"height: 21.25px;line-height: 2\" width=\"298\"><span style=\"font-family: 'PingFang SC', 'Microsoft YaHei', sans-serif;font-size: 16px\">Une fonction sp\u00e9ciale<\/span><\/td>\n<td style=\"height: 21.25px;line-height: 2\" width=\"298\"><span style=\"font-family: 'PingFang SC', 'Microsoft YaHei', sans-serif;font-size: 16px\">Culture int\u00e9rieure-ext\u00e9rieure<\/span><\/td>\n<\/tr>\n<tr style=\"height: 21.25px\">\n<td style=\"height: 21.25px;line-height: 2\" width=\"298\"><span style=\"font-family: 'PingFang SC', 'Microsoft YaHei', sans-serif;font-size: 16px\">Marque<\/span><\/td>\n<td style=\"height: 21.25px;line-height: 2\" width=\"298\"><span style=\"font-family: 'PingFang SC', 'Microsoft YaHei', sans-serif;font-size: 16px\">Trousse de jardin<\/span><\/td>\n<\/tr>\n<tr style=\"height: 21.25px\">\n<td style=\"height: 21.25px;line-height: 2\" width=\"298\"><span style=\"font-family: 'PingFang SC', 'Microsoft YaHei', sans-serif;font-size: 16px\">Lieu d&#039;origine<\/span><\/td>\n<td style=\"height: 21.25px;line-height: 2\" width=\"298\"><span style=\"font-family: 'PingFang SC', 'Microsoft YaHei', sans-serif;font-size: 16px\">Fujian, Chine<\/span><\/td>\n<\/tr>\n<tr style=\"height: 21.25px\">\n<td style=\"height: 21.25px;line-height: 2\" width=\"298\"><span style=\"font-family: 'PingFang SC', 'Microsoft YaHei', sans-serif;font-size: 16px\">ODM\/OEM<\/span><\/td>\n<td style=\"height: 21.25px;line-height: 2\" width=\"298\"><span style=\"font-family: 'PingFang SC', 'Microsoft YaHei', sans-serif;font-size: 16px\">Disponible<\/span><\/td>\n<\/tr>\n<tr style=\"height: 21.25px\">\n<td style=\"height: 21.25px;line-height: 2\" width=\"298\"><span style=\"font-family: 'PingFang SC', 'Microsoft YaHei', sans-serif;font-size: 16px\">MOQ pour commande personnalis\u00e9e<\/span><\/td>\n<td style=\"height: 21.25px;line-height: 2\" width=\"298\"><span style=\"font-family: 'PingFang SC', 'Microsoft YaHei', sans-serif;font-size: 16px\">3000 pi\u00e8ces<\/span><\/td>\n<\/tr>\n<tr style=\"height: 36px\">\n<td style=\"height: 36px;line-height: 2\" width=\"298\"><span style=\"font-family: 'PingFang SC', 'Microsoft YaHei', sans-serif;font-size: 16px\">Co\u00fbt de l&#039;\u00e9chantillon<\/span><\/td>\n<td style=\"height: 36px;line-height: 2\" width=\"298\"><span style=\"font-family: 'PingFang SC', 'Microsoft YaHei', sans-serif;font-size: 16px\">US$400\/Sample, retour complet apr\u00e8s la commande de notre part<\/span><\/td>\n<\/tr>\n<\/tbody>\n<\/table>\n<p style=\"line-height: 2\">\n<p style=\"line-height: 2\"><span style=\"font-family: 'PingFang SC', 'Microsoft YaHei', sans-serif;font-size: 16px\">Kit de 20 pi\u00e8ces pour cultiver votre propre bonsa\u00ef : c&#039;est facile - nous \u00e9liminons les conjectures de la culture d&#039;un bonsa\u00ef \u00e0 partir de graines, vous guidant \u00e0 chaque \u00e9tape du chemin. Tout ce dont vous avez besoin pour apporter la joie du bonsa\u00ef dans votre vie ou celle de votre proche dans une belle bo\u00eete cadeau en bois. Plante-le!<\/span><\/p>\n<p style=\"line-height: 2;text-align: center\"><span style=\"font-family: 'PingFang SC', 'Microsoft YaHei', sans-serif\">&nbsp;<img decoding=\"async\" src=\"https:\/\/data.adwebcloud.com\/public\/material\/2206293ihquj\/product\/pdcznlhyux_1661262084304.jpg\" alt=\"exemple\" width=\"500\" title=\"\"> &nbsp;<img decoding=\"async\" src=\"https:\/\/data.adwebcloud.com\/public\/material\/2206293ihquj\/product\/z0c9yn6cuz_1661262093019.jpg\" alt=\"exemple\" width=\"500\" title=\"\">&nbsp;<\/span><\/p>\n<h3 style=\"line-height: 2;font-size: 19px\"><span style=\"font-family: 'PingFang SC', 'Microsoft YaHei', sans-serif\"><span style=\"font-size: 16px\">Les \u00e9l\u00e9ments suivants sont inclus dans le <\/span><span style=\"font-size: 16px\">Kit mini bonsa\u00ef<\/span><\/span><\/h3>\n<p style=\"line-height: 2\"><span style=\"font-family: 'PingFang SC', 'Microsoft YaHei', sans-serif;font-size: 16px\">1 jardini\u00e8re en bois<\/span><\/p>\n<p style=\"line-height: 2\"><span style=\"font-family: 'PingFang SC', 'Microsoft YaHei', sans-serif;font-size: 16px\">8 sachets de graines sans OGM<\/span><\/p>\n<p style=\"line-height: 2\"><span style=\"font-family: 'PingFang SC', 'Microsoft YaHei', sans-serif;font-size: 16px\">1 guide de plantation \u00e9tape par \u00e9tape<\/span><\/p>\n<p style=\"line-height: 2\"><span style=\"font-family: 'PingFang SC', 'Microsoft YaHei', sans-serif;font-size: 16px\">10 marqueurs de plantes en bois<\/span><\/p>\n<p style=\"line-height: 2\"><span style=\"font-family: 'PingFang SC', 'Microsoft YaHei', sans-serif\">&nbsp;<\/span><\/p>\n<p style=\"line-height: 2\"><span style=\"font-family: 'PingFang SC', 'Microsoft YaHei', sans-serif;font-size: 16px\"><strong>Kit Bonsa\u00ef\u00a0:<\/strong> 8 types de graines de bonsa\u00ef miniatures en pot, 10 types de graines de bonsa\u00ef avec des noms et des marqueurs en bambou sem\u00e9s, des instructions, une bo\u00eete cadeau en bois et un kit de d\u00e9marrage de graines de bonsa\u00ef.<\/span><\/p>\n<p style=\"line-height: 2\"><span style=\"font-family: 'PingFang SC', 'Microsoft YaHei', sans-serif\">&nbsp;<\/span><\/p>\n<p style=\"line-height: 2\"><span style=\"font-family: 'PingFang SC', 'Microsoft YaHei', sans-serif;font-size: 16px\"><strong>Les graines comprennent Jacaranda Mimosifolia -<\/strong> Palissandre du Br\u00e9sil. Picea Pungens Glauca San Juan \u2013 \u00c9pinette bleue du Colorado. Delonix Regia \u2013 Flame Tree. Picea Mariana \u2013 \u00c9pinette noire. Ficus Religiosa - Arbre de Bouddha. Pinus Thunbergii \u2013 Pin noir du Japon. Ulmus Pumila - Orme de Sib\u00e9rie. Metasequoia glyptostroboides \u2013 Dawn Redwood.<\/span><\/p>\n<p style=\"line-height: 2\"><span style=\"font-family: 'PingFang SC', 'Microsoft YaHei', sans-serif\">&nbsp;<\/span><\/p>\n<p style=\"line-height: 2\"><span style=\"font-family: 'PingFang SC', 'Microsoft YaHei', sans-serif;font-size: 16px\"><strong>Id\u00e9es cadeaux uniques :<\/strong> Les kits de culture d&#039;arbres d&#039;int\u00e9rieur, les kits de jardinage d&#039;herbes aromatiques d&#039;int\u00e9rieur et les sacs de graines sont des cadeaux formidables et uniques pour les hommes et les femmes qui cultivent des plantes en pot, des plantes de bureau, des plantes de bureau, des cadeaux de jardinage et des plantes d&#039;int\u00e9rieur.<\/span><\/p>\n<p style=\"line-height: 2\"><span style=\"font-family: 'PingFang SC', 'Microsoft YaHei', sans-serif;font-size: 16px\">Aucun pouce vert requis : nos kits de bonsa\u00efs sont parfaits pour le jardinage d&#039;int\u00e9rieur de tous les niveaux d&#039;exp\u00e9rience, et nous incluons suffisamment de graines pour un deuxi\u00e8me cycle de plantation au cas o\u00f9 vous feriez une erreur.<\/span><\/p>\n<p style=\"line-height: 2\"><span style=\"font-family: 'PingFang SC', 'Microsoft YaHei', sans-serif\">&nbsp;<\/span><\/p>\n<p style=\"line-height: 2\"><span style=\"font-family: 'PingFang SC', 'Microsoft YaHei', sans-serif;font-size: 16px\"><strong>Une qualit\u00e9 sur laquelle vous pouvez compter :<\/strong> Nos kits de jardin d&#039;int\u00e9rieur, pour les vrais bonsa\u00efs vivants d&#039;ext\u00e9rieur et d&#039;int\u00e9rieur, sont test\u00e9s pour les taux de germination les plus \u00e9lev\u00e9s disponibles sur le march\u00e9 pour ce type d&#039;arbre. Cela garantit que vous obtenez des graines fra\u00eechement r\u00e9colt\u00e9es, ce qui vous donne les meilleures chances de succ\u00e8s pour votre parcours de culture de bonsa\u00ef.<\/span><\/p>\n<p style=\"line-height: 2\"><span style=\"font-family: 'PingFang SC', 'Microsoft YaHei', sans-serif\">Le kit Mini Bonsai Tree est con\u00e7u pour vous apporter un sentiment de calme et encourager la pleine conscience et la tranquillit\u00e9 d&#039;esprit tout en faisant pousser votre arbre. Planter ce genre de petit bonsa\u00ef peut non seulement vous apporter un plaisir confortable, mais aussi avoir pour effet de verdir l&#039;environnement et de purifier indirectement l&#039;air de votre maison. N&#039;est-ce pas faire d&#039;une pierre deux coups pour vous ?<\/span><\/p>\n<p style=\"line-height: 2\"><span style=\"font-family: 'PingFang SC', 'Microsoft YaHei', sans-serif\">Et notre kit de bonsa\u00ef contient de nombreuses graines d&#039;arbres diff\u00e9rentes. Les conditions de plantation de chaque arbre seront diff\u00e9rentes afin que vous ne vous ennuyiez pas avec un seul arbre pendant longtemps. Laissez-vous avoir diff\u00e9rentes surprises et sentez-vous heureux tous les jours!<\/span><\/p>\n<p style=\"line-height: 2\"><span style=\"font-family: 'PingFang SC', 'Microsoft YaHei', sans-serif\">Pour les internautes qui aiment cultiver des bonsa\u00efs \u00e0 la maison, il est plus facile de choisir un petit bonsa\u00ef avec lequel jouer, la p\u00e9riode de culture est relativement courte et l&#039;espace de maintenance n&#039;a pas besoin de beaucoup d&#039;espace. Pour la culture de petits bonsa\u00efs, en particulier pour les esp\u00e8ces d&#039;arbres \u00e0 croissance rapide comme le fr\u00eane, tant que son rythme spatial est bien saisi, la forme sera relativement rapide.<\/span><\/p>\n<p style=\"line-height: 2\"><span style=\"font-family: 'PingFang SC', 'Microsoft YaHei', sans-serif\">Entretien des mini bonsa\u00efs<\/span><\/p>\n<p style=\"line-height: 2\"><span style=\"font-family: 'PingFang SC', 'Microsoft YaHei', sans-serif\">1. La lumi\u00e8re est appropri\u00e9e. Mettez les mini plantes en pot dans un endroit avec un astigmatisme doux pour l&#039;entretien. En \u00e9t\u00e9, faites attention \u00e0 prendre des mesures de protection solaire et arrosez scientifiquement pour garder le sol du pot humide. N&#039;arrosez pas trop ou trop peu, ce qui affectera la croissance normale du syst\u00e8me racinaire. S&#039;il y a des branches et des feuilles avec des maladies et des insectes dans les mini plantes en pot, elles doivent \u00eatre coup\u00e9es \u00e0 temps et pulv\u00e9ris\u00e9es avec du carbendazime et d&#039;autres produits chimiques.<\/span><br \/><span style=\"font-family: 'PingFang SC', 'Microsoft YaHei', sans-serif\">2. La quatri\u00e8me \u00e9tape consiste \u00e0 d\u00e9corer les plantes en pot. Enfin, placez des pierres volcaniques ou d&#039;autres pav\u00e9s sur la surface pour une fixation suppl\u00e9mentaire, ce qui peut non seulement jouer un r\u00f4le d\u00e9coratif mais \u00e9galement emp\u00eacher les feuilles du bas de pourrir et de se fl\u00e9trir \u00e0 cause de l&#039;humidit\u00e9. De cette fa\u00e7on, une simple petite plante succulente en pot est pr\u00eate Oui, vous pouvez en faire plus et les assembler, ce sera votre jardin succulent.<\/span><br \/><span style=\"font-family: 'PingFang SC', 'Microsoft YaHei', sans-serif\">3. Les plantes vertes peuvent \u00eatre partout. 11 petites plantes en pot cr\u00e9atives d&#039;int\u00e9rieur, petits seaux color\u00e9s. Les petites plantes en pot sont plac\u00e9es dans de petits seaux color\u00e9s. Difficile, alors accrochez le seau avec de petites plantes en pot avec un gros clip, les belles plantes vertes peuvent \u00eatre.<\/span><br \/><span style=\"font-family: 'PingFang SC', 'Microsoft YaHei', sans-serif\">4. Arrosage scientifique : il suffit de garder les pots des plantes humides. N&#039;arrosez pas trop ou trop peu, ce qui affectera la croissance normale du syst\u00e8me racinaire.<\/span><br \/><span style=\"font-family: 'PingFang SC', 'Microsoft YaHei', sans-serif\">Lutte antiparasitaire\u00a0: s&#039;il y a des branches et des feuilles malades dans les mini plantes en pot, elles doivent \u00eatre coup\u00e9es \u00e0 temps et pulv\u00e9ris\u00e9es avec du carbendazime. En attente de m\u00e9dicaments.<\/span><br \/><span style=\"font-family: 'PingFang SC', 'Microsoft YaHei', sans-serif\">5. Pr\u00e9parez le sol. Le cypr\u00e8s \u00e0 aiguilles aime pousser dans un sol meuble et fertile l\u00e9g\u00e8rement acide. Lors de la culture, vous pouvez m\u00e9langer le sol avec de l&#039;humus, de la terre de jardin, du sable de rivi\u00e8re<\/span><br \/><span style=\"font-family: 'PingFang SC', 'Microsoft YaHei', sans-serif\">2 Aiguille d&#039;arrosage raisonnable Le cypr\u00e8s a une certaine tol\u00e9rance \u00e0 la s\u00e9cheresse.<\/span><\/p>\n<p style=\"line-height: 2\"><span style=\"font-family: 'PingFang SC', 'Microsoft YaHei', sans-serif\"><\/span><\/p>\n<p>Si vous recherchez un passe-temps unique et \u00e9panouissant, le bonsa\u00ef est peut-\u00eatre ce dont vous avez besoin. Le bonsa\u00ef est l&#039;art de cultiver et de sculpter des arbres sous forme miniature, et il est pratiqu\u00e9 depuis des si\u00e8cles au Japon et dans d&#039;autres parties du monde. Avec un kit de mini bonsa\u00efs, vous pouvez commencer votre voyage en bonsa\u00ef dans le confort de votre foyer.<\/p>\n<p>Un kit de mini bonsa\u00ef comprend g\u00e9n\u00e9ralement un jeune arbre, un pot, de la terre et quelques outils de base. L&#039;arbre peut \u00eatre un jeune arbre ou une bouture pr\u00e9par\u00e9e pour la culture du bonsa\u00ef. Le pot est souvent petit et peu profond, ce qui aide \u00e0 contr\u00f4ler la croissance des racines et encourage l&#039;arbre \u00e0 pousser sous une forme plus compacte. Le sol est sp\u00e9cialement formul\u00e9 pour les bonsa\u00efs et fournit \u00e0 l&#039;arbre les nutriments dont il a besoin pour pousser sain et fort.<\/p>\n<p>Les outils d&#039;un kit de mini bonsa\u00ef peuvent inclure une paire de ciseaux ou un s\u00e9cateur pour fa\u00e7onner l&#039;arbre, un r\u00e2teau pour nettoyer le sol et un arrosoir ou un vaporisateur pour arroser l&#039;arbre. Ces outils sont essentiels pour maintenir la sant\u00e9 et l&#039;apparence de votre bonsa\u00ef.<\/p>\n<p>Une fois que vous avez votre kit de mini bonsa\u00ef, la premi\u00e8re \u00e9tape consiste \u00e0 planter soigneusement votre arbre dans le pot en utilisant le terreau fourni. Vous devez \u00e9galement vous assurer que l&#039;arbre re\u00e7oit suffisamment de soleil et d&#039;eau, car ceux-ci sont essentiels \u00e0 sa croissance. Au fur et \u00e0 mesure de la croissance de votre arbre, vous devrez le tailler r\u00e9guli\u00e8rement pour conserver sa forme et \u00e9viter qu&#039;il ne devienne trop gros.<\/p>\n<p>La culture du bonsa\u00ef peut \u00eatre un passe-temps stimulant et gratifiant, et cela demande de la patience, du d\u00e9vouement et un amour pour la nature. C&#039;est aussi un excellent moyen de d\u00e9stresser et de se d\u00e9tendre apr\u00e8s une longue journ\u00e9e au travail ou \u00e0 l&#039;\u00e9cole. En regardant votre arbre grandir et se d\u00e9velopper, vous ressentirez un sentiment de fiert\u00e9 et d&#039;accomplissement difficile \u00e0 reproduire avec d&#039;autres passe-temps.<\/p>\n<h3 style=\"font-size: 19px\">Application du kit de mini bonsa\u00efs<\/h3>\n<p>Il existe plusieurs fa\u00e7ons d&#039;utiliser un kit de mini bonsa\u00efs, en fonction de vos int\u00e9r\u00eats et de vos objectifs. Voici quelques exemples:<\/p>\n<ol>\n<li>D\u00e9coration de la maison : un kit de mini bonsa\u00efs peut \u00eatre utilis\u00e9 pour cr\u00e9er une d\u00e9coration magnifique et unique pour votre maison. Vous pouvez placer l&#039;arbre sur une table ou un bureau, ou l&#039;utiliser comme pi\u00e8ce ma\u00eetresse pour un \u00e9v\u00e9nement sp\u00e9cial ou un d\u00eener.<\/li>\n<li>Soulagement du stress : La culture du bonsa\u00ef peut \u00eatre une activit\u00e9 relaxante et m\u00e9ditative qui peut vous aider \u00e0 r\u00e9duire le stress et \u00e0 am\u00e9liorer votre bien-\u00eatre mental. Prendre soin d&#039;un \u00eatre vivant peut \u00e9galement vous donner un sens de but et d&#039;\u00e9panouissement.<\/li>\n<li>\u00c9ducation\u00a0: la culture du bonsa\u00ef peut \u00eatre un excellent moyen d&#039;enseigner aux enfants la nature et l&#039;environnement. Ils peuvent en apprendre davantage sur l&#039;importance de prendre soin des \u00eatres vivants, ainsi que sur les subtilit\u00e9s de la croissance et du d\u00e9veloppement des plantes.<\/li>\n<li>Cadeau : un kit de mini bonsa\u00ef peut faire un cadeau unique et attentionn\u00e9 pour un \u00eatre cher. Cela peut \u00eatre un excellent moyen de montrer \u00e0 quelqu&#039;un que vous tenez \u00e0 lui, tout en lui donnant un nouveau passe-temps \u00e0 explorer.<\/li>\n<li>D\u00e9veloppement personnel : La culture du bonsa\u00ef peut \u00eatre un passe-temps stimulant et gratifiant qui peut vous aider \u00e0 d\u00e9velopper la patience, l&#039;attention aux d\u00e9tails et le sens des responsabilit\u00e9s. Cela peut \u00e9galement vous donner une plus grande appr\u00e9ciation du monde naturel et de la beaut\u00e9 des \u00eatres vivants.<\/li>\n<\/ol>","protected":false},"excerpt":{"rendered":"<p>Kit de graines de bonsa\u00ef - 8 vari\u00e9t\u00e9s populaires de mini bonsa\u00efs non OGM, marqueurs de plantes en bambou, coffret cadeau en bois - Kits de d\u00e9marrage de graines de Bonzie Tree, jardin d&#039;int\u00e9rieur Grow Bonzai, id\u00e9e de cadeaux de jardinage<\/p>\n<p>Un kit de mini bonsa\u00ef comprend g\u00e9n\u00e9ralement tout le n\u00e9cessaire pour faire pousser et cultiver un petit bonsa\u00ef, y compris un r\u00e9cipient, de la terre, des graines ou un petit arbre, et des instructions pour la plantation et l&#039;entretien. Le conteneur est g\u00e9n\u00e9ralement assez petit pour tenir sur un bureau ou un rebord de fen\u00eatre, et l&#039;arbre est con\u00e7u pour rester de taille relativement petite. Certains kits de mini bonsa\u00efs comprennent \u00e9galement des outils pour tailler et fa\u00e7onner l&#039;arbre au fur et \u00e0 mesure de sa croissance.<\/p><\/p>","protected":false},"featured_media":17941,"comment_status":"closed","ping_status":"closed","template":"","meta":[],"product_cat":[40],"product_tag":[214,102,577,112,641,640,169,44,642,639],"acf":[],"_links":{"self":[{"href":"https:\/\/www.garden-kit.com\/fr\/wp-json\/wp\/v2\/product\/1432"}],"collection":[{"href":"https:\/\/www.garden-kit.com\/fr\/wp-json\/wp\/v2\/product"}],"about":[{"href":"https:\/\/www.garden-kit.com\/fr\/wp-json\/wp\/v2\/types\/product"}],"replies":[{"embeddable":true,"href":"https:\/\/www.garden-kit.com\/fr\/wp-json\/wp\/v2\/comments?post=1432"}],"wp:featuredmedia":[{"embeddable":true,"href":"https:\/\/www.garden-kit.com\/fr\/wp-json\/wp\/v2\/media\/17941"}],"wp:attachment":[{"href":"https:\/\/www.garden-kit.com\/fr\/wp-json\/wp\/v2\/media?parent=1432"}],"wp:term":[{"taxonomy":"product_cat","embeddable":true,"href":"https:\/\/www.garden-kit.com\/fr\/wp-json\/wp\/v2\/product_cat?post=1432"},{"taxonomy":"product_tag","embeddable":true,"href":"https:\/\/www.garden-kit.com\/fr\/wp-json\/wp\/v2\/product_tag?post=1432"}],"curies":[{"name":"wp","href":"https:\/\/api.w.org\/{rel}","templated":true}]}}