{"id":1438,"date":"2022-08-23T23:33:46","date_gmt":"2022-08-23T15:33:46","guid":{"rendered":"http:\/\/www.garden-kit.com\/product\/bonsai-tree-starter-kit\/"},"modified":"2024-03-13T15:38:52","modified_gmt":"2024-03-13T07:38:52","slug":"bonsai-tree-starter-kit","status":"publish","type":"product","link":"https:\/\/www.garden-kit.com\/fr\/product\/bonsai-tree-starter-kit\/","title":{"rendered":"Trousse de d\u00e9part pour bonsa\u00ef Planters Choice"},"content":{"rendered":"<h3 style=\"font-size: 19px\">Aper\u00e7u<\/h3>\n<table style=\"border-collapse: collapse;width: 100%;height: 170px\">\n<tbody>\n<tr style=\"height: 21.25px\">\n<td style=\"height: 21.25px\" width=\"298\"><span style=\"color: #000000;font-family: 'PingFang SC', 'Microsoft YaHei', sans-serif;font-size: 16px\">Instructions d&#039;entretien du produit<\/span><\/td>\n<td style=\"height: 21.25px\" width=\"298\"><span style=\"color: #000000;font-family: 'PingFang SC', 'Microsoft YaHei', sans-serif;font-size: 16px\">Disponible<\/span><\/td>\n<\/tr>\n<tr style=\"height: 21.25px\">\n<td style=\"height: 21.25px\" width=\"298\"><span style=\"color: #000000;font-family: 'PingFang SC', 'Microsoft YaHei', sans-serif;font-size: 16px\">Type de produit v\u00e9g\u00e9tal<\/span><\/td>\n<td style=\"height: 21.25px\" width=\"298\"><span style=\"color: #000000;font-family: 'PingFang SC', 'Microsoft YaHei', sans-serif;font-size: 16px\">Un bonsai<\/span><\/td>\n<\/tr>\n<tr style=\"height: 21.25px\">\n<td style=\"height: 21.25px\" width=\"298\"><span style=\"color: #000000;font-family: 'PingFang SC', 'Microsoft YaHei', sans-serif;font-size: 16px\">Une fonction sp\u00e9ciale<\/span><\/td>\n<td style=\"height: 21.25px\" width=\"298\"><span style=\"color: #000000;font-family: 'PingFang SC', 'Microsoft YaHei', sans-serif;font-size: 16px\">Culture int\u00e9rieure-ext\u00e9rieure<\/span><\/td>\n<\/tr>\n<tr style=\"height: 21.25px\">\n<td style=\"height: 21.25px\" width=\"298\"><span style=\"color: #000000;font-family: 'PingFang SC', 'Microsoft YaHei', sans-serif;font-size: 16px\">Marque<\/span><\/td>\n<td style=\"height: 21.25px\" width=\"298\"><span style=\"color: #000000;font-family: 'PingFang SC', 'Microsoft YaHei', sans-serif;font-size: 16px\">Trousse de jardin<\/span><\/td>\n<\/tr>\n<tr style=\"height: 21.25px\">\n<td style=\"height: 21.25px\" width=\"298\"><span style=\"color: #000000;font-family: 'PingFang SC', 'Microsoft YaHei', sans-serif;font-size: 16px\">Lieu d&#039;origine<\/span><\/td>\n<td style=\"height: 21.25px\" width=\"298\"><span style=\"color: #000000;font-family: 'PingFang SC', 'Microsoft YaHei', sans-serif;font-size: 16px\">Fujian, Chine<\/span><\/td>\n<\/tr>\n<tr style=\"height: 21.25px\">\n<td style=\"height: 21.25px\" width=\"298\"><span style=\"color: #000000;font-family: 'PingFang SC', 'Microsoft YaHei', sans-serif;font-size: 16px\">ODM\/OEM<\/span><\/td>\n<td style=\"height: 21.25px\" width=\"298\"><span style=\"color: #000000;font-family: 'PingFang SC', 'Microsoft YaHei', sans-serif;font-size: 16px\">Disponible<\/span><\/td>\n<\/tr>\n<tr style=\"height: 21.25px\">\n<td style=\"height: 21.25px\" width=\"298\"><span style=\"color: #000000;font-family: 'PingFang SC', 'Microsoft YaHei', sans-serif;font-size: 16px\">MOQ pour commande personnalis\u00e9e<\/span><\/td>\n<td style=\"height: 21.25px\" width=\"298\"><span style=\"color: #000000;font-family: 'PingFang SC', 'Microsoft YaHei', sans-serif;font-size: 16px\">3000 pi\u00e8ces<\/span><\/td>\n<\/tr>\n<tr style=\"height: 21.25px\">\n<td style=\"height: 21.25px\" width=\"298\"><span style=\"color: #000000;font-family: 'PingFang SC', 'Microsoft YaHei', sans-serif;font-size: 16px\">Co\u00fbt de l&#039;\u00e9chantillon<\/span><\/td>\n<td style=\"height: 21.25px\" width=\"298\"><span style=\"color: #000000;font-family: 'PingFang SC', 'Microsoft YaHei', sans-serif;font-size: 16px\">US$400\/Sample, retour complet apr\u00e8s la commande de notre part<\/span><\/td>\n<\/tr>\n<\/tbody>\n<\/table>\n<p style=\"line-height: 1.5\"><span style=\"color: #000000;font-family: 'PingFang SC', 'Microsoft YaHei', sans-serif;font-size: 16px\"><\/span><\/p>\n<h3 style=\"font-size: 19px\">Description<\/h3>\n<p>Cultivez vos propres bonsa\u00efs \u00e0 partir de graines avec notre kit de culture \u00e9cologique de stade. Alors que faire pousser un de ces arbres \u00e0 partir de graines peut \u00eatre difficile, nourrir votre bonsa\u00ef \u00e0 partir de graines est incroyablement gratifiant. Une fois que vous avez une croissance solide, vous pouvez faire preuve de cr\u00e9ativit\u00e9, former et tailler votre arbre \u00e0 la forme et \u00e0 la taille souhait\u00e9es.<\/p>\n<p>Il est facile de commencer \u00e0 cultiver votre propre bonsa\u00ef, installez simplement le kit de d\u00e9marrage \u00e0 la maison, puis transplantez les plants dans vos propres pots plus grands une fois qu&#039;ils sont assez grands pour \u00eatre manipul\u00e9s. Un milieu de culture suppl\u00e9mentaire sera n\u00e9cessaire au stade du repiquage et peut \u00eatre achet\u00e9 aupr\u00e8s de votre centre de jardinage local. Beau bonsa\u00ef facile \u00e0 cultiver : Lors du choix d&#039;un bonsa\u00ef, il est logique de choisir le plus bel arbre, n&#039;est-ce pas ? C&#039;est pourquoi nous ne choisissons que les arbres les plus color\u00e9s pour nos kits de culture de graines de bonsa\u00ef. Appr\u00e9ciez et ch\u00e9rissez ces rouges ardents, ces violets d\u00e9licieux et ces verts aromatiques dans votre maison.&nbsp;<\/p>\n<p>Chaque kit de culture \u00e9cologique Bonsai est livr\u00e9 avec des instructions, certaines vari\u00e9t\u00e9s ont plus d&#039;\u00e9tapes que d&#039;autres. Tous les kits contiennent suffisamment de graines pour plusieurs semis et tout ce dont vous avez besoin pour commencer \u00e0 cultiver !<\/p>\n<p>Les \u00e9l\u00e9ments suivants sont inclus dans le kit.<\/p>\n<p>4 pots en fibre de bambou avec 4 plateaux<\/p>\n<p>4 disques de sol pr\u00e9-fertilis\u00e9s<\/p>\n<p>4 sachets de graines qui restent fra\u00eeches<\/p>\n<p>4 marqueurs de plantes en bambou<\/p>\n<p>1 pack nutritionnel<\/p>\n<p>1 paquet de perlite<\/p>\n<p>1 instruction \u00e9tape par \u00e9tape<\/p>\n<p>Aucun pouce vert requis : votre kit de d\u00e9marrage Bonsai est livr\u00e9 avec (4) vari\u00e9t\u00e9s de graines :<\/p>\n<p>&nbsp; &nbsp; &nbsp; &nbsp;Delonix Regia (Flame Tree) - Delonix regia est une esp\u00e8ce de plante \u00e0 fleurs de la famille des f\u00e8ves Fabaceae, sous-famille Caesalpinioideae originaire de Madagascar. Il est connu pour ses feuilles ressemblant \u00e0 des foug\u00e8res et ses fleurs flamboyantes rouge orang\u00e9 pendant l&#039;\u00e9t\u00e9. Dans de nombreuses r\u00e9gions tropicales du monde, il est cultiv\u00e9 comme arbre d&#039;ornement et en anglais, on lui donne le nom de poinciana royal, flamboyant, fleur de ph\u00e9nix, la flamme de la for\u00eat ou arbre flamboyant.<\/p>\n<p>&nbsp; &nbsp; &nbsp; &nbsp; Picea Abies (\u00e9pic\u00e9a) - Picea abies, l&#039;\u00e9pinette europ\u00e9enne de l&#039;\u00e9pinette de Norv\u00e8ge, est une esp\u00e8ce d&#039;\u00e9pinette originaire du nord, du centre et de l&#039;est de l&#039;Europe.<\/p>\n<p>&nbsp; &nbsp; &nbsp; &nbsp; Pinus Aristata (pin bristlecone) - Pinus aristata, le pin bristlecone des Rocheuses (ou le pin bristlecone du Colorado), est une esp\u00e8ce de pin bristlecone originaire des \u00c9tats-Unis.<\/p>\n<p>&nbsp; &nbsp; &nbsp; &nbsp; Jacaranda mimosifolia (Fern Tree) - Jacaranda mimosifolia est un arbre subtropical originaire du centre-sud de l&#039;Am\u00e9rique du Sud qui a \u00e9t\u00e9 largement plant\u00e9 ailleurs en raison de ses fleurs violettes attrayantes et durables. Il est \u00e9galement connu sous le nom de jacaranda, jacaranda bleu, poui noir, Nupur ou foug\u00e8re. . Chaque graine est fra\u00eeche et pr\u00eate \u00e0 germer. Comme vous le savez, parfois les semis ont une mauvaise journ\u00e9e, alors nous incluons des extras !<\/p>\n<\/p>\n<p>&nbsp; &nbsp; &nbsp; &nbsp; &nbsp;Tout-en-un, accessoires inclus : votre kit de croissance pour bonsa\u00efs comprend : (4) jardini\u00e8re durable, (5) bac d&#039;\u00e9gouttage, (4) marqueurs de plantes en bois, (3) terre de tourbe, (1) pack d&#039;engrais pour bonsa\u00ef et (1) Consignes. Nous vous offrons \u00e9galement notre guide num\u00e9rique afin que vous n&#039;ayez pas \u00e0 chercher sur Internet des conseils et des soins professionnels.<\/p>\n<\/p>\n<p>&nbsp; &nbsp; &nbsp; &nbsp; &nbsp;Garden Kit kits de jardin int\u00e9rieur avec des graines et de la tourbe sans OGM, et finis avec des pots durables. C&#039;est un beau cadeau, mais c&#039;est aussi le cadeau parfait pour les amoureux des plantes pour ceux qui se soucient de la plan\u00e8te et pour enseigner aux enfants la beaut\u00e9 brute de la nature\u00a0!<\/p>\n<p>Un cadeau attentionn\u00e9 - adorez l&#039;ensemble de mini bonsa\u00efs maison avec sa beaut\u00e9 incroyable, sa d\u00e9coration v\u00e9g\u00e9tale color\u00e9e et sa facilit\u00e9 d&#039;utilisation, ou nous remplacerons l&#039;ensemble de votre kit de plantes ou vous rembourserons chaque centime. Plantez des bonsa\u00efs \u00e0 l&#039;int\u00e9rieur ou \u00e0 l&#039;ext\u00e9rieur (suivez notre guide) et vous adorerez les r\u00e9sultats. Essayez-le maintenant!<\/p>\n<p>Avis des clients&nbsp;<\/p>\n<p>Scott H.&nbsp;<\/p>\n<p>J&#039;ai achet\u00e9 le kit comme cadeau pour ma fille. Elle adore cultiver son propre Bonzai.<\/p>\n<\/p>\n<p>Keith S.<\/p>\n<p>Cool!! Le petit kit soign\u00e9 est livr\u00e9 avec 4 graines pour 4 types d&#039;arbres. Joli milieu de culture, petits pots frais, engrais d&#039;algues et instructions. Vous allez l&#039;adorer. Excellent prix!<\/p>\n<\/p>\n<p>Jean<\/p>\n<p>Bon prix, tr\u00e8s bon prix, j&#039;aime la fa\u00e7on dont ils grandissent. Tout est dans la bo\u00eete.<\/p>\n<\/p>\n<p>Suzypunkypunk<\/p>\n<p>C&#039;\u00e9tait si amusant et si facile\u00a0! Je suis un grand passionn\u00e9 de plantes, mais mes enfants veulent rarement s&#039;impliquer. Pour la premi\u00e8re fois, ils \u00e9taient vraiment excit\u00e9s \u00e0 l&#039;id\u00e9e de planter\u00a0! Nous avons pass\u00e9 le plus beau moment en famille \u00e0 utiliser ce kit et ils sont tellement excit\u00e9s de voir leurs propres bonsa\u00efs commencer \u00e0 pousser\u00a0! J&#039;ai attendu la f\u00eate des m\u00e8res pour faire \u00e7a avec mes enfants et honn\u00eatement, ce sera un souvenir que nous ch\u00e9rirons pour toujours. Le kit contenait tout ce dont nous avions besoin, y compris des graines suppl\u00e9mentaires. Je suis ravi de la qualit\u00e9 des jardini\u00e8res et de tout ce qui est inclus. Je pr\u00e9vois d&#039;acheter le kit succulentes et chats cette semaine car celui-ci \u00e9tait vraiment g\u00e9nial !<\/p>\n<\/p>\n<p>Blake<\/p>\n<p>J&#039;ai ador\u00e9 Ceci! J&#039;ai suivi les instructions et jusqu&#039;\u00e0 pr\u00e9sent, dans 6 jours, celui-ci sur la photo aura 1 mois. Il est magnifique et j&#039;ai h\u00e2te de le voir grandir ! Les 3 autres types de graines n&#039;ont pas pouss\u00e9 et je ne sais pas si je l&#039;ai mal fait, donc je vais voir comment obtenir plus de graines. Je pourrais me voir en offrir \u00e0 des amis ou \u00e0 ma famille et en acheter d&#039;autres pour moi-m\u00eame \u00e0 l&#039;avenir.<span style=\"font-family: 'PingFang SC', 'Microsoft YaHei', sans-serif;font-size: 16px\"><\/span><\/p>\n<h3 style=\"font-size: 19px\"><strong>Introduction:<\/strong><\/h3>\n<p>L\u2019art de la culture du bonsa\u00ef captive les amateurs depuis des si\u00e8cles, offrant un m\u00e9lange unique d\u2019horticulture et d\u2019expression artistique. Pour ceux qui cherchent \u00e0 se lancer dans un voyage consistant \u00e0 nourrir et \u00e0 fa\u00e7onner des arbres miniatures, le kit de d\u00e9marrage Planters&#039; Choice Bonsai pr\u00e9sente un point d&#039;entr\u00e9e attrayant. Ce kit complet fournit tous les \u00e9l\u00e9ments essentiels n\u00e9cessaires pour commencer une aventure enrichissante en bonsa\u00ef, con\u00e7u autour du mot-cl\u00e9 \u00ab Planters&#039; Choice Bonsai Starter Kit \u00bb.<\/p>\n<h3 style=\"font-size: 19px\"><strong>D\u00e9voilement du kit de d\u00e9marrage Planters Choice Bonsai\u00a0:<\/strong><\/h3>\n<p>Le <strong><a href=\"https:\/\/www.garden-kit.com\/fr\/planters-choice-bonsai-starter-kit-cultivate-miniature-beauty-at-your-fingertips\/\">Trousse de d\u00e9part pour bonsa\u00ef Planters Choice<\/a><\/strong> sert de passerelle vers le monde du bonsa\u00ef, offrant une collection d&#039;outils et de mat\u00e9riaux soigneusement s\u00e9lectionn\u00e9s. Con\u00e7u pour les d\u00e9butants et les passionn\u00e9s, ce kit offre une introduction transparente \u00e0 l\u2019art de la culture du bonsa\u00ef.<\/p>\n<h3 style=\"font-size: 19px\"><strong>\u00c9l\u00e9ments essentiels:<\/strong><\/h3>\n<ul>\n<li>\n<p><strong>S\u00e9lection de bonsa\u00efs\u00a0:<\/strong> Le c\u0153ur de tout voyage en bonsa\u00ef r\u00e9side dans le choix des esp\u00e8ces d\u2019arbres. Le kit de d\u00e9marrage pour bonsa\u00ef Planters Choice comprend une s\u00e9lection de graines ou de jeunes arbres de bonsa\u00ef, soigneusement choisis pour s&#039;adapter \u00e0 diff\u00e9rentes pr\u00e9f\u00e9rences et climats.<\/p>\n<\/li>\n<li>\n<p><strong>Pots \u00e0 bonsa\u00ef de qualit\u00e9\u00a0:<\/strong> Des contenants appropri\u00e9s sont essentiels \u00e0 la sant\u00e9 et au d\u00e9veloppement des bonsa\u00efs. Le kit comprend des pots \u00e0 bonsa\u00ef sp\u00e9cialement con\u00e7us qui favorisent une croissance optimale des racines et offrent une esth\u00e9tique authentique.<\/p>\n<\/li>\n<li>\n<p><strong>Terreau sp\u00e9cialis\u00e9 :<\/strong> Les bonsa\u00efs prosp\u00e8rent dans des m\u00e9langes de sols bien drain\u00e9s. Le kit comprend de la terre \u00e0 bonsa\u00ef de qualit\u00e9 sup\u00e9rieure, formul\u00e9e pour assurer un drainage ad\u00e9quat tout en conservant les nutriments essentiels \u00e0 une croissance saine.<\/p>\n<\/li>\n<li>\n<p><strong>Outils de pr\u00e9cision\u00a0:<\/strong> Les s\u00e9cateurs, fils de dressage et autres outils sont indispensables pour fa\u00e7onner et dresser les bonsa\u00efs. Le kit de d\u00e9marrage pour bonsa\u00ef Planters Choice offre des outils de haute qualit\u00e9 qui permettent aux passionn\u00e9s de sculpter leurs arbres avec pr\u00e9cision et soin.<\/p>\n<\/li>\n<li>\n<p><strong>Mat\u00e9riel p\u00e9dagogique complet\u00a0:<\/strong> Une caract\u00e9ristique cl\u00e9 du kit de d\u00e9marrage pour bonsa\u00ef Planters Choice est le guide d&#039;instructions d\u00e9taill\u00e9. Ce guide d\u00e9mystifie l&#039;art du bonsa\u00ef, abordant des sujets essentiels tels que l&#039;arrosage, la taille, le c\u00e2blage et le rempotage. Les d\u00e9butants peuvent ma\u00eetriser ces techniques en toute confiance, tandis que les passionn\u00e9s exp\u00e9riment\u00e9s peuvent affiner leurs comp\u00e9tences.<\/p>\n<\/li>\n<li>\n<p><strong>Engrais pour l&#039;alimentation\u00a0:<\/strong> Les bonsa\u00efs n\u00e9cessitent une nutrition adapt\u00e9e pour une croissance optimale. Le kit comprend un engrais sp\u00e9cifique au bonsa\u00ef, garantissant que les arbres re\u00e7oivent les nutriments essentiels dont ils ont besoin pour s&#039;\u00e9panouir.<\/p>\n<\/li>\n<\/ul>\n<h3 style=\"font-size: 19px\"><strong>Avantages du kit de d\u00e9marrage Planters&#039; Choice Bonsai\u00a0:<\/strong><\/h3>\n<ul>\n<li>\n<p><strong>Convivial:<\/strong> Destin\u00e9 aussi bien aux novices qu&#039;aux passionn\u00e9s chevronn\u00e9s, le kit de d\u00e9marrage pour bonsa\u00ef Planters Choice offre des informations et des outils accessibles qui s&#039;adaptent \u00e0 diff\u00e9rents niveaux de comp\u00e9tence.<\/p>\n<\/li>\n<li>\n<p><strong>Apprentissage complet\u00a0:<\/strong> Le guide p\u00e9dagogique d\u00e9taill\u00e9 transforme l&#039;art du bonsa\u00ef d&#039;une \u00e9nigme en une exp\u00e9rience d&#039;apprentissage agr\u00e9able, permettant aux individus de ma\u00eetriser le m\u00e9tier.<\/p>\n<\/li>\n<li>\n<p><strong>Expression artistique:<\/strong> Le kit permet aux utilisateurs de lib\u00e9rer leur cr\u00e9ativit\u00e9 et leur flair artistique gr\u00e2ce \u00e0 la mise en forme et au style soign\u00e9s de leurs bonsa\u00efs.<\/p>\n<\/li>\n<li>\n<p><strong>Assurance qualit\u00e9:<\/strong> La marque Planters&#039; Choice est synonyme de qualit\u00e9. Les passionn\u00e9s peuvent \u00eatre s\u00fbrs que les mat\u00e9riaux et les outils fournis sont con\u00e7us pour durer et obtenir des r\u00e9sultats optimaux.<\/p>\n<\/li>\n<li>\n<p><strong>Cadeau id\u00e9al\u00a0:<\/strong> Le kit de d\u00e9marrage Planters Choice Bonsai constitue un cadeau attentionn\u00e9 et engageant pour les amoureux de la nature, offrant un m\u00e9lange unique de d\u00e9tente et d&#039;expression artistique.<\/p>\n<\/li>\n<\/ul>\n<h3 style=\"font-size: 19px\">Avantages du kit de d\u00e9marrage pour bonsa\u00ef Planters Choice<\/h3>\n<p>Le kit de d\u00e9marrage Planters Choice Bonsai est un excellent moyen pour les d\u00e9butants de se lancer dans l&#039;art du bonsa\u00ef. Certains des avantages de ce kit incluent :<\/p>\n<p>Ensemble complet : le kit est livr\u00e9 avec tout ce dont vous avez besoin pour commencer la culture du bonsa\u00ef, y compris un pot \u00e0 bonsa\u00ef, de la terre, des s\u00e9cateurs et un guide complet.<\/p>\n<p>Mat\u00e9riaux de haute qualit\u00e9 : les mat\u00e9riaux inclus dans le kit sont de haute qualit\u00e9, garantissant que votre bonsa\u00ef pousse sain et fort.<\/p>\n<p>Polyvalence : Le kit est polyvalent, ce qui signifie qu&#039;il convient \u00e0 une large gamme d&#039;esp\u00e8ces de bonsa\u00ef.<\/p>\n<p>Facile \u00e0 utiliser : le kit est convivial et facile \u00e0 utiliser, m\u00eame pour les d\u00e9butants qui n&#039;ont aucune exp\u00e9rience pr\u00e9alable de la culture du bonsa\u00ef.<\/p>\n<p>Excellente id\u00e9e cadeau : le kit est une excellente id\u00e9e cadeau pour les amateurs de bonsa\u00ef ou toute personne int\u00e9ress\u00e9e par le jardinage.<\/p>\n<p>Service client : la marque Planters&#039; Choice offre un excellent service client, ce qui signifie que vous pouvez obtenir de l&#039;aide et des conseils chaque fois que vous en avez besoin.<\/p>\n<h3 style=\"font-size: 19px\"><strong>Cultiver un lien avec la nature\u00a0:<\/strong><\/h3>\n<p>L\u2019un des aspects les plus remarquables du kit de d\u00e9marrage Planters Choice Bonsai est sa capacit\u00e9 \u00e0 favoriser une connexion plus profonde avec la nature. Alors que les individus se lancent dans l\u2019entretien de leurs bonsa\u00efs, ils sont invit\u00e9s \u00e0 observer les mod\u00e8les de croissance complexes, les changements subtils du feuillage et la relation symbiotique entre l\u2019arbre et son environnement. Cette exp\u00e9rience immersive encourage une conscience accrue du monde naturel et un sentiment de pleine conscience qui accompagne le fait de nourrir un \u00eatre vivant.<\/p>\n<h3 style=\"font-size: 19px\"><strong>Un voyage de patience et de r\u00e9flexion\u00a0:<\/strong><\/h3>\n<p>La culture du bonsa\u00ef ne concerne pas seulement les techniques horticoles ; c&#039;est une le\u00e7on de patience et d&#039;introspection. Le d\u00e9veloppement progressif d\u2019un bonsa\u00ef refl\u00e8te le parcours de la vie lui-m\u00eame. \u00c0 mesure que les passionn\u00e9s taillent, c\u00e2blent et fa\u00e7onnent soigneusement leurs arbres au fil du temps, ils d\u00e9veloppent une profonde compr\u00e9hension de l\u2019\u00e9quilibre d\u00e9licat entre le contr\u00f4le et le fait de laisser la nature suivre son cours. Cette forme d\u2019art encourage la pleine conscience et l\u2019appr\u00e9ciation de la beaut\u00e9 trouv\u00e9e au fil du temps.<\/p>\n<h3 style=\"font-size: 19px\"><strong>Expression personnalis\u00e9e\u00a0:<\/strong><\/h3>\n<p>Le kit de d\u00e9marrage Planters Choice Bonsai sert de toile pour l\u2019expression personnelle. Tout comme les artistes peignent leurs \u00e9motions sur une toile, les passionn\u00e9s de bonsa\u00ef sculptent leurs visions dans la forme physique de leurs arbres. Le kit fournit les outils et les connaissances n\u00e9cessaires pour transformer un arbre ordinaire en une \u0153uvre d&#039;art vivante, refl\u00e9tant de mani\u00e8re unique la touche cr\u00e9ative de l&#039;individu.<\/p>\n<h3 style=\"font-size: 19px\"><strong>D\u00e9velopper une comp\u00e9tence tout au long de la vie\u00a0:<\/strong><\/h3>\n<p>La culture du bonsa\u00ef est une comp\u00e9tence qui se d\u00e9veloppe avec le temps, tout comme les arbres eux-m\u00eames. Avec les conseils offerts par le kit de d\u00e9marrage Planters Choice Bonsai, les d\u00e9butants peuvent se lancer dans un voyage enrichissant d\u2019am\u00e9lioration continue. Au fur et \u00e0 mesure qu\u2019ils acqui\u00e8rent de l\u2019exp\u00e9rience, ils peuvent exp\u00e9rimenter des techniques avanc\u00e9es, explorer diff\u00e9rentes esp\u00e8ces d\u2019arbres et d\u00e9velopper leurs propres styles.<\/p>\n<h3 style=\"font-size: 19px\"><strong>Un h\u00e9ritage durable\u00a0:<\/strong><\/h3>\n<p>Les bonsa\u00efs ont un h\u00e9ritage durable qui transcende les g\u00e9n\u00e9rations. Cette forme d\u2019art trouve ses racines dans des traditions anciennes et se transmet \u00e0 travers les cultures depuis des si\u00e8cles. En cultivant des bonsa\u00efs, les passionn\u00e9s font partie de cet h\u00e9ritage, apportant leurs propres chapitres uniques au r\u00e9cit continu de l\u2019art du bonsa\u00ef.<\/p>\n<p>Le kit de d\u00e9marrage Planters Choice Bonsai ouvre la porte \u00e0 un monde captivant d\u2019art horticole. Gr\u00e2ce \u00e0 ses composants m\u00e9ticuleusement choisis, ses ressources p\u00e9dagogiques et son approche conviviale, il permet aux individus de se lancer dans la culture du bonsa\u00ef. Que vous soyez un novice curieux des plantes ou un jardinier exp\u00e9riment\u00e9 \u00e0 la recherche d&#039;un nouveau d\u00e9fi, ce kit offre les outils et les connaissances n\u00e9cessaires pour nourrir et fa\u00e7onner votre propre chef-d&#039;\u0153uvre de bonsa\u00ef.<\/p>","protected":false},"excerpt":{"rendered":"<p>Homegrown Bonsai Tree Kit - Kit de d\u00e9marrage de bonsa\u00ef de qualit\u00e9 sup\u00e9rieure - 4 vari\u00e9t\u00e9s de graines : \u00e9rable japonais, figue sacr\u00e9e, Jap. Privet, Cotoneaster - Cultivez vos propres bonsa\u00efs - Cadeaux de f\u00eate des p\u00e8res pour les jardiniers<\/p>\n<p>Le kit de d\u00e9marrage Planters Choice Bonsai est un ensemble qui comprend tout le n\u00e9cessaire pour faire pousser et entretenir un bonsa\u00ef. Il comprend quatre types de graines, des pots biod\u00e9gradables, des disques de sol, des s\u00e9cateurs et un manuel d&#039;instructions avec des conseils sur la fa\u00e7on de cultiver et d&#039;entretenir un bonsa\u00ef en bonne sant\u00e9.<\/p><\/p>","protected":false},"featured_media":18041,"comment_status":"closed","ping_status":"closed","template":"","meta":[],"product_cat":[40],"product_tag":[104,214,41,103,215,45,846,852,844,848],"acf":[],"_links":{"self":[{"href":"https:\/\/www.garden-kit.com\/fr\/wp-json\/wp\/v2\/product\/1438"}],"collection":[{"href":"https:\/\/www.garden-kit.com\/fr\/wp-json\/wp\/v2\/product"}],"about":[{"href":"https:\/\/www.garden-kit.com\/fr\/wp-json\/wp\/v2\/types\/product"}],"replies":[{"embeddable":true,"href":"https:\/\/www.garden-kit.com\/fr\/wp-json\/wp\/v2\/comments?post=1438"}],"wp:featuredmedia":[{"embeddable":true,"href":"https:\/\/www.garden-kit.com\/fr\/wp-json\/wp\/v2\/media\/18041"}],"wp:attachment":[{"href":"https:\/\/www.garden-kit.com\/fr\/wp-json\/wp\/v2\/media?parent=1438"}],"wp:term":[{"taxonomy":"product_cat","embeddable":true,"href":"https:\/\/www.garden-kit.com\/fr\/wp-json\/wp\/v2\/product_cat?post=1438"},{"taxonomy":"product_tag","embeddable":true,"href":"https:\/\/www.garden-kit.com\/fr\/wp-json\/wp\/v2\/product_tag?post=1438"}],"curies":[{"name":"wp","href":"https:\/\/api.w.org\/{rel}","templated":true}]}}