{"id":1458,"date":"2022-08-23T23:35:33","date_gmt":"2022-08-23T15:35:33","guid":{"rendered":"http:\/\/www.garden-kit.com\/product\/bonsai-growing-kit\/"},"modified":"2023-11-24T11:54:31","modified_gmt":"2023-11-24T03:54:31","slug":"bonsai-growing-kit","status":"publish","type":"product","link":"https:\/\/www.garden-kit.com\/fr\/product\/bonsai-growing-kit\/","title":{"rendered":"Kit de culture de bonsa\u00ef"},"content":{"rendered":"<h3 style=\"line-height: 1.5;font-size: 19px\"><span style=\"color: #000000;font-family: 'PingFang SC', 'Microsoft YaHei', sans-serif\"><strong><strong>Aper\u00e7u<\/strong><\/strong><\/span><\/h3>\n<table style=\"border-collapse: collapse;width: 100%\">\n<tbody>\n<tr>\n<td width=\"298\" style=\"line-height: 2\"><span style=\"color: #000000;font-family: 'PingFang SC', 'Microsoft YaHei', sans-serif\">Instructions d&#039;entretien du produit<\/span><\/td>\n<td width=\"298\" style=\"line-height: 2\"><span style=\"color: #000000;font-family: 'PingFang SC', 'Microsoft YaHei', sans-serif\">Disponible<\/span><\/td>\n<\/tr>\n<tr>\n<td width=\"298\" style=\"line-height: 2\"><span style=\"color: #000000;font-family: 'PingFang SC', 'Microsoft YaHei', sans-serif\">Type de produit v\u00e9g\u00e9tal<\/span><\/td>\n<td width=\"298\" style=\"line-height: 2\"><span style=\"color: #000000;font-family: 'PingFang SC', 'Microsoft YaHei', sans-serif\">Un bonsai<\/span><\/td>\n<\/tr>\n<tr>\n<td width=\"298\" style=\"line-height: 2\"><span style=\"color: #000000;font-family: 'PingFang SC', 'Microsoft YaHei', sans-serif\">Une fonction sp\u00e9ciale<\/span><\/td>\n<td width=\"298\" style=\"line-height: 2\"><span style=\"color: #000000;font-family: 'PingFang SC', 'Microsoft YaHei', sans-serif\">Culture int\u00e9rieure-ext\u00e9rieure<\/span><\/td>\n<\/tr>\n<tr>\n<td width=\"298\" style=\"line-height: 2\"><span style=\"color: #000000;font-family: 'PingFang SC', 'Microsoft YaHei', sans-serif\">Marque<\/span><\/td>\n<td width=\"298\" style=\"line-height: 2\"><span style=\"color: #000000;font-family: 'PingFang SC', 'Microsoft YaHei', sans-serif\">Trousse de jardin<\/span><\/td>\n<\/tr>\n<tr>\n<td width=\"298\" style=\"line-height: 2\"><span style=\"color: #000000;font-family: 'PingFang SC', 'Microsoft YaHei', sans-serif\">Lieu d&#039;origine<\/span><\/td>\n<td width=\"298\" style=\"line-height: 2\"><span style=\"color: #000000;font-family: 'PingFang SC', 'Microsoft YaHei', sans-serif\">Fujian, Chine<\/span><\/td>\n<\/tr>\n<tr>\n<td width=\"298\" style=\"line-height: 2\"><span style=\"color: #000000;font-family: 'PingFang SC', 'Microsoft YaHei', sans-serif\">ODM\/OEM<\/span><\/td>\n<td width=\"298\" style=\"line-height: 2\"><span style=\"color: #000000;font-family: 'PingFang SC', 'Microsoft YaHei', sans-serif\">Disponible<\/span><\/td>\n<\/tr>\n<tr>\n<td width=\"298\" style=\"line-height: 2\"><span style=\"color: #000000;font-family: 'PingFang SC', 'Microsoft YaHei', sans-serif\">MOQ pour commande personnalis\u00e9e<\/span><\/td>\n<td width=\"298\" style=\"line-height: 2\"><span style=\"color: #000000;font-family: 'PingFang SC', 'Microsoft YaHei', sans-serif\">3000 pi\u00e8ces<\/span><\/td>\n<\/tr>\n<tr>\n<td width=\"298\" style=\"line-height: 2\"><span style=\"color: #000000;font-family: 'PingFang SC', 'Microsoft YaHei', sans-serif\">Co\u00fbt de l&#039;\u00e9chantillon<\/span><\/td>\n<td width=\"298\" style=\"line-height: 2\"><span style=\"color: #000000;font-family: 'PingFang SC', 'Microsoft YaHei', sans-serif\">US$400\/Sample, retour complet apr\u00e8s une commande de notre part<\/span><\/td>\n<\/tr>\n<\/tbody>\n<\/table>\n<p style=\"line-height: 1.5\"><span style=\"font-family: 'PingFang SC', 'Microsoft YaHei', sans-serif\">&nbsp;<\/span><\/p>\n<p style=\"line-height: 1.5\"><span style=\"color: #000000;font-family: 'PingFang SC', 'Microsoft YaHei', sans-serif\">Kit de culture de bonsa\u00efs de 18 pi\u00e8ces : C'est facile : nous vous aidons \u00e0 faire pousser un bonsa\u00ef \u00e0 partir d'une graine, en vous guidant \u00e0 chaque \u00e9tape. Tout ce dont vous avez besoin pour apporter la joie du bonsa\u00ef dans votre vie ou celle d'un \u00eatre cher se trouve dans un magnifique coffret cadeau. Plantez-le !<\/span><\/p>\n<p style=\"line-height: 1.5\"><span style=\"font-family: 'PingFang SC', 'Microsoft YaHei', sans-serif\">&nbsp;<\/span><\/p>\n<h3 style=\"line-height: 1.5;font-size: 19px\"><span style=\"color: #000000;font-family: 'PingFang SC', 'Microsoft YaHei', sans-serif\"><strong><strong>Les \u00e9l\u00e9ments suivants sont inclus dans le kit :<\/strong><\/strong><\/span><\/h3>\n<p style=\"line-height: 1.5\"><span style=\"color: #000000;font-family: 'PingFang SC', 'Microsoft YaHei', sans-serif\">4 pots en c\u00e9ramique avec bacs \u00e0 eau<\/span><\/p>\n<p style=\"line-height: 1.5\"><span style=\"color: #000000;font-family: 'PingFang SC', 'Microsoft YaHei', sans-serif\">4 granul\u00e9s de sol pr\u00e9-fertilis\u00e9s<\/span><\/p>\n<p style=\"line-height: 1.5\"><span style=\"color: #000000;font-family: 'PingFang SC', 'Microsoft YaHei', sans-serif\">4 sachets de graines qui restent fra\u00eeches<\/span><\/p>\n<p style=\"line-height: 1.5\"><span style=\"color: #000000;font-family: 'PingFang SC', 'Microsoft YaHei', sans-serif\">4 marqueurs de plantes en bois<\/span><\/p>\n<p style=\"line-height: 1.5\"><span style=\"color: #000000;font-family: 'PingFang SC', 'Microsoft YaHei', sans-serif\">1 pack nutritionnel<\/span><\/p>\n<p style=\"line-height: 1.5\"><span style=\"color: #000000;font-family: 'PingFang SC', 'Microsoft YaHei', sans-serif\">1 instruction \u00e9tape par \u00e9tape<\/span><\/p>\n<p style=\"line-height: 1.5\"><span style=\"color: #000000;font-family: 'PingFang SC', 'Microsoft YaHei', sans-serif\">Id\u00e9al pour les d\u00e9butants - Plantez de magnifiques arbres miniatures avec votre kit de bonsa\u00ef pour d\u00e9butants de Homemade. Commencez \u00e0 apprendre les bases d\u00e8s maintenant. Plongez dans les subtilit\u00e9s de la taille, de l'\u00e9lagage et du d\u00e9tourage plus tard.<\/span><\/p>\n<p style=\"line-height: 1.5\"><span style=\"color: #000000;font-family: 'PingFang SC', 'Microsoft YaHei', sans-serif\">Qu'est-ce qu'un bonsa\u00ef ? Un bonsa\u00ef n'est pas un simple arbre ; c'est un art riche qui peut vous aider \u00e0 d\u00e9velopper la patience et l'appr\u00e9ciation des petites choses. La cr\u00e9ation de bonsa\u00efs vivants est un d\u00e9fi gratifiant.<\/span><\/p>\n<p style=\"line-height: 1.5\"><span style=\"color: #000000;font-family: 'PingFang SC', 'Microsoft YaHei', sans-serif\">Vari\u00e9t\u00e9s vibrantes - Plantez 4 v\u00e9ritables graines de bonsa\u00ef et cultivez une for\u00eat miniature pleine de couleurs. Profitez des verts, des rouges et des violets luxuriants de votre <strong><strong>Jacaranda bleu, orme de Chine, cypr\u00e8s d&#039;Hinoki et myrte de cr\u00eape<\/strong><\/strong><\/span><\/p>\n<p style=\"line-height: 1.5\"><span style=\"color: #000000;font-family: 'PingFang SC', 'Microsoft YaHei', sans-serif\">Guide de culture \u2013 Ne commencez pas votre aventure de jardinage d&#039;int\u00e9rieur seul. Obtenez l&#039;aide d&#039;experts gr\u00e2ce aux guides de culture imprim\u00e9s et num\u00e9riques d\u00e9taill\u00e9s du kit de culture de bonsa\u00efs. Apprenez \u00e0 entretenir votre flore.<\/span><\/p>\n<p style=\"line-height: 1.5\"><span style=\"color: #000000;font-family: 'PingFang SC', 'Microsoft YaHei', sans-serif\">Native Hearts - Laissez-nous vous aider \u00e0 mettre vos pouces au vert. Kit de plantation de bonsa\u00efs con\u00e7u pour les jardiniers de tous niveaux. Votre paquet de graines de bonsa\u00ef est destin\u00e9 \u00e0 soutenir notre d\u00e9vouement \u00e0 votre croissance en tant que cultivateur.<\/span><\/p>\n<h3 style=\"font-size: 19px;line-height: 1.5\"><span style=\"font-family: 'PingFang SC', 'Microsoft YaHei', sans-serif\">Conseils de base pour la plantation en pot<\/span><\/h3>\n<p style=\"line-height: 1.5\"><span style=\"font-family: 'PingFang SC', 'Microsoft YaHei', sans-serif\">1. Sol du bassin<\/span><br \/><span style=\"font-family: 'PingFang SC', 'Microsoft YaHei', sans-serif\">La plantation de fleurs en pots est diff\u00e9rente de la plantation en pleine terre, c'est pourquoi nous devons utiliser le terreau que nous fournissons pour la plantation. La fertilit\u00e9 peut apporter des nutriments aux plantes, et en m\u00eame temps, la perm\u00e9abilit\u00e9 \u00e0 l'air est bonne parce que les plantes en pot doivent \u00eatre arros\u00e9es fr\u00e9quemment et de mani\u00e8re r\u00e9p\u00e9t\u00e9e pour \u00e9viter que l'\u00e9coulement de l'eau n'entra\u00eene le durcissement du terreau, ce qui affecterait la croissance du syst\u00e8me racinaire, causerait des probl\u00e8mes, ou m\u00eame ferait fl\u00e9trir la plante.<\/span><\/p>\n<p style=\"line-height: 1.5\"><span style=\"font-family: 'PingFang SC', 'Microsoft YaHei', sans-serif\">2. Arrosage<\/span><br \/><span style=\"font-family: 'PingFang SC', 'Microsoft YaHei', sans-serif\">L'arrosage excessif est le talon d'Achille de nombreux novices. Ils pensent toujours que les plantes vont mourir de s\u00e9cheresse et pensent toujours \u00e0 l'eau, mais le terreau est mouill\u00e9 toute la journ\u00e9e.<\/span><br \/><span style=\"font-family: 'PingFang SC', 'Microsoft YaHei', sans-serif\">Pensez-y : vous entendez souvent parler de personnes qui boivent trop d'eau en une seule fois et qui finissent par s'empoisonner ?<\/span><br \/><span style=\"font-family: 'PingFang SC', 'Microsoft YaHei', sans-serif\">Il en est de m\u00eame pour les plantes. Bien que l&#039;eau soit n\u00e9cessaire, cela ne signifie pas qu&#039;ils doivent \u00eatre dans un environnement humide tout le temps. Le syst\u00e8me racinaire des plantes a \u00e9galement besoin d&#039;un environnement sec et humide, que nous appelons un cycle sec-humide.<\/span><br \/><span style=\"font-family: 'PingFang SC', 'Microsoft YaHei', sans-serif\">Ne l&#039;arrosez donc pas \u00e0 volont\u00e9, surtout sur le balcon mal a\u00e9r\u00e9. Vous devez attendre que les 2 cm sous la surface de la terre du pot s\u00e8chent avant d&#039;arroser.<\/span><\/p>\n<p style=\"line-height: 1.5\"><span style=\"font-family: 'PingFang SC', 'Microsoft YaHei', sans-serif\">3. Fertilisation<\/span><\/p>\n<p style=\"line-height: 1.5\"><span style=\"font-family: 'PingFang SC', 'Microsoft YaHei', sans-serif\">Beaucoup de gens cultivent des plantes et ne savent pas comment les fertiliser. Pour les d\u00e9butants, lorsque vous ne savez pas quel type d'engrais peut \u00eatre utilis\u00e9 et lequel ne peut pas l'\u00eatre, lorsque l'emballage nutritionnel est \u00e9puis\u00e9, je vais vous apprendre l'astuce la plus simple : achetez du fumier de poulet ferment\u00e9 ou du fumier de mouton ; c'est suffisant. Il est tr\u00e8s nutritif et ne br\u00fble pas facilement les semis, c'est donc le meilleur choix pour les novices.<\/span><\/p>\n<p style=\"line-height: 1.5\"><span style=\"font-family: 'PingFang SC', 'Microsoft YaHei', sans-serif\">4. \u00c9clairage<\/span><br \/><span style=\"font-family: 'PingFang SC', 'Microsoft YaHei', sans-serif\">L&#039;\u00e9clairage semble simple, mais il va sans dire que la lumi\u00e8re affecte souvent directement la vie et la mort des plantes.<\/span><br \/><span style=\"font-family: 'PingFang SC', 'Microsoft YaHei', sans-serif\">Certaines plantes d&#039;int\u00e9rieur tol\u00e9rantes \u00e0 l&#039;ombre ne peuvent pas accepter la lumi\u00e8re directe du soleil. Bien s\u00fbr, certaines plantes qui aiment la lumi\u00e8re causeront \u00e9galement des plantes faibles si elles ne sont pas expos\u00e9es au soleil pendant une longue p\u00e9riode. Par cons\u00e9quent, la lumi\u00e8re doit \u00eatre ajust\u00e9e en fonction de la sensibilit\u00e9 des plantes \u00e0 la lumi\u00e8re. Il suffit de rechercher des informations pertinentes sur les esp\u00e8ces de la plante.<\/span><\/p>\n<p style=\"line-height: 1.5\"><span style=\"font-family: 'PingFang SC', 'Microsoft YaHei', sans-serif\">5. A\u00e9ration<\/span><\/p>\n<p style=\"line-height: 1.5\"><span style=\"font-family: 'PingFang SC', 'Microsoft YaHei', sans-serif\">Beaucoup de gens comprennent la ventilation comme la ventilation de l&#039;environnement. La ventilation environnementale est tr\u00e8s importante, mais la ventilation interne de l&#039;usine elle-m\u00eame est \u00e9galement tr\u00e8s importante.<\/span><br \/><span style=\"font-family: 'PingFang SC', 'Microsoft YaHei', sans-serif\">Qu'il s'agisse d'une mauvaise ventilation dans l'environnement ou d'une mauvaise ventilation \u00e0 l'int\u00e9rieur de la plante, celle-ci est facilement endommag\u00e9e par les maladies et les insectes nuisibles, c'est pourquoi vous devez faire attention \u00e0 la ventilation lorsque vous cultivez des plantes en pot. Pour la culture sur balcon, il convient d'ouvrir fr\u00e9quemment les fen\u00eatres pour a\u00e9rer, et pour la culture en plein air, il faut \u00e9viter de placer les plantes de mani\u00e8re trop dense et veiller \u00e0 tailler les branches trop denses. Veillez \u00e0 une bonne ventilation.<\/span><\/p>\n<p style=\"line-height: 1.5\"><span style=\"font-family: 'PingFang SC', 'Microsoft YaHei', sans-serif\">6. Lutte antiparasitaire<\/span><br \/><span style=\"font-family: 'PingFang SC', 'Microsoft YaHei', sans-serif\">La pr\u00e9vention et le contr\u00f4le des maladies et des insectes nuisibles sont \u00e9galement tr\u00e8s importants pour l'entretien des plantes en pot. L'accent doit \u00eatre mis sur la pr\u00e9vention des maladies et des insectes nuisibles, et nous ne pouvons pas attendre l'apparition d'une maladie ou d'un insecte nuisible pour envisager un traitement. Une fois les maladies ou les insectes nuisibles apparus, l'impact sur les plantes sera irr\u00e9versible.<\/span><br \/><span style=\"font-family: 'PingFang SC', 'Microsoft YaHei', sans-serif\">Les plantes en pot cultiv\u00e9es \u00e0 l'ext\u00e9rieur doivent \u00eatre r\u00e9guli\u00e8rement trait\u00e9es avec des pesticides en raison de l'apparition de maladies et d'insectes nuisibles. Afin d'\u00e9viter d'utiliser moins de pesticides, les plantes en pot peuvent \u00eatre dilu\u00e9es avec de l'alcool ou du vinaigre 500 fois sur une base r\u00e9guli\u00e8re afin de les st\u00e9riliser et de pr\u00e9venir les maladies.<\/span><\/p>\n<p style=\"line-height: 1.5\"><span style=\"font-family: 'PingFang SC', 'Microsoft YaHei', sans-serif\">Pendant la saison o\u00f9 l'incidence des insectes est \u00e9lev\u00e9e, elle peut \u00eatre dilu\u00e9e 200 fois avec de l'essence d'huile de vent et pulv\u00e9ris\u00e9e sur les plantes, ce qui permet de repousser et de tuer les insectes.<\/span><br \/><span style=\"font-family: 'PingFang SC', 'Microsoft YaHei', sans-serif\">Pour les novices qui cultivent des fleurs, s&#039;ils peuvent ma\u00eetriser les 6 points ci-dessus, ce n&#039;est fondamentalement pas un probl\u00e8me pour nourrir les plantes et les faire pousser vigoureusement.<\/span><\/p>\n<p style=\"line-height: 1.5\"><span style=\"font-family: 'PingFang SC', 'Microsoft YaHei', sans-serif\">\u00c0 propos de cet article<\/span><\/p>\n<p style=\"line-height: 1.5\"><span style=\"font-family: 'PingFang SC', 'Microsoft YaHei', sans-serif\">1 \u3001 Id\u00e9al pour les d\u00e9butants - Cultivez de beaux arbres miniatures avec votre kit de bonsa\u00ef adapt\u00e9 aux d\u00e9butants de Homegrown. Apprenez les bases maintenant. Plongez dans les complexit\u00e9s de l&#039;\u00e9lagage, de la taille et du c\u00e2blage plus tard.<\/span><\/p>\n<p style=\"line-height: 1.5\"><span style=\"font-family: 'PingFang SC', 'Microsoft YaHei', sans-serif\">2, qu&#039;est-ce que le bonsa\u00ef\u00a0? \u2013 Bonsai n&#039;est pas une seule esp\u00e8ce d&#039;arbre; c&#039;est un art riche qui vous aide \u00e0 d\u00e9velopper la patience et l&#039;appr\u00e9ciation des petites choses. Cr\u00e9er des bonsa\u00efs vivants est un d\u00e9fi enrichissant.<\/span><\/p>\n<p style=\"line-height: 1.5\"><span style=\"font-family: 'PingFang SC', 'Microsoft YaHei', sans-serif\">3\u3001Vari\u00e9t\u00e9 vibrante - Plantez 4 types de v\u00e9ritables graines de bonsa\u00ef et cultivez une for\u00eat miniature pleine de couleurs. Profitez des verts, des rouges et des violets luxuriants de votre jacaranda, hinoki, orme de Chine et myrte de cr\u00eape.<\/span><\/p>\n<p style=\"line-height: 1.5\"><span style=\"font-family: 'PingFang SC', 'Microsoft YaHei', sans-serif\">4\u3001Grow Guide - Ne vous lancez pas seul dans le jardinage d'int\u00e9rieur. Obtenez l'aide d'un expert gr\u00e2ce au guide de culture imprim\u00e9 et num\u00e9rique de votre kit de culture de bonsa\u00efs d\u00e9taill\u00e9. Apprenez ce qu'il faut faire pour que votre flore s'\u00e9panouisse.<\/span><\/p>\n<p style=\"line-height: 1.5\"><span style=\"font-family: 'PingFang SC', 'Microsoft YaHei', sans-serif\">5\u3001Homegrown Heart - Laissez-nous vous aider \u00e0 rendre votre pouce vert avec des kits de culture de bonsa\u00ef con\u00e7us pour les jardiniers de tous niveaux. Votre kit de graines de bonsa\u00ef est soutenu par notre d\u00e9vouement \u00e0 votre croissance en tant que producteur.<\/span><\/p>\n<h3 style=\"line-height: 1.5;font-size: 19px\"><span style=\"font-family: 'PingFang SC', 'Microsoft YaHei', sans-serif\"><strong>Informations sur les semences que vous pouvez conna\u00eetre&nbsp;<\/strong><\/span><\/h3>\n<h3 style=\"line-height: 1.5;font-size: 19px\"><span style=\"font-family: 'PingFang SC', 'Microsoft YaHei', sans-serif\"><strong>\u00c9rable du Japon<\/strong>&nbsp;<\/span><\/h3>\n<p style=\"line-height: 1.5\"><span style=\"font-family: 'PingFang SC', 'Microsoft YaHei', sans-serif\">En fait, l&#039;\u00e9rable rouge du Japon n&#039;est pas un \u00e9rable, tout comme le Podocarpus n&#039;est pas un pin. Les mots attach\u00e9s au nom ne repr\u00e9sentent pas ses attributs. L&#039;\u00e9rable rouge japonais a une valeur ornementale \u00e9lev\u00e9e et les feuilles sont plus brillantes que l&#039;Acer palmatum g\u00e9n\u00e9ral. L&#039;\u00e9rable rouge du Japon compte de nombreux fans dans le monde du bonsa\u00ef.<\/span><\/p>\n<p style=\"line-height: 1.5\"><span style=\"font-family: 'PingFang SC', 'Microsoft YaHei', sans-serif\">Ses feuilles sont magnifiques. Jaune vif au d\u00e9but du printemps, jaune dor\u00e9 au printemps (mars-juin), jaune dor\u00e9 ou rouge\u00e2tre en automne (septembre-octobre), et rouge vif avant la chute des feuilles.<\/span><\/p>\n<p style=\"line-height: 1.5\"><span style=\"font-family: 'PingFang SC', 'Microsoft YaHei', sans-serif\">Figue sacr\u00e9e&nbsp;<\/span><\/p>\n<p style=\"line-height: 1.5\"><span style=\"font-family: 'PingFang SC', 'Microsoft YaHei', sans-serif\">Tro\u00e8ne japonais<\/span><\/p>\n<p style=\"line-height: 1.5\"><span style=\"font-family: 'PingFang SC', 'Microsoft YaHei', sans-serif\">Coton\u00e9aster<\/span><\/p>\n<\/p>\n<p>Les kits de culture de bonsa\u00efs sont un moyen fantastique pour les d\u00e9butants de commencer \u00e0 cultiver et \u00e0 prendre soin de leurs bonsa\u00efs. Ces kits comprennent g\u00e9n\u00e9ralement les outils essentiels, des graines ou un jeune arbre, de la terre, des pots et des instructions pour commencer. Voici ce que vous pouvez vous attendre \u00e0 trouver dans un kit de culture de bonsa\u00efs :<\/p>\n<ul>\n<li>\n<p><strong>Graines de bonsa\u00efs ou jeunes arbres :<\/strong> Certains kits contiennent des graines de vari\u00e9t\u00e9s de bonsa\u00efs populaires comme l'\u00e9rable japonais, le gen\u00e9vrier, le pin ou le cerisier en fleur. D'autres peuvent inclure un petit arbre pr\u00e9-cultiv\u00e9.<\/p>\n<\/li>\n<li>\n<p><strong>Pot de bonsa\u00ef :<\/strong> En g\u00e9n\u00e9ral, un petit pot sp\u00e9cialement con\u00e7u pour la culture des bonsa\u00efs est inclus. Ces pots sont souvent dot\u00e9s d'un bon drainage pour \u00e9viter l'engorgement.<\/p>\n<\/li>\n<li>\n<p><strong>Terre pour bonsa\u00efs :<\/strong> M\u00e9langes de terre sp\u00e9cialement formul\u00e9s pour fournir un drainage ad\u00e9quat et des nutriments adapt\u00e9s \u00e0 la croissance des bonsa\u00efs.<\/p>\n<\/li>\n<li>\n<p><strong>Outils de base :<\/strong> Les kits peuvent contenir quelques outils de base pour les bonsa\u00efs, tels que des ciseaux de taille, du fil de fer pour la mise en forme, un r\u00e2teau et peut-\u00eatre une petite pelle ou une truelle.<\/p>\n<\/li>\n<li>\n<p><strong>Instructions ou guide :<\/strong> Instructions d\u00e9taill\u00e9es ou guide expliquant les bases de l'entretien des bonsa\u00efs, y compris l'arrosage, la taille, le c\u00e2blage et le rempotage.<\/p>\n<\/li>\n<li>\n<p><strong>Engrais :<\/strong> Certains kits peuvent inclure une petite quantit\u00e9 d'engrais sp\u00e9cifique aux bonsa\u00efs pour aider \u00e0 nourrir l'arbre.<\/p>\n<\/li>\n<\/ul>\n<p>Lorsque vous choisissez un kit de culture de bonsa\u00ef, tenez compte du type d'arbre que vous souhaitez cultiver, de votre niveau d'exp\u00e9rience et de la qualit\u00e9 des outils et du mat\u00e9riel fournis. Les kits peuvent varier consid\u00e9rablement en termes de prix et de qualit\u00e9. Certains kits s'adressent sp\u00e9cifiquement aux bonsa\u00efs d'int\u00e9rieur, tandis que d'autres se concentrent sur les vari\u00e9t\u00e9s d'ext\u00e9rieur.<\/p>\n<p>Gardez \u00e0 l'esprit que la culture d'un bonsa\u00ef est une entreprise patiente et de longue haleine. Elle exige des soins r\u00e9guliers, de la patience et de l'attention aux d\u00e9tails. Plusieurs ann\u00e9es peuvent \u00eatre n\u00e9cessaires pour obtenir l'aspect et le style souhait\u00e9s pour votre bonsa\u00ef.<\/p>\n<p>En outre, si vous \u00eates int\u00e9ress\u00e9 par une approche plus pratique, vous pouvez \u00e9galement assembler votre propre kit en achetant les composants s\u00e9par\u00e9ment, en s\u00e9lectionnant des outils sp\u00e9cifiques et en choisissant le type de bonsa\u00ef que vous souhaitez cultiver.<\/p>\n<p>N'oubliez pas de vous renseigner sur les soins sp\u00e9cifiques \u00e0 apporter \u00e0 l'esp\u00e8ce d'arbre de votre kit afin d'assurer sa bonne croissance et sa bonne sant\u00e9.<\/p>","protected":false},"excerpt":{"rendered":"<p>Premium Bonsai Tree Starter Kit - 4 vari\u00e9t\u00e9s de graines - Erable japonais, Figuier sacr\u00e9, Tro\u00e8ne japonais et Cotoneaster - Cultivez vos propres bonsa\u00efs Nous offrons un service personnalis\u00e9 ; vous pouvez nous faire part de vos besoins.<\/p>","protected":false},"featured_media":17440,"comment_status":"closed","ping_status":"closed","template":"","meta":[],"product_cat":[40],"product_tag":[48,104,42,103,112,108],"acf":[],"_links":{"self":[{"href":"https:\/\/www.garden-kit.com\/fr\/wp-json\/wp\/v2\/product\/1458"}],"collection":[{"href":"https:\/\/www.garden-kit.com\/fr\/wp-json\/wp\/v2\/product"}],"about":[{"href":"https:\/\/www.garden-kit.com\/fr\/wp-json\/wp\/v2\/types\/product"}],"replies":[{"embeddable":true,"href":"https:\/\/www.garden-kit.com\/fr\/wp-json\/wp\/v2\/comments?post=1458"}],"wp:featuredmedia":[{"embeddable":true,"href":"https:\/\/www.garden-kit.com\/fr\/wp-json\/wp\/v2\/media\/17440"}],"wp:attachment":[{"href":"https:\/\/www.garden-kit.com\/fr\/wp-json\/wp\/v2\/media?parent=1458"}],"wp:term":[{"taxonomy":"product_cat","embeddable":true,"href":"https:\/\/www.garden-kit.com\/fr\/wp-json\/wp\/v2\/product_cat?post=1458"},{"taxonomy":"product_tag","embeddable":true,"href":"https:\/\/www.garden-kit.com\/fr\/wp-json\/wp\/v2\/product_tag?post=1458"}],"curies":[{"name":"wp","href":"https:\/\/api.w.org\/{rel}","templated":true}]}}