{"id":1485,"date":"2022-08-23T23:38:19","date_gmt":"2022-08-23T15:38:19","guid":{"rendered":"http:\/\/www.garden-kit.com\/product\/herb-garden-growing-kit\/"},"modified":"2023-04-03T11:37:14","modified_gmt":"2023-04-03T03:37:14","slug":"herb-garden-growing-kit","status":"publish","type":"product","link":"https:\/\/www.garden-kit.com\/fr\/product\/herb-garden-growing-kit\/","title":{"rendered":"Kit de culture de jardin d&#039;herbes aromatiques"},"content":{"rendered":"<p style=\"font-size: 16px\"><span style=\"font-family: arial, helvetica, sans-serif\">Kit de culture d&#039;herbes aromatiques - Kit complet - Cultivez facilement 4 herbes d&#039;int\u00e9rieur \u00e0 partir de graines (basilic, coriandre, ciboulette et persil) et guide complet - Cadeaux de jardinage uniques pour femmes et hommes : Kit de d\u00e9marrage de plantes Plantes de vanille, ce type de plante a un parfum unique , et a g\u00e9n\u00e9ralement des fonctions d&#039;assaisonnement, de fabrication d&#039;\u00e9pices ou d&#039;extraction d&#039;huiles essentielles.<\/span><br \/><span style=\"font-family: arial, helvetica, sans-serif\">Compar\u00e9es aux fleurs, elles peuvent \u00eatre admir\u00e9es et mang\u00e9es, et elles sont pratiques. Compar\u00e9s aux l\u00e9gumes, ils sont beaux et faciles \u00e0 entretenir et conviennent mieux \u00e0 la plantation \u00e0 domicile. Les plantes herbac\u00e9es sont \u00e9galement tr\u00e8s populaires dans les pays \u00e9trangers. De nombreuses familles planteront quelques pots d&#039;herbes dans des cuisines lumineuses. Lors de la cuisson, il suffit de retirer deux feuilles et de les jeter dans la casserole pour cuisiner de d\u00e9licieux plats.<\/span><\/p>\n<h3 style=\"font-size: 19px\"><span style=\"font-family: arial, helvetica, sans-serif\">Aper\u00e7u<\/span><\/h3>\n<table>\n<tbody>\n<tr>\n<td width=\"298\">\n<p style=\"font-size: 16px\">Instructions d&#039;entretien du produit<\/p>\n<\/td>\n<td width=\"298\">\n<p style=\"font-size: 16px\">Disponible<\/p>\n<\/td>\n<\/tr>\n<tr>\n<td width=\"298\">\n<p style=\"font-size: 16px\">Type de produit v\u00e9g\u00e9tal<\/p>\n<\/td>\n<td width=\"298\">\n<p style=\"font-size: 16px\">Herbes<\/p>\n<\/td>\n<\/tr>\n<tr>\n<td width=\"298\">\n<p style=\"font-size: 16px\">Une fonction sp\u00e9ciale<\/p>\n<\/td>\n<td width=\"298\">\n<p style=\"font-size: 16px\">Culture int\u00e9rieure-ext\u00e9rieure<\/p>\n<\/td>\n<\/tr>\n<tr>\n<td width=\"298\">\n<p style=\"font-size: 16px\">Marque<\/p>\n<\/td>\n<td width=\"298\">\n<p style=\"font-size: 16px\">Trousse de jardin<\/p>\n<\/td>\n<\/tr>\n<tr>\n<td width=\"298\">\n<p style=\"font-size: 16px\">Lieu d&#039;origine<\/p>\n<\/td>\n<td width=\"298\">\n<p style=\"font-size: 16px\">Fujian, Chine<\/p>\n<\/td>\n<\/tr>\n<tr>\n<td width=\"298\">\n<p style=\"font-size: 16px\">ODM\/OEM<\/p>\n<\/td>\n<td width=\"298\">\n<p style=\"font-size: 16px\">Disponible<\/p>\n<\/td>\n<\/tr>\n<tr>\n<td width=\"298\">\n<p style=\"font-size: 16px\">MOQ pour commande personnalis\u00e9e<\/p>\n<\/td>\n<td width=\"298\">\n<p style=\"font-size: 16px\">3000 pi\u00e8ces<\/p>\n<\/td>\n<\/tr>\n<tr>\n<td width=\"298\">\n<p style=\"font-size: 16px\">Co\u00fbt de l&#039;\u00e9chantillon<\/p>\n<\/td>\n<td width=\"298\">\n<p style=\"font-size: 16px\">US$400\/Sample, retour complet apr\u00e8s commande de notre part<\/p>\n<\/td>\n<\/tr>\n<\/tbody>\n<\/table>\n<p style=\"font-size: 16px;line-height: 1.5\"><span style=\"font-family: arial, helvetica, sans-serif\">Kit de d\u00e9marrage d&#039;herbes d&#039;int\u00e9rieur pr\u00e9par\u00e9 de 18 pi\u00e8ces : tout ce dont vous avez besoin pour apporter la joie de cultiver des herbes savoureuses dans votre vie ou celle d&#039;un \u00eatre cher. C&#039;est simple - nos conjectures sur la culture d&#039;herbes \u00e0 partir de graines, vous guidant \u00e0 chaque \u00e9tape du chemin. Plante-le! <\/span><br \/><span style=\"font-family: arial, helvetica, sans-serif\">Les \u00e9l\u00e9ments suivants sont inclus dans le kit. 4 pots en fibre de bambou 4 terreaux pr\u00e9-fertilis\u00e9s 4 sachets de graines qui restent fra\u00eeches 4 marqueurs de plantes en bambou 1 m\u00e8tre d&#039;humidit\u00e9 1 guide de plantation \u00e9tape par \u00e9tape 1 bo\u00eete cadeau personnalis\u00e9e Pot It : 4 pots r\u00e9utilisables - la bonne taille pour les semis, avec amplement drainage et \u00e9gouttoirs innovants. Sauvegardez et r\u00e9utilisez. Plantation : 4 packs de graines premium \u2013 4 herbes diff\u00e9rentes : basilic, persil, ciboulette et coriandre. Toutes les graines sont test\u00e9es pour les taux de germination les plus \u00e9lev\u00e9s. Nourrissez-le : 4 disques de sol riches en nutriments - ajoutez de l&#039;eau et ils gonfleront jusqu&#039;\u00e0 6 \u00e0 8 fois leur taille d&#039;origine. Pr\u00e9-fertiliser. Humidim\u00e8tre - Jamais au-dessus ou sous l&#039;eau des plantes\u00a0! Voyez maintenant la quantit\u00e9 d&#039;eau dont vos plantes ont besoin. Marquez-le : 4 marqueurs en bambou \u2013 Les marqueurs vous aident \u00e0 identifier vos semis au fur et \u00e0 mesure qu&#039;ils poussent. Remporte le! :Comment utiliser - Nous vous guiderons \u00e9tape par \u00e9tape afin que vous puissiez faire pousser des herbes fabuleuses. Plantez votre chemin de joie : aimez-le ou argent remis ! Si vous rencontrez des difficult\u00e9s avec n&#039;importe quel aspect du processus, n&#039;h\u00e9sitez pas \u00e0 nous contacter. Nous nous engageons \u00e0 vous aider jusqu&#039;\u00e0 ce que vous obteniez les r\u00e9sultats souhait\u00e9s.<\/span><\/p>\n<h3 style=\"font-size: 19px\"><span style=\"font-family: arial, helvetica, sans-serif\">Basilic:<\/span><\/h3>\n<p style=\"font-size: 16px\"><span style=\"font-family: arial, helvetica, sans-serif;font-size: 16px\">P\u00e9riode de floraison : juillet \u00e0 octobre<\/span><br \/><span style=\"font-family: arial, helvetica, sans-serif;font-size: 16px\">Cat\u00e9gorie : herbe bisannuelle<\/span><br \/><span style=\"font-family: arial, helvetica, sans-serif;font-size: 16px\">Famille : Lamiac\u00e9es<\/span><br \/><span style=\"font-family: arial, helvetica, sans-serif;font-size: 16px\">Habitudes : J&#039;aime les endroits chauds et ensoleill\u00e9s, le sol doit \u00eatre fertile, et il est difficile de germer en dessous de 20 degr\u00e9s<\/span><br \/><span style=\"font-family: arial, helvetica, sans-serif;font-size: 16px\">R\u00e9sistance au froid : faible<\/span><br \/><span style=\"font-family: arial, helvetica, sans-serif;font-size: 16px\">Hauteur de la plante : 50 ~ 80 cm<\/span><br \/><span style=\"font-family: arial, helvetica, sans-serif;font-size: 16px\">Multiplication: semis (appartient aux graines de taille moyenne, peut \u00eatre sem\u00e9 avec des blocs de semis ou des plateaux de trous, 2 graines par trou, ou en direct), boutures<\/span><br \/><span style=\"font-family: arial, helvetica, sans-serif;font-size: 16px\">Temp\u00e9rature appropri\u00e9e pour la germination : 20 ~ 30 degr\u00e9s<\/span><br \/><span style=\"font-family: arial, helvetica, sans-serif;font-size: 16px\">Temps de germination : 5~10 jours<\/span><br \/><span style=\"font-family: arial, helvetica, sans-serif;font-size: 16px\">Temp\u00e9rature appropri\u00e9e pour la croissance : 20 ~ 35 degr\u00e9s<\/span><\/p>\n<p style=\"font-size: 16px;line-height: 1.5\"><span style=\"font-family: arial, helvetica, sans-serif\">Trois conditions essentielles \u00e0 la germination des graines : temp\u00e9rature, lumi\u00e8re et humidit\u00e9<\/span><br \/><span style=\"font-family: arial, helvetica, sans-serif\">Temp\u00e9rature : D&#039;une mani\u00e8re g\u00e9n\u00e9rale, la temp\u00e9rature de germination des graines de vanille se situe entre 20 et 30 degr\u00e9s selon les esp\u00e8ces. Par exemple, la temp\u00e9rature de germination de la lavande est de 28 \u00e0 30 degr\u00e9s. Pour la menthe, elle peut \u00eatre \u00e0 20-25 degr\u00e9s.<\/span><br \/><span style=\"font-family: arial, helvetica, sans-serif\">\u00c9clairage : Selon les besoins en lumi\u00e8re pour la germination des graines, il est divis\u00e9 en trois types : bonne lumi\u00e8re, averse \u00e0 la lumi\u00e8re et lumi\u00e8re simultan\u00e9e. Une bonne lumi\u00e8re signifie que les graines doivent \u00eatre expos\u00e9es \u00e0 la lumi\u00e8re pour la germination, et une aversion \u00e0 la lumi\u00e8re signifie que les graines doivent \u00eatre couvertes pour la germination. Sous germination et photophobie, la germination des graines n&#039;a pas d&#039;exigences strictes en mati\u00e8re de lumi\u00e8re. Les herbes communes sont g\u00e9n\u00e9ralement des graines photophobes. Autrement dit, les graines n&#039;ont pas besoin de lumi\u00e8re pour germer.<\/span><br \/><span style=\"font-family: arial, helvetica, sans-serif\">Humidit\u00e9 : Pendant le processus de germination, les graines doivent avoir suffisamment d&#039;eau pour terminer l&#039;ensemble du processus de germination.<\/span><\/p>\n<h3 style=\"font-size: 19px;line-height: 1.5\"><span style=\"font-family: arial, helvetica, sans-serif\">Gestion post-semis :<\/span><\/h3>\n<p style=\"font-size: 16px;line-height: 1.5\"><span style=\"font-family: arial, helvetica, sans-serif\">Pour le semis, la bo\u00eete \u00e0 graines doit \u00eatre plac\u00e9e dans un endroit frais sans lumi\u00e8re directe du soleil. La bo\u00eete peut \u00eatre recouverte de tissu en verre ou en plastique, puis ouverte apr\u00e8s la germination des graines. Les graines qui doivent germer dans l&#039;obscurit\u00e9 peuvent \u00eatre recouvertes d&#039;une couche de tissu noir ou de papier journal. L&#039;arrosage doit \u00eatre fait avec une extr\u00eame prudence afin de ne pas laver les graines.<\/span><\/p><\/p>","protected":false},"excerpt":{"rendered":"<p>Kit de culture d&#039;herbes aromatiques - Kit complet - Cultivez facilement 4 herbes d&#039;int\u00e9rieur \u00e0 partir de graines (basilic, coriandre, ciboulette et persil) et guide complet - Cadeaux de jardinage uniques pour femmes et hommes : Kit de d\u00e9marrage pour plantes<\/p>","protected":false},"featured_media":13349,"comment_status":"open","ping_status":"closed","template":"","meta":[],"product_cat":[50],"product_tag":[183,52,179,176,568,181,178],"acf":[],"_links":{"self":[{"href":"https:\/\/www.garden-kit.com\/fr\/wp-json\/wp\/v2\/product\/1485"}],"collection":[{"href":"https:\/\/www.garden-kit.com\/fr\/wp-json\/wp\/v2\/product"}],"about":[{"href":"https:\/\/www.garden-kit.com\/fr\/wp-json\/wp\/v2\/types\/product"}],"replies":[{"embeddable":true,"href":"https:\/\/www.garden-kit.com\/fr\/wp-json\/wp\/v2\/comments?post=1485"}],"wp:featuredmedia":[{"embeddable":true,"href":"https:\/\/www.garden-kit.com\/fr\/wp-json\/wp\/v2\/media\/13349"}],"wp:attachment":[{"href":"https:\/\/www.garden-kit.com\/fr\/wp-json\/wp\/v2\/media?parent=1485"}],"wp:term":[{"taxonomy":"product_cat","embeddable":true,"href":"https:\/\/www.garden-kit.com\/fr\/wp-json\/wp\/v2\/product_cat?post=1485"},{"taxonomy":"product_tag","embeddable":true,"href":"https:\/\/www.garden-kit.com\/fr\/wp-json\/wp\/v2\/product_tag?post=1485"}],"curies":[{"name":"wp","href":"https:\/\/api.w.org\/{rel}","templated":true}]}}