{"id":1536,"date":"2022-08-23T23:44:47","date_gmt":"2022-08-23T15:44:47","guid":{"rendered":"http:\/\/www.garden-kit.com\/product\/kitchen-herbs-grow-kit\/"},"modified":"2023-08-14T19:57:40","modified_gmt":"2023-08-14T11:57:40","slug":"kitchen-herbs-grow-kit","status":"publish","type":"product","link":"https:\/\/www.garden-kit.com\/fr\/product\/kitchen-herbs-grow-kit\/","title":{"rendered":"Kit de jardin d&#039;herbes aromatiques de cuisine"},"content":{"rendered":"<p style=\"line-height: 1.5\"><span style=\"font-family: arial, helvetica, sans-serif;font-size: 16px\">Gardez quelques fleurs \u00e0 la maison, comme l&#039;aneth, la plante araign\u00e9e, le lierre, etc., pour ajouter de la verdure et de l&#039;air frais, et devenir un beau paysage. Cependant, diff\u00e9rentes fleurs et plantes peuvent \u00eatre plac\u00e9es \u00e0 diff\u00e9rents endroits. Par exemple, dans la cuisine, il convient de placer quelques plants de vanille. Bien que frais et accrocheur, vous pouvez \u00e9galement cueillir une feuille comme assaisonnement, rendant la nourriture plus parfum\u00e9e !<\/span><br \/><span style=\"font-family: arial, helvetica, sans-serif;font-size: 16px\">Cultiver des herbes pour cuisiner est le meilleur moyen de passer \u00ab du sol \u00e0 la table \u00bb dans votre propre cuisine. Ils n\u00e9cessitent une petite zone de plantation, et ils peuvent \u00e9galement \u00eatre vus, cueillis et directement utilis\u00e9s pour la cuisine, qui est une comp\u00e9tence quotidienne avec un &quot;seuil tr\u00e8s bas&quot;.<\/span><\/p>\n<p style=\"line-height: 1.5\"><span style=\"font-family: arial, helvetica, sans-serif;font-size: 18px\"><\/span><\/p>\n<h3 style=\"line-height: 1.5;font-size: 19px\"><span style=\"font-family: arial, helvetica, sans-serif;font-size: 18px\">Aper\u00e7u<\/span><\/h3>\n<table>\n<tbody>\n<tr>\n<td width=\"298\">\n<pre><span style=\"font-family: arial, helvetica, sans-serif;font-size: 16px\">Instructions d&#039;entretien du produit<\/span><\/pre>\n<\/td>\n<td width=\"298\">\n<pre><span style=\"font-family: arial, helvetica, sans-serif;font-size: 16px\">Disponible<\/span><\/pre>\n<\/td>\n<\/tr>\n<tr>\n<td width=\"298\">\n<pre><span style=\"font-family: arial, helvetica, sans-serif;font-size: 16px\">Type de produit v\u00e9g\u00e9tal<\/span><\/pre>\n<\/td>\n<td width=\"298\">\n<pre><span style=\"font-family: arial, helvetica, sans-serif;font-size: 16px\">Herbes<\/span><\/pre>\n<\/td>\n<\/tr>\n<tr>\n<td width=\"298\">\n<pre><span style=\"font-family: arial, helvetica, sans-serif;font-size: 16px\">Une fonction sp\u00e9ciale<\/span><\/pre>\n<\/td>\n<td width=\"298\">\n<pre><span style=\"font-family: arial, helvetica, sans-serif;font-size: 16px\">Culture int\u00e9rieure-ext\u00e9rieure<\/span><\/pre>\n<\/td>\n<\/tr>\n<tr>\n<td width=\"298\">\n<pre><span style=\"font-family: arial, helvetica, sans-serif;font-size: 16px\">Marque<\/span><\/pre>\n<\/td>\n<td width=\"298\">\n<pre><span style=\"font-family: arial, helvetica, sans-serif;font-size: 16px\">Trousse de jardin<\/span><\/pre>\n<\/td>\n<\/tr>\n<tr>\n<td width=\"298\">\n<pre><span style=\"font-family: arial, helvetica, sans-serif;font-size: 16px\">Lieu d&#039;origine<\/span><\/pre>\n<\/td>\n<td width=\"298\">\n<pre><span style=\"font-family: arial, helvetica, sans-serif;font-size: 16px\">Fujian, Chine<\/span><\/pre>\n<\/td>\n<\/tr>\n<tr>\n<td width=\"298\">\n<pre><span style=\"font-family: arial, helvetica, sans-serif;font-size: 16px\">ODM\/OEM<\/span><\/pre>\n<\/td>\n<td width=\"298\">\n<pre><span style=\"font-family: arial, helvetica, sans-serif;font-size: 16px\">Disponible<\/span><\/pre>\n<\/td>\n<\/tr>\n<tr>\n<td width=\"298\">\n<pre><span style=\"font-family: arial, helvetica, sans-serif;font-size: 16px\">MOQ pour commande personnalis\u00e9e<\/span><\/pre>\n<\/td>\n<td width=\"298\">\n<pre><span style=\"font-family: arial, helvetica, sans-serif;font-size: 16px\">3000 pi\u00e8ces<\/span><\/pre>\n<\/td>\n<\/tr>\n<tr>\n<td width=\"298\">\n<pre><span style=\"font-family: arial, helvetica, sans-serif;font-size: 16px\">Co\u00fbt de l&#039;\u00e9chantillon<\/span><\/pre>\n<\/td>\n<td width=\"298\">\n<pre><span style=\"font-family: arial, helvetica, sans-serif;font-size: 16px\">US$400\/Sample, retour complet apr\u00e8s commande de notre part<\/span><\/pre>\n<\/td>\n<\/tr>\n<\/tbody>\n<\/table>\n<p style=\"line-height: 1.5\"><span style=\"font-family: arial, helvetica, sans-serif;font-size: 16px\">Diff\u00e9rentes herbes ont des fr\u00e9quences de r\u00e9colte diff\u00e9rentes, certaines herbes doivent \u00eatre r\u00e9colt\u00e9es une fois par saison ; certains doivent \u00eatre r\u00e9colt\u00e9s tous les jours, et d&#039;autres peuvent prendre plusieurs ann\u00e9es pour r\u00e9colter leur m\u00e9dicament.<\/span><\/p>\n<p style=\"line-height: 1.5\"><span style=\"font-family: arial, helvetica, sans-serif;font-size: 16px\">Kit de d\u00e9marrage d&#039;herbes d&#039;int\u00e9rieur pr\u00e9par\u00e9 de 21 pi\u00e8ces : tout ce dont vous avez besoin pour apporter la joie de cultiver des herbes savoureuses dans votre vie ou celle d&#039;un \u00eatre cher. C&#039;est simple - nos conjectures sur la culture d&#039;herbes \u00e0 partir de graines, vous guidant \u00e0 chaque \u00e9tape du chemin. Plante-le!<\/span><\/p>\n<ul>\n<li><span style=\"font-family: arial, helvetica, sans-serif;font-size: 16px\">Les \u00e9l\u00e9ments suivants sont inclus dans le kit.<\/span><br \/><span style=\"font-family: arial, helvetica, sans-serif;font-size: 16px\">9 pots en fibre de bambou<\/span><br \/><span style=\"font-family: arial, helvetica, sans-serif;font-size: 16px\">3 sols pr\u00e9-fertilis\u00e9s<\/span><br \/><span style=\"font-family: arial, helvetica, sans-serif;font-size: 16px\">9 sachets de graines qui restent fra\u00eeches<\/span><br \/><span style=\"font-family: arial, helvetica, sans-serif;font-size: 16px\">9 marqueurs de plantes en bambou<\/span><br \/><span style=\"font-family: arial, helvetica, sans-serif;font-size: 16px\">1 guide de plantation \u00e9tape par \u00e9tape<\/span><br \/><span style=\"font-family: arial, helvetica, sans-serif;font-size: 16px\">1 coffret cadeau personnalis\u00e9<\/span><\/li>\n<\/ul>\n<h2 style=\"font-size: 20px\">Un go\u00fbt personnalis\u00e9 dans la paume de votre main \u2013 le kit personnalis\u00e9 Kitchen Herb Garden<\/h2>\n<p>Dans cette vie moderne et tr\u00e9pidante, nous aspirons souvent \u00e0 un sentiment de proximit\u00e9 avec la nature, \u00e0 une exp\u00e9rience de paix dans l&#039;agitation de la ville. C&#039;est ainsi qu&#039;est n\u00e9 le kit Kitchen Herb Garden, non seulement en tant que produit mais aussi en tant que produit. symbole d&#039;un mode de vie. En tant que fabricant professionnel, nous avons con\u00e7u pour vous un kit magnifique, pratique et personnalis\u00e9, que ce soit pour vous-m\u00eame ou comme cadeau pr\u00e9cieux pour vos amis et votre famille, il apportera une joie et un d\u00e9lice sans fin.<\/p>\n<h2 style=\"font-size: 20px\">Un luxe sur mesure, cr\u00e9ateur d&#039;unicit\u00e9<\/h2>\n<p>Nous comprenons que les pr\u00e9f\u00e9rences de chacun sont uniques, c&#039;est pourquoi nous vous proposons une gamme compl\u00e8te de services de personnalisation, des outils ext\u00e9rieurs aux outils int\u00e9rieurs en passant par les graines. Vous pouvez choisir un design ext\u00e9rieur unique et personnaliser votre ensemble d\u2019outils en fonction de vos pr\u00e9f\u00e9rences individuelles. Que vous soyez amateur de simplicit\u00e9 moderne ou d&#039;\u00e9l\u00e9gance vintage, nous veillerons \u00e0 ce que vous obteniez un kit de jardin d&#039;herbes aromatiques qui vous ressemble.<\/p>\n<h2 style=\"font-size: 20px\">Profitez des graines, d\u00e9couvrez la nature<\/h2>\n<p>Chaque graine du kit Kitchen Herb Garden est un cadeau pour la nature. De la menthe fra\u00eeche au basilic parfum\u00e9, nous proposons une grande vari\u00e9t\u00e9 de graines que vous pourrez cultiver chez vous. Aucune exp\u00e9rience de jardinage n&#039;est requise, suivez simplement le guide facile \u00e0 suivre que nous vous fournissons et vous pourrez \u00eatre t\u00e9moin d&#039;un feuillage vert luxuriant et de r\u00e9sultats parfum\u00e9s en un rien de temps.<\/p>\n<h2 style=\"font-size: 20px\">Assurance qualit\u00e9 et approvisionnement stable<\/h2>\n<p>Nous disposons d&#039;une ligne de production mature ainsi que d&#039;une capacit\u00e9 d&#039;approvisionnement pour garantir que le kit de jardin d&#039;herbes aromatiques de cuisine r\u00e9pond \u00e0 vos normes \u00e9lev\u00e9es en termes d&#039;apparence et de fonctionnalit\u00e9. Les mat\u00e9riaux s\u00e9lectionn\u00e9s et le savoir-faire garantissent durabilit\u00e9 et beaut\u00e9, afin que vous puissiez profiter longtemps des fruits de votre jardin d&#039;herbes aromatiques.<\/p>\n<h2 style=\"font-size: 20px\">Un coup de coeur, un superbe cadeau<\/h2>\n<p>Le kit Kitchen Herb Garden est depuis longtemps un article recherch\u00e9 par un large \u00e9ventail de consommateurs. Que ce soit comme cadeau d&#039;anniversaire ou de vacances ou comme cadeau pr\u00e9cieux pour diverses occasions, il peut transmettre vos soins et vos b\u00e9n\u00e9dictions \u00e0 vos amis et \u00e0 votre famille. Laissez-les ressentir la joie de planter et savourer les d\u00e9lices des herbes fra\u00eeches.<\/p>\n<p>Laissez vos papilles danser avec votre c\u0153ur, personnalisez votre kit Kitchen Herb Garden et ressentez le charme de la nature. Contactez-nous pour commencer votre voyage de jardinage personnalis\u00e9 !<\/p>","protected":false},"excerpt":{"rendered":"<p>Graines de jardinage d&#039;herbes culinaires pour la plantation d&#039;int\u00e9rieur \u00e0 la maison avec bo\u00eete-cadeau en bois - Cadeau de cuisine parfait pour les jardiniers femmes ou hommes. Cadeaux de culture de plantes adultes inhabituels<\/p>","protected":false},"featured_media":16018,"comment_status":"open","ping_status":"closed","template":"","meta":[],"product_cat":[50],"product_tag":[179,501,176,177,56,178,58],"acf":[],"_links":{"self":[{"href":"https:\/\/www.garden-kit.com\/fr\/wp-json\/wp\/v2\/product\/1536"}],"collection":[{"href":"https:\/\/www.garden-kit.com\/fr\/wp-json\/wp\/v2\/product"}],"about":[{"href":"https:\/\/www.garden-kit.com\/fr\/wp-json\/wp\/v2\/types\/product"}],"replies":[{"embeddable":true,"href":"https:\/\/www.garden-kit.com\/fr\/wp-json\/wp\/v2\/comments?post=1536"}],"wp:featuredmedia":[{"embeddable":true,"href":"https:\/\/www.garden-kit.com\/fr\/wp-json\/wp\/v2\/media\/16018"}],"wp:attachment":[{"href":"https:\/\/www.garden-kit.com\/fr\/wp-json\/wp\/v2\/media?parent=1536"}],"wp:term":[{"taxonomy":"product_cat","embeddable":true,"href":"https:\/\/www.garden-kit.com\/fr\/wp-json\/wp\/v2\/product_cat?post=1536"},{"taxonomy":"product_tag","embeddable":true,"href":"https:\/\/www.garden-kit.com\/fr\/wp-json\/wp\/v2\/product_tag?post=1536"}],"curies":[{"name":"wp","href":"https:\/\/api.w.org\/{rel}","templated":true}]}}