{"id":1640,"date":"2022-08-24T00:31:07","date_gmt":"2022-08-23T16:31:07","guid":{"rendered":"http:\/\/www.garden-kit.com\/product\/plantable-seed-paper-notebook\/"},"modified":"2024-02-04T16:30:07","modified_gmt":"2024-02-04T08:30:07","slug":"seed-paper-notebook","status":"publish","type":"product","link":"https:\/\/www.garden-kit.com\/fr\/product\/seed-paper-notebook\/","title":{"rendered":"Carnet A4 en papier graine"},"content":{"rendered":"<h3 style=\"font-size: 19px\">Mini carnet de papier \u00e0 planter\u00a0:<\/h3>\n<p style=\"font-size: 16px;line-height: 1.5\"><span style=\"font-family: 'PingFang SC', 'Microsoft YaHei', sans-serif;font-size: 16px\">C'est facile : nous vous guidons \u00e0 chaque \u00e9tape de la culture des graines de fleurs sauvages et de platanes. Tout ce dont vous avez besoin pour apporter la joie des fleurs sauvages et du sycomore dans votre vie ou celle d'un \u00eatre cher se trouve dans un magnifique coffret cadeau en bois. Plantez-la !<\/span><\/p>\n<p style=\"font-size: 16px;line-height: 1.5\"><span style=\"font-family: 'PingFang SC', 'Microsoft YaHei', sans-serif;font-size: 16px\"><\/span><\/p>\n<h3 style=\"font-size: 19px\">Aper\u00e7u<\/h3>\n<table style=\"border-collapse: collapse;width: 100%;height: 284px\">\n<tbody>\n<tr style=\"height: 35.5px\">\n<td width=\"298\" style=\"height: 35.5px\">\n<p style=\"font-size: 16px\"><span style=\"font-family: 'PingFang SC', 'Microsoft YaHei', sans-serif;font-size: 16px\">Instructions d&#039;entretien du produit<\/span><\/p>\n<\/td>\n<td width=\"298\" style=\"height: 35.5px\">\n<p style=\"font-size: 16px\"><span style=\"font-family: 'PingFang SC', 'Microsoft YaHei', sans-serif;font-size: 16px\">Disponible<\/span><\/p>\n<\/td>\n<\/tr>\n<tr style=\"height: 35.5px\">\n<td width=\"298\" style=\"height: 35.5px\">\n<p style=\"font-size: 16px\"><span style=\"font-family: 'PingFang SC', 'Microsoft YaHei', sans-serif;font-size: 16px\">Type de produit v\u00e9g\u00e9tal<\/span><\/p>\n<\/td>\n<td width=\"298\" style=\"height: 35.5px\">\n<p style=\"font-size: 16px\"><span style=\"font-family: 'PingFang SC', 'Microsoft YaHei', sans-serif;font-size: 16px\">fleurs sauvages et sycomore<\/span><\/p>\n<\/td>\n<\/tr>\n<tr style=\"height: 35.5px\">\n<td width=\"298\" style=\"height: 35.5px\">\n<p style=\"font-size: 16px\"><span style=\"font-family: 'PingFang SC', 'Microsoft YaHei', sans-serif;font-size: 16px\">Une fonction sp\u00e9ciale<\/span><\/p>\n<\/td>\n<td width=\"298\" style=\"height: 35.5px\">\n<p style=\"font-size: 16px\"><span style=\"font-family: 'PingFang SC', 'Microsoft YaHei', sans-serif;font-size: 16px\">Culture int\u00e9rieure-ext\u00e9rieure<\/span><\/p>\n<\/td>\n<\/tr>\n<tr style=\"height: 35.5px\">\n<td width=\"298\" style=\"height: 35.5px\">\n<p style=\"font-size: 16px\"><span style=\"font-family: 'PingFang SC', 'Microsoft YaHei', sans-serif;font-size: 16px\">Marque<\/span><\/p>\n<\/td>\n<td width=\"298\" style=\"height: 35.5px\">\n<p style=\"font-size: 16px\"><span style=\"font-family: 'PingFang SC', 'Microsoft YaHei', sans-serif;font-size: 16px\">Trousse de jardin<\/span><\/p>\n<\/td>\n<\/tr>\n<tr style=\"height: 35.5px\">\n<td width=\"298\" style=\"height: 35.5px\">\n<p style=\"font-size: 16px\"><span style=\"font-family: 'PingFang SC', 'Microsoft YaHei', sans-serif;font-size: 16px\">Lieu d&#039;origine<\/span><\/p>\n<\/td>\n<td width=\"298\" style=\"height: 35.5px\">\n<p style=\"font-size: 16px\"><span style=\"font-family: 'PingFang SC', 'Microsoft YaHei', sans-serif;font-size: 16px\">Fujian, Chine<\/span><\/p>\n<\/td>\n<\/tr>\n<tr style=\"height: 35.5px\">\n<td width=\"298\" style=\"height: 35.5px\">\n<p style=\"font-size: 16px\"><span style=\"font-family: 'PingFang SC', 'Microsoft YaHei', sans-serif;font-size: 16px\">ODM\/OEM<\/span><\/p>\n<\/td>\n<td width=\"298\" style=\"height: 35.5px\">\n<p style=\"font-size: 16px\"><span style=\"font-family: 'PingFang SC', 'Microsoft YaHei', sans-serif;font-size: 16px\">Disponible<\/span><\/p>\n<\/td>\n<\/tr>\n<tr style=\"height: 35.5px\">\n<td width=\"298\" style=\"height: 35.5px\">\n<p style=\"font-size: 16px\"><span style=\"font-family: 'PingFang SC', 'Microsoft YaHei', sans-serif;font-size: 16px\">MOQ pour commande personnalis\u00e9e<\/span><\/p>\n<\/td>\n<td width=\"298\" style=\"height: 35.5px\">\n<p style=\"font-size: 16px\"><span style=\"font-family: 'PingFang SC', 'Microsoft YaHei', sans-serif;font-size: 16px\">3000 pi\u00e8ces<\/span><\/p>\n<\/td>\n<\/tr>\n<tr style=\"height: 35.5px\">\n<td width=\"298\" style=\"height: 35.5px\">\n<p style=\"font-size: 16px\"><span style=\"font-family: 'PingFang SC', 'Microsoft YaHei', sans-serif;font-size: 16px\">Co\u00fbt de l&#039;\u00e9chantillon<\/span><\/p>\n<\/td>\n<td width=\"298\" style=\"height: 35.5px\">\n<p style=\"font-size: 16px\"><span style=\"font-family: 'PingFang SC', 'Microsoft YaHei', sans-serif;font-size: 16px\">US$400\/Sample, retour complet apr\u00e8s une commande de notre part<\/span><\/p>\n<\/td>\n<\/tr>\n<\/tbody>\n<\/table>\n<p style=\"font-size: 16px;line-height: 1.5\">\n<p style=\"text-align: center;line-height: 1.5\"><span style=\"font-size: 16px;font-family: 'PingFang SC', 'Microsoft YaHei', sans-serif\"><img decoding=\"async\" src=\"https:\/\/data.adwebcloud.com\/public\/material\/2206293ihquj\/product\/aqraujzv39_1661253406817.jpg\" alt=\"exemple\" width=\"50%\" title=\"\"><img decoding=\"async\" src=\"https:\/\/data.adwebcloud.com\/public\/material\/2206293ihquj\/product\/ulill9rqog_1661253337582.jpg\" alt=\"exemple\" width=\"50%\" title=\"\"> &nbsp;<\/span><\/p>\n<h3 style=\"font-size: 19px\">Les \u00e9l\u00e9ments suivants sont inclus dans le kit de carnet de notes en papier de semences :<\/h3>\n<p style=\"line-height: 1.5\"><span style=\"font-family: 'PingFang SC', 'Microsoft YaHei', sans-serif;font-size: 16px\">1 carnet avec couverture en papier graine \u00e0 planter<\/span><\/p>\n<p style=\"line-height: 1.5\"><span style=\"font-family: 'PingFang SC', 'Microsoft YaHei', sans-serif;font-size: 16px\">1 guide de plantation \u00e9tape par \u00e9tape<\/span><\/p>\n<p style=\"line-height: 1.5\"><span style=\"font-family: 'PingFang SC', 'Microsoft YaHei', sans-serif;font-size: 16px\">1 coffret bricolage personnalis\u00e9<\/span><\/p>\n<p style=\"line-height: 1.5\"><span style=\"font-family: 'PingFang SC', 'Microsoft YaHei', sans-serif;font-size: 16px\">Micro-carnets de papier de semences \u00e0 planter<\/span><\/p>\n<p style=\"line-height: 1.5\"><span style=\"font-family: 'PingFang SC', 'Microsoft YaHei', sans-serif;font-size: 16px\">Mini carnets \u00e0 planter en papier graine !<\/span><\/p>\n<p style=\"line-height: 1.5\"><span style=\"font-family: 'PingFang SC', 'Microsoft YaHei', sans-serif;font-size: 16px\">Papier \u00e9cologique 100% fabriqu\u00e9 \u00e0 la main, recyclable et biod\u00e9gradable avec des graines de fleurs sauvages et de sycomore.<\/span><\/p>\n<p style=\"line-height: 1.5\"><span style=\"font-family: 'PingFang SC', 'Microsoft YaHei', sans-serif;font-size: 16px\">Ce cahier \u00e0 planter est 100% fabriqu\u00e9 \u00e0 partir de vieux papiers et d&#039;un m\u00e9lange de graines de sycomore et de fleurs sauvages.<\/span><\/p>\n<p style=\"line-height: 1.5\"><span style=\"font-family: 'PingFang SC', 'Microsoft YaHei', sans-serif;font-size: 16px\">\u2013 Faire tremper le papier ensemenc\u00e9 dans l&#039;eau pendant une nuit.<\/span><\/p>\n<p style=\"line-height: 1.5\"><span style=\"font-family: 'PingFang SC', 'Microsoft YaHei', sans-serif;font-size: 16px\">\u2013 Plantez le papier de semences humide dans le sol pr\u00e9par\u00e9 \u00e0 une profondeur d&#039;environ 1\/4 de pouce.<\/span><\/p>\n<p style=\"line-height: 1.5\"><span style=\"font-family: 'PingFang SC', 'Microsoft YaHei', sans-serif;font-size: 16px\">- Arrosez le puits, surtout pendant les quatre \u00e0 six premi\u00e8res semaines.<\/span><\/p>\n<p style=\"line-height: 1.5\"><span style=\"font-family: 'PingFang SC', 'Microsoft YaHei', sans-serif;font-size: 16px\">Plantez du papier \u00e0 l&#039;ext\u00e9rieur pendant les mois frais jusqu&#039;au d\u00e9but du printemps. La plantation d&#039;automne profitera des pluies d&#039;hiver pour apporter des fleurs au d\u00e9but du printemps. Plantez \u00e0 l&#039;int\u00e9rieur \u00e0 tout moment, puis transplantez dans un endroit plus permanent au d\u00e9but du printemps.<\/span><\/p>\n<p style=\"line-height: 1.5\"><span style=\"font-family: 'PingFang SC', 'Microsoft YaHei', sans-serif;font-size: 16px\">4,72 x 3,15 pouces (8 \u00d7 12 cm)<\/span><\/p>\n<p style=\"line-height: 1.5\"><span style=\"font-family: 'PingFang SC', 'Microsoft YaHei', sans-serif;font-size: 16px\">8\/16 papier de semences, y compris la couverture<\/span><\/p>\n<p style=\"line-height: 1.5\"><span style=\"font-family: 'PingFang SC', 'Microsoft YaHei', sans-serif;font-size: 16px\">Il est facile d'\u00e9crire avec n'importe quel stylo.<\/span><\/p>\n<p style=\"line-height: 1.5\"><span style=\"font-family: 'PingFang SC', 'Microsoft YaHei', sans-serif;font-size: 16px\">Le verso contient des instructions de culture.<\/span><\/p>\n<p style=\"font-size: 16px;line-height: 1.5\">\n<h3 style=\"font-size: 19px\">Caract\u00e9ristiques du carnet de papier semences\u00a0:<\/h3>\n<p style=\"line-height: 1.5\"><span style=\"font-family: 'PingFang SC', 'Microsoft YaHei', sans-serif;font-size: 16px\">Le papier semence peut aussi \u00eatre appel\u00e9 papier de vie. Dans le processus de fabrication du papier, des graines de plantes sont ajout\u00e9es \u00e0 la p\u00e2te de bois, qui est ensuite utilis\u00e9e pour ventiler et s\u00e9cher.<\/span><br \/><span style=\"font-family: 'PingFang SC', 'Microsoft YaHei', sans-serif;font-size: 16px\">Ainsi, les graines vigoureuses contenues dans le papier peuvent pousser des germes et s'\u00e9panouir \u00e0 la temp\u00e9rature et \u00e0 l'humidit\u00e9 ad\u00e9quates.<\/span><br \/><span style=\"font-family: 'PingFang SC', 'Microsoft YaHei', sans-serif;font-size: 16px\">Gr\u00e2ce \u00e0 la cr\u00e9ativit\u00e9 unique et \u00e0 la protection de l&#039;environnement du papier ensemenc\u00e9, combin\u00e9es \u00e0 l&#039;impression typographique, vous pouvez cr\u00e9er des cartes postales, des cartes de v\u0153ux, des \u00e9tiquettes volantes, des enveloppes, etc. avec une texture et un toucher uniques.<\/span><\/p>\n<p style=\"line-height: 1.5\"><span style=\"font-family: 'PingFang SC', 'Microsoft YaHei', sans-serif;font-size: 16px\">Utilisez un faire-part de mariage en graines de pissenlit pour inviter parents et amis \u00e0 partager la joie et \u00e0 enterrer l'espoir ; utilisez une paire de graines de tournesol abricot pour vous plonger dans le monde du rythme ; et ce qui est laiss\u00e9 derri\u00e8re n'est pas un d\u00e9chet. C'est une graine pleine de vitalit\u00e9 ; une carte postale faite d'une graine de tournesol jaune sert \u00e0 \u00e9crire un message et \u00e0 planter un v\u0153u.<\/span><\/p>\n<p style=\"line-height: 1.5\"><span style=\"font-family: 'PingFang SC', 'Microsoft YaHei', sans-serif;font-size: 18px\"><\/span><\/p>\n<h3 style=\"font-size: 19px\">Exhortation intime<\/h3>\n<ol>\n<li style=\"line-height: 1.5\"><span style=\"font-family: 'PingFang SC', 'Microsoft YaHei', sans-serif;font-size: 16px\">Une fois le papier ensemenc\u00e9 plant\u00e9, ne l&#039;exposez pas directement au soleil.<\/span><\/li>\n<li style=\"line-height: 1.5\"><span style=\"font-family: 'PingFang SC', 'Microsoft YaHei', sans-serif;font-size: 16px\">Il fait chaud et l'eau s'\u00e9vapore trop vite. Pensez \u00e0 ajouter de l'eau dans les pots de papier de semences, \u00e0 les maintenir humides et \u00e0 les placer dans un endroit a\u00e9r\u00e9 pour \u00e9viter qu'ils ne soient trop humides et herm\u00e9tiques.<\/span><\/li>\n<li style=\"line-height: 1.5\"><span style=\"font-family: 'PingFang SC', 'Microsoft YaHei', sans-serif;font-size: 16px\">Lorsqu'il pleut, les zones int\u00e9rieures et ext\u00e9rieures peuvent \u00eatre trop humides. Veillez \u00e0 ne pas trop arroser l'appareil et \u00e0 le placer dans un endroit ventil\u00e9.<\/span><\/li>\n<li style=\"line-height: 1.5\"><span style=\"font-family: 'PingFang SC', 'Microsoft YaHei', sans-serif;font-size: 16px\">En raison des diff\u00e9rentes m\u00e9thodes de plantation ou des diff\u00e9rences dans les conditions environnementales (temp\u00e9rature du sol, lumi\u00e8re et humidit\u00e9), la vitesse et les r\u00e9sultats de la germination et de la croissance seront \u00e9galement diff\u00e9rents. La culture des plantes demande du temps, des soins et de l'attente.<\/span><\/li>\n<li style=\"line-height: 1.5\"><span style=\"font-family: 'PingFang SC', 'Microsoft YaHei', sans-serif;font-size: 16px\">Si les graines ne germent pas, la raison la plus probable est qu'il n'y a pas assez d'eau ou que l'eau a \u00e9t\u00e9 coup\u00e9e. En g\u00e9n\u00e9ral, les graines des plantes se r\u00e9veillent et entament le m\u00e9canisme de germination apr\u00e8s avoir absorb\u00e9 suffisamment d'eau !<\/span><\/li>\n<\/ol>\n<h3 style=\"font-size: 19px\"><strong>Qu'est-ce que le papier semence A4 ?<\/strong><\/h3>\n<p>Le papier de semences A4 est un type de papier fabriqu\u00e9 \u00e0 la main et contenant de minuscules graines. Il s'agit d'une alternative \u00e9cologique et durable au papier conventionnel, qui est souvent fabriqu\u00e9 \u00e0 partir d'arbres et contribue \u00e0 la d\u00e9forestation. Les graines incorpor\u00e9es dans le papier de semences proviennent g\u00e9n\u00e9ralement de fleurs, d'herbes ou de l\u00e9gumes, en fonction du produit sp\u00e9cifique. Une fois que vous avez utilis\u00e9 votre papier de semences A4 pour \u00e9crire ou imprimer, vous pouvez le planter dans la terre et, avec les soins appropri\u00e9s, il germera et deviendra une belle plante. Seed Paper associe efficacement l'art de l'\u00e9criture \u00e0 la joie de nourrir la vie, transformant la papeterie en un moyen d'avoir un impact positif sur l'environnement.<\/p>\n<h3 style=\"font-size: 19px\"><strong>Comment fabrique-t-on le papier semence A4 ?<\/strong><\/h3>\n<p>Le processus de cr\u00e9ation du papier de semences t\u00e9moigne de l'ing\u00e9niosit\u00e9 humaine et de l'engagement en faveur d'un mode de vie durable. Voici les principales \u00e9tapes de la fabrication du papier de semences A4 :<\/p>\n<ul>\n<li>\n<p><strong>Collecte de papier recycl\u00e9 :<\/strong> La production de papier de semence commence par la collecte de papier recycl\u00e9. Ce papier peut provenir de diff\u00e9rentes sources, telles que des journaux jet\u00e9s, de vieux documents de bureau ou des emballages en carton usag\u00e9s. L'utilisation de papier recycl\u00e9 est un \u00e9l\u00e9ment essentiel de l'aspect durable du papier de semence.<\/p>\n<\/li>\n<li>\n<p><strong>Mise en p\u00e2te et d\u00e9chiquetage :<\/strong> Le papier recycl\u00e9 collect\u00e9 est ensuite r\u00e9duit en pulpe et d\u00e9chiquet\u00e9 pour obtenir une p\u00e2te fine. L'objectif est de d\u00e9composer le papier en petites fibres qui peuvent \u00eatre reform\u00e9es en nouvelles feuilles.<\/p>\n<\/li>\n<li>\n<p><strong>Ajout de semences :<\/strong> Une fois la p\u00e2te \u00e0 papier pr\u00eate, on y ajoute des graines. Le choix des graines peut varier, mais les options les plus courantes sont les fleurs sauvages, les herbes comme le basilic ou le thym, et m\u00eame les l\u00e9gumes comme les carottes ou la laitue. Les graines sont m\u00e9lang\u00e9es uniform\u00e9ment \u00e0 la pulpe.<\/p>\n<\/li>\n<li>\n<p><strong>Formation des feuilles :<\/strong> La p\u00e2te infus\u00e9e de graines est vers\u00e9e dans de grands moules plats, o\u00f9 elle est r\u00e9partie uniform\u00e9ment pour former de fines feuilles de papier de graines A4. Ces feuilles sont laiss\u00e9es \u00e0 s\u00e9cher naturellement.<\/p>\n<\/li>\n<li>\n<p><strong>D\u00e9coupage et conditionnement :<\/strong> Une fois que les feuilles de papier de semences sont compl\u00e8tement s\u00e8ches, elles sont d\u00e9coup\u00e9es au format A4 habituel. Elles sont ensuite emball\u00e9es et pr\u00eates \u00e0 l'emploi.<\/p>\n<\/li>\n<\/ul>\n<h3 style=\"font-size: 19px\"><strong>Les avantages environnementaux du papier semence A4<\/strong><\/h3>\n<p>L'utilisation de papier de semences offre une multitude d'avantages environnementaux, ce qui en fait un choix int\u00e9ressant pour ceux qui cherchent \u00e0 r\u00e9duire leur empreinte \u00e9cologique :<\/p>\n<ul>\n<li>\n<p><strong>R\u00e9duit la d\u00e9forestation :<\/strong> Le papier de semences est une alternative durable au papier traditionnel, dont la mati\u00e8re premi\u00e8re principale est l'arbre. En choisissant le papier de semences A4, vous contribuez \u00e0 la pr\u00e9servation des for\u00eats et \u00e0 la protection des poumons verts de notre plan\u00e8te.<\/p>\n<\/li>\n<li>\n<p><strong>Z\u00e9ro d\u00e9chet :<\/strong> L'utilisation de papier recycl\u00e9 dans la production de papier de semence permet de r\u00e9duire les d\u00e9chets et de soutenir les initiatives de recyclage. Cette approche \"z\u00e9ro d\u00e9chet\" minimise l'impact environnemental du processus de fabrication du papier.<\/p>\n<\/li>\n<li>\n<p><strong>Favorise la biodiversit\u00e9 :<\/strong> La plantation de papier semence permet non seulement d'\u00e9viter les d\u00e9chets, mais aussi de favoriser la biodiversit\u00e9. Les graines incorpor\u00e9es se transforment en une vari\u00e9t\u00e9 de plantes, attirant les pollinisateurs et enrichissant les \u00e9cosyst\u00e8mes.<\/p>\n<\/li>\n<li>\n<p><strong>R\u00e9duction de l'empreinte carbone :<\/strong> La culture de plantes \u00e0 partir de papier de semences A4 peut absorber le dioxyde de carbone de l'atmosph\u00e8re, contribuant ainsi \u00e0 la lutte contre le changement climatique. L'empreinte carbone associ\u00e9e \u00e0 la production et \u00e0 l'utilisation du papier de semence est nettement inf\u00e9rieure \u00e0 celle du papier conventionnel.<\/p>\n<\/li>\n<li>\n<p><strong>Valeur \u00e9ducative :<\/strong> Le papier ensemenc\u00e9 pr\u00e9sente l'avantage suppl\u00e9mentaire de sensibiliser aux questions environnementales. Il constitue un moyen concret pour les individus de comprendre l'importance de la durabilit\u00e9 et le r\u00f4le qu'ils peuvent jouer dans la pr\u00e9servation de notre plan\u00e8te.<\/p>\n<\/li>\n<\/ul>\n<p><strong>Applications du papier semence A4<\/strong><\/p>\n<p>Le papier semence est incroyablement polyvalent et peut \u00eatre utilis\u00e9 de diverses mani\u00e8res. Voici quelques-unes de ses applications les plus courantes :<\/p>\n<ul>\n<li>\n<p><strong>Cartes de v\u0153ux :<\/strong> Le papier semence est couramment utilis\u00e9 pour cr\u00e9er des cartes de v\u0153ux. Qu'il s'agisse d'anniversaires, de mariages ou d'autres occasions sp\u00e9ciales, ces cartes peuvent \u00eatre plant\u00e9es par le destinataire, ce qui ajoute une touche unique et durable \u00e0 vos v\u0153ux.<\/p>\n<\/li>\n<li>\n<p><strong>Invitations :<\/strong> Les invitations de mariage, les invitations de f\u00eate et les annonces d'\u00e9v\u00e9nements sur papier semence A4 ne sont pas seulement belles, elles offrent \u00e9galement aux destinataires la possibilit\u00e9 de cultiver des fleurs ou des herbes en souvenir durable de l'\u00e9v\u00e9nement.<\/p>\n<\/li>\n<li>\n<p><strong>Cartes de visite :<\/strong> Les entreprises soucieuses de l'environnement utilisent souvent du papier de semences pour leurs cartes de visite. Cela leur permet non seulement de montrer leur engagement en faveur du d\u00e9veloppement durable, mais aussi de laisser une impression durable \u00e0 leurs clients et partenaires.<\/p>\n<\/li>\n<li>\n<p><strong>Mat\u00e9riel promotionnel :<\/strong> De nombreuses entreprises utilisent du papier de semences pour leurs supports promotionnels tels que les brochures, les d\u00e9pliants et les catalogues. Les destinataires peuvent planter ces documents, cr\u00e9ant ainsi un lien tangible entre la marque et la conscience environnementale.<\/p>\n<\/li>\n<li>\n<p><strong>Papeterie :<\/strong> Le papier graine A4 peut \u00eatre utilis\u00e9 pour \u00e9crire des lettres, cr\u00e9er des journaux et m\u00eame imprimer des documents. Sa texture unique et son aspect \u00e9cologique ajoutent une dimension suppl\u00e9mentaire \u00e0 l'acte d'\u00e9crire.<\/p>\n<\/li>\n<li>\n<p><strong>Art et artisanat :<\/strong> Les artistes et les artisans consid\u00e8rent \u00e9galement le papier semence comme un support polyvalent pour cr\u00e9er des \u0153uvres d'art et des projets d'artisanat uniques. Les graines incorpor\u00e9es ajoutent un \u00e9l\u00e9ment de surprise et de cr\u00e9ativit\u00e9 \u00e0 leurs \u0153uvres.<\/p>\n<\/li>\n<li>\n<p><strong>Outils p\u00e9dagogiques :<\/strong> Le papier semence peut \u00eatre utilis\u00e9 dans le cadre de l'enseignement pour sensibiliser les \u00e9l\u00e8ves \u00e0 l'environnement et au d\u00e9veloppement durable. Il permet un apprentissage pratique, les \u00e9l\u00e8ves plantant et entretenant le papier pour le voir grandir.<\/p>\n<\/li>\n<\/ul>\n<p><strong>Comment planter du papier de semences A4<\/strong><\/p>\n<p>Planter du papier semence est un processus simple que tout le monde peut entreprendre. Voici comment proc\u00e9der :<\/p>\n<ul>\n<li>\n<p><strong>Pr\u00e9parer un pot ou un lit de jardin :<\/strong> Choisissez un pot ou un lit de jardin adapt\u00e9 au type de graines incorpor\u00e9es dans le papier. Veillez \u00e0 ce qu'il re\u00e7oive suffisamment de soleil et d'eau.<\/p>\n<\/li>\n<li>\n<p><strong>Tremper le papier :<\/strong> Avant de planter, faites tremper le papier de semences A4 dans de l'eau pendant quelques heures ou toute une nuit. Cela permet de ramollir le papier et d'activer les graines.<\/p>\n<\/li>\n<li>\n<p><strong>Planter le papier :<\/strong> Une fois le papier suffisamment imbib\u00e9, placez-le sur la terre de votre pot ou de votre jardin. Recouvrez-le d'une fine couche de terre ou de compost et arrosez-le doucement.<\/p>\n<\/li>\n<li>\n<p><strong>Fournir des soins :<\/strong> Arrosez r\u00e9guli\u00e8rement le papier plant\u00e9 pour que le sol reste humide, mais pas d\u00e9tremp\u00e9. Veillez \u00e9galement \u00e0 ce qu'il re\u00e7oive suffisamment de lumi\u00e8re du soleil.<\/p>\n<\/li>\n<li>\n<p><strong>Regardez-le grandir :<\/strong> Avec le temps, vous verrez le papier se d\u00e9composer et les graines germer. Avec des soins appropri\u00e9s, les graines incorpor\u00e9es germeront et deviendront des plantes pleines de vie.<\/p>\n<\/li>\n<\/ul>\n<h3 style=\"font-size: 19px\"><strong>Choisir le bon papier semence A4<\/strong><\/h3>\n<p>Lors du choix d'un papier de semences A4, il est important de tenir compte du type de graines incorpor\u00e9es dans le papier. Diff\u00e9rents papiers de semences sont disponibles avec diverses options de semences, telles que des fleurs sauvages, des herbes et des l\u00e9gumes. Votre choix doit correspondre \u00e0 l'utilisation que vous souhaitez en faire et aux plantes que vous souhaitez cultiver.<\/p>\n<p>En outre, tenez compte de l'\u00e9paisseur et de la texture du papier, qui peuvent avoir une incidence sur la qualit\u00e9 d'impression et l'aspect g\u00e9n\u00e9ral de votre projet. Le papier de semence A4 est disponible en diff\u00e9rentes \u00e9paisseurs, de la plus fine et d\u00e9licate \u00e0 la plus robuste et textur\u00e9e, ce qui vous permet de trouver la solution id\u00e9ale \u00e0 vos besoins.<\/p>\n<p>Le papier de semences est plus qu'un simple produit de papeterie ; c'est un symbole puissant de notre engagement en faveur de la conservation de l'environnement. C'est un pont entre l'\u00e9crit et le monde naturel, offrant un moyen tangible de contribuer positivement \u00e0 la plan\u00e8te. En choisissant le papier de semences A4 pour vos besoins personnels ou professionnels, vous prenez la d\u00e9cision consciente de r\u00e9duire les d\u00e9chets, de promouvoir la durabilit\u00e9 et d'avoir un impact durable.<\/p>","protected":false},"excerpt":{"rendered":"<p>Mini carnet de notes en papier \u00e0 planter : c&#039;est facile - nous \u00e9liminons les conjectures de la culture des graines de fleurs sauvages et de sycomore, en vous guidant \u00e0 chaque \u00e9tape du chemin. Tout ce dont vous avez besoin pour apporter la joie des fleurs sauvages et des sycomores dans votre vie ou celle de votre bien-aim\u00e9 dans une belle bo\u00eete cadeau en bois. Plante-le!<\/p><\/p>","protected":false},"featured_media":17743,"comment_status":"closed","ping_status":"closed","template":"","meta":[],"product_cat":[67],"product_tag":[663,668,665,610,454,456,582,82,609,667],"acf":[],"_links":{"self":[{"href":"https:\/\/www.garden-kit.com\/fr\/wp-json\/wp\/v2\/product\/1640"}],"collection":[{"href":"https:\/\/www.garden-kit.com\/fr\/wp-json\/wp\/v2\/product"}],"about":[{"href":"https:\/\/www.garden-kit.com\/fr\/wp-json\/wp\/v2\/types\/product"}],"replies":[{"embeddable":true,"href":"https:\/\/www.garden-kit.com\/fr\/wp-json\/wp\/v2\/comments?post=1640"}],"wp:featuredmedia":[{"embeddable":true,"href":"https:\/\/www.garden-kit.com\/fr\/wp-json\/wp\/v2\/media\/17743"}],"wp:attachment":[{"href":"https:\/\/www.garden-kit.com\/fr\/wp-json\/wp\/v2\/media?parent=1640"}],"wp:term":[{"taxonomy":"product_cat","embeddable":true,"href":"https:\/\/www.garden-kit.com\/fr\/wp-json\/wp\/v2\/product_cat?post=1640"},{"taxonomy":"product_tag","embeddable":true,"href":"https:\/\/www.garden-kit.com\/fr\/wp-json\/wp\/v2\/product_tag?post=1640"}],"curies":[{"name":"wp","href":"https:\/\/api.w.org\/{rel}","templated":true}]}}