{"id":1646,"date":"2022-08-24T00:31:47","date_gmt":"2022-08-23T16:31:47","guid":{"rendered":"http:\/\/www.garden-kit.com\/product\/forever-garden-tool-set\/"},"modified":"2023-03-31T16:31:53","modified_gmt":"2023-03-31T08:31:53","slug":"garden-tool-set","status":"publish","type":"product","link":"https:\/\/www.garden-kit.com\/fr\/product\/garden-tool-set\/","title":{"rendered":"Ensemble d&#039;outils de jardin"},"content":{"rendered":"<h3 style=\"font-size: 19px\"><span style=\"font-family: arial, helvetica, sans-serif\">Aper\u00e7u<\/span><\/h3>\n<table style=\"border-collapse: collapse;width: 100%\">\n<tbody>\n<tr>\n<td width=\"224\">\n<pre><span style=\"font-family: arial, helvetica, sans-serif\">Instructions d&#039;entretien du produit<\/span><\/pre>\n<\/td>\n<td width=\"224\">\n<pre><span style=\"font-family: arial, helvetica, sans-serif\">Disponible<\/span><\/pre>\n<\/td>\n<\/tr>\n<tr>\n<td width=\"224\">\n<pre><span style=\"font-family: arial, helvetica, sans-serif\">type de produit<\/span><\/pre>\n<\/td>\n<td width=\"224\">\n<pre><span style=\"font-family: arial, helvetica, sans-serif\">Ensemble d&#039;outils de jardin FOREVER\n<\/span><\/pre>\n<\/td>\n<\/tr>\n<tr>\n<td width=\"224\">\n<pre><span style=\"font-family: arial, helvetica, sans-serif\">Une fonction sp\u00e9ciale<\/span><\/pre>\n<\/td>\n<td width=\"224\">\n<pre><span style=\"font-family: arial, helvetica, sans-serif\">Culture int\u00e9rieure-ext\u00e9rieure<\/span><\/pre>\n<\/td>\n<\/tr>\n<tr>\n<td width=\"224\">\n<pre><span style=\"font-family: arial, helvetica, sans-serif\">Marque<\/span><\/pre>\n<\/td>\n<td width=\"224\">\n<pre><span style=\"font-family: arial, helvetica, sans-serif\">Trousse de jardin<\/span><\/pre>\n<\/td>\n<\/tr>\n<tr>\n<td width=\"224\">\n<pre><span style=\"font-family: arial, helvetica, sans-serif\">Lieu d&#039;origine<\/span><\/pre>\n<\/td>\n<td width=\"224\">\n<pre><span style=\"font-family: arial, helvetica, sans-serif\">Fujian, Chine<\/span><\/pre>\n<\/td>\n<\/tr>\n<tr>\n<td width=\"224\">\n<pre><span style=\"font-family: arial, helvetica, sans-serif\">ODM\/OEM<\/span><\/pre>\n<\/td>\n<td width=\"224\">\n<pre><span style=\"font-family: arial, helvetica, sans-serif\">Disponible<\/span><\/pre>\n<\/td>\n<\/tr>\n<tr>\n<td width=\"224\">\n<pre><span style=\"font-family: arial, helvetica, sans-serif\">MOQ pour commande personnalis\u00e9e<\/span><\/pre>\n<\/td>\n<td width=\"224\">\n<pre><span style=\"font-family: arial, helvetica, sans-serif\">3000 pi\u00e8ces<\/span><\/pre>\n<\/td>\n<\/tr>\n<tr>\n<td width=\"224\">\n<pre><span style=\"font-family: arial, helvetica, sans-serif\">Co\u00fbt de l&#039;\u00e9chantillon<\/span><\/pre>\n<\/td>\n<td width=\"224\">\n<pre><span style=\"font-family: arial, helvetica, sans-serif\">US$400\/Sample, retour complet apr\u00e8s commande de notre part<\/span><\/pre>\n<\/td>\n<\/tr>\n<\/tbody>\n<\/table>\n<h3 style=\"font-size: 19px\"><span style=\"font-family: arial, helvetica, sans-serif\">Description<\/span><\/h3>\n<p><span style=\"font-family: arial, helvetica, sans-serif\">L&#039;ensemble d&#039;outils de jardinage Forever Kit de jardinage est durable. La construction robuste en aluminium bross\u00e9 et la poign\u00e9e ergonomique font de cet ensemble le nouvel ami du jardinier.<\/span><\/p>\n<p><span style=\"font-family: arial, helvetica, sans-serif\">Truelle de jardin<\/span><\/p>\n<p><span style=\"font-family: arial, helvetica, sans-serif\">Les truelles de jardin sont id\u00e9ales pour creuser, \u00e9taler la terre, faire des plates-bandes et planter des semis.<\/span><\/p>\n<p><span style=\"font-family: arial, helvetica, sans-serif\">Cultivateur de jardin<\/span><\/p>\n<p><span style=\"font-family: arial, helvetica, sans-serif\">Les cultivateurs de jardin sont id\u00e9aux pour le d\u00e9frichement et le d\u00e9sherbage.<\/span><\/p>\n<p><span style=\"font-family: arial, helvetica, sans-serif\">Ce kit de qualit\u00e9 est disponible \u00e0 vie.<\/span><\/p>\n<pre><span style=\"font-family: arial, helvetica, sans-serif\">Les \u00e9l\u00e9ments suivants sont inclus dans le kit.<\/span><\/pre>\n<p><span style=\"font-family: arial, helvetica, sans-serif\">1 truelle de jardin<\/span><\/p>\n<p><span style=\"font-family: arial, helvetica, sans-serif\">1 cultivateur de jardin<\/span><\/p>\n<p><span style=\"font-family: arial, helvetica, sans-serif\">1 coffret cadeau personnalis\u00e9<\/span><\/p>\n<p><span style=\"font-family: arial, helvetica, sans-serif\">Outils en aluminium bross\u00e9 massif, sangle de suspension en cuir. Emballage sans plastique 100%.<\/span><\/p>\n<pre><span style=\"font-family: arial, helvetica, sans-serif\">Comment utiliser<\/span><\/pre>\n<p><span style=\"font-family: arial, helvetica, sans-serif\">Retirez les outils de jardinage de leur emballage sans plastique. Veuillez recycler.<\/span><\/p><\/p>","protected":false},"excerpt":{"rendered":"<p>Ensemble d&#039;outils de jardin<\/p>","protected":false},"featured_media":12980,"comment_status":"open","ping_status":"closed","template":"","meta":[],"product_cat":[63],"product_tag":[549,550,547,64,548],"acf":[],"_links":{"self":[{"href":"https:\/\/www.garden-kit.com\/fr\/wp-json\/wp\/v2\/product\/1646"}],"collection":[{"href":"https:\/\/www.garden-kit.com\/fr\/wp-json\/wp\/v2\/product"}],"about":[{"href":"https:\/\/www.garden-kit.com\/fr\/wp-json\/wp\/v2\/types\/product"}],"replies":[{"embeddable":true,"href":"https:\/\/www.garden-kit.com\/fr\/wp-json\/wp\/v2\/comments?post=1646"}],"wp:featuredmedia":[{"embeddable":true,"href":"https:\/\/www.garden-kit.com\/fr\/wp-json\/wp\/v2\/media\/12980"}],"wp:attachment":[{"href":"https:\/\/www.garden-kit.com\/fr\/wp-json\/wp\/v2\/media?parent=1646"}],"wp:term":[{"taxonomy":"product_cat","embeddable":true,"href":"https:\/\/www.garden-kit.com\/fr\/wp-json\/wp\/v2\/product_cat?post=1646"},{"taxonomy":"product_tag","embeddable":true,"href":"https:\/\/www.garden-kit.com\/fr\/wp-json\/wp\/v2\/product_tag?post=1646"}],"curies":[{"name":"wp","href":"https:\/\/api.w.org\/{rel}","templated":true}]}}