{"id":1652,"date":"2022-08-24T00:32:12","date_gmt":"2022-08-23T16:32:12","guid":{"rendered":"http:\/\/www.garden-kit.com\/product\/wildflower-seed-drops\/"},"modified":"2023-03-31T16:34:44","modified_gmt":"2023-03-31T08:34:44","slug":"wildflower-seed-drops","status":"publish","type":"product","link":"https:\/\/www.garden-kit.com\/fr\/product\/wildflower-seed-drops\/","title":{"rendered":"Gouttes de graines de fleurs sauvages"},"content":{"rendered":"<h3 style=\"font-size: 19px\"><span style=\"font-family: 'PingFang SC', 'Microsoft YaHei', sans-serif;font-size: 16px\">Aper\u00e7u<\/span><\/h3>\n<table style=\"border-collapse: collapse;width: 100%;height: 300px\">\n<tbody>\n<tr>\n<td width=\"298\">\n<pre><span style=\"font-family: 'PingFang SC', 'Microsoft YaHei', sans-serif;font-size: 16px\">Instructions d&#039;entretien du produit<\/span><\/pre>\n<\/td>\n<td width=\"298\">\n<pre><span style=\"font-family: 'PingFang SC', 'Microsoft YaHei', sans-serif;font-size: 16px\">Disponible<\/span><\/pre>\n<\/td>\n<\/tr>\n<tr>\n<td width=\"298\">\n<pre><span style=\"font-family: 'PingFang SC', 'Microsoft YaHei', sans-serif;font-size: 16px\">Type de produit v\u00e9g\u00e9tal<\/span><\/pre>\n<\/td>\n<td width=\"298\">\n<pre><span style=\"font-family: 'PingFang SC', 'Microsoft YaHei', sans-serif;font-size: 16px\">Fleurs sauvages<\/span><\/pre>\n<\/td>\n<\/tr>\n<tr>\n<td width=\"298\">\n<pre><span style=\"font-family: 'PingFang SC', 'Microsoft YaHei', sans-serif;font-size: 16px\">Une fonction sp\u00e9ciale<\/span><\/pre>\n<\/td>\n<td width=\"298\">\n<pre><span style=\"font-family: 'PingFang SC', 'Microsoft YaHei', sans-serif;font-size: 16px\">Culture int\u00e9rieure-ext\u00e9rieure<\/span><\/pre>\n<\/td>\n<\/tr>\n<tr>\n<td width=\"298\">\n<pre><span style=\"font-family: 'PingFang SC', 'Microsoft YaHei', sans-serif;font-size: 16px\">Marque<\/span><\/pre>\n<\/td>\n<td width=\"298\">\n<pre><span style=\"font-family: 'PingFang SC', 'Microsoft YaHei', sans-serif;font-size: 16px\">Trousse de jardin<\/span><\/pre>\n<\/td>\n<\/tr>\n<tr>\n<td width=\"298\">\n<pre><span style=\"font-family: 'PingFang SC', 'Microsoft YaHei', sans-serif;font-size: 16px\">Lieu d&#039;origine<\/span><\/pre>\n<\/td>\n<td width=\"298\">\n<pre><span style=\"font-family: 'PingFang SC', 'Microsoft YaHei', sans-serif;font-size: 16px\">Fujian, Chine<\/span><\/pre>\n<\/td>\n<\/tr>\n<tr>\n<td width=\"298\">\n<pre><span style=\"font-family: 'PingFang SC', 'Microsoft YaHei', sans-serif;font-size: 16px\">ODM\/OEM<\/span><\/pre>\n<\/td>\n<td width=\"298\">\n<pre><span style=\"font-family: 'PingFang SC', 'Microsoft YaHei', sans-serif;font-size: 16px\">Disponible<\/span><\/pre>\n<\/td>\n<\/tr>\n<tr>\n<td width=\"298\">\n<pre><span style=\"font-family: 'PingFang SC', 'Microsoft YaHei', sans-serif;font-size: 16px\">MOQ pour commande personnalis\u00e9e<\/span><\/pre>\n<\/td>\n<td width=\"298\">\n<pre><span style=\"font-family: 'PingFang SC', 'Microsoft YaHei', sans-serif;font-size: 16px\">3000 pi\u00e8ces<\/span><\/pre>\n<\/td>\n<\/tr>\n<tr>\n<td width=\"298\">\n<pre><span style=\"font-family: 'PingFang SC', 'Microsoft YaHei', sans-serif;font-size: 16px\">Co\u00fbt de l&#039;\u00e9chantillon<\/span><\/pre>\n<\/td>\n<td width=\"298\">\n<pre><span style=\"font-family: 'PingFang SC', 'Microsoft YaHei', sans-serif;font-size: 16px\">US$400\/Sample, retour complet apr\u00e8s commande de notre part<\/span><\/pre>\n<\/td>\n<\/tr>\n<\/tbody>\n<\/table>\n<pre><span style=\"font-family: 'PingFang SC', 'Microsoft YaHei', sans-serif;font-size: 16px\">\n\nKits de GOUTTES DE GRAINES DE FLEURS SAUVAGES\u00a0: C&#039;est simple\u00a0: nous \u00e9liminons les incertitudes li\u00e9es \u00e0 la culture de graines de fleurs sauvages, en vous guidant \u00e0 chaque \u00e9tape du processus. Tout ce dont vous avez besoin pour apporter la joie des fleurs sauvages dans votre vie ou celle de votre proche dans un magnifique coffret cadeau. Plante-le! Les \u00e9l\u00e9ments suivants sont inclus dans le kit. 11 gouttes de graines arc-en-ciel 1 \u00e9tiquette volante personnalis\u00e9e 1 sac d&#039;emballage personnalis\u00e9 Imaginez votre jardin rempli de fleurs sauvages magnifiques et color\u00e9es qui attirent les abeilles et les papillons locaux. Chaque goutte de graines de fleurs sauvages est biod\u00e9gradable 100% et contient des graines de fleurs sauvages annuelles et vivaces naturelles non invasives. Ces graines constituent un cadeau parfait ou une faveur de f\u00eate. Chaque bouquet contient 11 gouttes de graines arc-en-ciel que vous pouvez partager ou saupoudrer dans le jardin. Respirez librement en sachant que vos achats ont un impact positif sur l&#039;environnement ! - Taille des gouttelettes : 0,5&quot; x 0,75&quot; ronde - 100% biod\u00e9gradable et plantable - Incorpor\u00e9 dans un m\u00e9lange de graines de fleurs sauvages - Les gouttes sont extraites des d\u00e9chets post-consommation, pas des arbres - Toutes les graines sont sans OGM - Les gouttelettes peuvent \u00eatre plant\u00e9es \u00e0 l&#039;int\u00e9rieur ou \u00e0 l&#039;ext\u00e9rieur - Les fleurs sauvages sont toutes des fleurs indig\u00e8nes s\u00fbres approuv\u00e9es par la Food and Drug Administration des \u00c9tats-Unis et l&#039;USDA pour pousser aux \u00c9tats-Unis, au Canada, dans l&#039;UE, au Royaume-Uni, en Nouvelle-Z\u00e9lande et en Australie - Plantez un arbre \u00e0 travers un arbre par commande - Tous les produits sont fabriqu\u00e9s sur commande Plantez votre Gouttes de graines\u00a0:\u00a0-Placez les gouttes sous une couche de sol de 1\/8\u00a0&quot;\u00a0-\u00a0Donnez un bon trempage \u00e0 vos graines de fleurs sauvages\u00a0-\u00a0Les graines sont maintenues humides pendant les 10 premiers jours du processus de germination\u00a0-\u00a0Une fois que les pousses apparaissent, gardez-les humides jusqu&#039;\u00e0 ce qu&#039;elles soient grandes. et m\u00e9lange de graines de fleurs sauvages robustes\u00a0: - Bird&#039;s Eye - Annuelle - Krakia - Annuelle - Black Eyed Susan - Vivace - Venus flytrap - annuelle - Muflier - Annuelle - Marguerite anglaise - vivace - dessert sucr\u00e9 - annuelle\n<\/span><\/pre><\/p>","protected":false},"excerpt":{"rendered":"<p>Imaginez votre jardin rempli de magnifiques fleurs sauvages color\u00e9es qui attirent les abeilles et les papillons indig\u00e8nes. Chaque goutte de graines de fleurs sauvages est 100% biod\u00e9gradable et contient un m\u00e9lange de graines de fleurs sauvages annuelles et vivaces non invasives. Ces gouttes de graines font un cadeau parfait ou un cadeau de f\u00eate. <\/p>","protected":false},"featured_media":13087,"comment_status":"open","ping_status":"closed","template":"","meta":[],"product_cat":[67],"product_tag":[380,617,84,616,615],"acf":[],"_links":{"self":[{"href":"https:\/\/www.garden-kit.com\/fr\/wp-json\/wp\/v2\/product\/1652"}],"collection":[{"href":"https:\/\/www.garden-kit.com\/fr\/wp-json\/wp\/v2\/product"}],"about":[{"href":"https:\/\/www.garden-kit.com\/fr\/wp-json\/wp\/v2\/types\/product"}],"replies":[{"embeddable":true,"href":"https:\/\/www.garden-kit.com\/fr\/wp-json\/wp\/v2\/comments?post=1652"}],"wp:featuredmedia":[{"embeddable":true,"href":"https:\/\/www.garden-kit.com\/fr\/wp-json\/wp\/v2\/media\/13087"}],"wp:attachment":[{"href":"https:\/\/www.garden-kit.com\/fr\/wp-json\/wp\/v2\/media?parent=1652"}],"wp:term":[{"taxonomy":"product_cat","embeddable":true,"href":"https:\/\/www.garden-kit.com\/fr\/wp-json\/wp\/v2\/product_cat?post=1652"},{"taxonomy":"product_tag","embeddable":true,"href":"https:\/\/www.garden-kit.com\/fr\/wp-json\/wp\/v2\/product_tag?post=1652"}],"curies":[{"name":"wp","href":"https:\/\/api.w.org\/{rel}","templated":true}]}}