{"id":1668,"date":"2022-08-24T00:33:23","date_gmt":"2022-08-23T16:33:23","guid":{"rendered":"http:\/\/www.garden-kit.com\/product\/organic-compressed-potting-soil\/"},"modified":"2023-04-03T11:23:37","modified_gmt":"2023-04-03T03:23:37","slug":"organic-compressed-potting-soil","status":"publish","type":"product","link":"https:\/\/www.garden-kit.com\/fr\/product\/organic-compressed-potting-soil\/","title":{"rendered":"Terreau compress\u00e9 organique"},"content":{"rendered":"<p><span style=\"font-family: 'PingFang SC', 'Microsoft YaHei', sans-serif\">Comment Organic Plant Magic d\u00e9finit-il le terme \u00ab biologique \u00bb ? Pour nous, le bio signifie que nous n\u2019utilisons aucun produit chimique, aucun ingr\u00e9dient toxique et aucun ingr\u00e9dient synth\u00e9tique, et que nous ne faisons aucun mal \u00e0 tout le monde et \u00e0 tout ! Pour nous, bio signifie se rapprocher le plus possible de la nature !<\/span><br \/><span style=\"font-family: 'PingFang SC', 'Microsoft YaHei', sans-serif\">Le petit sac l\u00e9ger et pratique d&#039;Organic Plant augmente miraculeusement les particules de sol jusqu&#039;\u00e0 4 fois lorsqu&#039;il est m\u00e9lang\u00e9 \u00e0 de l&#039;eau. Pour garantir que toutes vos plantes atteignent imm\u00e9diatement leur plein potentiel, ce terreau d&#039;empotage et de culture ultra-premium est pr\u00e9-charg\u00e9 avec de l&#039;engrais biologique pour plantes, des turricules de vers et d&#039;autres ingr\u00e9dients. Les adultes comme les enfants peuvent \u00eatre autonomes. Tout cela parce que nous utilisons des mat\u00e9riaux plus s\u00fbrs et respectueux de l&#039;environnement.<\/span><\/p>\n<table width=\"597\" style=\"font-family: sans-serif\">\n<tbody>\n<tr>\n<td width=\"299\">\n<pre><span style=\"font-family: 'PingFang SC', 'Microsoft YaHei', sans-serif\"><strong>Instructions d&#039;entretien du produit<\/strong><\/span><\/pre>\n<\/td>\n<td width=\"299\">\n<pre><span style=\"font-family: 'PingFang SC', 'Microsoft YaHei', sans-serif\">Disponible<\/span><\/pre>\n<\/td>\n<\/tr>\n<tr>\n<td width=\"299\">\n<pre><span style=\"font-family: 'PingFang SC', 'Microsoft YaHei', sans-serif\"><strong>type de produit<\/strong><\/span><\/pre>\n<\/td>\n<td width=\"299\">\n<pre><span style=\"font-family: 'PingFang SC', 'Microsoft YaHei', sans-serif\">Terreau compress\u00e9 biologique (s&#039;\u00e9tend jusqu&#039;\u00e0 5 gallons)\n\n\n<\/span><\/pre>\n<\/td>\n<\/tr>\n<tr>\n<td width=\"299\">\n<pre><span style=\"font-family: 'PingFang SC', 'Microsoft YaHei', sans-serif\"><strong>Une fonction sp\u00e9ciale<\/strong><\/span><\/pre>\n<\/td>\n<td width=\"299\">\n<pre><span style=\"font-family: 'PingFang SC', 'Microsoft YaHei', sans-serif\">Culture int\u00e9rieure-ext\u00e9rieure<\/span><\/pre>\n<\/td>\n<\/tr>\n<tr>\n<td width=\"299\">\n<pre><span style=\"font-family: 'PingFang SC', 'Microsoft YaHei', sans-serif\"><strong>Marque<\/strong><\/span><\/pre>\n<\/td>\n<td width=\"299\">\n<pre><span style=\"font-family: 'PingFang SC', 'Microsoft YaHei', sans-serif\">Trousse de jardin<\/span><\/pre>\n<\/td>\n<\/tr>\n<tr>\n<td width=\"299\">\n<pre><span style=\"font-family: 'PingFang SC', 'Microsoft YaHei', sans-serif\"><strong>Lieu d&#039;origine<\/strong><\/span><\/pre>\n<\/td>\n<td width=\"299\">\n<pre><span style=\"font-family: 'PingFang SC', 'Microsoft YaHei', sans-serif\">Fujian, Chine<\/span><\/pre>\n<\/td>\n<\/tr>\n<tr>\n<td width=\"299\">\n<pre><span style=\"font-family: 'PingFang SC', 'Microsoft YaHei', sans-serif\"><strong>ODM\/OEM<\/strong><\/span><\/pre>\n<\/td>\n<td width=\"299\">\n<pre><span style=\"font-family: 'PingFang SC', 'Microsoft YaHei', sans-serif\">Disponible<\/span><\/pre>\n<\/td>\n<\/tr>\n<tr>\n<td width=\"299\">\n<pre><span style=\"font-family: 'PingFang SC', 'Microsoft YaHei', sans-serif\"><strong>MOQ pour commande personnalis\u00e9e<\/strong><\/span><\/pre>\n<\/td>\n<td width=\"299\">\n<pre><span style=\"font-family: 'PingFang SC', 'Microsoft YaHei', sans-serif\">3000 pi\u00e8ces<\/span><\/pre>\n<\/td>\n<\/tr>\n<tr>\n<td width=\"299\">\n<pre><span style=\"font-family: 'PingFang SC', 'Microsoft YaHei', sans-serif\"><strong>Co\u00fbt de l&#039;\u00e9chantillon<\/strong><\/span><\/pre>\n<\/td>\n<td width=\"299\">\n<pre><span style=\"font-family: 'PingFang SC', 'Microsoft YaHei', sans-serif\">US$400\/Sample, retour complet apr\u00e8s commande de notre part<\/span><\/pre>\n<\/td>\n<\/tr>\n<\/tbody>\n<\/table>\n<pre><span style=\"font-family: 'PingFang SC', 'Microsoft YaHei', sans-serif\"><strong>Description<\/strong><\/span><\/pre>\n<p><span style=\"font-family: 'PingFang SC', 'Microsoft YaHei', sans-serif\">Kit de jardinage compress\u00e9. Le sol est d\u00e9shydrat\u00e9 et compress\u00e9 pour faciliter le transport et le stockage. Id\u00e9al pour les plantes d\u2019int\u00e9rieur, les parterres de jardin, les d\u00e9marreurs de graines et les d\u00e9marreurs de plantes\u00a0! Kit de jardinage compress\u00e9. Le sol est d\u00e9shydrat\u00e9 et compress\u00e9 pour faciliter le transport et le stockage.<\/span><\/p>\n<h3 style=\"font-size: 19px\"><span style=\"font-family: 'PingFang SC', 'Microsoft YaHei', sans-serif\"><strong>Aper\u00e7u<\/strong><\/span><\/h3>\n<p><span style=\"font-family: 'PingFang SC', 'Microsoft YaHei', sans-serif\">Nos terreaux de rempotage et de plantation sont compact\u00e9s, non toxiques et adaptables. Vous pouvez cultiver des choses incroyables en toute confiance en sachant que c&#039;est sans danger pour les enfants, les animaux domestiques et l&#039;environnement. Nos produits chez Organic Plant sont con\u00e7us pour donner \u00e0 vos plantes le meilleur d\u00e9part possible dans la vie.<\/span><\/p>\n<p><span style=\"font-family: 'PingFang SC', 'Microsoft YaHei', sans-serif\">Id\u00e9al pour les plantes d&#039;int\u00e9rieur, les parterres de jardin, les d\u00e9marreurs de graines et les d\u00e9marreurs de plantes.&nbsp;<\/span><\/p>\n<h3 style=\"font-size: 19px\"><span style=\"font-family: 'PingFang SC', 'Microsoft YaHei', sans-serif\"><strong>Comment utiliser<\/strong><\/span><\/h3>\n<p><span style=\"font-family: 'PingFang SC', 'Microsoft YaHei', sans-serif\">Bien s\u00fbr, l\u2019ajout de terreau compress\u00e9 \u00e0 la terre de votre jardin peut changer la donne en mati\u00e8re de jardinage. Lorsqu&#039;il est ajout\u00e9 \u00e0 la terre de votre jardin existante, le terreau compress\u00e9 augmente la mati\u00e8re organique, aide \u00e0 maintenir des niveaux d&#039;humidit\u00e9 appropri\u00e9s dans la zone racinaire, aide \u00e0 retenir les nutriments qui pourraient autrement \u00eatre perdus et contribue g\u00e9n\u00e9ralement \u00e0 am\u00e9liorer la structure du sol.<\/span><\/p>\n<p><span style=\"font-family: 'PingFang SC', 'Microsoft YaHei', sans-serif\">Si votre sol est lourd et sujet aux inondations, l\u2019ajout d\u2019une bonne terre compress\u00e9e \u00e0 base de fibre de coco peut aider \u00e0 am\u00e9liorer la structure du sol et \u00e0 augmenter l\u2019a\u00e9ration du sol. D\u2019un autre c\u00f4t\u00e9, ajouter des coques de noix de coco \u00e0 un sol sableux qui ne contient pas d\u2019eau aidera \u00e0 maintenir une bonne r\u00e9tention d\u2019eau et agira comme une \u00e9ponge pour retenir l\u2019eau au niveau des racines, donnant ainsi aux plantes beaucoup d\u2019eau.<\/span><\/p>\n<p><span style=\"font-family: 'PingFang SC', 'Microsoft YaHei', sans-serif\">Vous pouvez m\u00e9langer du terreau compress\u00e9 avec de la terre de jardin en\u2026<\/span><\/p>\n<p><span style=\"font-family: 'PingFang SC', 'Microsoft YaHei', sans-serif\">M\u00e9langez une petite quantit\u00e9 de terre comprim\u00e9e s\u00e8che ou aqueuse dans le trou de plantation.<\/span><br \/><span style=\"font-family: 'PingFang SC', 'Microsoft YaHei', sans-serif\">Creusez un emplacement de plantation dans votre jardin, remplissez-le de terre aqueuse compress\u00e9e et plantez directement dans un sol frais compress\u00e9.<\/span><br \/><span style=\"font-family: 'PingFang SC', 'Microsoft YaHei', sans-serif\">Garnissez les plantes existantes avec plusieurs poign\u00e9es de terre comprim\u00e9e s\u00e8che ou aqueuse pour aider \u00e0 am\u00e9liorer la structure du sol.<\/span><br \/><span style=\"font-family: 'PingFang SC', 'Microsoft YaHei', sans-serif\">En effet, nous avons toujours propos\u00e9 une solution globale, notre terreau compress\u00e9 a couvert le monde, aussi bien dans les zones climatiques rigoureuses que dans les zones pluvieuses. Apr\u00e8s les commentaires du march\u00e9 et des clients, la qualit\u00e9 du produit a \u00e9t\u00e9 continuellement am\u00e9lior\u00e9e. Donc \u00e7a m\u00e9rite la faveur !<\/span><\/p>\n<p><span style=\"font-family: 'PingFang SC', 'Microsoft YaHei', sans-serif\">Pour vos cultures, vous pouvez tout \u00e0 fait utiliser du terreau compact\u00e9 ! En r\u00e9alit\u00e9, c\u2019est l\u2019approche la plus efficace pour semer des graines et transplanter des fruits, des l\u00e9gumes, des fleurs et des herbes. Pour presque tous les l\u00e9gumes, un terreau compact\u00e9 de qualit\u00e9 sup\u00e9rieure est id\u00e9al, de la graine \u00e0 la r\u00e9colte.<\/span><\/p>\n<p><span style=\"font-family: 'PingFang SC', 'Microsoft YaHei', sans-serif\">D\u00e9marrer les graines dans un terreau compact\u00e9 permet une croissance appropri\u00e9e des racines, ce qui entra\u00eene une transplantation plus r\u00e9ussie et des r\u00e9sultats globaux fantastiques.<\/span><\/p>\n<p><span style=\"font-family: 'PingFang SC', 'Microsoft YaHei', sans-serif\">M\u00eame les plus petites graines peuvent pousser avec succ\u00e8s dans un terreau compress\u00e9 gr\u00e2ce \u00e0 sa texture et sa porosit\u00e9 id\u00e9ales. Afin de garantir que vos plants re\u00e7oivent les nutriments dont ils ont besoin lorsqu&#039;ils sont n\u00e9cessaires, le terreau compress\u00e9 aide \u00e0 maintenir des niveaux d&#039;humidit\u00e9 corrects autour des racines et maintient le t\u00e9gument humide et prot\u00e9g\u00e9 jusqu&#039;\u00e0 ce qu&#039;il soit pr\u00eat \u00e0 germer.<\/span><\/p>\n<p><span style=\"font-family: 'PingFang SC', 'Microsoft YaHei', sans-serif\"><img decoding=\"async\" src=\"https:\/\/data.adwebcloud.com\/public\/material\/2206293ihquj\/product\/imageFile_1666536123164.jpg\" alt=\"1 16\" title=\"\"><\/span><br \/><span style=\"font-family: 'PingFang SC', 'Microsoft YaHei', sans-serif\"><img decoding=\"async\" src=\"https:\/\/data.adwebcloud.com\/public\/material\/2206293ihquj\/product\/imageFile_1666536126130.jpg\" alt=\"HoldingLgBox 2048x 1\" title=\"\"><\/span><br \/><span style=\"font-family: 'PingFang SC', 'Microsoft YaHei', sans-serif\"><img decoding=\"async\" src=\"https:\/\/data.adwebcloud.com\/public\/material\/2206293ihquj\/product\/imageFile_1666536130569.jpg\" alt=\"LgBoxInterior 2048x 1\" title=\"\"><\/span><br \/><span style=\"font-family: 'PingFang SC', 'Microsoft YaHei', sans-serif\"><img decoding=\"async\" src=\"https:\/\/data.adwebcloud.com\/public\/material\/2206293ihquj\/product\/imageFile_1666536134879.jpg\" alt=\"LgSoilMainListing 2048x 1\" title=\"\"><\/span><\/p>\n<p><span style=\"font-family: 'PingFang SC', 'Microsoft YaHei', sans-serif\">Avec notre terreau compress\u00e9 biologique, vous pouvez accomplir bien plus ! Ce riche terreau contient une base de mousse de tourbe douce et l\u00e9g\u00e8re, riche en phytonutriments organiques essentiels pour garder vos plantes vivantes, saines et actives. Parfait pour une utilisation \u00e0 l&#039;int\u00e9rieur ou \u00e0 l&#039;ext\u00e9rieur. Excellent pour les plates-bandes, les semis et les plantes d\u2019int\u00e9rieur\u00a0!<\/span><\/p>\n<p><span style=\"font-family: 'PingFang SC', 'Microsoft YaHei', sans-serif\">de nombreux micro-organismes b\u00e9n\u00e9fiques<\/span><br \/><span style=\"font-family: 'PingFang SC', 'Microsoft YaHei', sans-serif\">Nos engrais organiques tr\u00e8s appr\u00e9ci\u00e9s sont con\u00e7us pour fonctionner avec des champignons, des bact\u00e9ries et des mati\u00e8res organiques b\u00e9n\u00e9fiques pour am\u00e9liorer votre sol. Votre m\u00e9lange de sol fournira de la nutrition aux plantes, encouragera la croissance et augmentera la fertilit\u00e9 du sol. Le meilleur sol pour la croissance des plantes.<\/span><\/p>\n<pre><\/pre>","protected":false},"excerpt":{"rendered":"<p>Kit de jardinage en pot compress\u00e9. Le sol est riche en nutriments v\u00e9g\u00e9taux organiques essentiels pour apporter vitalit\u00e9, sant\u00e9 et vitalit\u00e9 aux plantes. Le sol comprim\u00e9 est d\u00e9shydrat\u00e9 et comprim\u00e9 pour faciliter le transport et le stockage. Les engrais organiques comprennent la farine de luzerne, la farine d&#039;ar\u00eates de poisson, la coquille d&#039;hu\u00eetre, le basalte, la farine de plumes et l&#039;acide humique extrait de la magn\u00e9site. Pennsylvania Certified Organic est le certifi\u00e9 biologique certifi\u00e9 par l&#039;USDA.<\/p>\n<p>Le terreau compress\u00e9 Comp est riche en phytonutriments organiques vitaux pour les plantes d&#039;int\u00e9rieur, les parterres de jardin, les semis et les jeunes plantes. Le m\u00e9lange de sol fournira la nutrition des plantes, favorisera la croissance et augmentera la fertilit\u00e9 du sol.<\/p>","protected":false},"featured_media":13274,"comment_status":"open","ping_status":"closed","template":"","meta":[],"product_cat":[63],"product_tag":[88],"acf":[],"_links":{"self":[{"href":"https:\/\/www.garden-kit.com\/fr\/wp-json\/wp\/v2\/product\/1668"}],"collection":[{"href":"https:\/\/www.garden-kit.com\/fr\/wp-json\/wp\/v2\/product"}],"about":[{"href":"https:\/\/www.garden-kit.com\/fr\/wp-json\/wp\/v2\/types\/product"}],"replies":[{"embeddable":true,"href":"https:\/\/www.garden-kit.com\/fr\/wp-json\/wp\/v2\/comments?post=1668"}],"wp:featuredmedia":[{"embeddable":true,"href":"https:\/\/www.garden-kit.com\/fr\/wp-json\/wp\/v2\/media\/13274"}],"wp:attachment":[{"href":"https:\/\/www.garden-kit.com\/fr\/wp-json\/wp\/v2\/media?parent=1668"}],"wp:term":[{"taxonomy":"product_cat","embeddable":true,"href":"https:\/\/www.garden-kit.com\/fr\/wp-json\/wp\/v2\/product_cat?post=1668"},{"taxonomy":"product_tag","embeddable":true,"href":"https:\/\/www.garden-kit.com\/fr\/wp-json\/wp\/v2\/product_tag?post=1668"}],"curies":[{"name":"wp","href":"https:\/\/api.w.org\/{rel}","templated":true}]}}