{"id":1681,"date":"2022-08-24T00:34:17","date_gmt":"2022-08-23T16:34:17","guid":{"rendered":"http:\/\/www.garden-kit.com\/product\/seed-bomb-3-pack\/"},"modified":"2023-03-31T16:31:50","modified_gmt":"2023-03-31T08:31:50","slug":"seed-bomb","status":"publish","type":"product","link":"https:\/\/www.garden-kit.com\/fr\/product\/seed-bomb\/","title":{"rendered":"Bombe \u00e0 graines"},"content":{"rendered":"<p style=\"font-size: 16px\"><span style=\"font-family: arial, helvetica, sans-serif;font-size: 16px\"><span style=\"font-family: arial, helvetica, sans-serif\">Bombe de graines pr\u00e9par\u00e9es \u2013 Kit de 3 paquets : C&#039;est simple \u2013 nous \u00e9liminons les incertitudes li\u00e9es \u00e0 la culture de graines de fleurs sauvages et d&#039;herbes aromatiques, en vous guidant \u00e0 chaque \u00e9tape du processus. Tout ce dont vous avez besoin pour apporter la joie des fleurs sauvages et des herbes dans votre vie ou celle de votre proche dans un magnifique coffret cadeau en bois. Plante-le!<\/span> <\/span><span style=\"font-family: arial, helvetica, sans-serif;font-size: 16px\"><\/span><\/p>\n<h3 style=\"font-size: 19px\"><span style=\"font-size: 18px\"><strong><span style=\"font-family: arial, helvetica, sans-serif\">Aper\u00e7u<\/span><\/strong><\/span><\/h3>\n<table style=\"border-collapse: collapse;width: 100%;height: 352px\">\n<tbody>\n<tr style=\"height: 44px\">\n<td style=\"width: 47.5279%;height: 44px\" width=\"298\">\n<p style=\"font-size: 16px\"><span style=\"font-family: arial, helvetica, sans-serif;font-size: 16px\">Instructions d&#039;entretien du produit<\/span><\/p>\n<\/td>\n<td style=\"width: 47.5279%;height: 44px\" width=\"298\">\n<p style=\"font-size: 16px\"><span style=\"font-family: arial, helvetica, sans-serif;font-size: 16px\">Disponible<\/span><\/p>\n<\/td>\n<\/tr>\n<tr style=\"height: 44px\">\n<td style=\"width: 47.5279%;height: 44px\" width=\"298\">\n<p style=\"font-size: 16px\"><span style=\"font-family: arial, helvetica, sans-serif;font-size: 16px\">Type de produit v\u00e9g\u00e9tal<\/span><\/p>\n<\/td>\n<td style=\"width: 47.5279%;height: 44px\" width=\"298\">\n<p style=\"font-size: 16px\"><span style=\"font-family: arial, helvetica, sans-serif;font-size: 16px\">fleurs sauvages et herbes<\/span><\/p>\n<\/td>\n<\/tr>\n<tr style=\"height: 44px\">\n<td style=\"width: 47.5279%;height: 44px\" width=\"298\">\n<p style=\"font-size: 16px\"><span style=\"font-family: arial, helvetica, sans-serif;font-size: 16px\">Une fonction sp\u00e9ciale<\/span><\/p>\n<\/td>\n<td style=\"width: 47.5279%;height: 44px\" width=\"298\">\n<p style=\"font-size: 16px\"><span style=\"font-family: arial, helvetica, sans-serif;font-size: 16px\">Culture int\u00e9rieure-ext\u00e9rieure<\/span><\/p>\n<\/td>\n<\/tr>\n<tr style=\"height: 44px\">\n<td style=\"width: 47.5279%;height: 44px\" width=\"298\">\n<p style=\"font-size: 16px\"><span style=\"font-family: arial, helvetica, sans-serif;font-size: 16px\">Marque<\/span><\/p>\n<\/td>\n<td style=\"width: 47.5279%;height: 44px\" width=\"298\">\n<p style=\"font-size: 16px\"><span style=\"font-family: arial, helvetica, sans-serif;font-size: 16px\">Trousse de jardin<\/span><\/p>\n<\/td>\n<\/tr>\n<tr style=\"height: 44px\">\n<td style=\"width: 47.5279%;height: 44px\" width=\"298\">\n<p style=\"font-size: 16px\"><span style=\"font-family: arial, helvetica, sans-serif;font-size: 16px\">Lieu d&#039;origine<\/span><\/p>\n<\/td>\n<td style=\"width: 47.5279%;height: 44px\" width=\"298\">\n<p style=\"font-size: 16px\"><span style=\"font-family: arial, helvetica, sans-serif;font-size: 16px\">Fujian, Chine<\/span><\/p>\n<\/td>\n<\/tr>\n<tr style=\"height: 44px\">\n<td style=\"width: 47.5279%;height: 44px\" width=\"298\">\n<p style=\"font-size: 16px\"><span style=\"font-family: arial, helvetica, sans-serif;font-size: 16px\">ODM\/OEM<\/span><\/p>\n<\/td>\n<td style=\"width: 47.5279%;height: 44px\" width=\"298\">\n<p style=\"font-size: 16px\"><span style=\"font-family: arial, helvetica, sans-serif;font-size: 16px\">Disponible<\/span><\/p>\n<\/td>\n<\/tr>\n<tr style=\"height: 44px\">\n<td style=\"width: 47.5279%;height: 44px\" width=\"298\">\n<p style=\"font-size: 16px\"><span style=\"font-family: arial, helvetica, sans-serif;font-size: 16px\">MOQ pour commande personnalis\u00e9e<\/span><\/p>\n<\/td>\n<td style=\"width: 47.5279%;height: 44px\" width=\"298\">\n<p style=\"font-size: 16px\"><span style=\"font-family: arial, helvetica, sans-serif;font-size: 16px\">3000 pi\u00e8ces<\/span><\/p>\n<\/td>\n<\/tr>\n<tr style=\"height: 44px\">\n<td style=\"width: 47.5279%;height: 44px\" width=\"298\">\n<p style=\"font-size: 16px\"><span style=\"font-family: arial, helvetica, sans-serif;font-size: 16px\">Co\u00fbt de l&#039;\u00e9chantillon<\/span><\/p>\n<\/td>\n<td style=\"width: 47.5279%;height: 44px\" width=\"298\">\n<p style=\"font-size: 16px\"><span style=\"font-family: arial, helvetica, sans-serif;font-size: 16px\">US$400\/Sample, retour complet apr\u00e8s commande de notre part<\/span><\/p>\n<\/td>\n<\/tr>\n<\/tbody>\n<\/table>\n<h3 style=\"font-size: 19px\"><span style=\"font-family: arial, helvetica, sans-serif\">Les \u00e9l\u00e9ments suivants sont inclus dans le kit Seed Bomb.<\/span><\/h3>\n<p><span style=\"font-family: arial, helvetica, sans-serif\">Une boule de graines biologiques et\/ou sans OGM roul\u00e9e \u00e0 la main d\u2019environ 1,25\u2033<\/span><\/p>\n<p><span style=\"font-family: arial, helvetica, sans-serif\">Instructions de plantation<\/span><\/p>\n<p><span style=\"font-family: arial, helvetica, sans-serif\">Coffret cadeau bonbons personnalis\u00e9<\/span><\/p>\n<p><span style=\"font-family: arial, helvetica, sans-serif\"><\/span><\/p>\n<p><span style=\"font-family: arial, helvetica, sans-serif\">Les bombes \u00e0 graines sont un cadeau de f\u00eate\u00a0! Il suffit d&#039;ouvrir, de planter et de faire pousser ! Comprend une bombe \u00e0 graines roul\u00e9es \u00e0 la main d\u2019environ 1,25\u2033 contenant des graines biologiques et\/ou sans OGM. Votre bombe de graines de fleurs sauvages et d&#039;herbes comprend une vari\u00e9t\u00e9 de graines de fleurs sauvages non invasives qui produit de belles fleurs tout en fournissant un habitat vital aux pollinisateurs. Well Being Boost Seed Bomber comprend des graines s\u00e9lectionn\u00e9es pour des plantes m\u00e9dicinales connues pour leurs propri\u00e9t\u00e9s curatives. La graine Grow Good Times Bobb comprend une collection d&#039;herbes qui garderont votre corps en bonne sant\u00e9. Au moins, c&#039;est remuant et parfait pour infuser votre vin pr\u00e9f\u00e9r\u00e9.<\/span><\/p>\n<p><span style=\"font-family: arial, helvetica, sans-serif\"><\/span><\/p>\n<p><span style=\"font-family: arial, helvetica, sans-serif\">Magasin de semences : 1,5\u2033L x 4\u2033H x 1,5\u2033P<\/span><\/p>\n<p><span style=\"font-family: arial, helvetica, sans-serif\">M\u00e9lange de boules de graines de fleurs sauvages\u00a0: Forget Me Not, Bergamote sauvage, Hysope de lavande, Susan aux yeux noirs, Aster, Corey Oppland<\/span><\/p>\n<p><span style=\"font-family: arial, helvetica, sans-serif\">M\u00e9lange de boules de graines b\u00e9n\u00e9fique pour la sant\u00e9\u00a0: Sauge, M\u00e9lisse, Anchovia, Camomille<\/span><\/p>\n<p><span style=\"font-family: arial, helvetica, sans-serif\">Cultivez au bon moment m\u00e9lange de boules de graines : menthe, basilic citronn\u00e9, thym, lavande fabriqu\u00e9 en Chine<\/span><\/p>\n<pre><span style=\"font-family: arial, helvetica, sans-serif;font-size: 16px\"> <br \/><\/span><\/pre>\n<p><span style=\"font-family: arial, helvetica, sans-serif\">Avez-vous envie de la mer infinie de fleurs sauvages ? Lorsque les fleurs sauvages que vous avez plant\u00e9es sont en pleine floraison, vous ne pouvez pas voir le bord de loin, aussi vaste que l&#039;oc\u00e9an ; quand le vent souffle, les vagues des fleurs montent et descendent, tout comme les vagues de la mer. N&#039;est-ce pas ce que tu veux ?<\/span><\/p>\n<p><span style=\"font-family: arial, helvetica, sans-serif\"><\/span><\/p>\n<p><span style=\"font-family: arial, helvetica, sans-serif\">Toutes sortes de fleurs sauvages et d&#039;herbes color\u00e9es sont en pleine floraison dans la brise et le parfum des fleurs d\u00e9borde. La mer magnifique et parfum\u00e9e de fleurs sauvages donne aux gens une r\u00eaverie infinie, symbolisant la romance, la chaleur, les r\u00eaves, la beaut\u00e9 et l&#039;espoir. Dans certains po\u00e8mes, chansons, danses et films, les mots et les sc\u00e8nes de la mer de fleurs sont souvent utilis\u00e9s.<\/span><\/p><\/p>","protected":false},"excerpt":{"rendered":"<p>Bombe \u00e0 graines pr\u00e9par\u00e9e \u2013 Kit de 3 : c&#039;est facile \u2013 nous \u00e9liminons les conjectures de la culture des graines de fleurs sauvages et d&#039;herbes, vous guidant \u00e0 chaque \u00e9tape du chemin. Tout ce dont vous avez besoin pour apporter la joie des fleurs sauvages et des herbes dans votre vie ou celle de votre bien-aim\u00e9 dans une belle bo\u00eete cadeau en bois. Plante-le!<\/p>","protected":false},"featured_media":12981,"comment_status":"open","ping_status":"closed","template":"","meta":[],"product_cat":[67],"product_tag":[599,603,601,602,597,600],"acf":[],"_links":{"self":[{"href":"https:\/\/www.garden-kit.com\/fr\/wp-json\/wp\/v2\/product\/1681"}],"collection":[{"href":"https:\/\/www.garden-kit.com\/fr\/wp-json\/wp\/v2\/product"}],"about":[{"href":"https:\/\/www.garden-kit.com\/fr\/wp-json\/wp\/v2\/types\/product"}],"replies":[{"embeddable":true,"href":"https:\/\/www.garden-kit.com\/fr\/wp-json\/wp\/v2\/comments?post=1681"}],"wp:featuredmedia":[{"embeddable":true,"href":"https:\/\/www.garden-kit.com\/fr\/wp-json\/wp\/v2\/media\/12981"}],"wp:attachment":[{"href":"https:\/\/www.garden-kit.com\/fr\/wp-json\/wp\/v2\/media?parent=1681"}],"wp:term":[{"taxonomy":"product_cat","embeddable":true,"href":"https:\/\/www.garden-kit.com\/fr\/wp-json\/wp\/v2\/product_cat?post=1681"},{"taxonomy":"product_tag","embeddable":true,"href":"https:\/\/www.garden-kit.com\/fr\/wp-json\/wp\/v2\/product_tag?post=1681"}],"curies":[{"name":"wp","href":"https:\/\/api.w.org\/{rel}","templated":true}]}}