{"id":1695,"date":"2022-08-24T00:36:13","date_gmt":"2022-08-23T16:36:13","guid":{"rendered":"http:\/\/www.garden-kit.com\/product\/diy-kit-for-homemade-whisky\/"},"modified":"2023-03-31T15:04:56","modified_gmt":"2023-03-31T07:04:56","slug":"diy-kit-for-homemade-whisky","status":"publish","type":"product","link":"https:\/\/www.garden-kit.com\/fr\/product\/diy-kit-for-homemade-whisky\/","title":{"rendered":"Kit de bricolage pour whisky fait maison"},"content":{"rendered":"<h3 style=\"font-size: 19px\"><span style=\"font-family: arial, helvetica, sans-serif;font-size: 16px\">Aper\u00e7u<\/span><\/h3>\n<table style=\"border-collapse: collapse;width: 100%;height: 230.812px\" width=\"100%\">\n<tbody>\n<tr style=\"height: 27.625px\">\n<td style=\"height: 27.625px\" width=\"299\"><span style=\"font-family: arial, helvetica, sans-serif;font-size: 16px\">Instructions d&#039;entretien du produit<\/span><\/td>\n<td style=\"height: 27.625px\" width=\"299\"><span style=\"font-family: arial, helvetica, sans-serif;font-size: 16px\">Disponible<\/span><\/td>\n<\/tr>\n<tr style=\"height: 27.625px\">\n<td style=\"height: 27.625px\" width=\"299\"><span style=\"font-family: arial, helvetica, sans-serif;font-size: 16px\">type de produit<\/span><\/td>\n<td style=\"height: 27.625px\" width=\"299\"><span style=\"font-family: arial, helvetica, sans-serif;font-size: 16px\">Kit DIY pour Whisky Maison<\/span><\/td>\n<\/tr>\n<tr style=\"height: 32.5px\">\n<td style=\"height: 32.5px\" width=\"299\"><span style=\"font-family: arial, helvetica, sans-serif;font-size: 16px\">Une fonction sp\u00e9ciale<\/span><\/td>\n<td style=\"height: 32.5px\" width=\"299\"><span style=\"font-family: arial, helvetica, sans-serif;font-size: 16px\">Faire 4 gallons de whisky avec 3 m\u00e9langes de copeaux de bois<\/span><\/td>\n<\/tr>\n<tr style=\"height: 27.625px\">\n<td style=\"height: 27.625px\" width=\"299\"><span style=\"font-family: arial, helvetica, sans-serif;font-size: 16px\">Marque<\/span><\/td>\n<td style=\"height: 27.625px\" width=\"299\"><span style=\"font-family: arial, helvetica, sans-serif;font-size: 16px\">Trousse de jardin<\/span><\/td>\n<\/tr>\n<tr style=\"height: 27.625px\">\n<td style=\"height: 27.625px\" width=\"299\"><span style=\"font-family: arial, helvetica, sans-serif;font-size: 16px\">Lieu d&#039;origine<\/span><\/td>\n<td style=\"height: 27.625px\" width=\"299\"><span style=\"font-family: arial, helvetica, sans-serif;font-size: 16px\">Fujian, Chine<\/span><\/td>\n<\/tr>\n<tr style=\"height: 27.625px\">\n<td style=\"height: 27.625px\" width=\"299\"><span style=\"font-family: arial, helvetica, sans-serif;font-size: 16px\">ODM\/OEM<\/span><\/td>\n<td style=\"height: 27.625px\" width=\"299\"><span style=\"font-family: arial, helvetica, sans-serif;font-size: 16px\">Disponible<\/span><\/td>\n<\/tr>\n<tr style=\"height: 27.625px\">\n<td style=\"height: 27.625px\" width=\"299\"><span style=\"font-family: arial, helvetica, sans-serif;font-size: 16px\">MOQ pour commande personnalis\u00e9e<\/span><\/td>\n<td style=\"height: 27.625px\" width=\"299\"><span style=\"font-family: arial, helvetica, sans-serif;font-size: 16px\">3000 pi\u00e8ces<\/span><\/td>\n<\/tr>\n<tr style=\"height: 32.5625px\">\n<td style=\"height: 32.5625px\" width=\"299\"><span style=\"font-family: arial, helvetica, sans-serif;font-size: 16px\">Co\u00fbt de l&#039;\u00e9chantillon<\/span><\/td>\n<td style=\"height: 32.5625px\" width=\"299\"><span style=\"font-family: arial, helvetica, sans-serif;font-size: 16px\">US$400\/Sample, retour complet apr\u00e8s la commande de notre part<\/span><\/td>\n<\/tr>\n<\/tbody>\n<\/table>\n<pre>&nbsp;<\/pre>\n<p style=\"line-height: 1.5\"><span style=\"font-family: arial, helvetica, sans-serif;font-size: 16px\">FAITES VOTRE PROPRE CHOSE - \u00e9changez des f\u00fbts contre des bouteilles et cr\u00e9ez un whisky authentique avec notre m\u00e9lange exclusif de copeaux de bois. La seule chose dont vous avez besoin est une bouteille d&#039;alcool neutre comme base.<\/span><\/p>\n<pre><span style=\"font-family: arial, helvetica, sans-serif;font-size: 16px\"><br \/>Les \u00e9l\u00e9ments suivants sont inclus dans le kit.<\/span><\/pre>\n<p style=\"line-height: 1.5\"><span style=\"font-family: arial, helvetica, sans-serif;font-size: 16px\">Nos 12 plantes viennent du monde entier, dont certaines sont vraiment difficiles \u00e0 trouver. Pourtant, nous avons relev\u00e9 le d\u00e9fi de les trouver pour votre meilleure exp\u00e9rience de fabrication de gin !<\/span><\/p>\n<p style=\"line-height: 1.5\"><span style=\"font-family: arial, helvetica, sans-serif;font-size: 16px\">Nous achetons des plantes de gin de la plus haute qualit\u00e9 du monde entier : cardamome verte \u00b7 fleurs d&#039;hibiscus \u00b7 graines de coriandre \u00b7 poivre cub\u00e8be \u00b7 fleurs de lavande \u00b7 laurier \u00b7 zeste d&#039;orange \u00b7 poivre rose \u00b7 r\u00e9glisse \u00b7 gen\u00e9vrier<\/span><\/p>\n<p style=\"line-height: 1.5\"><span style=\"font-family: arial, helvetica, sans-serif;font-size: 16px\">1 carte d&#039;instructions \u00e9tape par \u00e9tape<\/span><\/p>\n<p style=\"line-height: 1.5\"><span style=\"font-family: arial, helvetica, sans-serif;font-size: 16px\">1 coffret bricolage personnalis\u00e9<\/span><\/p>\n<pre><span style=\"font-family: arial, helvetica, sans-serif;font-size: 16px\"><br \/>CHAQUE KIT PRODUIRA 3 BOUTEILLES DE GIN<\/span><\/pre>\n<p style=\"line-height: 1.5\"><span style=\"font-family: arial, helvetica, sans-serif;font-size: 16px\">Soyez cr\u00e9atif avec la nature - essayez trois types de ch\u00eane pour rendre votre exp\u00e9rience d&#039;assemblage vraiment personnelle. Tous nos copeaux de bois sont 100% naturels, frais et conditionn\u00e9s dans des emballages recyclables. Vive l&#039;environnement !<\/span><\/p>\n<p style=\"line-height: 1.5\"><span style=\"font-family: arial, helvetica, sans-serif;font-size: 16px\">Dorlotez vos yeux et votre palais - En plus des ingr\u00e9dients de premi\u00e8re qualit\u00e9, notre kit comprend une belle bouteille de pr\u00e9paration en verre et un livre de cuisine avec des informations sur le whisky et des suggestions de recettes. Personnalisez votre cr\u00e9ation avec les \u00e9tiquettes incluses et personnalisez-la !<\/span><\/p>\n<p style=\"line-height: 1.5\">&nbsp;<\/p>\n<p style=\"line-height: 1.5\"><span style=\"font-family: arial, helvetica, sans-serif;font-size: 16px\">Devenez un professionnel du bar \u2013 du single malt \u00e9cossais et des m\u00e9langes irlandais aux bourbons am\u00e9ricains premium\u2026 Un glossaire concis et trois recettes de base \u00e9tonnantes vous donneront ce dont vous avez besoin pour vous d\u00e9marquer lors de votre premi\u00e8re d\u00e9gustation professionnelle de whisky !<\/span><\/p>\n<p style=\"line-height: 1.5\">&nbsp;<\/p>\n<p>Whisky pur malt<br \/><span style=\"font-family: arial, helvetica, sans-serif\">Les spiritueux distill\u00e9s fabriqu\u00e9s uniquement \u00e0 partir d&#039;orge sont appel\u00e9s whisky pur malt. Le whisky pur malt est fabriqu\u00e9 \u00e0 partir de malt d&#039;orge cuit sur de la tourbe \u00e0 l&#039;air libre. Il est distill\u00e9 avec un pot still, g\u00e9n\u00e9ralement apr\u00e8s deux distillations. Apr\u00e8s distillation, la teneur en alcool de la liqueur est de 63,4 degr\u00e9s. Vieilli en f\u00fbts de ch\u00eane et dilu\u00e9 avec de l&#039;eau avant la mise en bouteille. Le vin a un ar\u00f4me riche produit par la tourbe.<\/span><\/p>\n<p><span style=\"font-family: arial, helvetica, sans-serif\"><\/span><\/p>\n<p><span style=\"font-family: arial, helvetica, sans-serif\">Whisky irlandais m\u00e9lang\u00e9<\/span><br \/><span style=\"font-family: arial, helvetica, sans-serif\">Ce whisky utilise \u00e0 la fois de l&#039;orge malt\u00e9 et non malt\u00e9 comme mati\u00e8re premi\u00e8re et est 100% fabriqu\u00e9 dans des alambics \u00e0 pot. Par rapport au whisky pur malt \u00e9cossais, l&#039;utilisation d&#039;orge non malt\u00e9e comme mati\u00e8re premi\u00e8re conf\u00e8re au whisky irlandais un go\u00fbt plus vert et plus \u00e9pic\u00e9. Go\u00fbt.<\/span><\/p>\n<p><span style=\"font-family: arial, helvetica, sans-serif\"><\/span><\/p>\n<p>Whisky Bourbon<br \/><span style=\"font-family: arial, helvetica, sans-serif\">Couleur : brun rouge intense<\/span><br \/><span style=\"font-family: arial, helvetica, sans-serif\">Ar\u00f4me : Ar\u00f4mes de figues s\u00e8ches et de raisins secs, ar\u00f4me grill\u00e9 de f\u00fbts en bois<\/span><br \/><span style=\"font-family: arial, helvetica, sans-serif\">Go\u00fbt: La douceur du sucre de lait se r\u00e9pand enfin dans la bouche, la riche douceur des raisins secs est l\u00e9g\u00e8rement am\u00e8re avec des amandes et le go\u00fbt aigre l\u00e9ger et \u00e9lastique.<\/span><\/p>\n<\/p>\n<p style=\"line-height: 1.5\"><span style=\"font-family: arial, helvetica, sans-serif;font-size: 16px\">UN CADEAU DE PUR PLAISIR - Notre coffret est le cadeau id\u00e9al pour les amateurs de whisky et les amoureux des deux sexes : une surprise spirituelle(\u00e9) pour les amis et la famille. Lors d&#039;une f\u00eate d&#039;anniversaire, sous le sapin de No\u00ebl ou lors d&#039;une r\u00e9ception de mariage : faites votre propre truc \u2013 buvez votre whisky !<\/span><\/p><\/p>","protected":false},"excerpt":{"rendered":"<p><span style=\"font-family: arial, helvetica, sans-serif\">FAITES VOTRE PROPRE CHOSE - \u00e9changez des f\u00fbts contre des bouteilles et cr\u00e9ez un whisky authentique avec notre m\u00e9lange exclusif de copeaux de bois. La seule chose dont vous avez besoin est une bouteille d&#039;alcool neutre comme base.<\/span><\/p>","protected":false},"featured_media":12529,"comment_status":"open","ping_status":"closed","template":"","meta":[],"product_cat":[86],"product_tag":[95,529,527,528,531],"acf":[],"_links":{"self":[{"href":"https:\/\/www.garden-kit.com\/fr\/wp-json\/wp\/v2\/product\/1695"}],"collection":[{"href":"https:\/\/www.garden-kit.com\/fr\/wp-json\/wp\/v2\/product"}],"about":[{"href":"https:\/\/www.garden-kit.com\/fr\/wp-json\/wp\/v2\/types\/product"}],"replies":[{"embeddable":true,"href":"https:\/\/www.garden-kit.com\/fr\/wp-json\/wp\/v2\/comments?post=1695"}],"wp:featuredmedia":[{"embeddable":true,"href":"https:\/\/www.garden-kit.com\/fr\/wp-json\/wp\/v2\/media\/12529"}],"wp:attachment":[{"href":"https:\/\/www.garden-kit.com\/fr\/wp-json\/wp\/v2\/media?parent=1695"}],"wp:term":[{"taxonomy":"product_cat","embeddable":true,"href":"https:\/\/www.garden-kit.com\/fr\/wp-json\/wp\/v2\/product_cat?post=1695"},{"taxonomy":"product_tag","embeddable":true,"href":"https:\/\/www.garden-kit.com\/fr\/wp-json\/wp\/v2\/product_tag?post=1695"}],"curies":[{"name":"wp","href":"https:\/\/api.w.org\/{rel}","templated":true}]}}