{"id":1718,"date":"2022-08-24T00:38:09","date_gmt":"2022-08-23T16:38:09","guid":{"rendered":"http:\/\/www.garden-kit.com\/product\/do-your-tonic\/"},"modified":"2023-04-03T11:22:14","modified_gmt":"2023-04-03T03:22:14","slug":"do-your-tonic","status":"publish","type":"product","link":"https:\/\/www.garden-kit.com\/fr\/product\/do-your-tonic\/","title":{"rendered":"Faites votre tonique"},"content":{"rendered":"<h3 style=\"font-size: 19px\"><span style=\"font-family: arial, helvetica, sans-serif;font-size: 16px\">Aper\u00e7u<\/span><\/h3>\n<table style=\"border-collapse: collapse;width: 100%;height: 300px\" width=\"100%\">\n<tbody>\n<tr>\n<td width=\"299\"><span style=\"font-family: arial, helvetica, sans-serif;font-size: 16px\">Instructions d&#039;entretien du produit<\/span><\/td>\n<td width=\"299\"><span style=\"font-family: arial, helvetica, sans-serif;font-size: 16px\">Disponible<\/span><\/td>\n<\/tr>\n<tr>\n<td width=\"299\"><span style=\"font-family: arial, helvetica, sans-serif;font-size: 16px\">type de produit<\/span><\/td>\n<td width=\"299\"><span style=\"font-family: arial, helvetica, sans-serif;font-size: 16px\">FAITES VOTRE TONIQUE<\/span><\/td>\n<\/tr>\n<tr>\n<td width=\"299\"><span style=\"font-family: arial, helvetica, sans-serif;font-size: 16px\">Une fonction sp\u00e9ciale<\/span><\/td>\n<td width=\"299\"><span style=\"font-family: arial, helvetica, sans-serif;font-size: 16px\">Pr\u00e9parez votre propre eau tonique avec des plantes<\/span><\/td>\n<\/tr>\n<tr>\n<td width=\"299\"><span style=\"font-family: arial, helvetica, sans-serif;font-size: 16px\">Marque<\/span><\/td>\n<td width=\"299\"><span style=\"font-family: arial, helvetica, sans-serif;font-size: 16px\">Trousse de jardin<\/span><\/td>\n<\/tr>\n<tr>\n<td width=\"299\"><span style=\"font-family: arial, helvetica, sans-serif;font-size: 16px\">Lieu d&#039;origine<\/span><\/td>\n<td width=\"299\"><span style=\"font-family: arial, helvetica, sans-serif;font-size: 16px\">Fujian, Chine<\/span><\/td>\n<\/tr>\n<tr>\n<td width=\"299\"><span style=\"font-family: arial, helvetica, sans-serif;font-size: 16px\">ODM\/OEM<\/span><\/td>\n<td width=\"299\"><span style=\"font-family: arial, helvetica, sans-serif;font-size: 16px\">Disponible<\/span><\/td>\n<\/tr>\n<tr>\n<td width=\"299\"><span style=\"font-family: arial, helvetica, sans-serif;font-size: 16px\">MOQ pour commande personnalis\u00e9e<\/span><\/td>\n<td width=\"299\"><span style=\"font-family: arial, helvetica, sans-serif;font-size: 16px\">3000 pi\u00e8ces<\/span><\/td>\n<\/tr>\n<tr>\n<td width=\"299\"><span style=\"font-family: arial, helvetica, sans-serif;font-size: 16px\">Co\u00fbt de l&#039;\u00e9chantillon<\/span><\/td>\n<td width=\"299\"><span style=\"font-family: arial, helvetica, sans-serif;font-size: 16px\">US$400\/Sample, retour complet apr\u00e8s la commande de notre part<\/span><\/td>\n<\/tr>\n<\/tbody>\n<\/table>\n<pre>&nbsp;<\/pre>\n<p style=\"line-height: 1.5\"><span style=\"font-family: arial, helvetica, sans-serif;font-size: 16px\">Cr\u00e9ez votre propre tonique \u2013 Pr\u00e9parez votre propre sirop tonique avec notre kit. Donnez \u00e0 votre gin pr\u00e9f\u00e9r\u00e9 une petite touche personnelle avec votre propre eau tonique !<\/span><\/p>\n<pre><span style=\"font-family: arial, helvetica, sans-serif;font-size: 16px\"><br \/>Les \u00e9l\u00e9ments suivants sont inclus dans le kit.<\/span><\/pre>\n<p style=\"line-height: 1.5\"><span style=\"font-family: arial, helvetica, sans-serif;font-size: 16px\">12 verres de Botaniques :<\/span><\/p>\n<p style=\"line-height: 1.5\"><span style=\"font-family: arial, helvetica, sans-serif;font-size: 16px\">\u00c9corce de quinquina<\/span><\/p>\n<p style=\"line-height: 1.5\"><span style=\"font-family: arial, helvetica, sans-serif;font-size: 16px\">Acide citrique<\/span><\/p>\n<p style=\"line-height: 1.5\"><span style=\"font-family: arial, helvetica, sans-serif;font-size: 16px\">Cardamome verte<\/span><\/p>\n<p style=\"line-height: 1.5\"><span style=\"font-family: arial, helvetica, sans-serif;font-size: 16px\">Citronnelle<\/span><\/p>\n<p style=\"line-height: 1.5\"><span style=\"font-family: arial, helvetica, sans-serif;font-size: 16px\">Th\u00e9 oolong<\/span><\/p>\n<p style=\"line-height: 1.5\"><span style=\"font-family: arial, helvetica, sans-serif;font-size: 16px\">P\u00e9tales de rose<\/span><\/p>\n<p style=\"line-height: 1.5\"><span style=\"font-family: arial, helvetica, sans-serif;font-size: 16px\">Romarin<\/span><\/p>\n<p style=\"line-height: 1.5\"><span style=\"font-family: arial, helvetica, sans-serif;font-size: 16px\">Thym<\/span><\/p>\n<p style=\"line-height: 1.5\"><span style=\"font-family: arial, helvetica, sans-serif;font-size: 16px\">1 tamis en cuivre et doseur de boisson assorti<\/span><\/p>\n<p style=\"line-height: 1.5\"><span style=\"font-family: arial, helvetica, sans-serif;font-size: 16px\">1 carte d&#039;instructions \u00e9tape par \u00e9tape<\/span><\/p>\n<p style=\"line-height: 1.5\"><span style=\"font-family: arial, helvetica, sans-serif;font-size: 16px\">1 coffret bricolage personnalis\u00e9<\/span><\/p>\n<p style=\"line-height: 1.5\"><span style=\"font-family: arial, helvetica, sans-serif;font-size: 16px\">Soyez cr\u00e9atif dans la nature \u2013 jouez avec les plantes sans h\u00e9sitation. Ceci est votre suppl\u00e9ment. Tu d\u00e9cides! Comme vous aimez la M\u00e9diterran\u00e9e, ajoutez du romarin. Vous pr\u00e9f\u00e9rez les fleurs ? \u2013 Allez-y et ajoutez quelques p\u00e9tales de roses. Il n&#039;y a absolument aucune limite \u00e0 votre cr\u00e9ativit\u00e9 !<\/span><\/p>\n<p style=\"line-height: 1.5\">&nbsp;<\/p>\n<p><span style=\"font-family: arial, helvetica, sans-serif\">Le romarin est une plante \u00e9pice naturelle pr\u00e9cieuse. Il d\u00e9gage un parfum pendant la saison de croissance, ce qui a pour effet de rafra\u00eechir le c\u0153ur. Ses tiges, feuilles et fleurs d\u00e9gagent un agr\u00e9able parfum. L&#039;huile aromatique extraite des fleurs et des brindilles peut \u00eatre utilis\u00e9e pour pr\u00e9parer des purificateurs d&#039;air, des parfums, des savons et d&#039;autres mati\u00e8res premi\u00e8res cosm\u00e9tiques. La lotion la plus connue est \u00e0 base de romarin. Utilis\u00e9 dans les boissons, les huiles de soins de la peau, les toniques capillaires et les d\u00e9tergents \u00e0 lessive.<\/span><\/p>\n<p><span style=\"font-family: arial, helvetica, sans-serif\"><\/span><\/p>\n<p><span style=\"font-family: arial, helvetica, sans-serif\">Le romarin a des effets calmants, rafra\u00eechissants et rafra\u00eechissants, et a un certain effet sur l&#039;indigestion et les douleurs d&#039;estomac. Apr\u00e8s l&#039;avoir \u00e9cras\u00e9, trempez-le dans de l&#039;eau bouillante et buvez-le, 2 \u00e0 3 fois par jour, ce qui peut jouer un r\u00f4le dans la s\u00e9dation et la diur\u00e8se. Il peut \u00e9galement \u00eatre utilis\u00e9 pour traiter l\u2019insomnie, les palpitations, les maux de t\u00eate, l\u2019indigestion et d\u2019autres maladies. L&#039;usage externe peut traiter les traumatismes et l&#039;arthrite. Il a \u00e9galement pour effet de renforcer le c\u0153ur, de favoriser le m\u00e9tabolisme et de favoriser la circulation sanguine des vaisseaux sanguins p\u00e9riph\u00e9riques.<\/span><\/p>\n<\/p>\n<p style=\"line-height: 1.5\"><span style=\"font-family: arial, helvetica, sans-serif;font-size: 16px\">Prenez soin de vos yeux et de votre palais \u2013 En plus des ingr\u00e9dients de qualit\u00e9 sup\u00e9rieure, notre kit contient deux belles bouteilles de pr\u00e9paration en verre italien et un shaker de bar haut de gamme en acier inoxydable. Personnalisez votre cr\u00e9ation avec l&#039;\u00e9tiquette incluse : ce sera votre rhum signature !<\/span><\/p>\n<p style=\"line-height: 1.5\"><span style=\"font-family: arial, helvetica, sans-serif;font-size: 16px\">Devenez un professionnel du bar : une instruction claire, trois bonnes recettes et un glossaire soign\u00e9 vous donneront toutes les informations pour enthousiasmer tout le monde !<\/span><\/p>\n<p style=\"line-height: 1.5\">&nbsp;<\/p>\n<p style=\"line-height: 1.5\"><span style=\"font-family: arial, helvetica, sans-serif;font-size: 16px\">Un cadeau de pur plaisir \u2013 notre coffret est sans aucun doute le cadeau id\u00e9al pour tous ceux qui souhaitent boire un verre de gin. Lors d&#039;une f\u00eate d&#039;anniversaire, sous le sapin de No\u00ebl ou lors d&#039;un mariage. Qu&#039;est-ce que tu attends? Faites votre propre truc \u2013 faites votre TONIC\u00a0!<\/span><\/p><\/p>","protected":false},"excerpt":{"rendered":"<p>DO YOUR TONIC - Ensemble complet d&#039;eau tonique - Faites votre propre eau tonique avec des plantes - Cadeau parfait pour hommes et femmes<\/p>","protected":false},"featured_media":13268,"comment_status":"open","ping_status":"closed","template":"","meta":[],"product_cat":[86],"product_tag":[100,541,538,542,539,540],"acf":[],"_links":{"self":[{"href":"https:\/\/www.garden-kit.com\/fr\/wp-json\/wp\/v2\/product\/1718"}],"collection":[{"href":"https:\/\/www.garden-kit.com\/fr\/wp-json\/wp\/v2\/product"}],"about":[{"href":"https:\/\/www.garden-kit.com\/fr\/wp-json\/wp\/v2\/types\/product"}],"replies":[{"embeddable":true,"href":"https:\/\/www.garden-kit.com\/fr\/wp-json\/wp\/v2\/comments?post=1718"}],"wp:featuredmedia":[{"embeddable":true,"href":"https:\/\/www.garden-kit.com\/fr\/wp-json\/wp\/v2\/media\/13268"}],"wp:attachment":[{"href":"https:\/\/www.garden-kit.com\/fr\/wp-json\/wp\/v2\/media?parent=1718"}],"wp:term":[{"taxonomy":"product_cat","embeddable":true,"href":"https:\/\/www.garden-kit.com\/fr\/wp-json\/wp\/v2\/product_cat?post=1718"},{"taxonomy":"product_tag","embeddable":true,"href":"https:\/\/www.garden-kit.com\/fr\/wp-json\/wp\/v2\/product_tag?post=1718"}],"curies":[{"name":"wp","href":"https:\/\/api.w.org\/{rel}","templated":true}]}}