{"id":1769,"date":"2022-08-24T09:07:29","date_gmt":"2022-08-24T01:07:29","guid":{"rendered":"http:\/\/www.garden-kit.com\/product\/culinary-herb-seed\/"},"modified":"2023-03-31T15:07:30","modified_gmt":"2023-03-31T07:07:30","slug":"culinary-herb-seed","status":"publish","type":"product","link":"https:\/\/www.garden-kit.com\/fr\/product\/culinary-herb-seed\/","title":{"rendered":"Semences d&#039;herbes culinaires"},"content":{"rendered":"<h3 style=\"font-size: 19px\"><span style=\"font-family: arial, helvetica, sans-serif;font-size: 16px\">Aper\u00e7u<\/span><\/h3>\n<table style=\"border-collapse: collapse;width: 100%;height: 300px\">\n<tbody>\n<tr style=\"height: 44px\">\n<td style=\"width: 40.0716%;height: 44px\" width=\"224\">\n<pre><span style=\"font-family: arial, helvetica, sans-serif;font-size: 16px\">Instructions d&#039;entretien du produit<\/span><\/pre>\n<\/td>\n<td style=\"width: 40.0716%;height: 44px\" width=\"224\">\n<pre><span style=\"font-family: arial, helvetica, sans-serif;font-size: 16px\">Disponible<\/span><\/pre>\n<\/td>\n<\/tr>\n<tr style=\"height: 44px\">\n<td style=\"width: 40.0716%;height: 44px\" width=\"224\">\n<pre><span style=\"font-family: arial, helvetica, sans-serif;font-size: 16px\">Type de produit v\u00e9g\u00e9tal<\/span><\/pre>\n<\/td>\n<td style=\"width: 40.0716%;height: 44px\" width=\"224\">\n<pre><span style=\"font-family: arial, helvetica, sans-serif;font-size: 16px\">Graines d&#039;herbes<\/span><\/pre>\n<\/td>\n<\/tr>\n<tr style=\"height: 44px\">\n<td style=\"width: 40.0716%;height: 44px\" width=\"224\">\n<pre><span style=\"font-family: arial, helvetica, sans-serif;font-size: 16px\">Une fonction sp\u00e9ciale<\/span><\/pre>\n<\/td>\n<td style=\"width: 40.0716%;height: 44px\" width=\"224\">\n<pre><span style=\"font-family: arial, helvetica, sans-serif;font-size: 16px\">Culture int\u00e9rieure-ext\u00e9rieure<\/span><\/pre>\n<\/td>\n<\/tr>\n<tr style=\"height: 44px\">\n<td style=\"width: 40.0716%;height: 44px\" width=\"224\">\n<pre><span style=\"font-family: arial, helvetica, sans-serif;font-size: 16px\">Marque<\/span><\/pre>\n<\/td>\n<td style=\"width: 40.0716%;height: 44px\" width=\"224\">\n<pre><span style=\"font-family: arial, helvetica, sans-serif;font-size: 16px\">Trousse de jardin<\/span><\/pre>\n<\/td>\n<\/tr>\n<tr style=\"height: 44px\">\n<td style=\"width: 40.0716%;height: 44px\" width=\"224\">\n<pre><span style=\"font-family: arial, helvetica, sans-serif;font-size: 16px\">Lieu d&#039;origine<\/span><\/pre>\n<\/td>\n<td style=\"width: 40.0716%;height: 44px\" width=\"224\">\n<pre><span style=\"font-family: arial, helvetica, sans-serif;font-size: 16px\">Fujian, Chine<\/span><\/pre>\n<\/td>\n<\/tr>\n<tr style=\"height: 44px\">\n<td style=\"width: 40.0716%;height: 44px\" width=\"224\">\n<pre><span style=\"font-family: arial, helvetica, sans-serif;font-size: 16px\">ODM\/OEM<\/span><\/pre>\n<\/td>\n<td style=\"width: 40.0716%;height: 44px\" width=\"224\">\n<pre><span style=\"font-family: arial, helvetica, sans-serif;font-size: 16px\">Disponible<\/span><\/pre>\n<\/td>\n<\/tr>\n<tr style=\"height: 44px\">\n<td style=\"width: 40.0716%;height: 44px\" width=\"224\">\n<pre><span style=\"font-family: arial, helvetica, sans-serif;font-size: 16px\">MOQ pour commande personnalis\u00e9e<\/span><\/pre>\n<\/td>\n<td style=\"width: 40.0716%;height: 44px\" width=\"224\">\n<pre><span style=\"font-family: arial, helvetica, sans-serif;font-size: 16px\">3000 pi\u00e8ces<\/span><\/pre>\n<\/td>\n<\/tr>\n<tr style=\"height: 44px\">\n<td style=\"width: 40.0716%;height: 44px\" width=\"224\">\n<pre><span style=\"font-family: arial, helvetica, sans-serif;font-size: 16px\">Co\u00fbt de l&#039;\u00e9chantillon<\/span><\/pre>\n<\/td>\n<td style=\"width: 40.0716%;height: 44px\" width=\"224\">\n<pre><span style=\"font-family: arial, helvetica, sans-serif;font-size: 16px\">US$400\/Sample, retour complet apr\u00e8s commande de notre part<\/span><\/pre>\n<\/td>\n<\/tr>\n<\/tbody>\n<\/table>\n<p style=\"line-height: 1.5\"><span style=\"font-family: arial, helvetica, sans-serif;font-size: 16px\"><\/span><\/p>\n<p style=\"line-height: 1.5\"><span style=\"font-family: arial, helvetica, sans-serif;font-size: 16px\">Kit de 15 vari\u00e9t\u00e9s de graines d&#039;herbes pr\u00e9par\u00e9es : c&#039;est facile - nous \u00e9liminons les conjectures de la culture d&#039;herbes \u00e0 partir de graines, vous guidant \u00e0 chaque \u00e9tape du chemin. Tout ce dont vous avez besoin pour apporter la joie de l&#039;herbe dans votre vie ou celle de votre proche dans un magnifique sac. Plante-le!<\/span><\/p>\n<p style=\"line-height: 1.5\"><span style=\"font-family: arial, helvetica, sans-serif;font-size: 16px\"><\/span><\/p>\n<p style=\"line-height: 1.5\"><span style=\"font-family: arial, helvetica, sans-serif;font-size: 16px\">Les \u00e9l\u00e9ments suivants sont inclus dans le kit.<\/span><\/p>\n<p style=\"line-height: 1.5\"><span style=\"font-family: arial, helvetica, sans-serif;font-size: 16px\"><\/span><\/p>\n<p style=\"line-height: 1.5\"><span style=\"font-family: arial, helvetica, sans-serif;font-size: 16px\">15 vari\u00e9t\u00e9s d&#039;herbes comme la roquette, le basilic, le poireau, la coriandre, l&#039;aneth, l&#039;oignon \u00e0 l&#039;ail, la lavande, la p\u00e2te de citron, la menthe, l&#039;origan, le persil, la menthe, le romarin, la sauge et le thym.<\/span><br \/><span style=\"font-family: arial, helvetica, sans-serif;font-size: 16px\">1 guide de plantation \u00e9tape par \u00e9tape<\/span><br \/><span style=\"font-family: arial, helvetica, sans-serif;font-size: 16px\">1 sac d&#039;emballage personnalis\u00e9<\/span><\/p>\n<p style=\"line-height: 1.5\"><span style=\"font-family: arial, helvetica, sans-serif;font-size: 16px\"><\/span><\/p>\n<p style=\"line-height: 1.5\"><span style=\"font-family: arial, helvetica, sans-serif;font-size: 16px\">15 graines d&#039;herbes \u00e0 cultiver - Profitez d&#039;une vari\u00e9t\u00e9 d&#039;herbes fra\u00eeches et d\u00e9licieuses ! Votre pack de graines d&#039;herbes culinaires comprend les favoris de jardinage suivants\u00a0; Roquette, basilic, poireau, coriandre, aneth, oignon \u00e0 l&#039;ail, lavande, p\u00e2te de citron, menthe, origan, persil, menthe, romarin, sauge et thym.<\/span><\/p>\n<p style=\"line-height: 1.5\"><span style=\"font-family: arial, helvetica, sans-serif;font-size: 16px\">Herbes adapt\u00e9es aux d\u00e9butants \u2013 \u00c9tiquetez vos plantations d&#039;herbes avec les \u00e9tiquettes incluses afin que vous sachiez ce qui va germer ensuite. Utilisez le guide de culture num\u00e9rique pour apprendre tout ce que vous devez savoir sur la culture des graines d&#039;herbes, y compris des conseils de jardinage pour chaque herbe.<\/span><\/p>\n<p style=\"line-height: 1.5\"><span style=\"font-family: arial, helvetica, sans-serif;font-size: 16px\">Mettez vos pouces au vert - ajoutez de la saveur et des \u00e9pices \u00e0 vos recettes pr\u00e9f\u00e9r\u00e9es, embellissez votre jardin ou votre cuisine et touchez la terre avec ces herbes fra\u00eeches. Votre pack de vari\u00e9t\u00e9s de graines d&#039;herbes provient de chez vous et vous fournit tout ce dont vous avez besoin pour d\u00e9marrer votre jardin d&#039;herbes \u00e0 partir de graines anciennes.<\/span><\/p>\n<p style=\"line-height: 1.5\"><span style=\"font-family: arial, helvetica, sans-serif;font-size: 16px\"><\/span><\/p>\n<p style=\"line-height: 1.5\"><span style=\"font-family: arial, helvetica, sans-serif;font-size: 16px\">Garder vos graines fra\u00eeches - Garder vos graines de jardin exc\u00e9dentaires en s\u00e9curit\u00e9 et au sec pour l&#039;ann\u00e9e prochaine\u00a0? s sont cultiv\u00e9s dans des sacs Mylar refermables et \u00e9tanches avec des sachets de graines emball\u00e9s individuellement. Vos graines ancestrales non OGM sont pr\u00eates \u00e0 soutenir vos semis pour les ann\u00e9es \u00e0 venir.<\/span><\/p>\n<p style=\"line-height: 1.5\"><span style=\"font-family: arial, helvetica, sans-serif;font-size: 16px\"><\/span><\/p>\n<p style=\"line-height: 1.5\"><span style=\"font-family: arial, helvetica, sans-serif;font-size: 16px\">Enracin\u00e9 avec nous - faire confiance \u00e0 l&#039;exp\u00e9rience et \u00e0 la passion locales. Vos graines d&#039;herbes sont soutenues par un engagement envers de grands jardins, une nourriture de qualit\u00e9 et un succ\u00e8s agricole continu. Nous vendons \u00e9galement des vari\u00e9t\u00e9s rares et anciennes de graines de l\u00e9gumes et des fournitures de sacs anti-insectes pour d&#039;autres graines pour faire pousser votre potager ou votre jardin.<\/span><\/p>\n<pre><span style=\"font-family: arial, helvetica, sans-serif;font-size: 16px\"> <br \/><\/span><\/pre><\/p>","protected":false},"excerpt":{"rendered":"<p>Coffret de 15 graines d&#039;herbes culinaires - Heirloom et non OGM - 4900+ graines \u00e0 planter pour le jardin d&#039;herbes d&#039;int\u00e9rieur ou d&#039;ext\u00e9rieur, basilic, coriandre, persil, ciboulette, lavande, aneth, marjolaine, menthe, romarin, thym<\/p>","protected":false},"featured_media":12587,"comment_status":"open","ping_status":"closed","template":"","meta":[],"product_cat":[59],"product_tag":[309,65,310,307,308,306],"acf":[],"_links":{"self":[{"href":"https:\/\/www.garden-kit.com\/fr\/wp-json\/wp\/v2\/product\/1769"}],"collection":[{"href":"https:\/\/www.garden-kit.com\/fr\/wp-json\/wp\/v2\/product"}],"about":[{"href":"https:\/\/www.garden-kit.com\/fr\/wp-json\/wp\/v2\/types\/product"}],"replies":[{"embeddable":true,"href":"https:\/\/www.garden-kit.com\/fr\/wp-json\/wp\/v2\/comments?post=1769"}],"wp:featuredmedia":[{"embeddable":true,"href":"https:\/\/www.garden-kit.com\/fr\/wp-json\/wp\/v2\/media\/12587"}],"wp:attachment":[{"href":"https:\/\/www.garden-kit.com\/fr\/wp-json\/wp\/v2\/media?parent=1769"}],"wp:term":[{"taxonomy":"product_cat","embeddable":true,"href":"https:\/\/www.garden-kit.com\/fr\/wp-json\/wp\/v2\/product_cat?post=1769"},{"taxonomy":"product_tag","embeddable":true,"href":"https:\/\/www.garden-kit.com\/fr\/wp-json\/wp\/v2\/product_tag?post=1769"}],"curies":[{"name":"wp","href":"https:\/\/api.w.org\/{rel}","templated":true}]}}