{"id":1778,"date":"2022-08-24T09:08:05","date_gmt":"2022-08-24T01:08:05","guid":{"rendered":"http:\/\/www.garden-kit.com\/product\/paint-plant-flower-growing-kit\/"},"modified":"2023-08-23T13:55:09","modified_gmt":"2023-08-23T05:55:09","slug":"paint-amp-plant-flower-growing-kit","status":"publish","type":"product","link":"https:\/\/www.garden-kit.com\/fr\/product\/paint-amp-plant-flower-growing-kit\/","title":{"rendered":"Kit de culture de fleurs de peinture et de plantes"},"content":{"rendered":"<h3 style=\"line-height: 1.5;font-size: 19px\"><span style=\"font-family: arial, helvetica, sans-serif;font-size: 18px\">Aper\u00e7u<\/span><\/h3>\n<table style=\"width: 66.4474%;height: 269px\">\n<tbody>\n<tr style=\"height: 31px\">\n<td width=\"298\" style=\"width: 49.1749%;height: 31px\">\n<p><span style=\"font-family: arial, helvetica, sans-serif\">Instructions d&#039;entretien du produit<\/span><\/p>\n<\/td>\n<td width=\"298\" style=\"width: 49.1749%;height: 31px\">\n<p><span style=\"font-family: arial, helvetica, sans-serif\">Disponible<\/span><\/p>\n<\/td>\n<\/tr>\n<tr style=\"height: 31px\">\n<td width=\"298\" style=\"width: 49.1749%;height: 31px\">\n<p><span style=\"font-family: arial, helvetica, sans-serif\">Type de produit v\u00e9g\u00e9tal<\/span><\/p>\n<\/td>\n<td width=\"298\" style=\"width: 49.1749%;height: 31px\">\n<p><span style=\"font-family: arial, helvetica, sans-serif\">Fleur<\/span><\/p>\n<\/td>\n<\/tr>\n<tr style=\"height: 31px\">\n<td width=\"298\" style=\"width: 49.1749%;height: 31px\">\n<p><span style=\"font-family: arial, helvetica, sans-serif\">Une fonction sp\u00e9ciale<\/span><\/p>\n<\/td>\n<td width=\"298\" style=\"width: 49.1749%;height: 31px\">\n<p><span style=\"font-family: arial, helvetica, sans-serif\">Culture int\u00e9rieure-ext\u00e9rieure<\/span><\/p>\n<\/td>\n<\/tr>\n<tr style=\"height: 31px\">\n<td width=\"298\" style=\"width: 49.1749%;height: 31px\">\n<p><span style=\"font-family: arial, helvetica, sans-serif\">Marque<\/span><\/p>\n<\/td>\n<td width=\"298\" style=\"width: 49.1749%;height: 31px\">\n<p><span style=\"font-family: arial, helvetica, sans-serif\">Trousse de jardin<\/span><\/p>\n<\/td>\n<\/tr>\n<tr style=\"height: 31px\">\n<td width=\"298\" style=\"width: 49.1749%;height: 31px\">\n<p><span style=\"font-family: arial, helvetica, sans-serif\">Lieu d&#039;origine<\/span><\/p>\n<\/td>\n<td width=\"298\" style=\"width: 49.1749%;height: 31px\">\n<p><span style=\"font-family: arial, helvetica, sans-serif\">Fujian, Chine<\/span><\/p>\n<\/td>\n<\/tr>\n<tr style=\"height: 31px\">\n<td width=\"298\" style=\"width: 49.1749%;height: 31px\">\n<p><span style=\"font-family: arial, helvetica, sans-serif\">ODM\/OEM<\/span><\/p>\n<\/td>\n<td width=\"298\" style=\"width: 49.1749%;height: 31px\">\n<p><span style=\"font-family: arial, helvetica, sans-serif\">Disponible<\/span><\/p>\n<\/td>\n<\/tr>\n<tr style=\"height: 31px\">\n<td width=\"298\" style=\"width: 49.1749%;height: 31px\">\n<p><span style=\"font-family: arial, helvetica, sans-serif\">MOQ pour commande personnalis\u00e9e<\/span><\/p>\n<\/td>\n<td width=\"298\" style=\"width: 49.1749%;height: 31px\">\n<p><span style=\"font-family: arial, helvetica, sans-serif\">3000 pi\u00e8ces<\/span><\/p>\n<\/td>\n<\/tr>\n<tr style=\"height: 52px\">\n<td width=\"298\" style=\"width: 49.1749%;height: 52px\">\n<p><span style=\"font-family: arial, helvetica, sans-serif\">Co\u00fbt de l&#039;\u00e9chantillon<\/span><\/p>\n<\/td>\n<td width=\"298\" style=\"width: 49.1749%;height: 52px\">\n<p><span style=\"font-family: arial, helvetica, sans-serif\">US$400\/Sample, retour complet apr\u00e8s la commande de notre part<\/span><\/p>\n<\/td>\n<\/tr>\n<\/tbody>\n<\/table>\n<h3 style=\"line-height: 1.5;font-size: 19px\"><span style=\"font-family: arial, helvetica, sans-serif\">Description <\/span><\/h3>\n<h3 style=\"font-size: 19px\"><span style=\"font-family: arial, helvetica, sans-serif\">Commencez le voyage qui allie cr\u00e9ativit\u00e9 et nature\u00a0! Kit de culture de fleurs et de peintures<\/span><\/h3>\n<p><span style=\"font-family: arial, helvetica, sans-serif\">Imaginez que votre vie est remplie de cr\u00e9ativit\u00e9 et de beaut\u00e9 naturelle. Maintenant, nous avons fusionn\u00e9 les deux pour vous offrir une toute nouvelle exp\u00e9rience : le kit de culture de fleurs et de peintures ! C&#039;est plus qu&#039;un simple outil de plantation, c&#039;est l&#039;occasion de laisser votre cr\u00e9ativit\u00e9 s&#039;\u00e9panouir en fleurs.<\/span><\/p>\n<\/p>\n<h3 style=\"font-size: 19px\"><span style=\"font-family: arial, helvetica, sans-serif\">Caract\u00e9ristiques du produit:<\/span><\/h3>\n<p><strong><span style=\"font-family: arial, helvetica, sans-serif\">1. Combinaison de cr\u00e9ativit\u00e9 et de nature :<\/span><\/strong><\/p>\n<p><span style=\"font-family: arial, helvetica, sans-serif\">Le kit de culture de fleurs Paint And Plant combine la plantation et la peinture, vous permettant de cr\u00e9er des pots uniques en leur genre pendant que vous attendez que les fleurs fleurissent.<\/span><\/p>\n<\/p>\n<p><span style=\"font-family: arial, helvetica, sans-serif\"><strong>2. Une grande vari\u00e9t\u00e9 de fleurs peut \u00eatre cultiv\u00e9e\u00a0: <\/strong><\/span><\/p>\n<p><span style=\"font-family: arial, helvetica, sans-serif\">Nous proposons une large gamme de diff\u00e9rents types de graines de fleurs pour r\u00e9pondre \u00e0 vos pr\u00e9f\u00e9rences et besoins. Qu&#039;il s&#039;agisse d&#039;une tulipe color\u00e9e ou d&#039;un lys pur et \u00e9l\u00e9gant, vous leur trouverez une place dans votre jardin.<\/span><\/p>\n<\/p>\n<p><strong><span style=\"font-family: arial, helvetica, sans-serif\">3. Peinture et d\u00e9coration :<\/span><\/strong><\/p>\n<p><span style=\"font-family: arial, helvetica, sans-serif\">Chaque kit de culture de fleurs et de peintures est livr\u00e9 avec des outils de peinture et des peintures de qualit\u00e9 professionnelle, vous permettant de faire preuve de cr\u00e9ativit\u00e9 avec vos pots. Vous pouvez peindre votre motif, texte ou m\u00eame un petit gribouillage pr\u00e9f\u00e9r\u00e9, faisant de chaque pot une \u0153uvre d&#039;art unique.<\/span><\/p>\n<\/p>\n<p><span style=\"font-family: arial, helvetica, sans-serif\"><strong>4. Production personnalis\u00e9e OEM\u00a0: <\/strong><\/span><\/p>\n<p><span style=\"font-family: arial, helvetica, sans-serif\">Nous comprenons que chacun a des pr\u00e9f\u00e9rences diff\u00e9rentes en mati\u00e8re de cr\u00e9ativit\u00e9 et de fleurs, c&#039;est pourquoi nous proposons des services de production personnalis\u00e9s OEM. Vous pouvez personnaliser votre kit de culture de fleurs de peinture et de plantes en fonction de votre marque, de votre \u00e9v\u00e9nement ou de vos besoins particuliers et apposer votre empreinte unique sur votre cr\u00e9ativit\u00e9.<\/span><\/p>\n<\/p>\n<h3 style=\"font-size: 19px\"><span style=\"font-family: arial, helvetica, sans-serif\">Comment utiliser le kit de culture de fleurs et de peintures :<\/span><\/h3>\n<p><span style=\"font-family: arial, helvetica, sans-serif\"><strong>1\u3001Pr\u00e9paration\u00a0: <\/strong><\/span><\/p>\n<p><span style=\"font-family: arial, helvetica, sans-serif\">Ouvrez l&#039;emballage et sortez le pot, les graines, la terre et les outils de peinture. Vous pouvez choisir les graines de fleurs que vous souhaitez planter selon vos pr\u00e9f\u00e9rences.<\/span><\/p>\n<\/p>\n<p><span style=\"font-family: arial, helvetica, sans-serif\"><strong>2. Peinture\u00a0: <\/strong><\/span><\/p>\n<p><span style=\"font-family: arial, helvetica, sans-serif\">Utilisez les outils de peinture et les peintures inclus pour peindre vos id\u00e9es sur les pots de fleurs. Qu&#039;il s&#039;agisse d&#039;un motif simple ou d&#039;un gribouillage color\u00e9, vous pouvez montrer votre personnalit\u00e9 et votre talent artistique.<\/span><\/p>\n<\/p>\n<p><span style=\"font-family: arial, helvetica, sans-serif\"><strong>3. Processus de plantation :<\/strong><\/span><\/p>\n<p><span style=\"font-family: arial, helvetica, sans-serif\">Versez de la terre dans le pot et enterrez d\u00e9licatement les graines dans le sol en fonction de la profondeur de plantation des graines. Maintenez une humidit\u00e9 et un ensoleillement ad\u00e9quats et attendez patiemment que les fleurs poussent.<\/span><\/p>\n<\/p>\n<p><span style=\"font-family: arial, helvetica, sans-serif\"><strong>4\u3001Appr\u00e9ciez les r\u00e9sultats\u00a0: <\/strong><\/span><\/p>\n<p><span style=\"font-family: arial, helvetica, sans-serif\">Pendant les jours d\u2019attente, vous pouvez observer en permanence la croissance des fleurs, et chaque floraison est la cristallisation de votre cr\u00e9ativit\u00e9 et de votre nature.<\/span><\/p>\n<\/p>\n<p><span style=\"font-family: arial, helvetica, sans-serif\">Que vous soyez un passionn\u00e9 de jardinage qui aime les plantes ou un artiste qui recherche la cr\u00e9ativit\u00e9, le kit de culture de fleurs Paint And Plant vous apportera une exp\u00e9rience pleine de surprises et de cr\u00e9ativit\u00e9. Semons ensemble les graines de nos r\u00eaves dans le domaine de la cr\u00e9ativit\u00e9 et assistons \u00e0 la merveilleuse fusion de la cr\u00e9ativit\u00e9 et de la nature !<\/span><\/p>\n<p style=\"line-height: 1.5\"><span style=\"font-family: arial, helvetica, sans-serif\"><img decoding=\"async\" src=\"https:\/\/data.adwebcloud.com\/public\/material\/2206293ihquj\/product\/imageFile_1676287807429.jpg\" alt=\"photo 2 1 15\" title=\"\"><\/span><span style=\"font-family: arial, helvetica, sans-serif;font-size: 18px\"><\/span><\/p>","protected":false},"excerpt":{"rendered":"<p><span style=\"font-family: arial, helvetica, sans-serif\">Dan&amp;Darci Kit de culture de fleurs de peinture et de plantes pour enfants \u2013 Meilleurs cadeaux d&#039;artisanat d&#039;anniversaire pour filles et gar\u00e7ons \u00e2g\u00e9s de 4, 5, 6, 7, 8 \u00e0 12 ans, kits de jardinage pour enfants, projets artistiques, jouets pour 4 \u00e0 12 ans<\/span><\/p>","protected":false},"featured_media":16195,"comment_status":"closed","ping_status":"closed","template":"","meta":[],"product_cat":[61],"product_tag":[472,413,473,474,452,334],"acf":[],"_links":{"self":[{"href":"https:\/\/www.garden-kit.com\/fr\/wp-json\/wp\/v2\/product\/1778"}],"collection":[{"href":"https:\/\/www.garden-kit.com\/fr\/wp-json\/wp\/v2\/product"}],"about":[{"href":"https:\/\/www.garden-kit.com\/fr\/wp-json\/wp\/v2\/types\/product"}],"replies":[{"embeddable":true,"href":"https:\/\/www.garden-kit.com\/fr\/wp-json\/wp\/v2\/comments?post=1778"}],"wp:featuredmedia":[{"embeddable":true,"href":"https:\/\/www.garden-kit.com\/fr\/wp-json\/wp\/v2\/media\/16195"}],"wp:attachment":[{"href":"https:\/\/www.garden-kit.com\/fr\/wp-json\/wp\/v2\/media?parent=1778"}],"wp:term":[{"taxonomy":"product_cat","embeddable":true,"href":"https:\/\/www.garden-kit.com\/fr\/wp-json\/wp\/v2\/product_cat?post=1778"},{"taxonomy":"product_tag","embeddable":true,"href":"https:\/\/www.garden-kit.com\/fr\/wp-json\/wp\/v2\/product_tag?post=1778"}],"curies":[{"name":"wp","href":"https:\/\/api.w.org\/{rel}","templated":true}]}}