{"id":1784,"date":"2022-08-24T09:08:27","date_gmt":"2022-08-24T01:08:27","guid":{"rendered":"http:\/\/www.garden-kit.com\/product\/bright-side-seed-balls\/"},"modified":"2023-04-03T11:27:16","modified_gmt":"2023-04-03T03:27:16","slug":"seed-bombs-wholesale","status":"publish","type":"product","link":"https:\/\/www.garden-kit.com\/fr\/product\/seed-bombs-wholesale\/","title":{"rendered":"Vente en gros de bombes \u00e0 graines"},"content":{"rendered":"<h3 style=\"font-size: 19px\"><span style=\"font-family: arial, helvetica, sans-serif;font-size: 16px\">Aper\u00e7u<\/span><\/h3>\n<table style=\"border-collapse: collapse;width: 100%;height: 248px\" width=\"100%\">\n<tbody>\n<tr style=\"height: 30.6875px\">\n<td style=\"height: 30.6875px\" width=\"299\"><span style=\"font-family: arial, helvetica, sans-serif;font-size: 16px\">Instructions d&#039;entretien du produit<\/span><\/td>\n<td style=\"height: 30.6875px\" width=\"299\"><span style=\"font-family: arial, helvetica, sans-serif;font-size: 16px\">Disponible<\/span><\/td>\n<\/tr>\n<tr style=\"height: 30.6875px\">\n<td style=\"height: 30.6875px\" width=\"299\"><span style=\"font-family: arial, helvetica, sans-serif;font-size: 16px\">Type de produit v\u00e9g\u00e9tal<\/span><\/td>\n<td style=\"height: 30.6875px\" width=\"299\"><span style=\"font-family: arial, helvetica, sans-serif;font-size: 16px\">fleur sauvage<\/span><\/td>\n<\/tr>\n<tr style=\"height: 30.6875px\">\n<td style=\"height: 30.6875px\" width=\"299\"><span style=\"font-family: arial, helvetica, sans-serif;font-size: 16px\">Une fonction sp\u00e9ciale<\/span><\/td>\n<td style=\"height: 30.6875px\" width=\"299\"><span style=\"font-family: arial, helvetica, sans-serif;font-size: 16px\">Culture int\u00e9rieure-ext\u00e9rieure<\/span><\/td>\n<\/tr>\n<tr style=\"height: 30.6875px\">\n<td style=\"height: 30.6875px\" width=\"299\"><span style=\"font-family: arial, helvetica, sans-serif;font-size: 16px\">Marque<\/span><\/td>\n<td style=\"height: 30.6875px\" width=\"299\"><span style=\"font-family: arial, helvetica, sans-serif;font-size: 16px\">Trousse de jardin<\/span><\/td>\n<\/tr>\n<tr style=\"height: 30.6875px\">\n<td style=\"height: 30.6875px\" width=\"299\"><span style=\"font-family: arial, helvetica, sans-serif;font-size: 16px\">Lieu d&#039;origine<\/span><\/td>\n<td style=\"height: 30.6875px\" width=\"299\"><span style=\"font-family: arial, helvetica, sans-serif;font-size: 16px\">Fujian, Chine<\/span><\/td>\n<\/tr>\n<tr style=\"height: 30.6875px\">\n<td style=\"height: 30.6875px\" width=\"299\"><span style=\"font-family: arial, helvetica, sans-serif;font-size: 16px\">ODM\/OEM<\/span><\/td>\n<td style=\"height: 30.6875px\" width=\"299\"><span style=\"font-family: arial, helvetica, sans-serif;font-size: 16px\">Disponible<\/span><\/td>\n<\/tr>\n<tr style=\"height: 30.6875px\">\n<td style=\"height: 30.6875px\" width=\"299\"><span style=\"font-family: arial, helvetica, sans-serif;font-size: 16px\">MOQ pour commande personnalis\u00e9e<\/span><\/td>\n<td style=\"height: 30.6875px\" width=\"299\"><span style=\"font-family: arial, helvetica, sans-serif;font-size: 16px\">3000 pi\u00e8ces<\/span><\/td>\n<\/tr>\n<tr style=\"height: 33.1875px\">\n<td style=\"height: 33.1875px\" width=\"299\"><span style=\"font-family: arial, helvetica, sans-serif;font-size: 16px\">Co\u00fbt de l&#039;\u00e9chantillon<\/span><\/td>\n<td style=\"height: 33.1875px\" width=\"299\"><span style=\"font-family: arial, helvetica, sans-serif;font-size: 16px\">US$400\/Sample, retour complet apr\u00e8s la commande de notre part<\/span><\/td>\n<\/tr>\n<\/tbody>\n<\/table>\n<pre><span style=\"font-family: arial, helvetica, sans-serif;font-size: 16px\">Description<\/span><\/pre>\n<p style=\"line-height: 1.5\"><span style=\"font-family: arial, helvetica, sans-serif;font-size: 16px\">C&#039;est facile - nous \u00e9liminons les conjectures de la culture des graines de fleurs sauvages, en vous guidant \u00e0 chaque \u00e9tape du chemin. Tout ce dont vous avez besoin pour apporter la joie des fleurs sauvages dans votre vie ou celle de votre proche dans une belle bo\u00eete cadeau en bois. Plante-le!<\/span><\/p>\n<pre><span style=\"font-family: arial, helvetica, sans-serif;font-size: 16px\">Les \u00e9l\u00e9ments suivants sont inclus dans le kit.<\/span><\/pre>\n<p style=\"line-height: 1.5\"><span style=\"font-family: arial, helvetica, sans-serif;font-size: 16px\">5 boules de graines sans OGM<\/span><\/p>\n<p style=\"line-height: 1.5\"><span style=\"font-family: arial, helvetica, sans-serif;font-size: 16px\">Instructions de plantation<\/span><\/p>\n<p style=\"line-height: 1.5\"><span style=\"font-family: arial, helvetica, sans-serif;font-size: 16px\">Coffret triangle personnalis\u00e9<\/span><\/p>\n<p style=\"line-height: 1.5\"><span style=\"font-family: arial, helvetica, sans-serif;font-size: 16px\">Brightside Seed Balls C\u00e9l\u00e9brez la joie de planter avec des boules de graines d\u00e9cadentes &quot;truffes&quot; (pour planter, pas manger)\u00a0! Il suffit de planter, d&#039;arroser et de faire pousser.<\/span><\/p>\n<p style=\"line-height: 1.5\"><span style=\"font-family: arial, helvetica, sans-serif;font-size: 16px\">Comprend 5 boules de graines compos\u00e9es de graines non OGM, d&#039;argile et de moulages de vers.<\/span><\/p>\n<p style=\"line-height: 1.5\"><span style=\"font-family: arial, helvetica, sans-serif;font-size: 16px\">Growing Love Seed Balls comprend une vari\u00e9t\u00e9 de graines de fleurs sauvages non invasives qui produisent de belles fleurs et fournissent un habitat pour les pollinisateurs vitaux.<\/span><\/p>\n<p style=\"line-height: 1.5\"><span style=\"font-family: arial, helvetica, sans-serif;font-size: 16px\">5.5\u2033L x 1.5\u2033H x 1.5D<\/span><\/p>\n<p style=\"line-height: 1.5\"><span style=\"font-family: arial, helvetica, sans-serif;font-size: 16px\">M\u00e9lange de boules de graines Grow Love : Zinnia, Primev\u00e8re, Coquelicot, Susan aux yeux noirs, Cosmo<\/span><\/p>\n<p style=\"line-height: 1.5\"><span style=\"font-family: arial, helvetica, sans-serif;font-size: 16px\">pas de plastique<\/span><\/p>\n<p style=\"line-height: 1.5\"><span style=\"font-family: arial, helvetica, sans-serif;font-size: 16px\"><\/span><\/p>\n<p>Les boules de graines de Sympa c\u00e9l\u00e8brent la joie de planter avec des boules de graines d\u00e9cadentes &quot;truffes&quot; (pour planter, pas manger)\u00a0! Il suffit de planter, d&#039;arroser et de faire pousser. Comprend : 5 boules de graines compos\u00e9es de graines non OGM, d&#039;argile et de moulages de vers.<\/p>\n<p>Les boules de graines Grow Comfort proposent une s\u00e9lection d&#039;herbes culinaires pour la cuisine maison du jardin \u00e0 la table.<\/p>\n<p>Comprend 5 boules de graines<\/p>\n<\/p>\n<p style=\"list-style-type: none\">Connectez-vous au monde naturel avec des solutions de jardinage simples.<br \/>Plantez de la joie avec ces boules de graines d\u00e9cadentes &quot;truffes&quot; (\u00e0 planter, pas \u00e0 manger\u00a0!). Nouveau et digne d&#039;un cadeau, chaque bo\u00eete comprend cinq boules de graines assorties qui refl\u00e8tent l&#039;esprit de la saison. Les boules de graines Grow Peace contiennent une s\u00e9lection de graines de plantes \u00e0 base de plantes connues pour leurs propri\u00e9t\u00e9s curatives.<\/p><\/p>","protected":false},"excerpt":{"rendered":"<p>product-category Seed Starter, Bright Side Seed Balls c\u00e9l\u00e8brent la joie de planter avec des boules de graines d\u00e9cadentes &quot;truffes&quot; (pour planter, pas manger)\u00a0! Il suffit de planter, d&#039;arroser et de faire pousser.<\/p>","protected":false},"featured_media":13291,"comment_status":"open","ping_status":"closed","template":"","meta":[],"product_cat":[67],"product_tag":[604,68,510,607,594,605,608,606,600],"acf":[],"_links":{"self":[{"href":"https:\/\/www.garden-kit.com\/fr\/wp-json\/wp\/v2\/product\/1784"}],"collection":[{"href":"https:\/\/www.garden-kit.com\/fr\/wp-json\/wp\/v2\/product"}],"about":[{"href":"https:\/\/www.garden-kit.com\/fr\/wp-json\/wp\/v2\/types\/product"}],"replies":[{"embeddable":true,"href":"https:\/\/www.garden-kit.com\/fr\/wp-json\/wp\/v2\/comments?post=1784"}],"wp:featuredmedia":[{"embeddable":true,"href":"https:\/\/www.garden-kit.com\/fr\/wp-json\/wp\/v2\/media\/13291"}],"wp:attachment":[{"href":"https:\/\/www.garden-kit.com\/fr\/wp-json\/wp\/v2\/media?parent=1784"}],"wp:term":[{"taxonomy":"product_cat","embeddable":true,"href":"https:\/\/www.garden-kit.com\/fr\/wp-json\/wp\/v2\/product_cat?post=1784"},{"taxonomy":"product_tag","embeddable":true,"href":"https:\/\/www.garden-kit.com\/fr\/wp-json\/wp\/v2\/product_tag?post=1784"}],"curies":[{"name":"wp","href":"https:\/\/api.w.org\/{rel}","templated":true}]}}