{"id":1791,"date":"2022-08-24T09:08:47","date_gmt":"2022-08-24T01:08:47","guid":{"rendered":"http:\/\/www.garden-kit.com\/product\/paint-flower-growing-kit\/"},"modified":"2023-03-31T16:37:35","modified_gmt":"2023-03-31T08:37:35","slug":"paint-flower-growing-kit","status":"publish","type":"product","link":"https:\/\/www.garden-kit.com\/fr\/product\/paint-flower-growing-kit\/","title":{"rendered":"Kit de culture de fleurs de peinture"},"content":{"rendered":"<h3 style=\"font-size: 19px\"><span style=\"font-family: arial, helvetica, sans-serif;font-size: 16px\"><span style=\"font-size: 18px\">Kit de culture de fleurs de peinture et de plantes<\/span><\/span><\/h3>\n<h3 style=\"font-size: 19px\"><span style=\"font-family: arial, helvetica, sans-serif;font-size: 16px\">Aper\u00e7u<\/span><\/h3>\n<table style=\"border-collapse: collapse;width: 100%;height: 100px\">\n<tbody>\n<tr>\n<td width=\"298\">\n<pre><span style=\"font-family: arial, helvetica, sans-serif;font-size: 16px\">Instructions d&#039;entretien du produit<\/span><\/pre>\n<\/td>\n<td width=\"298\">\n<pre><span style=\"font-family: arial, helvetica, sans-serif;font-size: 16px\">Disponible<\/span><\/pre>\n<\/td>\n<\/tr>\n<tr>\n<td width=\"298\">\n<pre><span style=\"font-family: arial, helvetica, sans-serif;font-size: 16px\">Type de produit v\u00e9g\u00e9tal<\/span><\/pre>\n<\/td>\n<td width=\"298\">\n<pre><span style=\"font-family: arial, helvetica, sans-serif;font-size: 16px\">Fleur<\/span><\/pre>\n<\/td>\n<\/tr>\n<tr>\n<td width=\"298\">\n<pre><span style=\"font-family: arial, helvetica, sans-serif;font-size: 16px\">Une fonction sp\u00e9ciale<\/span><\/pre>\n<\/td>\n<td width=\"298\">\n<pre><span style=\"font-family: arial, helvetica, sans-serif;font-size: 16px\">Culture int\u00e9rieure-ext\u00e9rieure<\/span><\/pre>\n<\/td>\n<\/tr>\n<tr>\n<td width=\"298\">\n<pre><span style=\"font-family: arial, helvetica, sans-serif;font-size: 16px\">Marque<\/span><\/pre>\n<\/td>\n<td width=\"298\">\n<pre><span style=\"font-family: arial, helvetica, sans-serif;font-size: 16px\">Trousse de jardin<\/span><\/pre>\n<\/td>\n<\/tr>\n<tr>\n<td width=\"298\">\n<pre><span style=\"font-family: arial, helvetica, sans-serif;font-size: 16px\">Lieu d&#039;origine<\/span><\/pre>\n<\/td>\n<td width=\"298\">\n<pre><span style=\"font-family: arial, helvetica, sans-serif;font-size: 16px\">Fujian, Chine<\/span><\/pre>\n<\/td>\n<\/tr>\n<tr>\n<td width=\"298\">\n<pre><span style=\"font-family: arial, helvetica, sans-serif;font-size: 16px\">ODM\/OEM<\/span><\/pre>\n<\/td>\n<td width=\"298\">\n<pre><span style=\"font-family: arial, helvetica, sans-serif;font-size: 16px\">Disponible<\/span><\/pre>\n<\/td>\n<\/tr>\n<tr>\n<td width=\"298\">\n<pre><span style=\"font-family: arial, helvetica, sans-serif;font-size: 16px\">MOQ pour commande personnalis\u00e9e<\/span><\/pre>\n<\/td>\n<td width=\"298\">\n<pre><span style=\"font-family: arial, helvetica, sans-serif;font-size: 16px\">3000 pi\u00e8ces<\/span><\/pre>\n<\/td>\n<\/tr>\n<tr>\n<td width=\"298\">\n<pre><span style=\"font-family: arial, helvetica, sans-serif;font-size: 16px\">Co\u00fbt de l&#039;\u00e9chantillon<\/span><\/pre>\n<\/td>\n<td width=\"298\">\n<pre><span style=\"font-family: arial, helvetica, sans-serif;font-size: 16px\">US$400\/Sample, retour complet apr\u00e8s commande de notre part<\/span><\/pre>\n<\/td>\n<\/tr>\n<\/tbody>\n<\/table>\n<p><span style=\"font-family: arial, helvetica, sans-serif;font-size: 16px\">Kit de jardinage de fleurs pour enfants 28 pi\u00e8ces pr\u00e9par\u00e9 : tout ce dont vos enfants ont besoin pour apporter la joie de faire pousser des fleurs dans votre vie ou celle d&#039;un \u00eatre cher. C&#039;est simple - nos conjectures sur la culture de fleurs \u00e0 partir de graines, vous guidant \u00e0 chaque \u00e9tape du chemin. Plante-le!<\/span><\/p>\n<h3 style=\"line-height: 1.5;font-size: 19px\"><span style=\"font-family: arial, helvetica, sans-serif;font-size: 16px\"><br \/><strong>Les \u00e9l\u00e9ments suivants sont inclus dans le kit.<\/strong><\/span><\/h3>\n<p style=\"line-height: 1.5\"><span style=\"font-family: arial, helvetica, sans-serif;font-size: 16px\">3 pots de fleurs \u00e0 planter avec plateau <\/span><\/p>\n<p style=\"line-height: 1.5\"><span style=\"font-family: arial, helvetica, sans-serif;font-size: 16px\">3 sachets de graines <\/span><\/p>\n<p style=\"line-height: 1.5\"><span style=\"font-family: arial, helvetica, sans-serif;font-size: 16px\">3 disques de sol <\/span><\/p>\n<p style=\"line-height: 1.5\"><span style=\"font-family: arial, helvetica, sans-serif;font-size: 16px\">3 \u00e9tiquettes de plantes <\/span><\/p>\n<p style=\"line-height: 1.5\"><span style=\"font-family: arial, helvetica, sans-serif;font-size: 16px\">3 autocollants de transfert <\/span><\/p>\n<p style=\"line-height: 1.5\"><span style=\"font-family: arial, helvetica, sans-serif;font-size: 16px\">6 peintures <\/span><\/p>\n<p style=\"line-height: 1.5\"><span style=\"font-family: arial, helvetica, sans-serif;font-size: 16px\">2 pinceaux <\/span><\/p>\n<p style=\"line-height: 1.5\"><span style=\"font-family: arial, helvetica, sans-serif;font-size: 16px\">1 palette de peinture <\/span><\/p>\n<p style=\"line-height: 1.5\"><span style=\"font-family: arial, helvetica, sans-serif;font-size: 16px\">1 pelle <\/span><\/p>\n<p style=\"line-height: 1.5\"><span style=\"font-family: arial, helvetica, sans-serif;font-size: 16px\">1 bouteille d&#039;eau <\/span><\/p>\n<p style=\"line-height: 1.5\"><span style=\"font-family: arial, helvetica, sans-serif;font-size: 16px\">1 guide de plantation \u00e9tape par \u00e9tape <\/span><\/p>\n<p style=\"line-height: 1.5\"><span style=\"font-family: arial, helvetica, sans-serif;font-size: 16px\">1 coffret cadeau personnalis\u00e9 <\/span><\/p>\n<p><span style=\"font-family: arial, helvetica, sans-serif;font-size: 16px\"><\/span><\/p>\n<p>Ensemble de jardin <a class=\"wpil_keyword_link\" href=\"https:\/\/www.garden-kit.com\/fr\/product\/paint-and-plant-flower-growing-kits\/\"   title=\"Kit de culture de fleurs de peinture et de plantes\" data-wpil-keyword-link=\"linked\">Kit de culture de fleurs de peinture et de plantes<\/a>: Notre kit de culture de fleurs Garden Set de 8 \u00e0 12 ans est livr\u00e9 avec tout ce dont vous avez besoin. 3 pots, 6 couleurs de peinture, 3 autocollants de transfert (noir, couleur et GID), spray, 2 pinceaux, 3 \u00e9tiquettes, instructions, et plus encore.<\/p>\n<\/p>\n<p>Peignez et cultivez votre propre jardin : Aimez-vous les couleurs vives ? Aimez-vous \u00eatre cr\u00e9atif? Alors procurez-vous ce kit d&#039;art et d&#039;artisanat\u00a0! L&#039;auto-peinture est une partie tr\u00e8s amusante. Planter votre jardin et le voir fleurir n&#039;en sera que plus excitant !<\/p>\n<\/p>\n<p>Activit\u00e9s \u00e9ducatives pour tous les \u00e2ges : Pour les enfants de 4 \u00e0 6 ans, il s&#039;agit d&#039;une excellente activit\u00e9 d&#039;art et d&#039;artisanat pour les occuper pendant des heures. Il apporte de la cr\u00e9ativit\u00e9 aux enfants. Ils peuvent peindre sur les pots de fleurs uniques et regarder les fleurs pousser jour apr\u00e8s jour. C&#039;est un excellent moyen d&#039;\u00e9loigner les enfants de l&#039;\u00e9lectronique. C&#039;est amusant et \u00e9ducatif \u00e0 la fois.<\/p>\n<\/p>\n<p>Cadeaux d&#039;art et d&#039;artisanat d\u00e9licats pour les enfants : ce bricolage pour les filles de 10 \u00e0 12 ans a l&#039;air simple mais est tellement amusant \u00e0 utiliser. Amusez-vous avec vos enfants, passez du temps de qualit\u00e9 ensemble et faites de belles activit\u00e9s en famille. Ce bricolage d&#039;art et d&#039;artisanat pour les enfants est \u00e9galement un excellent cadeau de vacances pour No\u00ebl, P\u00e2ques et les cadeaux d&#039;anniversaire des enfants.<\/p>\n<\/p>\n<p>Satisfaction 100% : tous les produits de kit de jardin offrent une satisfaction 100%. Si vous \u00eates int\u00e9ress\u00e9 par la vente en gros de ces kits de jardin, n&#039;h\u00e9sitez pas \u00e0 nous contacter. Nous ne manquerons pas de vous fournir le meilleur service.<\/p><\/p>","protected":false},"excerpt":{"rendered":"<p>Kit de jardinage Kit de culture de fleurs de peinture et de plantes - Arts et artisanat pour enfants de 4 \u00e0 8 ans - Ensemble de jardinage pour enfants pour filles - Cadeaux pour fille de 6 ans, projet scientifique STEM, culture de PansyPetunia et de fleurs de souci<\/p>","protected":false},"featured_media":13153,"comment_status":"closed","ping_status":"closed","template":"","meta":[],"product_cat":[61],"product_tag":[415,413,334,332,69,414],"acf":[],"_links":{"self":[{"href":"https:\/\/www.garden-kit.com\/fr\/wp-json\/wp\/v2\/product\/1791"}],"collection":[{"href":"https:\/\/www.garden-kit.com\/fr\/wp-json\/wp\/v2\/product"}],"about":[{"href":"https:\/\/www.garden-kit.com\/fr\/wp-json\/wp\/v2\/types\/product"}],"replies":[{"embeddable":true,"href":"https:\/\/www.garden-kit.com\/fr\/wp-json\/wp\/v2\/comments?post=1791"}],"wp:featuredmedia":[{"embeddable":true,"href":"https:\/\/www.garden-kit.com\/fr\/wp-json\/wp\/v2\/media\/13153"}],"wp:attachment":[{"href":"https:\/\/www.garden-kit.com\/fr\/wp-json\/wp\/v2\/media?parent=1791"}],"wp:term":[{"taxonomy":"product_cat","embeddable":true,"href":"https:\/\/www.garden-kit.com\/fr\/wp-json\/wp\/v2\/product_cat?post=1791"},{"taxonomy":"product_tag","embeddable":true,"href":"https:\/\/www.garden-kit.com\/fr\/wp-json\/wp\/v2\/product_tag?post=1791"}],"curies":[{"name":"wp","href":"https:\/\/api.w.org\/{rel}","templated":true}]}}