{"id":1797,"date":"2022-08-24T09:09:06","date_gmt":"2022-08-24T01:09:06","guid":{"rendered":"http:\/\/www.garden-kit.com\/product\/seed-ball-kits\/"},"modified":"2023-04-03T11:25:54","modified_gmt":"2023-04-03T03:25:54","slug":"seed-ball-kits","status":"publish","type":"product","link":"https:\/\/www.garden-kit.com\/fr\/product\/seed-ball-kits\/","title":{"rendered":"Kits de boules de graines"},"content":{"rendered":"<h3 style=\"font-size: 19px\"><strong><span style=\"font-family: arial, helvetica, sans-serif;font-size: 18px\">Aper\u00e7u<\/span><\/strong><\/h3>\n<table width=\"597\" style=\"height: 278px\">\n<tbody>\n<tr style=\"height: 32px\">\n<td width=\"299\" style=\"width: 299px;border-color: #169179;border-style: hidden;height: 32px\">\n<p style=\"font-size: 16px\"><span style=\"font-family: arial, helvetica, sans-serif;font-size: 16px\">Instructions d&#039;entretien du produit<\/span><\/p>\n<\/td>\n<td width=\"299\" style=\"height: 32px\">\n<p style=\"font-size: 16px\"><span style=\"font-family: arial, helvetica, sans-serif;font-size: 16px\">Disponible<\/span><\/p>\n<\/td>\n<\/tr>\n<tr style=\"height: 32px\">\n<td width=\"299\" style=\"height: 32px\">\n<p style=\"font-size: 16px\"><span style=\"font-family: arial, helvetica, sans-serif;font-size: 16px\">Type de produit v\u00e9g\u00e9tal<\/span><\/p>\n<\/td>\n<td width=\"299\" style=\"height: 32px\">\n<p style=\"font-size: 16px\"><span style=\"font-family: arial, helvetica, sans-serif;font-size: 16px\">Tomate &amp; fines herbes<\/span><\/p>\n<\/td>\n<\/tr>\n<tr style=\"height: 32px\">\n<td width=\"299\" style=\"height: 32px\">\n<p style=\"font-size: 16px\"><span style=\"font-family: arial, helvetica, sans-serif;font-size: 16px\">Une fonction sp\u00e9ciale<\/span><\/p>\n<\/td>\n<td width=\"299\" style=\"height: 32px\">\n<p style=\"font-size: 16px\"><span style=\"font-family: arial, helvetica, sans-serif;font-size: 16px\">Culture int\u00e9rieure-ext\u00e9rieure<\/span><\/p>\n<\/td>\n<\/tr>\n<tr style=\"height: 32px\">\n<td width=\"299\" style=\"height: 32px\">\n<p style=\"font-size: 16px\"><span style=\"font-family: arial, helvetica, sans-serif;font-size: 16px\">Marque<\/span><\/p>\n<\/td>\n<td width=\"299\" style=\"height: 32px\">\n<p style=\"font-size: 16px\"><span style=\"font-family: arial, helvetica, sans-serif;font-size: 16px\">Trousse de jardin<\/span><\/p>\n<\/td>\n<\/tr>\n<tr style=\"height: 32px\">\n<td width=\"299\" style=\"height: 32px\">\n<p style=\"font-size: 16px\"><span style=\"font-family: arial, helvetica, sans-serif;font-size: 16px\">Lieu d&#039;origine<\/span><\/p>\n<\/td>\n<td width=\"299\" style=\"height: 32px\">\n<p style=\"font-size: 16px\"><span style=\"font-family: arial, helvetica, sans-serif;font-size: 16px\">Fujian, Chine<\/span><\/p>\n<\/td>\n<\/tr>\n<tr style=\"height: 32px\">\n<td width=\"299\" style=\"height: 32px\">\n<p style=\"font-size: 16px\"><span style=\"font-family: arial, helvetica, sans-serif;font-size: 16px\">ODM\/OEM<\/span><\/p>\n<\/td>\n<td width=\"299\" style=\"height: 32px\">\n<p style=\"font-size: 16px\"><span style=\"font-family: arial, helvetica, sans-serif;font-size: 16px\">Disponible<\/span><\/p>\n<\/td>\n<\/tr>\n<tr style=\"height: 32px\">\n<td width=\"299\" style=\"height: 32px\">\n<p style=\"font-size: 16px\"><span style=\"font-family: arial, helvetica, sans-serif;font-size: 16px\">MOQ pour commande personnalis\u00e9e<\/span><\/p>\n<\/td>\n<td width=\"299\" style=\"height: 32px\">\n<p style=\"font-size: 16px\"><span style=\"font-family: arial, helvetica, sans-serif;font-size: 16px\">3000 pi\u00e8ces<\/span><\/p>\n<\/td>\n<\/tr>\n<tr style=\"height: 54px\">\n<td width=\"299\" style=\"height: 54px\">\n<p style=\"font-size: 16px\"><span style=\"font-family: arial, helvetica, sans-serif;font-size: 16px\">Co\u00fbt de l&#039;\u00e9chantillon<\/span><\/p>\n<\/td>\n<td width=\"299\" style=\"height: 54px\">\n<p style=\"font-size: 16px\"><span style=\"font-family: arial, helvetica, sans-serif;font-size: 16px\">US$400\/Sample, retour complet apr\u00e8s commande de notre part<\/span><\/p>\n<\/td>\n<\/tr>\n<\/tbody>\n<\/table>\n<p style=\"font-size: 16px;text-align: center\"><span style=\"font-family: arial, helvetica, sans-serif;font-size: 18px\">&nbsp; <img decoding=\"async\" src=\"https:\/\/data.adwebcloud.com\/public\/material\/2206293ihquj\/product\/xwnrgrmito_1661257235889.jpg\" alt=\"exemple\" width=\"400\" title=\"\"> <img decoding=\"async\" src=\"https:\/\/data.adwebcloud.com\/public\/material\/2206293ihquj\/product\/rm91ge46hx_1661257237615.jpg\" alt=\"exemple\" width=\"400\" title=\"\">&nbsp;<\/span><\/p>\n<p><span style=\"font-size: 16px;font-family: arial, helvetica, sans-serif\">Kits de boules de graines : c&#039;est facile - nous \u00e9liminons les conjectures de la culture des graines de tomates et d&#039;herbes, vous guidant \u00e0 chaque \u00e9tape du chemin. Tout ce dont vous avez besoin pour apporter la joie de la tomate et des herbes dans votre vie ou celle de votre proche dans une belle bo\u00eete cadeau. Plante-le!<\/span><\/p>\n<p><span style=\"font-size: 16px;font-family: arial, helvetica, sans-serif\">Les \u00e9l\u00e9ments suivants sont inclus dans le kit.<\/span><\/p>\n<p><span style=\"font-size: 16px;font-family: arial, helvetica, sans-serif\">Kit de boules de graines Pizza Garden\u00a0: moulages d&#039;argile et de vers dans un sac biod\u00e9gradable, basilic kenovis bio, tomates cerises bio, roquette bio et graines d&#039;origan grec bio, r\u00e8gle de jardinage et instructions de plantation. Jusqu&#039;\u00e0 20 boules de graines.<\/span><\/p>\n<p><span style=\"font-size: 16px;font-family: arial, helvetica, sans-serif\">Coupe-pizza : lame en acier inoxydable, couvercle de lame de protection, passe au lave-vaisselle.<\/span><\/p>\n<p><span style=\"font-size: 16px;font-family: arial, helvetica, sans-serif\">\u00c9tiquette de jardin\u00a0: Bambou<\/span><\/p>\n<p><span style=\"font-size: 16px;font-family: arial, helvetica, sans-serif\">Une collection color\u00e9e pour que votre famille commence \u00e0 cultiver tous les ingr\u00e9dients d&#039;une soir\u00e9e pizza dans un jardin fertile d&#039;inspiration italienne.<\/span><\/p>\n<p><span style=\"font-size: 16px;font-family: arial, helvetica, sans-serif\">Kit de boules de graines Pizza Garden : L&#039;essentiel dont vous avez besoin pour faire 20 boules de graines riches en nutriments, ainsi que des instructions de plantation pour d\u00e9marrer un beau jardin. Comprend des graines de basilic biologique, de roquette, de tomate cerise et d&#039;origan.<\/span><\/p>\n<p><span style=\"font-size: 16px;font-family: arial, helvetica, sans-serif\">Coupe-pizza : outil de cuisine ergonomique avec une poign\u00e9e facile \u00e0 utiliser pour couper facilement la pizza et le pain plat.<\/span><\/p>\n<p><span style=\"font-size: 16px;font-family: arial, helvetica, sans-serif\">Marqueurs de jardin\u00a0: quatre marqueurs de plantes en bambou pour votre jardin \u00e0 l&#039;italienne.<\/span><\/p>\n<p><span style=\"font-size: 16px;font-family: arial, helvetica, sans-serif\">Kit de bo\u00eete\u00a0: 12,125\u2033L x 9,25\u2033H x 6\u2033P<\/span><\/p>\n<p><span style=\"font-size: 16px;font-family: arial, helvetica, sans-serif\">Kit de boules de graines Pizza Garden : 6\u2033L x 4\u2033H x 8\u2033P<\/span><\/p>\n<p><span style=\"font-size: 16px;font-family: arial, helvetica, sans-serif\">Coupe-pizza : 4\u2033 x 3,7\u2033<\/span><\/p>\n<p><span style=\"font-size: 16px;font-family: arial, helvetica, sans-serif\">Marqueur de jardin : 2,3\u2033 x 4\u2033<\/span><\/p>\n<p><span style=\"font-size: 18px;font-family: arial, helvetica, sans-serif\"><\/span><\/p>\n<h3 style=\"font-size: 19px\"><span style=\"font-family: arial, helvetica, sans-serif\"><span style=\"font-size: 18px\">Pourquoi s&#039;appelle-t-il le kit de boules de graines Pizza Garden ?<\/span><span style=\"font-size: 18px\"><\/span><\/span><\/h3>\n<p><span style=\"font-size: 16px;font-family: arial, helvetica, sans-serif\">Les graines que nous fournissons sont des tomates et des herbes, qui sont les principaux aliments et ingr\u00e9dients que nous utilisons pour pr\u00e9parer la sauce \u00e0 pizza. La sauce \u00e0 pizza est une simple sauce maison, les principaux ingr\u00e9dients sont la tomate, l&#039;oignon, l&#039;ail, la sauce tomate, les herbes, le poivre noir. Parce que le go\u00fbt de la sauce \u00e0 pizza est tr\u00e8s basique et ne met en \u00e9vidence aucune saveur particuli\u00e8re, elle peut \u00eatre utilis\u00e9e dans une gamme plus large. Par exemple, il peut \u00eatre ajout\u00e9 sous forme de p\u00e2te de tomate lors de la pr\u00e9paration de pizzas.<\/span><\/p>\n<p><span style=\"font-size: 16px;font-family: arial, helvetica, sans-serif\">Le fruit de la tomate est riche en nutriments et a une saveur particuli\u00e8re. La \u00ab tomatocine \u00bb qu&#039;il contient a pour effet d&#039;inhiber les bact\u00e9ries ; l&#039;acide malique, l&#039;acide citrique et le sucre qu&#039;il contient ont pour fonction d&#039;aider \u00e0 la digestion. La vanille, en tant qu&#039;\u00e9pice, peut rehausser le parfum; il peut \u00e9galement \u00eatre consomm\u00e9 directement sous forme de l\u00e9gumes et de fruits, et ajout\u00e9 aux aliments comme conservateur naturel.<\/span><\/p>\n<p><span style=\"font-size: 16px;font-family: arial, helvetica, sans-serif\">Maintenant que vous pouvez obtenir les deux avec notre kit de boules de graines, ne serait-il pas plus satisfaisant de cultiver votre propre sauce \u00e0 pizza pr\u00e9f\u00e9r\u00e9e\u00a0?<\/span><\/p>\n<pre><span style=\"font-family: arial, helvetica, sans-serif;font-size: 18px\">&nbsp;<\/span><\/pre>\n<h3 style=\"font-size: 19px\"><span style=\"font-family: arial, helvetica, sans-serif;font-size: 18px\">\u00c0 faire et \u00e0 ne pas faire pour planter nos kits de boules de graines<\/span><\/h3>\n<p><span style=\"font-family: arial, helvetica, sans-serif;font-size: 16px\">Une observation attentive et de la patience sont n\u00e9cessaires dans le processus de culture lors de l&#039;utilisation de nos kits de boules de graines, apr\u00e8s tout, vous en avez besoin pour passer de la graine au fruit \u00e0 cueillir. Ainsi, dans le processus de culture, vous devez faire attention aux points suivants :<\/span><\/p>\n<p><span style=\"font-size: 16px\"><strong><span style=\"font-family: arial, helvetica, sans-serif\">1. Gestion de l&#039;eau et des engrais<\/span><\/strong><\/span><br \/><span style=\"font-family: arial, helvetica, sans-serif;font-size: 16px\">Qu&#039;il s&#039;agisse de tomates ou d&#039;herbes, elles n&#039;ont pas besoin de beaucoup d&#039;engrais. Au d\u00e9but et au milieu de la croissance, les besoins en eau sont plus importants et les plantes en pot doivent \u00eatre arros\u00e9es une fois tous les 3 jours environ. Ils ont besoin de plus d&#039;eau et doivent \u00eatre irrigu\u00e9s \u00e0 temps. Mais faites attention au drainage pendant la saison des pluies.<\/span><\/p>\n<p><span style=\"font-size: 16px\"><strong><span style=\"font-family: arial, helvetica, sans-serif\">2. Lutte antiparasitaire<\/span><\/strong><\/span><br \/><span style=\"font-family: arial, helvetica, sans-serif;font-size: 16px\">Ils sont tous li\u00e9s \u00e0 l&#039;alimentation. Il est pr\u00e9f\u00e9rable de ne pas utiliser de pesticides. Si des parasites et des maladies sont d\u00e9tect\u00e9s, ils doivent \u00eatre trait\u00e9s d\u00e8s que possible. Une gestion scientifique est n\u00e9cessaire pour cultiver des semis solides, augmenter l&#039;application d&#039;engrais, favoriser la croissance et la robustesse des plantes et am\u00e9liorer la r\u00e9sistance aux maladies<\/span><\/p>\n<pre><\/pre><\/p>","protected":false},"excerpt":{"rendered":"<p>Kits de boules de graines : c&#039;est facile - nous \u00e9liminons les conjectures de la culture des graines de tomates et d&#039;herbes, vous guidant \u00e0 chaque \u00e9tape du chemin. Tout ce dont vous avez besoin pour apporter la joie de la tomate et des herbes dans votre vie ou celle de votre proche dans une belle bo\u00eete cadeau. Plante-le!<\/p>","protected":false},"featured_media":13286,"comment_status":"open","ping_status":"closed","template":"","meta":[],"product_cat":[67],"product_tag":[598,593,70,594,595,596],"acf":[],"_links":{"self":[{"href":"https:\/\/www.garden-kit.com\/fr\/wp-json\/wp\/v2\/product\/1797"}],"collection":[{"href":"https:\/\/www.garden-kit.com\/fr\/wp-json\/wp\/v2\/product"}],"about":[{"href":"https:\/\/www.garden-kit.com\/fr\/wp-json\/wp\/v2\/types\/product"}],"replies":[{"embeddable":true,"href":"https:\/\/www.garden-kit.com\/fr\/wp-json\/wp\/v2\/comments?post=1797"}],"wp:featuredmedia":[{"embeddable":true,"href":"https:\/\/www.garden-kit.com\/fr\/wp-json\/wp\/v2\/media\/13286"}],"wp:attachment":[{"href":"https:\/\/www.garden-kit.com\/fr\/wp-json\/wp\/v2\/media?parent=1797"}],"wp:term":[{"taxonomy":"product_cat","embeddable":true,"href":"https:\/\/www.garden-kit.com\/fr\/wp-json\/wp\/v2\/product_cat?post=1797"},{"taxonomy":"product_tag","embeddable":true,"href":"https:\/\/www.garden-kit.com\/fr\/wp-json\/wp\/v2\/product_tag?post=1797"}],"curies":[{"name":"wp","href":"https:\/\/api.w.org\/{rel}","templated":true}]}}