{"id":1841,"date":"2022-08-24T09:12:09","date_gmt":"2022-08-24T01:12:09","guid":{"rendered":"http:\/\/www.garden-kit.com\/product\/organic-starter-transplanter-fertilizer\/"},"modified":"2023-03-31T16:36:58","modified_gmt":"2023-03-31T08:36:58","slug":"organic-starter-amp","status":"publish","type":"product","link":"https:\/\/www.garden-kit.com\/fr\/product\/organic-starter-amp\/","title":{"rendered":"Ampli de d\u00e9marrage organique"},"content":{"rendered":"<h3 style=\"font-size: 19px\"><span style=\"font-family: 'PingFang SC', 'Microsoft YaHei', sans-serif\"><strong>Aper\u00e7u<\/strong><\/span><\/h3>\n<table width=\"597\">\n<tbody>\n<tr>\n<td width=\"299\"><span style=\"font-family: 'PingFang SC', 'Microsoft YaHei', sans-serif\"><strong>Instructions d&#039;entretien du produit<\/strong><\/span><\/td>\n<td width=\"299\"><span style=\"font-family: 'PingFang SC', 'Microsoft YaHei', sans-serif\">Disponible<\/span><\/td>\n<\/tr>\n<tr>\n<td width=\"299\"><span style=\"font-family: 'PingFang SC', 'Microsoft YaHei', sans-serif\"><strong>type de produit<\/strong><\/span><\/td>\n<td width=\"299\"><span style=\"font-family: 'PingFang SC', 'Microsoft YaHei', sans-serif\">Engrais organique de d\u00e9marrage et de repiquage<\/span><\/p>\n<p><span style=\"font-family: 'PingFang SC', 'Microsoft YaHei', sans-serif\">&nbsp;<\/span><\/p>\n<\/td>\n<\/tr>\n<tr>\n<td width=\"299\"><span style=\"font-family: 'PingFang SC', 'Microsoft YaHei', sans-serif\"><strong>Une fonction sp\u00e9ciale<\/strong><\/span><\/td>\n<td width=\"299\"><span style=\"font-family: 'PingFang SC', 'Microsoft YaHei', sans-serif\">Culture int\u00e9rieure-ext\u00e9rieure<\/span><\/td>\n<\/tr>\n<tr>\n<td width=\"299\"><span style=\"font-family: 'PingFang SC', 'Microsoft YaHei', sans-serif\"><strong>Marque<\/strong><\/span><\/td>\n<td width=\"299\"><span style=\"font-family: 'PingFang SC', 'Microsoft YaHei', sans-serif\">Trousse de jardin<\/span><\/td>\n<\/tr>\n<tr>\n<td width=\"299\"><span style=\"font-family: 'PingFang SC', 'Microsoft YaHei', sans-serif\"><strong>Lieu d&#039;origine<\/strong><\/span><\/td>\n<td width=\"299\"><span style=\"font-family: 'PingFang SC', 'Microsoft YaHei', sans-serif\">Fujian, Chine<\/span><\/td>\n<\/tr>\n<tr>\n<td width=\"299\"><span style=\"font-family: 'PingFang SC', 'Microsoft YaHei', sans-serif\"><strong>ODM\/OEM<\/strong><\/span><\/td>\n<td width=\"299\"><span style=\"font-family: 'PingFang SC', 'Microsoft YaHei', sans-serif\">Disponible<\/span><\/td>\n<\/tr>\n<tr>\n<td width=\"299\"><span style=\"font-family: 'PingFang SC', 'Microsoft YaHei', sans-serif\"><strong>MOQ pour commande personnalis\u00e9e<\/strong><\/span><\/td>\n<td width=\"299\"><span style=\"font-family: 'PingFang SC', 'Microsoft YaHei', sans-serif\">3000 pi\u00e8ces<\/span><\/td>\n<\/tr>\n<tr>\n<td width=\"299\"><span style=\"font-family: 'PingFang SC', 'Microsoft YaHei', sans-serif\"><strong>Co\u00fbt de l&#039;\u00e9chantillon<\/strong><\/span><\/td>\n<td width=\"299\"><span style=\"font-family: 'PingFang SC', 'Microsoft YaHei', sans-serif\">US$400\/Sample, retour complet apr\u00e8s commande de notre part<\/span><\/td>\n<\/tr>\n<\/tbody>\n<\/table>\n<h3 style=\"font-size: 19px\"><span style=\"font-family: 'PingFang SC', 'Microsoft YaHei', sans-serif\"><strong>Description<\/strong><\/span><\/h3>\n<pre><\/pre>\n<p><span style=\"font-family: 'PingFang SC', 'Microsoft YaHei', sans-serif\">Garden KitOrganic Starter &amp; Transplanter Fertilizer est fi\u00e8rement produit dans des fermes familiales. Ces formules sont m\u00e9lang\u00e9es \u00e0 partir de sources de nutriments organiques de la plus haute qualit\u00e9 sans l&#039;utilisation de produits chimiques synth\u00e9tiques, de stimulants de croissance ou de charges de faible qualit\u00e9 telles que les d\u00e9chets de volaille. Contrairement aux engrais synth\u00e9tiques qui perturbent la sant\u00e9 du sol, les engrais Garden Kit fonctionnent avec les microbes, les champignons et la mati\u00e8re organique b\u00e9n\u00e9fiques du sol pour nourrir les plantes, stimuler la croissance et am\u00e9liorer la fertilit\u00e9 du sol.<\/span><\/p>\n<p><span style=\"font-family: 'PingFang SC', 'Microsoft YaHei', sans-serif\">Comment utiliser au mieux ce m\u00e9lange d&#039;engrais organique ?<\/span><\/p>\n<p><span style=\"font-family: 'PingFang SC', 'Microsoft YaHei', sans-serif\">Utilisez cet engrais lors de la pr\u00e9paration des semences, du sol et des greffes. Cette formule de d\u00e9marrage et de repiquage est sp\u00e9cialement con\u00e7ue pour favoriser une germination plus rapide des graines, une croissance pr\u00e9coce et un d\u00e9veloppement racinaire \u00e9tendu.<\/span><\/p>\n<p><span style=\"font-family: 'PingFang SC', 'Microsoft YaHei', sans-serif\">Garden Kit Fertilizer est r\u00e9pertori\u00e9 sur OMRI et sa qualit\u00e9 respecte ou d\u00e9passe les exigences \u00e9tablies par l&#039;USDA National Organic Program Institute.<\/span><\/p>\n<h3 style=\"font-size: 19px\"><span style=\"font-family: 'PingFang SC', 'Microsoft YaHei', sans-serif\"><strong>Les \u00e9l\u00e9ments suivants sont inclus dans le kit.<\/strong><\/span><\/h3>\n<p><span style=\"font-family: 'PingFang SC', 'Microsoft YaHei', sans-serif\">10 oz d&#039;engrais organique, brochure d&#039;instructions d\u00e9taill\u00e9es<\/span><\/p>\n<h3 style=\"font-size: 19px\"><span style=\"font-family: 'PingFang SC', 'Microsoft YaHei', sans-serif\"><strong>Comment utiliser<\/strong><\/span><\/h3>\n<p><span style=\"font-family: 'PingFang SC', 'Microsoft YaHei', sans-serif\">Pour les nouvelles plantes, m\u00e9langer dans le sol environnant ou dans le terreau. Pour les plantes plant\u00e9es, couvrir le sol tous les mois tout au long de la saison de croissance. Les taux d&#039;application varieront en fonction de la taille de la plante et du volume du sol. Suivez les instructions d\u00e9taill\u00e9es dans la bo\u00eete d&#039;engrais pour de meilleurs r\u00e9sultats.<\/span><\/p>\n<pre><\/pre><\/p>","protected":false},"excerpt":{"rendered":"<p>Ampli de d\u00e9marrage organique<\/p><\/p>","protected":false},"featured_media":13134,"comment_status":"open","ping_status":"closed","template":"","meta":[],"product_cat":[63],"product_tag":[481],"acf":[],"_links":{"self":[{"href":"https:\/\/www.garden-kit.com\/fr\/wp-json\/wp\/v2\/product\/1841"}],"collection":[{"href":"https:\/\/www.garden-kit.com\/fr\/wp-json\/wp\/v2\/product"}],"about":[{"href":"https:\/\/www.garden-kit.com\/fr\/wp-json\/wp\/v2\/types\/product"}],"replies":[{"embeddable":true,"href":"https:\/\/www.garden-kit.com\/fr\/wp-json\/wp\/v2\/comments?post=1841"}],"wp:featuredmedia":[{"embeddable":true,"href":"https:\/\/www.garden-kit.com\/fr\/wp-json\/wp\/v2\/media\/13134"}],"wp:attachment":[{"href":"https:\/\/www.garden-kit.com\/fr\/wp-json\/wp\/v2\/media?parent=1841"}],"wp:term":[{"taxonomy":"product_cat","embeddable":true,"href":"https:\/\/www.garden-kit.com\/fr\/wp-json\/wp\/v2\/product_cat?post=1841"},{"taxonomy":"product_tag","embeddable":true,"href":"https:\/\/www.garden-kit.com\/fr\/wp-json\/wp\/v2\/product_tag?post=1841"}],"curies":[{"name":"wp","href":"https:\/\/api.w.org\/{rel}","templated":true}]}}