{"id":1846,"date":"2022-08-24T09:12:47","date_gmt":"2022-08-24T01:12:47","guid":{"rendered":"http:\/\/www.garden-kit.com\/product\/gin-making-kit-flavor-your-own-gin-flavor-your-own-bottle-with-twelve-botanicals-perfect-gift-idea\/"},"modified":"2024-03-07T10:14:19","modified_gmt":"2024-03-07T02:14:19","slug":"gin-making-kit","status":"publish","type":"product","link":"https:\/\/www.garden-kit.com\/fr\/product\/gin-making-kit\/","title":{"rendered":"Kit de fabrication de gin maison"},"content":{"rendered":"<h3 style=\"font-size: 19px\">Aper\u00e7u<\/h3>\n<table style=\"border-collapse: collapse;width: 100%;height: 330px\" cellspacing=\"0\">\n<tbody>\n<tr style=\"height: 40px\">\n<td style=\"height: 40px;vertical-align: top;width: 299px;border: 1px solid black\"><span style=\"font-family: 'PingFang SC', 'Microsoft YaHei', sans-serif;font-size: 16px\">Instructions d&#039;entretien du produit<\/span><\/td>\n<td style=\"border-bottom: 1px solid black;border-left: none;border-right: 1px solid black;border-top: 1px solid black;height: 40px;vertical-align: top;width: 299px\"><span style=\"font-family: 'PingFang SC', 'Microsoft YaHei', sans-serif;font-size: 16px\">Disponible<\/span><\/td>\n<\/tr>\n<tr style=\"height: 40px\">\n<td style=\"border-bottom: 1px solid black;border-left: 1px solid black;border-right: 1px solid black;border-top: none;height: 40px;vertical-align: top;width: 299px\"><span style=\"font-family: 'PingFang SC', 'Microsoft YaHei', sans-serif;font-size: 16px\">type de produit<\/span><\/td>\n<td style=\"border-bottom: 1px solid black;border-left: none;border-right: 1px solid black;border-top: none;height: 40px;vertical-align: top;width: 299px\"><span style=\"font-family: 'PingFang SC', 'Microsoft YaHei', sans-serif;font-size: 16px\">KIT DE FABRICATION DE GIN<\/span><\/td>\n<\/tr>\n<tr style=\"height: 40px\">\n<td style=\"border-bottom: 1px solid black;border-left: 1px solid black;border-right: 1px solid black;border-top: none;height: 40px;vertical-align: top;width: 299px\"><span style=\"font-family: 'PingFang SC', 'Microsoft YaHei', sans-serif;font-size: 16px\">Une fonction sp\u00e9ciale<\/span><\/td>\n<td style=\"border-bottom: 1px solid black;border-left: none;border-right: 1px solid black;border-top: none;height: 40px;vertical-align: top;width: 299px\"><span style=\"font-family: 'PingFang SC', 'Microsoft YaHei', sans-serif;font-size: 16px\">Aromatisez votre propre bouteille avec douze plantes<\/span><\/td>\n<\/tr>\n<tr style=\"height: 42px\">\n<td style=\"border-bottom: 1px solid black;border-left: 1px solid black;border-right: 1px solid black;border-top: none;height: 42px;vertical-align: top;width: 299px\"><span style=\"font-family: 'PingFang SC', 'Microsoft YaHei', sans-serif;font-size: 16px\">Marque<\/span><\/td>\n<td style=\"border-bottom: 1px solid black;border-left: none;border-right: 1px solid black;border-top: none;height: 42px;vertical-align: top;width: 299px\"><span style=\"font-family: 'PingFang SC', 'Microsoft YaHei', sans-serif;font-size: 16px\">Trousse de jardin<\/span><\/td>\n<\/tr>\n<tr style=\"height: 42px\">\n<td style=\"border-bottom: 1px solid black;border-left: 1px solid black;border-right: 1px solid black;border-top: none;height: 42px;vertical-align: top;width: 299px\"><span style=\"font-family: 'PingFang SC', 'Microsoft YaHei', sans-serif;font-size: 16px\">Lieu d&#039;origine<\/span><\/td>\n<td style=\"border-bottom: 1px solid black;border-left: none;border-right: 1px solid black;border-top: none;height: 42px;vertical-align: top;width: 299px\"><span style=\"font-family: 'PingFang SC', 'Microsoft YaHei', sans-serif;font-size: 16px\">Fujian, Chine<\/span><\/td>\n<\/tr>\n<tr style=\"height: 42px\">\n<td style=\"border-bottom: 1px solid black;border-left: 1px solid black;border-right: 1px solid black;border-top: none;height: 42px;vertical-align: top;width: 299px\"><span style=\"font-family: 'PingFang SC', 'Microsoft YaHei', sans-serif;font-size: 16px\">ODM\/OEM<\/span><\/td>\n<td style=\"border-bottom: 1px solid black;border-left: none;border-right: 1px solid black;border-top: none;height: 42px;vertical-align: top;width: 299px\"><span style=\"font-family: 'PingFang SC', 'Microsoft YaHei', sans-serif;font-size: 16px\">Disponible<\/span><\/td>\n<\/tr>\n<tr style=\"height: 42px\">\n<td style=\"border-bottom: 1px solid black;border-left: 1px solid black;border-right: 1px solid black;border-top: none;height: 42px;vertical-align: top;width: 299px\"><span style=\"font-family: 'PingFang SC', 'Microsoft YaHei', sans-serif;font-size: 16px\">MOQ pour commande personnalis\u00e9e<\/span><\/td>\n<td style=\"border-bottom: 1px solid black;border-left: none;border-right: 1px solid black;border-top: none;height: 42px;vertical-align: top;width: 299px\"><span style=\"font-family: 'PingFang SC', 'Microsoft YaHei', sans-serif;font-size: 16px\">3000 pi\u00e8ces<\/span><\/td>\n<\/tr>\n<tr style=\"height: 42px\">\n<td style=\"border-bottom: 1px solid black;border-left: 1px solid black;border-right: 1px solid black;border-top: none;height: 42px;vertical-align: top;width: 299px\"><span style=\"font-family: 'PingFang SC', 'Microsoft YaHei', sans-serif;font-size: 16px\">Co\u00fbt de l&#039;\u00e9chantillon<\/span><\/td>\n<td style=\"border-bottom: 1px solid black;border-left: none;border-right: 1px solid black;border-top: none;height: 42px;vertical-align: top;width: 299px\"><span style=\"font-family: 'PingFang SC', 'Microsoft YaHei', sans-serif;font-size: 16px\">US$400\/Sample, retour complet apr\u00e8s commande de notre part<\/span><\/td>\n<\/tr>\n<\/tbody>\n<\/table>\n<p style=\"line-height: 1.5\"><span style=\"font-family: 'PingFang SC', 'Microsoft YaHei', sans-serif\">&nbsp;<\/span><\/p>\n<p style=\"line-height: 1.5\"><span style=\"font-family: 'PingFang SC', 'Microsoft YaHei', sans-serif;font-size: 16px\">FAITES VOTRE PROPRE CHOSE - Sortez des m\u00e9langes d'infusion standardis\u00e9s et laissez libre cours \u00e0 votre imagination et \u00e0 vos papilles gustatives dans ce kit exclusif. La seule chose dont vous avez besoin, c'est de votre cr\u00e9ativit\u00e9 ; il vous suffit d'y consacrer un peu de temps et vous obtiendrez un cocktail bien aromatis\u00e9 en guise de r\u00e9compense ! Choisissez votre essence botanique pr\u00e9f\u00e9r\u00e9e et cr\u00e9ez votre propre gin !<\/span><\/p>\n<p style=\"line-height: 1.5\"><span style=\"font-family: 'PingFang SC', 'Microsoft YaHei', sans-serif\">&nbsp;<\/span><\/p>\n<p style=\"line-height: 1.5\"><span style=\"font-family: 'PingFang SC', 'Microsoft YaHei', sans-serif;font-size: 16px\">Les \u00e9l\u00e9ments suivants sont inclus dans le kit.<\/span><\/p>\n<p style=\"line-height: 1.5\"><span style=\"font-family: 'PingFang SC', 'Microsoft YaHei', sans-serif;font-size: 16px\">Nos 12 plantes viennent du monde entier, dont certaines sont vraiment difficiles \u00e0 trouver. Pourtant, nous avons relev\u00e9 le d\u00e9fi de les trouver pour votre meilleure exp\u00e9rience de fabrication de gin !<\/span><\/p>\n<p style=\"line-height: 1.5\"><span style=\"font-family: 'PingFang SC', 'Microsoft YaHei', sans-serif;font-size: 16px\">Nous nous procurons les meilleurs ingr\u00e9dients botaniques pour le gin dans le monde entier. cardamome verte - fleurs d'hibiscus - graines de coriandre - poivre cub\u00e8be - fleurs de lavande - laurier - \u00e9corces d'orange - poivre rose - r\u00e9glisse - geni\u00e8vre.<\/span><\/p>\n<p style=\"line-height: 1.5\"><span style=\"font-family: 'PingFang SC', 'Microsoft YaHei', sans-serif;font-size: 16px\">1 carte d&#039;instructions \u00e9tape par \u00e9tape<\/span><\/p>\n<p style=\"line-height: 1.5\"><span style=\"font-family: 'PingFang SC', 'Microsoft YaHei', sans-serif;font-size: 16px\">1 coffret bricolage personnalis\u00e9<\/span><\/p>\n<p style=\"line-height: 1.5\"><span style=\"font-family: 'PingFang SC', 'Microsoft YaHei', sans-serif\">&nbsp;<\/span><\/p>\n<p style=\"line-height: 1.5\"><span style=\"font-family: 'PingFang SC', 'Microsoft YaHei', sans-serif;font-size: 18px\">CHAQUE KIT PRODUIRA 3 BOUTEILLES DE GIN<\/span><\/p>\n<p style=\"line-height: 1.5\"><span style=\"font-family: 'PingFang SC', 'Microsoft YaHei', sans-serif;font-size: 16px\">Gin maison : Avec notre usine de gin exclusive, vous pouvez d\u00e9guster votre propre gin et d\u00e9guster trois bouteilles avec vos amis et votre famille.<\/span><\/p>\n<p style=\"line-height: 1.5\"><span style=\"font-family: 'PingFang SC', 'Microsoft YaHei', sans-serif;font-size: 16px\">Comprend 12 plantes exotiques et tout l&#039;\u00e9quipement n\u00e9cessaire pour vous lancer dans la fabrication de votre propre gin<\/span><\/p>\n<p style=\"line-height: 1.5\"><span style=\"font-family: 'PingFang SC', 'Microsoft YaHei', sans-serif\">&nbsp;<\/span><\/p>\n<p style=\"line-height: 1.5\"><span style=\"font-family: 'PingFang SC', 'Microsoft YaHei', sans-serif;font-size: 16px\">L&#039;id\u00e9e cadeau parfaite pour les amateurs de gin<\/span><\/p>\n<p style=\"line-height: 1.5\"><span style=\"font-family: 'PingFang SC', 'Microsoft YaHei', sans-serif;font-size: 16px\">Fabrication et emballage de haute qualit\u00e9 : Deux bouteilles en verre avec bouchons en bois, emballage sans plastique, dans un carton simple, \u00e9l\u00e9gant et sans d\u00e9chets. Il est accompagn\u00e9 d'un entonnoir en m\u00e9tal et d'une notice d'utilisation compl\u00e8te.<\/span><\/p>\n<h3 style=\"font-size: 19px\">L&#039;efficacit\u00e9 et le r\u00f4le du gin<\/h3>\n<p style=\"line-height: 1.5\"><span style=\"font-family: 'PingFang SC', 'Microsoft YaHei', sans-serif;font-size: 16px\">Au d\u00e9but de son invention, le gin \u00e9tait principalement utilis\u00e9 comme vin m\u00e9dicinal. \u00c0 cette \u00e9poque, il \u00e9tait principalement utilis\u00e9 pour traiter les probl\u00e8mes d'estomac, la goutte et les calculs biliaires. En raison de son bon go\u00fbt, il \u00e9tait appr\u00e9ci\u00e9 par la population.<br \/>Bienvenue. S'imposant progressivement dans le domaine m\u00e9dical, ses principales fonctions sont les suivantes :<\/span><\/p>\n<p style=\"line-height: 1.5\"><span style=\"font-family: 'PingFang SC', 'Microsoft YaHei', sans-serif;font-size: 16px\">1. R\u00e9chauffer le corps<br \/>Le gin contient une grande quantit\u00e9 d'alcool. Il n'est pas pauvre en calories et a un go\u00fbt tr\u00e8s chaud. C'est un spiritueux. Le boire correctement peut am\u00e9liorer la circulation sanguine dans une certaine mesure, draguer les m\u00e9ridiens du corps humain et jouer un r\u00f4le dans la lutte contre le froid et le maintien de la chaleur.<\/span><\/p>\n<p style=\"line-height: 1.5\"><span style=\"font-family: 'PingFang SC', 'Microsoft YaHei', sans-serif;font-size: 16px\">2. \u00c9liminer la fatigue<br \/>Le gin est une boisson alcoolis\u00e9e, et le boire correctement peut stimuler le syst\u00e8me nerveux central du corps. Il convient aux personnes stress\u00e9es et fatigu\u00e9es mentalement, et il est b\u00e9n\u00e9fique pour \u00e9liminer la fatigue et la tension.<\/span><\/p>\n<p style=\"line-height: 1.5\"><span style=\"font-family: 'PingFang SC', 'Microsoft YaHei', sans-serif;font-size: 16px\">3. Promouvoir le m\u00e9tabolisme<br \/>La teneur en alcool du gin est relativement \u00e9lev\u00e9e, ce qui peut am\u00e9liorer la circulation sanguine du corps, ce qui est b\u00e9n\u00e9fique pour stimuler la peau de tout le corps, favorisant ainsi le m\u00e9tabolisme du corps.<br \/>Il peut \u00e9galement agir sur la conduction nerveuse, qui traverse le sang dans tout le corps.<\/span><\/p>\n<p style=\"line-height: 1.5\"><span style=\"font-family: 'PingFang SC', 'Microsoft YaHei', sans-serif;font-size: 16px\">4. Diur\u00e8se et gonflement<br \/>Apr\u00e8s avoir mang\u00e9 du gin avec mod\u00e9ration, il peut aider le corps humain \u00e0 uriner et r\u00e9duire l&#039;\u0153d\u00e8me corporel et les fluides corporels retenus. C&#039;est un bon diur\u00e9tique et a un bon effet sur les personnes qui perdent du poids sec.<\/span><\/p>\n<p style=\"line-height: 1.5\"><span style=\"font-family: 'PingFang SC', 'Microsoft YaHei', sans-serif;font-size: 16px\"><\/span><\/p>\n<h3 style=\"font-size: 19px\">Comment utiliser un kit de fabrication de gin maison<\/h3>\n<p>L&#039;utilisation d&#039;un kit de fabrication de gin maison est simple et directe\u00a0:<\/p>\n<ol>\n<li>St\u00e9rilisez l&#039;\u00e9quipement : St\u00e9rilisez tout l&#039;\u00e9quipement avant utilisation pour \u00e9viter toute contamination.<\/li>\n<li>Ajoutez des plantes : ajoutez les plantes fournies dans le kit au pot ou au r\u00e9cipient, ainsi que des baies de gen\u00e9vrier.<\/li>\n<li>Ajouter de l&#039;alcool\u00a0: versez de la vodka ou un autre alcool neutre dans le pot ou le r\u00e9cipient, en couvrant les plantes et les baies de gen\u00e9vrier.<\/li>\n<li>Infuser : Laisser infuser le m\u00e9lange pendant plusieurs jours, selon la recette fournie dans le kit.<\/li>\n<li>Filtrer\u00a0: filtrer le m\u00e9lange \u00e0 l&#039;aide d&#039;une \u00e9tamine ou d&#039;un filtre \u00e0 caf\u00e9 pour \u00e9liminer les plantes.<\/li>\n<li>Bouteille : Versez d\u00e9licatement le gin infus\u00e9 dans une bouteille et d\u00e9gustez !<\/li>\n<\/ol>\n<h3 style=\"font-size: 19px\">Avantages du kit de fabrication de gin fait maison<\/h3>\n<p>Il y a plusieurs avantages \u00e0 utiliser un kit de fabrication de gin fait maison. En voici quelques uns:<\/p>\n<ol>\n<li>Personnalisation : L&#039;un des plus grands avantages de la fabrication de votre propre gin \u00e0 la maison \u00e0 l&#039;aide d&#039;un kit de fabrication de gin est que vous avez un contr\u00f4le total sur les saveurs et les plantes que vous utilisez. Vous pouvez personnaliser le gin en fonction de vos pr\u00e9f\u00e9rences gustatives personnelles, en exp\u00e9rimentant diff\u00e9rentes combinaisons de plantes, d&#039;\u00e9pices et de fruits pour cr\u00e9er un gin unique et personnalis\u00e9, parfait pour vous.<\/li>\n<li>Cr\u00e9ativit\u00e9 : le kit de fabrication de gin fait maison vous permet de lib\u00e9rer votre cr\u00e9ativit\u00e9 et d&#039;exp\u00e9rimenter diff\u00e9rentes saveurs et ar\u00f4mes. Vous pouvez faire preuve de cr\u00e9ativit\u00e9 avec vos choix botaniques, tels que les baies de gen\u00e9vrier, les graines de coriandre, les \u00e9corces d&#039;agrumes ou m\u00eame des ingr\u00e9dients uniques comme la lavande ou les p\u00e9tales de rose, pour cr\u00e9er un gin vraiment unique et qui refl\u00e8te votre style personnel.<\/li>\n<li>Ingr\u00e9dients de qualit\u00e9 : de nombreux kits de fabrication de gin sont livr\u00e9s avec des plantes et des ingr\u00e9dients de haute qualit\u00e9, garantissant que vous utilisez des ingr\u00e9dients frais et de qualit\u00e9 sup\u00e9rieure pour cr\u00e9er votre gin. Cela peut donner un gin de meilleure qualit\u00e9 que les gins achet\u00e9s en magasin, o\u00f9 la qualit\u00e9 des ingr\u00e9dients peut varier.<\/li>\n<li>Amusant et \u00e9ducatif : le kit de fabrication de gin fait maison peut \u00eatre une exp\u00e9rience amusante et \u00e9ducative. Vous en apprendrez plus sur les diff\u00e9rentes plantes utilis\u00e9es dans la production de gin, comprendrez le processus de distillation et d\u00e9velopperez une appr\u00e9ciation plus profonde de l&#039;art et de l&#039;artisanat de la fabrication du gin. Cela peut aussi \u00eatre une excellente activit\u00e9 \u00e0 faire avec des amis ou en famille, ce qui en fait une exp\u00e9rience amusante et sociale.<\/li>\n<li>Rentable : Faire du gin \u00e0 la maison avec un kit de fabrication de gin peut \u00eatre rentable par rapport \u00e0 l&#039;achat de gins premium en magasin. Bien qu&#039;il puisse y avoir un investissement initial dans l&#039;achat du kit de fabrication de gin, le co\u00fbt par bouteille de gin fait maison peut \u00eatre consid\u00e9rablement inf\u00e9rieur \u00e0 l&#039;achat d&#039;une bouteille de gin de haute qualit\u00e9 dans le magasin.<\/li>\n<li>Durabilit\u00e9\u00a0: le kit de fabrication de gin fait maison \u00e0 l&#039;aide d&#039;un kit de fabrication de gin vous permet de contr\u00f4ler les ingr\u00e9dients que vous utilisez, ce qui signifie que vous pouvez faire des choix qui correspondent \u00e0 vos valeurs de durabilit\u00e9. Vous pouvez choisir des plantes biologiques ou d&#039;origine locale, r\u00e9duire les d\u00e9chets en r\u00e9utilisant les bouteilles et r\u00e9duire votre empreinte carbone en produisant du gin localement au lieu de compter sur le transport pour les gins achet\u00e9s en magasin.<\/li>\n<li>Cadeaux uniques : le kit de fabrication de gin fait maison peut \u00e9galement faire un cadeau attentionn\u00e9 et unique pour les amis et la famille. Vous pouvez cr\u00e9er des \u00e9tiquettes personnalis\u00e9es, concevoir votre propre emballage de bouteille et pr\u00e9senter une bouteille de gin artisanale vraiment sp\u00e9ciale et significative.<\/li>\n<\/ol>\n<h3 style=\"font-size: 19px\">La fabrication d'un gin maison : Un voyage dans les saveurs<\/h3>\n<h4>1. <strong>Mesure et s\u00e9lection des substances botaniques : Votre gin, vos r\u00e8gles<\/strong><\/h4>\n<p>Le processus cr\u00e9atif commence par la mesure et la s\u00e9lection des substances botaniques. Consultez le livret d'instructions fourni pour conna\u00eetre les proportions recommand\u00e9es ou lancez-vous dans l'exp\u00e9rimentation en ajustant les quantit\u00e9s en fonction de vos pr\u00e9f\u00e9rences gustatives.<\/p>\n<h4>2. <strong>Infusion : Marier les ar\u00f4mes \u00e0 l'alcool de base<\/strong><\/h4>\n<p>Placez les plantes choisies dans le pot de ma\u00e7on ou le r\u00e9cipient \u00e0 infusion, en les recouvrant de l'alcool de base, g\u00e9n\u00e9ralement un alcool neutre. Laissez reposer le m\u00e9lange pendant une p\u00e9riode d\u00e9termin\u00e9e, pour permettre \u00e0 l'alcool d'extraire les ar\u00f4mes des plantes m\u00e9dicinales.<\/p>\n<h4>3. <strong>D\u00e9gustation et ajustement : Une touche personnalis\u00e9e<\/strong><\/h4>\n<p>La d\u00e9gustation est une \u00e9tape cruciale du processus de fabrication du gin. Au fur et \u00e0 mesure de l'infusion des substances botaniques, go\u00fbtez la pr\u00e9paration pour \u00e9valuer le profil de saveur. Cette \u00e9tape vous permet de proc\u00e9der \u00e0 des ajustements, en ajoutant des substances botaniques si n\u00e9cessaire ou en laissant l'infusion se poursuivre jusqu'\u00e0 ce que le go\u00fbt souhait\u00e9 soit atteint.<\/p>\n<h4>4. <strong>Filtrage et mise en bouteille : Un chef-d'\u0153uvre en bouteille<\/strong><\/h4>\n<p>Une fois satisfait de la saveur, filtrez le liquide pour \u00e9liminer les plantes, ce qui vous laissera un gin clair et aromatique. Transvasez le produit final dans une bouteille, et votre gin maison est pr\u00eat \u00e0 \u00eatre sirot\u00e9 et m\u00e9lang\u00e9.<\/p>\n<h3 style=\"font-size: 19px\">Conseils de personnalisation : Am\u00e9liorez votre Gin<\/h3>\n<h4>1. <strong>Exp\u00e9rimentez avec des plantes m\u00e9dicinales :<\/strong><\/h4>\n<p>N'h\u00e9sitez pas \u00e0 exp\u00e9rimenter avec d'autres substances botaniques que celles propos\u00e9es dans le kit. Des herbes fra\u00eeches, des \u00e9pices ou m\u00eame des \u00e9l\u00e9ments floraux peuvent ajouter de la complexit\u00e9 et de la profondeur \u00e0 votre gin.<\/p>\n<h4>2. <strong>Vieillissement :<\/strong><\/h4>\n<p>Envisagez de faire vieillir votre gin pendant une courte p\u00e9riode pour en rehausser les saveurs. De petits f\u00fbts de ch\u00eane ou des douelles en bois carbonis\u00e9 peuvent \u00eatre ajout\u00e9s pour conf\u00e9rer de subtiles notes bois\u00e9es au spiritueux.<\/p>\n<h4>3. <strong>\u00c9tiquetage :<\/strong><\/h4>\n<p>Cr\u00e9ez une \u00e9tiquette personnalis\u00e9e pour votre gin maison. Cela ajoute non seulement une touche de professionnalisme, mais en fait aussi un cadeau fantastique pour les amis ou la famille.<\/p>","protected":false},"excerpt":{"rendered":"<p>FAITES VOTRE PROPRE CHOSE - Sortez des m\u00e9langes d&#039;infusion standardis\u00e9s et laissez libre cours \u00e0 votre imagination et \u00e0 vos papilles gustatives dans ce kit exclusif. La seule chose en plus dont vous avez besoin est votre cr\u00e9ativit\u00e9 : il vous suffit d&#039;injecter un peu de temps et un cocktail plein de saveurs sera votre r\u00e9compense !<\/p>\n<p>Un kit de fabrication de gin fait maison est un moyen amusant et facile de fabriquer votre propre gin \u00e0 la maison. Ces kits sont g\u00e9n\u00e9ralement livr\u00e9s avec tous les ingr\u00e9dients et \u00e9quipements n\u00e9cessaires pour cr\u00e9er un petit lot de gin, y compris des plantes, des baies de gen\u00e9vrier et des instructions.<\/p><\/p>","protected":false},"featured_media":17857,"comment_status":"closed","ping_status":"closed","template":"","meta":[],"product_cat":[86],"product_tag":[790,555,563,560,551,557,553,791,552,792],"acf":[],"_links":{"self":[{"href":"https:\/\/www.garden-kit.com\/fr\/wp-json\/wp\/v2\/product\/1846"}],"collection":[{"href":"https:\/\/www.garden-kit.com\/fr\/wp-json\/wp\/v2\/product"}],"about":[{"href":"https:\/\/www.garden-kit.com\/fr\/wp-json\/wp\/v2\/types\/product"}],"replies":[{"embeddable":true,"href":"https:\/\/www.garden-kit.com\/fr\/wp-json\/wp\/v2\/comments?post=1846"}],"wp:featuredmedia":[{"embeddable":true,"href":"https:\/\/www.garden-kit.com\/fr\/wp-json\/wp\/v2\/media\/17857"}],"wp:attachment":[{"href":"https:\/\/www.garden-kit.com\/fr\/wp-json\/wp\/v2\/media?parent=1846"}],"wp:term":[{"taxonomy":"product_cat","embeddable":true,"href":"https:\/\/www.garden-kit.com\/fr\/wp-json\/wp\/v2\/product_cat?post=1846"},{"taxonomy":"product_tag","embeddable":true,"href":"https:\/\/www.garden-kit.com\/fr\/wp-json\/wp\/v2\/product_tag?post=1846"}],"curies":[{"name":"wp","href":"https:\/\/api.w.org\/{rel}","templated":true}]}}