{"id":3975,"date":"2022-10-19T13:23:55","date_gmt":"2022-10-19T05:23:55","guid":{"rendered":"https:\/\/www.garden-kit.com\/product\/perfect-slice\/"},"modified":"2023-03-31T14:57:32","modified_gmt":"2023-03-31T06:57:32","slug":"seed-bomb-kit","status":"publish","type":"product","link":"https:\/\/www.garden-kit.com\/fr\/product\/seed-bomb-kit\/","title":{"rendered":"Kit de bombe \u00e0 graines"},"content":{"rendered":"<h3 style=\"line-height: 1.5;font-size: 19px\"><span style=\"font-family: arial, helvetica, sans-serif;font-size: 16px\">Aper\u00e7u<\/span><\/h3>\n<table border=\"1\" cellspacing=\"0\" style=\"border-collapse: collapse;width: 100%\">\n<tbody>\n<tr>\n<td valign=\"top\" width=\"373\">\n<p><span style=\"font-family: arial, helvetica, sans-serif;font-size: 16px\">Instructions d&#039;entretien du produit<\/span><\/p>\n<\/td>\n<td valign=\"top\" width=\"373\">\n<p><span style=\"font-family: arial, helvetica, sans-serif;font-size: 16px\">Disponible<\/span><\/p>\n<\/td>\n<\/tr>\n<tr>\n<td valign=\"top\" width=\"373\">\n<p><span style=\"font-family: arial, helvetica, sans-serif;font-size: 16px\">Type de produit v\u00e9g\u00e9tal<\/span><\/p>\n<\/td>\n<td valign=\"top\" width=\"373\">\n<p><span style=\"font-family: arial, helvetica, sans-serif;font-size: 16px\">Tomate &amp; Herbes <\/span><\/p>\n<\/td>\n<\/tr>\n<tr>\n<td valign=\"top\" width=\"373\">\n<p><span style=\"font-family: arial, helvetica, sans-serif;font-size: 16px\">Une fonction sp\u00e9ciale<\/span><\/p>\n<\/td>\n<td valign=\"top\" width=\"373\">\n<p><span style=\"font-family: arial, helvetica, sans-serif;font-size: 16px\">Culture int\u00e9rieure-ext\u00e9rieure<\/span><\/p>\n<\/td>\n<\/tr>\n<tr>\n<td valign=\"top\" width=\"373\">\n<p><span style=\"font-family: arial, helvetica, sans-serif;font-size: 16px\">Marque<\/span><\/p>\n<\/td>\n<td valign=\"top\" width=\"373\">\n<p><span style=\"font-family: arial, helvetica, sans-serif;font-size: 16px\">Trousse de jardin<\/span><\/p>\n<\/td>\n<\/tr>\n<tr>\n<td valign=\"top\" width=\"373\">\n<p><span style=\"font-family: arial, helvetica, sans-serif;font-size: 16px\">Lieu d&#039;origine<\/span><\/p>\n<\/td>\n<td valign=\"top\" width=\"373\">\n<p><span style=\"font-family: arial, helvetica, sans-serif;font-size: 16px\">Fujian, Chine<\/span><\/p>\n<\/td>\n<\/tr>\n<tr>\n<td valign=\"top\" width=\"373\">\n<p><span style=\"font-family: arial, helvetica, sans-serif;font-size: 16px\">ODM\/OEM<\/span><\/p>\n<\/td>\n<td valign=\"top\" width=\"373\">\n<p><span style=\"font-family: arial, helvetica, sans-serif;font-size: 16px\">Disponible<\/span><\/p>\n<\/td>\n<\/tr>\n<tr>\n<td valign=\"top\" width=\"373\">\n<p><span style=\"font-family: arial, helvetica, sans-serif;font-size: 16px\">MOQ pour commande personnalis\u00e9e<\/span><\/p>\n<\/td>\n<td valign=\"top\" width=\"373\">\n<p><span style=\"font-family: arial, helvetica, sans-serif;font-size: 16px\">3000 pi\u00e8ces<\/span><\/p>\n<\/td>\n<\/tr>\n<tr>\n<td valign=\"top\" width=\"373\">\n<p><span style=\"font-family: arial, helvetica, sans-serif;font-size: 16px\">Co\u00fbt de l&#039;\u00e9chantillon<\/span><\/p>\n<\/td>\n<td valign=\"top\" width=\"373\">\n<p><span style=\"font-family: arial, helvetica, sans-serif;font-size: 16px\">US$400\/Sample, retour complet apr\u00e8s commande de notre part<\/span><\/p>\n<\/td>\n<\/tr>\n<\/tbody>\n<\/table>\n<p style=\"line-height: 1.5\"><span style=\"font-family: arial, helvetica, sans-serif;font-size: 16px\"><\/span><\/p>\n<p style=\"line-height: 1.5\"><span style=\"font-family: arial, helvetica, sans-serif;font-size: 16px\">Perfect Slice \u2013 Kit cadeau : c&#039;est facile \u2013 nous \u00e9liminons les conjectures de la culture des graines de tomates et d&#039;herbes, vous guidant \u00e0 chaque \u00e9tape du chemin. Tout ce dont vous avez besoin pour apporter la joie de la tomate et des herbes dans votre vie ou celle de votre proche dans une belle bo\u00eete cadeau. Plante-le!<\/span><\/p>\n<p style=\"line-height: 1.5\"><span style=\"font-family: arial, helvetica, sans-serif;font-size: 16px\">&nbsp;<\/span><\/p>\n<p style=\"line-height: 1.5\"><span style=\"font-family: arial, helvetica, sans-serif;font-size: 16px\">Les \u00e9l\u00e9ments suivants sont inclus dans le kit.<\/span><span style=\"font-family: arial, helvetica, sans-serif;font-size: 16px\">&nbsp;<\/span><\/p>\n<p style=\"line-height: 1.5\"><span style=\"font-family: arial, helvetica, sans-serif;font-size: 16px\">Kit de boules de graines Pizza Garden\u00a0: moules d&#039;argile et de vers dans un sac biod\u00e9gradable, basilic k\u00e9nose bio, tomates cerises bio, roquette bio et graines d&#039;origan grec bio, r\u00e8gle de jardinage et instructions de plantation. Jusqu&#039;\u00e0 20 boules de graines.<\/span><\/p>\n<p style=\"line-height: 1.5\"><span style=\"font-family: arial, helvetica, sans-serif;font-size: 16px\">Coupe-pizza : lame en acier inoxydable, couvercle de lame de protection, passe au lave-vaisselle.<\/span><\/p>\n<p style=\"line-height: 1.5\"><span style=\"font-family: arial, helvetica, sans-serif;font-size: 16px\">\u00c9tiquette de jardin\u00a0: Bambou<\/span><span style=\"font-family: arial, helvetica, sans-serif;font-size: 16px\">&nbsp;<\/span><\/p>\n<p style=\"line-height: 1.5\"><span style=\"font-family: arial, helvetica, sans-serif;font-size: 16px\">Une collection color\u00e9e pour que votre famille commence \u00e0 cultiver tous les ingr\u00e9dients d&#039;une soir\u00e9e pizza dans un jardin fertile d&#039;inspiration italienne.<\/span><\/p>\n<p style=\"line-height: 1.5\"><span style=\"font-family: arial, helvetica, sans-serif;font-size: 16px\">&nbsp;<\/span><\/p>\n<p style=\"line-height: 1.5\"><span style=\"font-family: arial, helvetica, sans-serif;font-size: 16px\">Kit de boules de graines Pizza Garden : L&#039;essentiel dont vous avez besoin pour faire 20 boules de graines riches en nutriments, ainsi que des instructions de plantation pour d\u00e9marrer un beau jardin. Comprend des graines de basilic, de roquette, de tomate cerise et d&#039;origan biologiques.<\/span><\/p>\n<p style=\"line-height: 1.5\">\n<p style=\"line-height: 1.5\"><span style=\"font-family: arial, helvetica, sans-serif;font-size: 16px\">Coupe-pizza : outil de cuisine ergonomique avec une poign\u00e9e facile \u00e0 utiliser pour couper facilement la pizza et le pain plat.<\/span><\/p>\n<p style=\"line-height: 1.5\">\n<p style=\"line-height: 1.5\"><span style=\"font-family: arial, helvetica, sans-serif;font-size: 16px\">Marqueurs de jardin\u00a0: quatre marqueurs de plantes en bambou pour votre jardin \u00e0 l&#039;italienne.<\/span><\/p>\n<p style=\"line-height: 1.5\"><span style=\"font-family: arial, helvetica, sans-serif;font-size: 16px\">Kit de bo\u00eete\u00a0: 12,125\u2033L x 9,25\u2033H x 6\u2033P<\/span><\/p>\n<p style=\"line-height: 1.5\"><span style=\"font-family: arial, helvetica, sans-serif;font-size: 16px\">Kit de boules de graines Pizza Garden : 6\u2033 L x 4\u2033 H x 8\u2033 P<\/span><span style=\"font-family: arial, helvetica, sans-serif;font-size: 16px\">&nbsp;<\/span><\/p>\n<p style=\"line-height: 1.5\"><span style=\"font-family: arial, helvetica, sans-serif;font-size: 16px\">Coupe-pizza : 4\u2033 x 3,7\u2033<\/span><span style=\"font-family: arial, helvetica, sans-serif;font-size: 16px\">&nbsp;<\/span><\/p>\n<p style=\"line-height: 1.5\"><span style=\"font-family: arial, helvetica, sans-serif;font-size: 16px\">Marqueur de jardin : 2,3\u2033 x 4\u2033<\/span><\/p><\/p>","protected":false},"excerpt":{"rendered":"<p>kit de bombe de graines - Kit cadeau : C&#039;est facile - nous \u00e9liminons les conjectures de la culture des graines de tomates et d&#039;herbes, en vous guidant \u00e0 chaque \u00e9tape du chemin. Tout ce dont vous avez besoin pour apporter la joie de la tomate et des herbes dans votre vie ou celle de votre proche dans une belle bo\u00eete cadeau. Plante-le!<\/p>","protected":false},"featured_media":12356,"comment_status":"open","ping_status":"closed","template":"","meta":[],"product_cat":[67],"product_tag":[511,512],"acf":[],"_links":{"self":[{"href":"https:\/\/www.garden-kit.com\/fr\/wp-json\/wp\/v2\/product\/3975"}],"collection":[{"href":"https:\/\/www.garden-kit.com\/fr\/wp-json\/wp\/v2\/product"}],"about":[{"href":"https:\/\/www.garden-kit.com\/fr\/wp-json\/wp\/v2\/types\/product"}],"replies":[{"embeddable":true,"href":"https:\/\/www.garden-kit.com\/fr\/wp-json\/wp\/v2\/comments?post=3975"}],"wp:featuredmedia":[{"embeddable":true,"href":"https:\/\/www.garden-kit.com\/fr\/wp-json\/wp\/v2\/media\/12356"}],"wp:attachment":[{"href":"https:\/\/www.garden-kit.com\/fr\/wp-json\/wp\/v2\/media?parent=3975"}],"wp:term":[{"taxonomy":"product_cat","embeddable":true,"href":"https:\/\/www.garden-kit.com\/fr\/wp-json\/wp\/v2\/product_cat?post=3975"},{"taxonomy":"product_tag","embeddable":true,"href":"https:\/\/www.garden-kit.com\/fr\/wp-json\/wp\/v2\/product_tag?post=3975"}],"curies":[{"name":"wp","href":"https:\/\/api.w.org\/{rel}","templated":true}]}}