{"id":3998,"date":"2022-10-19T13:45:26","date_gmt":"2022-10-19T05:45:26","guid":{"rendered":"https:\/\/www.garden-kit.com\/product\/set-of-6-plantable-seed-paper-christmas-gift-present-tags\/"},"modified":"2022-10-19T13:45:26","modified_gmt":"2022-10-19T05:45:26","slug":"set-of-6-plantable-seed-paper-christmas-gift-present-tags","status":"publish","type":"product","link":"https:\/\/www.garden-kit.com\/fr\/product\/set-of-6-plantable-seed-paper-christmas-gift-present-tags\/","title":{"rendered":"Ensemble de 6 \u00e9tiquettes de cadeau de No\u00ebl en papier de graines \u00e0 planter"},"content":{"rendered":"<p><strong>Aper\u00e7u<\/strong><\/p>\n<table border=\"1\" cellspacing=\"0\">\n<tbody>\n<tr>\n<td valign=\"top\" width=\"373\">\n<p><strong>Instructions d&#039;entretien du produit<\/strong><\/p>\n<\/td>\n<td valign=\"top\" width=\"373\">\n<p><span style=\"font-family: Calibri\">Disponible<\/span><\/p>\n<\/td>\n<\/tr>\n<tr>\n<td valign=\"top\" width=\"373\">\n<p><strong>Type de produit v\u00e9g\u00e9tal<\/strong><\/p>\n<\/td>\n<td valign=\"top\" width=\"373\">\n<p><span style=\"font-family: Calibri\">fleurs sauvages et sycomore<\/span><\/p>\n<\/td>\n<\/tr>\n<tr>\n<td valign=\"top\" width=\"373\">\n<p><strong>Une fonction sp\u00e9ciale<\/strong><\/p>\n<\/td>\n<td valign=\"top\" width=\"373\">\n<p><span style=\"font-family: Calibri\">Culture int\u00e9rieure-ext\u00e9rieure<\/span><\/p>\n<\/td>\n<\/tr>\n<tr>\n<td valign=\"top\" width=\"373\">\n<p><strong><span style=\"font-family: Arial\">Marque<\/span><\/strong><\/p>\n<\/td>\n<td valign=\"top\" width=\"373\">\n<p><span style=\"font-family: Calibri\">Trousse de jardin<\/span><\/p>\n<\/td>\n<\/tr>\n<tr>\n<td valign=\"top\" width=\"373\">\n<p><strong><span style=\"font-family: Arial\">Lieu d&#039;origine<\/span><\/strong><\/p>\n<\/td>\n<td valign=\"top\" width=\"373\">\n<p><span style=\"font-family: Calibri\">Fujian, Chine<\/span><\/p>\n<\/td>\n<\/tr>\n<tr>\n<td valign=\"top\" width=\"373\">\n<p><strong><span style=\"font-family: Arial\">ODM\/OEM<\/span><\/strong><\/p>\n<\/td>\n<td valign=\"top\" width=\"373\">\n<p><span style=\"font-family: Calibri\">Disponible<\/span><\/p>\n<\/td>\n<\/tr>\n<tr>\n<td valign=\"top\" width=\"373\">\n<p><strong><span style=\"font-family: Arial\">MOQ pour commande personnalis\u00e9e<\/span><\/strong><\/p>\n<\/td>\n<td valign=\"top\" width=\"373\">\n<p><span style=\"font-family: Calibri\">3000 pi\u00e8ces<\/span><\/p>\n<\/td>\n<\/tr>\n<tr>\n<td valign=\"top\" width=\"373\">\n<p><strong><span style=\"font-family: Arial\">Co\u00fbt de l&#039;\u00e9chantillon<\/span><\/strong><\/p>\n<\/td>\n<td valign=\"top\" width=\"373\">\n<p><span style=\"font-family: Calibri\">US$400\/Sample, retour complet apr\u00e8s commande de notre part<\/span><\/p>\n<\/td>\n<\/tr>\n<\/tbody>\n<\/table>\n<p>&nbsp;<\/p>\n<p><strong><span style=\"font-family: Arial\">Les \u00e9l\u00e9ments suivants sont inclus dans le kit.<\/span><\/strong><\/p>\n<p>&nbsp;<\/p>\n<p><span style=\"font-family: Calibri\">6<\/span>&nbsp;\u00c9tiquettes de cadeau de No\u00ebl en papier de semences \u00e0 planter<\/p>\n<p><span style=\"font-family: Calibri\">1 guide de plantation \u00e9tape par \u00e9tape<\/span><\/p>\n<p><span style=\"font-family: Calibri\">1 personnalis\u00e9 <\/span><span style=\"font-family: Calibri\">sac d&#039;emballage<\/span><\/p>\n<p>&nbsp;<\/p>\n<p><span style=\"font-family: Calibri\">\u00c9tiquettes-cadeaux \u00e0 planter en papier de semences\u00a0!<\/span><\/p>\n<p>&nbsp;<\/p>\n<p><span style=\"font-family: Calibri\">Papier \u00e9cologique 100% fabriqu\u00e9 \u00e0 la main, recyclable et biod\u00e9gradable avec des graines de fleurs sauvages et de sycomore.<\/span><\/p>\n<p>&nbsp;<\/p>\n<p><span style=\"font-family: Calibri\">Cette \u00e9tiquette-cadeau \u00e0 planter est 100% fabriqu\u00e9e \u00e0 partir de papier brouillon et d&#039;un m\u00e9lange de graines de sycomore et de fleurs sauvages.<\/span><\/p>\n<p>&nbsp;<\/p>\n<p><span style=\"font-family: Calibri\">\u2013 Faire tremper le papier ensemenc\u00e9 dans l&#039;eau pendant une nuit.<\/span><\/p>\n<p>&nbsp;<\/p>\n<p><span style=\"font-family: Calibri\">\u2013 Plantez le papier de semences humide dans le sol pr\u00e9par\u00e9 \u00e0 une profondeur d&#039;environ 1\/4 de pouce.<\/span><\/p>\n<p>&nbsp;<\/p>\n<p><span style=\"font-family: Calibri\">-Arrosez le puits, surtout pendant les quatre \u00e0 six premi\u00e8res semaines.<\/span><\/p>\n<p>&nbsp;<\/p>\n<p><span style=\"font-family: Calibri\">Plantez du papier \u00e0 l&#039;ext\u00e9rieur pendant les mois frais jusqu&#039;au d\u00e9but du printemps. La plantation d&#039;automne profitera des pluies d&#039;hiver pour apporter des fleurs au d\u00e9but du printemps. Plantez \u00e0 l&#039;int\u00e9rieur \u00e0 tout moment, puis transplantez dans un endroit plus permanent au d\u00e9but du printemps.<\/span><\/p>\n<p>&nbsp;<\/p>\n<p><span style=\"font-family: Calibri\">Ensemble de 6 \u00e9tiquettes-cadeaux sur le th\u00e8me de No\u00ebl en papier de graines \u00e0 planter<\/span><\/p>\n<p>&nbsp;<\/p>\n<p><span style=\"font-family: Calibri\">7,5 x 5 cm (2,95 po x 1,97 po)<\/span><\/p>\n<p>&nbsp;<\/p>\n<p><span style=\"font-family: Calibri\">Facile \u00e0 \u00e9crire avec n&#039;importe quel stylo.<\/span><\/p>\n<p>&nbsp;<\/p>\n<p><span style=\"font-family: Calibri\">Les instructions de culture sont incluses au dos de l&#039;emballage.<\/span><\/p>\n<p>&nbsp;<\/p>\n<p>&nbsp;<\/p>\n<p>&nbsp;<\/p>\n<p><span style=\"font-family: Calibri\">Ficelle de jute non incluse.<\/span><\/p>","protected":false},"excerpt":{"rendered":"<p>Kit d&#039;\u00e9tiquettes de cadeau de No\u00ebl en papier de graines \u00e0 planter en papier de graines de 6 pi\u00e8ces : c&#039;est facile - nous \u00e9liminons les conjectures de la culture des graines de fleurs sauvages et de sycomore, vous guidant \u00e0 chaque \u00e9tape du chemin. Tout ce dont vous avez besoin pour apporter la joie des fleurs sauvages et du sycomore dans votre vie ou celle de votre bien-aim\u00e9 dans un magnifique sac personnalis\u00e9. Plante-le!<\/p>","protected":false},"featured_media":3992,"comment_status":"open","ping_status":"closed","template":"","meta":[],"product_cat":[67],"product_tag":[232],"acf":[],"_links":{"self":[{"href":"https:\/\/www.garden-kit.com\/fr\/wp-json\/wp\/v2\/product\/3998"}],"collection":[{"href":"https:\/\/www.garden-kit.com\/fr\/wp-json\/wp\/v2\/product"}],"about":[{"href":"https:\/\/www.garden-kit.com\/fr\/wp-json\/wp\/v2\/types\/product"}],"replies":[{"embeddable":true,"href":"https:\/\/www.garden-kit.com\/fr\/wp-json\/wp\/v2\/comments?post=3998"}],"wp:featuredmedia":[{"embeddable":true,"href":"https:\/\/www.garden-kit.com\/fr\/wp-json\/wp\/v2\/media\/3992"}],"wp:attachment":[{"href":"https:\/\/www.garden-kit.com\/fr\/wp-json\/wp\/v2\/media?parent=3998"}],"wp:term":[{"taxonomy":"product_cat","embeddable":true,"href":"https:\/\/www.garden-kit.com\/fr\/wp-json\/wp\/v2\/product_cat?post=3998"},{"taxonomy":"product_tag","embeddable":true,"href":"https:\/\/www.garden-kit.com\/fr\/wp-json\/wp\/v2\/product_tag?post=3998"}],"curies":[{"name":"wp","href":"https:\/\/api.w.org\/{rel}","templated":true}]}}