{"id":4001,"date":"2022-10-19T13:45:30","date_gmt":"2022-10-19T05:45:30","guid":{"rendered":"https:\/\/www.garden-kit.com\/product\/set-of-6-plantable-seed-paper-christmas-gift-present-tags-2\/"},"modified":"2023-03-31T14:58:22","modified_gmt":"2023-03-31T06:58:22","slug":"plantable-paper-seed-bombs","status":"publish","type":"product","link":"https:\/\/www.garden-kit.com\/fr\/product\/plantable-paper-seed-bombs\/","title":{"rendered":"Bombes \u00e0 graines en papier \u00e0 planter"},"content":{"rendered":"<p><strong><span style=\"font-family: arial, helvetica, sans-serif;font-size: 18px\">Kit d&#039;\u00e9tiquettes de cadeau de No\u00ebl en papier de semences \u00e0 planter en papier de semences de 6 pi\u00e8ces\u00a0: <\/span><\/strong><\/p>\n<p><span style=\"font-family: arial, helvetica, sans-serif;font-size: 16px\">C&#039;est facile - nous \u00e9liminons les conjectures de la culture des graines de fleurs sauvages et de sycomores, en vous guidant \u00e0 chaque \u00e9tape du chemin. Tout ce dont vous avez besoin pour apporter la joie des fleurs sauvages et du sycomore dans votre vie ou celle de votre bien-aim\u00e9 dans un magnifique sac personnalis\u00e9. Plante-le! <\/span><span style=\"font-family: arial, helvetica, sans-serif;font-size: 18px\"><\/span><\/p>\n<h3 style=\"font-size: 19px\"><strong><span style=\"font-family: arial, helvetica, sans-serif;font-size: 18px\">Aper\u00e7u<\/span><\/strong><\/h3>\n<table border=\"1\" cellspacing=\"0\" style=\"border-collapse: collapse;width: 100%;height: 248px\">\n<tbody>\n<tr style=\"height: 31px\">\n<td valign=\"top\" width=\"373\" style=\"height: 31px\">\n<p><span style=\"font-family: arial, helvetica, sans-serif;font-size: 16px\">Instructions d&#039;entretien du produit<\/span><\/p>\n<\/td>\n<td valign=\"top\" width=\"373\" style=\"height: 31px\">\n<p><span style=\"font-family: arial, helvetica, sans-serif;font-size: 16px\">Disponible<\/span><\/p>\n<\/td>\n<\/tr>\n<tr style=\"height: 31px\">\n<td valign=\"top\" width=\"373\" style=\"height: 31px\">\n<p><span style=\"font-family: arial, helvetica, sans-serif;font-size: 16px\">Type de produit v\u00e9g\u00e9tal<\/span><\/p>\n<\/td>\n<td valign=\"top\" width=\"373\" style=\"height: 31px\">\n<p><span style=\"font-family: arial, helvetica, sans-serif;font-size: 16px\">fleurs sauvages et sycomore<\/span><\/p>\n<\/td>\n<\/tr>\n<tr style=\"height: 31px\">\n<td valign=\"top\" width=\"373\" style=\"height: 31px\">\n<p><span style=\"font-family: arial, helvetica, sans-serif;font-size: 16px\">Une fonction sp\u00e9ciale<\/span><\/p>\n<\/td>\n<td valign=\"top\" width=\"373\" style=\"height: 31px\">\n<p><span style=\"font-family: arial, helvetica, sans-serif;font-size: 16px\">Culture int\u00e9rieure-ext\u00e9rieure<\/span><\/p>\n<\/td>\n<\/tr>\n<tr style=\"height: 31px\">\n<td valign=\"top\" width=\"373\" style=\"height: 31px\">\n<p><span style=\"font-family: arial, helvetica, sans-serif;font-size: 16px\">Marque<\/span><\/p>\n<\/td>\n<td valign=\"top\" width=\"373\" style=\"height: 31px\">\n<p><span style=\"font-family: arial, helvetica, sans-serif;font-size: 16px\">Trousse de jardin<\/span><\/p>\n<\/td>\n<\/tr>\n<tr style=\"height: 31px\">\n<td valign=\"top\" width=\"373\" style=\"height: 31px\">\n<p><span style=\"font-family: arial, helvetica, sans-serif;font-size: 16px\">Lieu d&#039;origine<\/span><\/p>\n<\/td>\n<td valign=\"top\" width=\"373\" style=\"height: 31px\">\n<p><span style=\"font-family: arial, helvetica, sans-serif;font-size: 16px\">Fujian, Chine<\/span><\/p>\n<\/td>\n<\/tr>\n<tr style=\"height: 31px\">\n<td valign=\"top\" width=\"373\" style=\"height: 31px\">\n<p><span style=\"font-family: arial, helvetica, sans-serif;font-size: 16px\">ODM\/OEM<\/span><\/p>\n<\/td>\n<td valign=\"top\" width=\"373\" style=\"height: 31px\">\n<p><span style=\"font-family: arial, helvetica, sans-serif;font-size: 16px\">Disponible<\/span><\/p>\n<\/td>\n<\/tr>\n<tr style=\"height: 31px\">\n<td valign=\"top\" width=\"373\" style=\"height: 31px\">\n<p><span style=\"font-family: arial, helvetica, sans-serif;font-size: 16px\">MOQ pour commande personnalis\u00e9e<\/span><\/p>\n<\/td>\n<td valign=\"top\" width=\"373\" style=\"height: 31px\">\n<p><span style=\"font-family: arial, helvetica, sans-serif;font-size: 16px\">3000 pi\u00e8ces<\/span><\/p>\n<\/td>\n<\/tr>\n<tr style=\"height: 31px\">\n<td valign=\"top\" width=\"373\" style=\"height: 31px\">\n<p><span style=\"font-family: arial, helvetica, sans-serif;font-size: 16px\">Co\u00fbt de l&#039;\u00e9chantillon<\/span><\/p>\n<\/td>\n<td valign=\"top\" width=\"373\" style=\"height: 31px\">\n<p><span style=\"font-family: arial, helvetica, sans-serif;font-size: 16px\">US$400\/Sample, retour complet apr\u00e8s la commande de notre part<\/span><\/p>\n<\/td>\n<\/tr>\n<\/tbody>\n<\/table>\n<p style=\"text-align: center\"><img decoding=\"async\" src=\"https:\/\/data.adwebcloud.com\/public\/material\/2206293ihquj\/product\/3_1666158227014.jpg\" alt=\"exemple\" width=\"50%\" title=\"\"><img decoding=\"async\" src=\"https:\/\/data.adwebcloud.com\/public\/material\/2206293ihquj\/product\/4_1666158227081.jpg\" alt=\"exemple\" width=\"50%\" title=\"\"> &nbsp;<\/p>\n<h3 style=\"font-size: 19px\"><span style=\"font-family: arial, helvetica, sans-serif;font-size: 18px\"><span><span>Qu&#039;est-ce que le papier de semences plantable ?<\/span><\/span><span><span> <\/span><\/span><\/span><\/h3>\n<p><span style=\"font-family: arial, helvetica, sans-serif;font-size: 16px\"><span><span>Lors de la fabrication du papier, des graines sont ajout\u00e9es \u00e0 la p\u00e2te de bois, qui peut \u00eatre teinte de diff\u00e9rentes couleurs, de sorte que le papier contenant des graines est appel\u00e9 \u00ab papier de graines \u00bb. (Il s&#039;agit d&#039;un tout nouveau produit de protection de l&#039;environnement.<\/span><\/span> <span><span>, peuvent \u00eatre jet\u00e9s dans le sol, au bon moment et \u00e0 la bonne temp\u00e9rature et humidit\u00e9, les graines \u00e0 l&#039;int\u00e9rieur du papier peuvent germer et faire pousser de petits semis,.)<\/span><\/span><span><span> <\/span><\/span><\/span><\/p>\n<p><span style=\"font-family: arial, helvetica, sans-serif;font-size: 16px\"><span><span>Afin de rendre le papier artisanal sp\u00e9cial fait \u00e0 la main plus color\u00e9, les ouvriers qui fabriquent le papier fait \u00e0 la main m\u00e9langent les graines de ces arbustes et plantes dans la p\u00e2te. Parce que l&#039;ensemble du processus de production du papier fait main est totalement respectueux de l&#039;environnement et sans pollution, les graines sont enti\u00e8rement dans la p\u00e2te.<\/span><\/span> <span><span>Pas affect\u00e9.<\/span><\/span> <span><span>Une fois le papier termin\u00e9, les graines vivent toujours dans le papier.<\/span><\/span> <span><span>Les gens modernes continuent d&#039;utiliser des m\u00e9thodes traditionnelles pour continuer \u00e0 produire ce type de papier de semences.<\/span><\/span> <\/span><\/p>\n<p><span style=\"font-family: arial, helvetica, sans-serif;font-size: 18px\"><img decoding=\"async\" src=\"https:\/\/gimg2.baidu.com\/image_search\/src=http%3A%2F%2Fimg.alicdn.com%2Fimgextra%2Fi3%2F6000000001680%2FO1CN01AmHsAn1OHU8PpXZTX_%21%216000000001680-0-tbvideo.jpg&amp;refer=http%3A%2F%2Fimg.alicdn.com&amp;app=2002&amp;size=f9999,10000&amp;q=a80&amp;n=0&amp;g=0n&amp;fmt=auto?sec=1678802737&amp;t=e5549e4645e8a616a68638b5c99e4f4b\" width=\"100%\" alt=\"Papier de semences \u00e0 planter\" title=\"\"> <\/span><\/p>\n<h3 style=\"font-size: 19px\"><strong><span style=\"font-family: arial, helvetica, sans-serif;font-size: 18px\">Les \u00e9l\u00e9ments suivants sont inclus dans le kit.<\/span><\/strong><\/h3>\n<p><span style=\"font-family: arial, helvetica, sans-serif;font-size: 16px\">6 \u00e9tiquettes de cadeau de No\u00ebl en papier de graines \u00e0 planter<\/span><\/p>\n<p><span style=\"font-family: arial, helvetica, sans-serif;font-size: 16px\">1 guide de plantation \u00e9tape par \u00e9tape<\/span><\/p>\n<p><span style=\"font-family: arial, helvetica, sans-serif;font-size: 16px\">1 sac d&#039;emballage personnalis\u00e9<\/span><\/p>\n<p><span style=\"font-family: arial, helvetica, sans-serif;font-size: 18px\">&nbsp;<\/span><\/p>\n<h3 style=\"font-size: 19px\"><strong><span style=\"font-family: arial, helvetica, sans-serif;font-size: 18px\">\u00c9tiquettes-cadeaux \u00e0 planter en papier de semences\u00a0!<\/span><\/strong><\/h3>\n<p><span style=\"font-family: arial, helvetica, sans-serif;font-size: 16px\">Papier \u00e9cologique 100% fabriqu\u00e9 \u00e0 la main, recyclable et biod\u00e9gradable avec des graines de fleurs sauvages et de sycomore.<\/span><\/p>\n<p><span style=\"font-family: arial, helvetica, sans-serif;font-size: 16px\">Cette \u00e9tiquette-cadeau \u00e0 planter est 100% fabriqu\u00e9e \u00e0 partir de papier brouillon et d&#039;un m\u00e9lange de graines de sycomore et de fleurs sauvages.<\/span><\/p>\n<p><span style=\"font-family: arial, helvetica, sans-serif;font-size: 16px\">\u2013 Faire tremper le papier ensemenc\u00e9 dans l&#039;eau pendant une nuit.<\/span><\/p>\n<p><span style=\"font-family: arial, helvetica, sans-serif;font-size: 16px\">\u2013 Plantez le papier de semences humide dans le sol pr\u00e9par\u00e9 \u00e0 une profondeur d&#039;environ 1\/4 de pouce.<\/span><\/p>\n<p><span style=\"font-family: arial, helvetica, sans-serif;font-size: 16px\">-Arrosez le puits, surtout pendant les quatre \u00e0 six premi\u00e8res semaines.<\/span><\/p>\n<p><span style=\"font-family: arial, helvetica, sans-serif;font-size: 18px\">&nbsp;<\/span><\/p>\n<p><span style=\"font-family: arial, helvetica, sans-serif;font-size: 16px\">Plantez du papier \u00e0 l&#039;ext\u00e9rieur pendant les mois frais jusqu&#039;au d\u00e9but du printemps. La plantation d&#039;automne profitera des pluies d&#039;hiver pour apporter des fleurs au d\u00e9but du printemps. Plantez \u00e0 l&#039;int\u00e9rieur \u00e0 tout moment, puis transplantez dans un endroit plus permanent au d\u00e9but du printemps.<\/span><\/p>\n<\/p>\n<p><span style=\"font-family: arial, helvetica, sans-serif;font-size: 16px\">Ensemble de 6 \u00e9tiquettes-cadeaux sur le th\u00e8me de No\u00ebl en papier de graines \u00e0 planter<\/span><\/p>\n<p><span style=\"font-size: 16px\"><span style=\"font-family: arial, helvetica, sans-serif\">7,5 x 5 cm (2,95 po x 1,97 po)<\/span><span style=\"font-family: arial, helvetica, sans-serif\">&nbsp;<\/span><\/span><\/p>\n<p><span style=\"font-family: arial, helvetica, sans-serif;font-size: 16px\">Facile \u00e0 \u00e9crire avec n&#039;importe quel stylo.<\/span><\/p>\n<p><span style=\"font-family: arial, helvetica, sans-serif;font-size: 16px\">Les instructions de culture sont incluses au dos de l&#039;emballage.<\/span><\/p>\n<p><span style=\"font-family: arial, helvetica, sans-serif;font-size: 18px\"><\/span><\/p>\n<h3 style=\"font-size: 19px\"><span style=\"font-family: arial, helvetica, sans-serif;font-size: 18px\">M\u00e9thode de plantation de papier ensemenc\u00e9<\/span><\/h3>\n<p style=\"font-size: 16px\"><span style=\"font-family: arial, helvetica, sans-serif\">1. Enterrez la moiti\u00e9 du papier semence dans le sol. Lors de la premi\u00e8re plantation, assurez-vous que le papier de semences est satur\u00e9 d&#039;eau (humide et doux).<\/span><br \/><span style=\"font-family: arial, helvetica, sans-serif\">2. Faites attention \u00e0 l&#039;humidit\u00e9 tous les jours, gardez le papier et le sol humides et ventil\u00e9s.<\/span><br \/><span style=\"font-family: arial, helvetica, sans-serif\">3. N&#039;oubliez pas que les plantes en pot de papier de graines doivent \u00eatre plac\u00e9es dans un endroit ventil\u00e9 (pr\u00e8s du rebord de la fen\u00eatre) ou pr\u00e8s d&#039;un balcon prot\u00e9g\u00e9 pour recevoir un ensoleillement mod\u00e9r\u00e9.<\/span><br \/><span style=\"font-family: arial, helvetica, sans-serif\">4. Observez attentivement les boules de graines tous les jours et attendez patiemment, les graines vont germer de petits bourgeons\u00a0!<\/span><br \/><span style=\"font-family: arial, helvetica, sans-serif\">5. Les graines sont recouvertes de papier de graines et le papier de boule de graines humide peut \u00e9galement \u00eatre d\u00e9chir\u00e9 et plant\u00e9 dans diff\u00e9rents r\u00e9cipients \u00e0 fleurs.<\/span><br \/><span style=\"font-family: arial, helvetica, sans-serif\">6. Une fois que les semis ont grandi, ils peuvent \u00eatre transplant\u00e9s dans des pots de fleurs plus profonds\/plus grands, recouverts de terre, pour donner plus d&#039;espace pour la croissance et fournir une quantit\u00e9 appropri\u00e9e d&#039;engrais pour fournir des nutriments, afin que les plantes puissent continuer \u00e0 pousser !<\/span><\/p>\n<h3 style=\"font-size: 19px\"><span style=\"font-family: arial, helvetica, sans-serif;font-size: 18px\">Quels sont les avantages du papier ensemenc\u00e9 \u00e0 planter ?<\/span><\/h3>\n<p><span style=\"font-family: arial, helvetica, sans-serif;font-size: 16px\">1. Sauvez les arbres - Le papier recycl\u00e9 remplace la fabrication de p\u00e2te fra\u00eeche et les arbres abattus qui ont un impact sur l&#039;habitat faunique.<\/span><\/p>\n<p><span style=\"font-family: arial, helvetica, sans-serif;font-size: 16px\">2. Remplacez le papier vierge et certains plastiques \u00e0 usage unique - ce papier convient aux occasions sp\u00e9ciales, \u00e0 la papeterie et aux produits promotionnels commerciaux.<\/span><\/p>\n<p><span style=\"font-family: arial, helvetica, sans-serif;font-size: 16px\">3. Mettre \u00e0 la disposition d&#039;un plus grand nombre de personnes des semences d&#039;herbes et de l\u00e9gumes cultiv\u00e9s sur place \u2013 cela contribue \u00e0 r\u00e9duire les \u00e9missions. Dans la famille, la plupart des gens aiment cultiver des l\u00e9gumes et des fleurs, car les l\u00e9gumes cultiv\u00e9s par eux-m\u00eames sont plus sucr\u00e9s et plus d\u00e9licieux. De plus, les graines du papier de semences ne contiennent pas de pesticides et d&#039;engrais synth\u00e9tiques pour les cultures commerciales, il est donc plus assur\u00e9 de planter.<\/span><\/p><\/p>","protected":false},"excerpt":{"rendered":"<p>Kit d&#039;\u00e9tiquettes de cadeau de No\u00ebl en papier de graines \u00e0 planter en papier de graines de 6 pi\u00e8ces : c&#039;est facile - nous \u00e9liminons les conjectures de la culture des graines de fleurs sauvages et de sycomore, vous guidant \u00e0 chaque \u00e9tape du chemin. Tout ce dont vous avez besoin pour apporter la joie des fleurs sauvages et du sycomore dans votre vie ou celle de votre bien-aim\u00e9 dans un magnifique sac personnalis\u00e9. Plante-le!<\/p>","protected":false},"featured_media":12354,"comment_status":"open","ping_status":"closed","template":"","meta":[],"product_cat":[67],"product_tag":[509,510,511,512],"acf":[],"_links":{"self":[{"href":"https:\/\/www.garden-kit.com\/fr\/wp-json\/wp\/v2\/product\/4001"}],"collection":[{"href":"https:\/\/www.garden-kit.com\/fr\/wp-json\/wp\/v2\/product"}],"about":[{"href":"https:\/\/www.garden-kit.com\/fr\/wp-json\/wp\/v2\/types\/product"}],"replies":[{"embeddable":true,"href":"https:\/\/www.garden-kit.com\/fr\/wp-json\/wp\/v2\/comments?post=4001"}],"wp:featuredmedia":[{"embeddable":true,"href":"https:\/\/www.garden-kit.com\/fr\/wp-json\/wp\/v2\/media\/12354"}],"wp:attachment":[{"href":"https:\/\/www.garden-kit.com\/fr\/wp-json\/wp\/v2\/media?parent=4001"}],"wp:term":[{"taxonomy":"product_cat","embeddable":true,"href":"https:\/\/www.garden-kit.com\/fr\/wp-json\/wp\/v2\/product_cat?post=4001"},{"taxonomy":"product_tag","embeddable":true,"href":"https:\/\/www.garden-kit.com\/fr\/wp-json\/wp\/v2\/product_tag?post=4001"}],"curies":[{"name":"wp","href":"https:\/\/api.w.org\/{rel}","templated":true}]}}