{"id":4034,"date":"2022-10-19T14:04:54","date_gmt":"2022-10-19T06:04:54","guid":{"rendered":"https:\/\/www.garden-kit.com\/product\/herb-window-garden\/"},"modified":"2023-09-02T14:49:53","modified_gmt":"2023-09-02T06:49:53","slug":"herb-window-garden","status":"publish","type":"product","link":"https:\/\/www.garden-kit.com\/fr\/product\/herb-window-garden\/","title":{"rendered":"Jardin de fen\u00eatre d&#039;herbes aromatiques"},"content":{"rendered":"<h1 class=\"product_title entry-title elementor-heading-title elementor-size-default\">Jardin de fen\u00eatre d&#039;herbes aromatiques<\/h1>\n<p><span style=\"font-family: arial, helvetica, sans-serif;\">La vanille est une sorte d&#039;\u00e9pice \u00e0 haute valeur \u00e9conomique. En raison de son odeur aromatique forte et durable, il s&#039;installe dans les zones r\u00e9sidentielles et les cours et peut purifier le milieu environnant. De plus, la vanille a des effets sp\u00e9ciaux d&#039;antiseptique, de st\u00e9rilisation et de r\u00e9pulsion des insectes, elle est donc profond\u00e9ment appr\u00e9ci\u00e9e des gens. Amour, faveur. Alors de plus en plus d&#039;amis cultivent de la vanille<\/span><\/p>\n<h3 style=\"font-size: 19px;\"><strong>Aper\u00e7u<\/strong><\/h3>\n<table style=\"border-collapse: collapse; width: 100%;\" border=\"1\" cellspacing=\"0\">\n<tbody>\n<tr>\n<td style=\"line-height: 1.5;\" valign=\"top\" width=\"373\"><span style=\"font-family: arial, helvetica, sans-serif;\">Instructions d&#039;entretien du produit<\/span><\/td>\n<td valign=\"top\" width=\"373\"><span style=\"font-family: arial, helvetica, sans-serif;\">Disponible<\/span><\/td>\n<\/tr>\n<tr>\n<td style=\"line-height: 1.5;\" valign=\"top\" width=\"373\"><span style=\"font-family: arial, helvetica, sans-serif;\">Type de produit v\u00e9g\u00e9tal<\/span><\/td>\n<td valign=\"top\" width=\"373\"><span style=\"font-family: arial, helvetica, sans-serif;\">Herbes<\/span><\/td>\n<\/tr>\n<tr>\n<td style=\"line-height: 1.5;\" valign=\"top\" width=\"373\"><span style=\"font-family: arial, helvetica, sans-serif;\">Une fonction sp\u00e9ciale<\/span><\/td>\n<td valign=\"top\" width=\"373\"><span style=\"font-family: arial, helvetica, sans-serif;\">Culture int\u00e9rieure-ext\u00e9rieure<\/span><\/td>\n<\/tr>\n<tr>\n<td style=\"line-height: 1.5;\" valign=\"top\" width=\"373\"><span style=\"font-family: arial, helvetica, sans-serif;\">Marque<\/span><\/td>\n<td valign=\"top\" width=\"373\"><span style=\"font-family: arial, helvetica, sans-serif;\">Trousse de jardin<\/span><\/td>\n<\/tr>\n<tr>\n<td style=\"line-height: 1.5;\" valign=\"top\" width=\"373\"><span style=\"font-family: arial, helvetica, sans-serif;\">Lieu d&#039;origine<\/span><\/td>\n<td valign=\"top\" width=\"373\"><span style=\"font-family: arial, helvetica, sans-serif;\">Fujian, Chine<\/span><\/td>\n<\/tr>\n<tr>\n<td style=\"line-height: 1.5;\" valign=\"top\" width=\"373\"><span style=\"font-family: arial, helvetica, sans-serif;\">ODM\/OEM<\/span><\/td>\n<td valign=\"top\" width=\"373\"><span style=\"font-family: arial, helvetica, sans-serif;\">Disponible<\/span><\/td>\n<\/tr>\n<tr>\n<td style=\"line-height: 1.5;\" valign=\"top\" width=\"373\"><span style=\"font-family: arial, helvetica, sans-serif;\">MOQ pour commande personnalis\u00e9e<\/span><\/td>\n<td valign=\"top\" width=\"373\"><span style=\"font-family: arial, helvetica, sans-serif;\">3000 pi\u00e8ces<\/span><\/td>\n<\/tr>\n<tr>\n<td style=\"line-height: 1.5;\" valign=\"top\" width=\"373\"><span style=\"font-family: arial, helvetica, sans-serif;\">Co\u00fbt de l&#039;\u00e9chantillon<\/span><\/td>\n<td valign=\"top\" width=\"373\"><span style=\"font-family: arial, helvetica, sans-serif;\">US$400\/Sample, retour complet apr\u00e8s la commande de notre part<\/span><\/td>\n<\/tr>\n<\/tbody>\n<\/table>\n<h3 style=\"font-size: 19px;\"><strong><span style=\"font-family: Arial;\">Description<\/span><\/strong><\/h3>\n<p><span style=\"font-family: arial, helvetica, sans-serif;\">Kit de d\u00e9marrage d&#039;herbes d&#039;int\u00e9rieur pr\u00e9par\u00e9 de 34 pi\u00e8ces : tout ce dont vous avez besoin pour apporter la joie de cultiver des herbes savoureuses dans votre vie ou celle d&#039;un \u00eatre cher. C&#039;est simple - nos conjectures sur la culture d&#039;herbes \u00e0 partir de graines, vous guidant \u00e0 chaque \u00e9tape du chemin. Plante-le!<\/span><\/p>\n<p><span style=\"font-family: arial, helvetica, sans-serif;\">Ne soyez pas limit\u00e9 par l\u2019espace n\u00e9cessaire pour faire pousser des choses. L\u2019amour du jardinage n\u2019est pas un brevet pour les grands jardins. Je pense que m\u00eame une touche de vert sur un petit rebord de fen\u00eatre avec des briques cass\u00e9es et des vieux carrelages, tant que vous l&#039;arrosez avec votre c\u0153ur, vous \u00eates le meilleur du monde. Jardinier ~ Peu importe votre petite taille, vous pouvez avoir un jardin d&#039;herbes aromatiques.<\/span><\/p>\n<p>&nbsp;<\/p>\n<h3 style=\"font-size: 19px;\"><strong><span style=\"font-family: Arial;\">Les \u00e9l\u00e9ments suivants sont inclus dans le kit.<\/span><\/strong><\/h3>\n<p><span style=\"font-family: arial, helvetica, sans-serif;\">9 pots en fibre de bambou<\/span><\/p>\n<p><span style=\"font-family: arial, helvetica, sans-serif;\">3 sols pr\u00e9-fertilis\u00e9s<\/span><\/p>\n<p><span style=\"font-family: arial, helvetica, sans-serif;\">9 sachets de graines qui restent fra\u00eeches<\/span><\/p>\n<p><span style=\"font-family: arial, helvetica, sans-serif;\">9 marqueurs de plantes en bambou<\/span><\/p>\n<p><span style=\"font-family: arial, helvetica, sans-serif;\">1 guide de plantation \u00e9tape par \u00e9tape<\/span><\/p>\n<p><span style=\"font-family: arial, helvetica, sans-serif;\">1 coffret cadeau personnalis\u00e9<\/span><\/p>\n<p><span style=\"font-family: arial, helvetica, sans-serif;\">\u00a0<\/span><\/p>\n<h3 style=\"line-height: 1.5;\"><span style=\"font-family: arial, helvetica, sans-serif;\">Principales caract\u00e9ristiques qui nous distinguent\u00a0:<\/span><\/h3>\n<p style=\"line-height: 1.5;\"><span style=\"font-family: arial, helvetica, sans-serif;\"><strong>1. Verdure sur mesure\u00a0:<\/strong> Chez Herb Window Garden, nous comprenons que la vision de chaque jardinier est unique. Notre engagement envers la personnalisation vous permet de cr\u00e9er votre propre jardin int\u00e9rieur, adapt\u00e9 \u00e0 vos pr\u00e9f\u00e9rences et \u00e0 l&#039;espace disponible. Que vous recherchiez une collection culinaire compacte ou un havre d&#039;herbes luxuriantes, nous avons ce qu&#039;il vous faut.<\/span><\/p>\n<p style=\"line-height: 1.5;\"><span style=\"font-family: arial, helvetica, sans-serif;\"><strong>2. Artisanat expert :<\/strong> En t\u00e9moignage de notre expertise, nous sommes une usine d\u00e9di\u00e9e sp\u00e9cialis\u00e9e dans la fabrication de solutions de jardinage. Nos artisans qualifi\u00e9s mettent leur passion \u00e0 profit pour cr\u00e9er un produit qui allie parfaitement forme et fonction. Avec le Herb Window Garden, vous n&#039;achetez pas seulement un produit, vous investissez dans une \u0153uvre d&#039;art qui nourrit la vie.<\/span><\/p>\n<p style=\"line-height: 1.5;\"><span style=\"font-family: arial, helvetica, sans-serif;\"><strong>3. Taux de Germination \u00e9lev\u00e9s\u00a0:<\/strong> Nous prenons grand soin \u00e0 l&#039;approvisionnement et aux tests de nos graines, garantissant qu&#039;elles pr\u00e9sentent des taux de germination exceptionnels. Voyez votre jardin prendre vie alors que nos graines m\u00e9ticuleusement s\u00e9lectionn\u00e9es \u00e9clatent de vitalit\u00e9, cr\u00e9ant une symphonie de couleurs, de textures et de parfums.<\/span><\/p>\n<p style=\"line-height: 1.5;\"><span style=\"font-family: arial, helvetica, sans-serif;\"><strong>4. Vari\u00e9t\u00e9s de graines abondantes\u00a0:<\/strong> Votre imagination est la limite lorsqu\u2019il s\u2019agit de notre s\u00e9lection diversifi\u00e9e de graines. Du basilic classique au romarin robuste en passant par le basilic tha\u00eflandais exotique et la camomille apaisante, notre large gamme de graines s&#039;adresse \u00e0 tous les palais et \u00e0 tous les usages. Le Herb Window Garden vous permet de cultiver un jardin qui refl\u00e8te vos go\u00fbts personnels et vos pr\u00e9f\u00e9rences culinaires.<\/span><\/p>\n<p style=\"line-height: 1.5;\"><span style=\"font-family: arial, helvetica, sans-serif;\"><strong>5. Excellence certifi\u00e9e\u00a0:<\/strong> Votre tranquillit\u00e9 d\u2019esprit est de la plus haute importance pour nous. Nos produits sont soumis \u00e0 un contr\u00f4le de qualit\u00e9 rigoureux et ont obtenu diverses certifications attestant de leur s\u00e9curit\u00e9, de leur durabilit\u00e9 et de leur approvisionnement \u00e9thique. Vous pouvez entretenir vos plantes en toute confiance, sachant qu&#039;elles prosp\u00e8rent dans un environnement responsable et consciencieux.<\/span><\/p>\n<p><span style=\"font-family: arial, helvetica, sans-serif;\">Pot It : 9 pots r\u00e9utilisables \u2013 de la bonne taille pour les semis, avec un drainage suffisant et des bacs d&#039;\u00e9gouttage innovants. Enregistrez et r\u00e9utilisez. <\/span><\/p>\n<p><span style=\"font-family: arial, helvetica, sans-serif;\">Nourrissez-le : 3 disques de sol riches en nutriments - ajoutez de l&#039;eau et ils gonfleront jusqu&#039;\u00e0 6 \u00e0 8 fois leur taille d&#039;origine. Pr\u00e9-fertiliser.<\/span><\/p>\n<p><span style=\"font-family: arial, helvetica, sans-serif;\">Grow It : 9 paquets de graines de qualit\u00e9 sup\u00e9rieure \u2013 Comprend 9 herbes diff\u00e9rentes : aneth, basilic, ciboulette, thym, persil, origan, coriandre, sauge et moutarde. Toutes les graines sont test\u00e9es pour les taux de germination les plus \u00e9lev\u00e9s.<\/span><\/p>\n<p><span style=\"font-family: arial, helvetica, sans-serif;\">Marquez-le : 9 marqueurs en bambou \u2013 Les marqueurs vous aident \u00e0 identifier vos semis au fur et \u00e0 mesure qu&#039;ils poussent. <\/span><\/p>\n<p><span style=\"font-family: arial, helvetica, sans-serif;\">Ace it: Comment l&#039;utiliser - Nous vous guiderons \u00e9tape par \u00e9tape afin que vous puissiez cultiver des herbes fabuleuses.<\/span><\/p>\n<p><span style=\"font-family: arial, helvetica, sans-serif;\">Plantez votre chemin de joie\u00a0: aimez-le, ou rembours\u00e9\u00a0! Si vous rencontrez des difficult\u00e9s sur un aspect du processus, n&#039;h\u00e9sitez pas \u00e0 nous contacter. Nous nous engageons \u00e0 vous aider jusqu\u2019\u00e0 ce que vous obteniez les r\u00e9sultats souhait\u00e9s. Cependant, si notre kit est de mauvaise qualit\u00e9, nous vous rembourserons 100% de votre argent.<\/span><\/p>\n<h3 style=\"font-size: 19px;\"><span style=\"font-family: arial, helvetica, sans-serif;\">Conditions de germination des graines de vanille<\/span><\/h3>\n<p><span style=\"font-family: arial, helvetica, sans-serif;\">En plus des conditions internes pour le d\u00e9veloppement complet des graines de vanille, la germination des graines de vanille n\u00e9cessite \u00e9galement la coop\u00e9ration de conditions environnementales appropri\u00e9es. Les conditions dites environnementales comprennent principalement l&#039;humidit\u00e9, la temp\u00e9rature, l&#039;air et la lumi\u00e8re.<\/span><\/p>\n<p><span style=\"font-family: arial, helvetica, sans-serif;\">1. Humidit\u00e9 :<\/span><br \/>\n<span style=\"font-family: arial, helvetica, sans-serif;\">L&#039;humidit\u00e9 est un must absolu pour que les graines de vanille germent. Avec l&#039;eau, les enzymes peuvent \u00eatre actives, les nutriments stock\u00e9s dans les graines peuvent \u00eatre hydrolys\u00e9s pour produire des effets, et les cellules peuvent se dilater et s&#039;allonger.<\/span><\/p>\n<p><span style=\"font-family: arial, helvetica, sans-serif;\">2. Oxyg\u00e8ne\u00a0:<\/span><br \/>\n<span style=\"font-family: arial, helvetica, sans-serif;\">Lorsque les graines de vanille commencent \u00e0 bouger, elles ont besoin d&#039;oxyg\u00e8ne. Ainsi, lorsque vous arrosez trop lors de la plantation, les graines de vanille vont pourrir \u00e0 la place, \u00e0 cause du manque d&#039;oxyg\u00e8ne. Les graines de quelques plantes aquatiques seulement peuvent germer en l&#039;absence d&#039;oxyg\u00e8ne.<\/span><\/p>\n<p><span style=\"font-family: arial, helvetica, sans-serif;\">3. Temp\u00e9rature\u00a0:<\/span><br \/>\n<span style=\"font-family: arial, helvetica, sans-serif;\">La temp\u00e9rature de germination des graines de vanille v\u00e9g\u00e9tale peut varier de 0 \u00e0 40\u00b0C, mais chaque plante a sa temp\u00e9rature de germination, qui est la temp\u00e9rature la plus adapt\u00e9e \u00e0 la germination. La temp\u00e9rature optimale pour la germination des plantes varie selon le lieu d&#039;origine. D&#039;une mani\u00e8re g\u00e9n\u00e9rale, la temp\u00e9rature optimale pour les plantes temp\u00e9r\u00e9es est de 15 \u00e0 20 \u00b0C, et la temp\u00e9rature optimale pour les plantes subtropicales et tropicales est de 25 \u00e0 30 \u00b0C.<\/span><\/p>\n<p><span style=\"font-family: arial, helvetica, sans-serif;\">4. Lumi\u00e8re\u00a0:<\/span><br \/>\n<span style=\"font-family: arial, helvetica, sans-serif;\">Les graines de certaines plantes de vanille ont besoin de lumi\u00e8re pour germer, et certaines plantes sont tout le contraire. Les premi\u00e8res sont appel\u00e9es graines aimant la lumi\u00e8re, et les secondes sont appel\u00e9es graines averses \u00e0 la lumi\u00e8re. Par cons\u00e9quent, apr\u00e8s le semis, vous devez tenir compte des go\u00fbts et des aversions de la plante pour la lumi\u00e8re pour d\u00e9cider de couvrir ou non le sol. G\u00e9n\u00e9ralement, les petites graines de vanille ne peuvent germer qu&#039;en surface en raison du manque de stockage des nutriments, ce qui n&#039;est pas suffisant pour soutenir la croissance du germe \u00e0 partir du sol, et la plupart d&#039;entre elles appartiennent aux esp\u00e8ces qui aiment la lumi\u00e8re.<\/span><\/p>\n<p><span style=\"font-family: arial, helvetica, sans-serif;\">Les plantes en pot de vanille ne sont pas seulement \u00e0 voir mais aussi \u00e0 faire du th\u00e9, \u00e0 faire des mets d\u00e9licats, etc. Lorsque les longues branches et les feuilles sont luxuriantes, c&#039;est quand nous r\u00e9coltons, nous pouvons cueillir des branches et des feuilles trop luxuriantes, et nous pouvons aussi cultiver des arbres selon Les fleurs sont surmont\u00e9es pour favoriser la germination de nouvelles branches, de sorte que la forme de la plante soit plus belle, les branches et les feuilles plus luxuriantes et les mat\u00e9riaux r\u00e9colt\u00e9s plus nombreux, faisant d&#039;une pierre deux coups<\/span><\/p>\n<p style=\"line-height: 1.5;\"><strong><span style=\"font-family: arial, helvetica, sans-serif;\">Votre vision, notre mission\u00a0:<\/span><\/strong><\/p>\n<p style=\"line-height: 1.5;\"><span style=\"font-family: arial, helvetica, sans-serif;\">Imaginez un rebord de fen\u00eatre orn\u00e9 de feuilles de basilic parfum\u00e9es, de menthe florissante et de d\u00e9licates fleurs de lavande. Avec le Herb Window Garden, cette vision devient votre r\u00e9alit\u00e9. En tant que professionnels de l&#039;industrie, nous vous offrons la possibilit\u00e9 de vous lancer dans un voyage de jardinage qui c\u00e9l\u00e8bre votre caract\u00e8re unique et vous connecte \u00e0 la nature au c\u0153ur de votre maison.<\/span><\/p>\n<p style=\"line-height: 1.5;\"><span style=\"font-family: arial, helvetica, sans-serif;\">La personnalisation est notre marque de fabrique. L&#039;excellence est notre norme. La beaut\u00e9 de la nature est notre toile. Bienvenue au Herb Window Garden, o\u00f9 la vie s&#039;\u00e9panouit et o\u00f9 les r\u00eaves prennent racine.<\/span><\/p>\n<p style=\"line-height: 1.5;\"><span style=\"font-family: arial, helvetica, sans-serif;\">Contactez-nous d\u00e8s aujourd&#039;hui pour vous lancer dans votre aventure de jardinage int\u00e9rieur personnalis\u00e9e. D\u00e9couvrez la magie du Herb Window Garden et exp\u00e9rimentez la joie de cultiver votre propre coin de nature, \u00e0 port\u00e9e de main.<\/span><\/p>","protected":false},"excerpt":{"rendered":"<p>Kit de jardin pour fen\u00eatre d&#039;herbes aromatiques pr\u00e9par\u00e9 de 34 pi\u00e8ces\u00a0: tout ce dont vous avez besoin pour apporter la joie de cultiver des herbes savoureuses dans votre vie ou celle d&#039;un \u00eatre cher. C&#039;est simple : nos hypoth\u00e8ses sur la culture des fines herbes \u00e0 partir de graines vous guident \u00e0 chaque \u00e9tape du processus. Plante-le!<\/p>","protected":false},"featured_media":16097,"comment_status":"closed","ping_status":"closed","template":"","meta":[],"product_cat":[50],"product_tag":[233,394,393,395,55,51,392],"acf":[],"_links":{"self":[{"href":"https:\/\/www.garden-kit.com\/fr\/wp-json\/wp\/v2\/product\/4034"}],"collection":[{"href":"https:\/\/www.garden-kit.com\/fr\/wp-json\/wp\/v2\/product"}],"about":[{"href":"https:\/\/www.garden-kit.com\/fr\/wp-json\/wp\/v2\/types\/product"}],"replies":[{"embeddable":true,"href":"https:\/\/www.garden-kit.com\/fr\/wp-json\/wp\/v2\/comments?post=4034"}],"wp:featuredmedia":[{"embeddable":true,"href":"https:\/\/www.garden-kit.com\/fr\/wp-json\/wp\/v2\/media\/16097"}],"wp:attachment":[{"href":"https:\/\/www.garden-kit.com\/fr\/wp-json\/wp\/v2\/media?parent=4034"}],"wp:term":[{"taxonomy":"product_cat","embeddable":true,"href":"https:\/\/www.garden-kit.com\/fr\/wp-json\/wp\/v2\/product_cat?post=4034"},{"taxonomy":"product_tag","embeddable":true,"href":"https:\/\/www.garden-kit.com\/fr\/wp-json\/wp\/v2\/product_tag?post=4034"}],"curies":[{"name":"wp","href":"https:\/\/api.w.org\/{rel}","templated":true}]}}