{"id":4069,"date":"2022-10-19T14:17:58","date_gmt":"2022-10-19T06:17:58","guid":{"rendered":"https:\/\/www.garden-kit.com\/product\/herb-garden-starter-kit-indoor\/"},"modified":"2023-03-31T14:45:59","modified_gmt":"2023-03-31T06:45:59","slug":"herb-garden-starter-kit-indoor","status":"publish","type":"product","link":"https:\/\/www.garden-kit.com\/fr\/product\/herb-garden-starter-kit-indoor\/","title":{"rendered":"Kit de d\u00e9marrage pour jardin d&#039;herbes aromatiques d&#039;int\u00e9rieur"},"content":{"rendered":"<h3 style=\"font-size: 19px\"><strong>Aper\u00e7u<\/strong><\/h3>\n<table border=\"1\" cellspacing=\"0\">\n<tbody>\n<tr>\n<td valign=\"top\" width=\"373\">\n<p><strong>Instructions d&#039;entretien du produit<\/strong><\/p>\n<\/td>\n<td valign=\"top\" width=\"373\">\n<p><span style=\"font-family: Calibri\">Disponible<\/span><\/p>\n<\/td>\n<\/tr>\n<tr>\n<td valign=\"top\" width=\"373\">\n<p><strong>Type de produit v\u00e9g\u00e9tal<\/strong><\/p>\n<\/td>\n<td valign=\"top\" width=\"373\">\n<p><span style=\"font-family: Calibri\">Herbes<\/span><\/p>\n<\/td>\n<\/tr>\n<tr>\n<td valign=\"top\" width=\"373\">\n<p><strong>Une fonction sp\u00e9ciale<\/strong><\/p>\n<\/td>\n<td valign=\"top\" width=\"373\">\n<p>Culture int\u00e9rieure-ext\u00e9rieure<\/p>\n<\/td>\n<\/tr>\n<tr>\n<td valign=\"top\" width=\"373\">\n<p><strong><span style=\"font-family: Arial\">Marque<\/span><\/strong><\/p>\n<\/td>\n<td valign=\"top\" width=\"373\">\n<p><span style=\"font-family: Calibri\">Trousse de jardin<\/span><\/p>\n<\/td>\n<\/tr>\n<tr>\n<td valign=\"top\" width=\"373\">\n<p><strong><span style=\"font-family: Arial\">Lieu d&#039;origine<\/span><\/strong><\/p>\n<\/td>\n<td valign=\"top\" width=\"373\">\n<p><span style=\"font-family: Calibri\">Fujian, Chine<\/span><\/p>\n<\/td>\n<\/tr>\n<tr>\n<td valign=\"top\" width=\"373\">\n<p><strong><span style=\"font-family: Arial\">ODM\/OEM<\/span><\/strong><\/p>\n<\/td>\n<td valign=\"top\" width=\"373\">\n<p><span style=\"font-family: Calibri\">Disponible<\/span><\/p>\n<\/td>\n<\/tr>\n<tr>\n<td valign=\"top\" width=\"373\">\n<p><strong><span style=\"font-family: Arial\">MOQ pour commande personnalis\u00e9e<\/span><\/strong><\/p>\n<\/td>\n<td valign=\"top\" width=\"373\">\n<p><span style=\"font-family: Calibri\">3000 pi\u00e8ces<\/span><\/p>\n<\/td>\n<\/tr>\n<tr>\n<td valign=\"top\" width=\"373\">\n<p><strong><span style=\"font-family: Arial\">Co\u00fbt de l&#039;\u00e9chantillon<\/span><\/strong><\/p>\n<\/td>\n<td valign=\"top\" width=\"373\">\n<p><span style=\"font-family: Calibri\">US$400\/Sample, retour complet apr\u00e8s commande de notre part<\/span><\/p>\n<\/td>\n<\/tr>\n<\/tbody>\n<\/table>\n<h3 style=\"font-size: 19px\"><strong><span style=\"font-family: Arial\">Description<\/span><\/strong><\/h3>\n<p><span style=\"font-family: Calibri\">S\u00e9rie Culinary Chef - Profil de saveur divine : Nous avons cueilli \u00e0 la main les graines de coriandre lente les plus d\u00e9licieuses (temps de floraison plus long), les graines de basilic de G\u00eanes (saveur la plus riche), les graines de thym anglais (coup de pied parfait !) et les graines de persil italien (saupoudrer sur tout). Inutile de concevoir des recettes autour de ces herbes, vous utiliserez ces herbes culinaires sur tout.<\/span><\/p>\n<p><span style=\"font-family: Calibri\">Pr\u00e9par\u00e9 <\/span><span style=\"font-family: Calibri\">21<\/span>&nbsp;<span style=\"font-family: Calibri\">Pi\u00e8ce <\/span>Kit de d\u00e9marrage d&#039;herbes d&#039;int\u00e9rieur<span style=\"font-family: Calibri\">:Tout ce dont vous avez besoin pour apporter la joie de cultiver des herbes aromatiques dans votre vie ou celle d&#039;un \u00eatre cher. C&#039;est simple - nos conjectures sur la culture d&#039;herbes \u00e0 partir de graines, vous guidant \u00e0 chaque \u00e9tape du chemin. Plante-le!<\/span><\/p>\n<p>&nbsp;<\/p>\n<h3 style=\"font-size: 19px\"><strong><span style=\"font-family: Arial\">Les \u00e9l\u00e9ments suivants sont inclus dans le kit.<\/span><\/strong><\/h3>\n<p>4 <span style=\"font-family: Arial\">pots en c\u00e9ramique de style<\/span><\/p>\n<p><span style=\"font-family: Arial\">4 \u00e9gouttoirs en bambou<\/span><\/p>\n<p><span style=\"font-family: Arial\">3<\/span>&nbsp;disques de terreau,<\/p>\n<p>4 marqueurs v\u00e9g\u00e9taux,<\/p>\n<p><span style=\"font-family: Arial\">4 vari\u00e9t\u00e9s de graines d&#039;herbes<\/span><\/p>\n<p><span style=\"font-family: Arial\">1guide de culture<\/span><\/p>\n<p><span style=\"font-family: Arial\">1 cadeau<\/span>&nbsp;bo\u00eete&nbsp;<\/p>\n<p>&nbsp;<\/p>\n<p><span style=\"font-family: Calibri\">S\u00e9rie Culinary Chef - Profil de saveur divine : Nous avons cueilli \u00e0 la main les graines de coriandre lente les plus d\u00e9licieuses (temps de floraison plus long), les graines de basilic de G\u00eanes (saveur la plus riche), les graines de thym anglais (coup de pied parfait !) et les graines de persil italien (saupoudrer sur tout). Inutile de concevoir des recettes autour de ces herbes, vous utiliserez ces herbes culinaires sur tout.<\/span><\/p>\n<p>&nbsp;<\/p>\n<p><span style=\"font-family: Calibri\">Z\u00c9RO TRANSPLANTS - Commencez et prosp\u00e9rez dans un pot\u00a0: impressionnez votre famille et vos amis \u00e0 chaque repas avec des herbes fra\u00eeches de ce kit de d\u00e9marrage pour jardin d&#039;herbes d&#039;int\u00e9rieur. Le guide de d\u00e9marrage rapide Antifouling couvre chaque \u00e9tape du processus de d\u00e9marrage et de maintien de la croissance de vos herbes, et les pots d&#039;int\u00e9rieur de grande taille signifient qu&#039;ils d\u00e9marrent et restent dans leur maison sp\u00e9ciale, de sorte qu&#039;il n&#039;y a pas besoin de s&#039;inqui\u00e9ter de la mue.<\/span><\/p>\n<p>&nbsp;<\/p>\n<p><span style=\"font-family: Calibri\">\u00c9conomisez plus de 50% - Le kit de jardin d&#039;herbes aromatiques de grande valeur comprend 4 magnifiques pots de jardin d&#039;herbes aromatiques d&#039;int\u00e9rieur en c\u00e9ramique \u00e9maill\u00e9e de marbre avec trous de drainage, 4 bacs d&#039;\u00e9gouttement en bambou longue dur\u00e9e, 4 vari\u00e9t\u00e9s de graines d&#039;herbes, 4 marqueurs de graines de plantes en bois, 4 granul\u00e9s de terre d&#039;int\u00e9rieur en mousse de tourbe, pack de nutriments et guide de culture de varech. Plus de 2 fois la valeur de chaque article achet\u00e9 individuellement.<\/span><\/p>\n<p>&nbsp;<\/p>\n<p><span style=\"font-family: Calibri\">Herbes vivaces \u2013 Plantation continue : La plupart des kits de jardin int\u00e9rieur sont \u00e0 usage unique (et ne durent qu&#039;une saison). Les cadeaux de jardinage faits maison incluent 30 par graine, ainsi qu&#039;un planteur d&#039;herbes robuste et r\u00e9utilisable 100% et un ensemble de d\u00e9marrage de graines pour que vous puissiez planter toute l&#039;ann\u00e9e sans avoir \u00e0 acheter de nouveaux pots de d\u00e9marrage, bacs d&#039;\u00e9gouttement ou graines.<\/span><\/p>\n<p>&nbsp;<\/p>\n<p><span style=\"font-family: Calibri\">Garantie &quot;Happy Plant Parents&quot; - Le jardinage doit \u00eatre amusant, pas stressant, et notre objectif est de rendre votre exp\u00e9rience de jardinage la meilleure de tous les temps, que vous soyez novice ou chevronn\u00e9. Nous sommes 100% s\u00fbrs que vous allez adorer l&#039;aide maison simple, rapide et naturelle dans votre jardin d&#039;herbes culinaires.<\/span><\/p><\/p>","protected":false},"excerpt":{"rendered":"<p>S\u00e9rie Culinary Chef - Profil de saveur divine : Nous avons cueilli \u00e0 la main les graines de coriandre lente les plus d\u00e9licieuses (temps de floraison plus long), les graines de basilic de G\u00eanes (saveur la plus riche), les graines de thym anglais (coup de pied parfait !) et les graines de persil italien (saupoudrer sur tout). Inutile de concevoir des recettes autour de ces herbes, vous utiliserez ces herbes culinaires sur tout.<br \/>\nKit de d\u00e9marrage d&#039;herbes d&#039;int\u00e9rieur pr\u00e9par\u00e9 de 21 pi\u00e8ces : tout ce dont vous avez besoin pour apporter la joie de cultiver des herbes savoureuses dans votre vie ou celle d&#039;un \u00eatre cher. C&#039;est simple - nos conjectures sur la culture d&#039;herbes \u00e0 partir de graines, vous guidant \u00e0 chaque \u00e9tape du chemin. Plante-le!<\/p>","protected":false},"featured_media":12177,"comment_status":"open","ping_status":"closed","template":"","meta":[],"product_cat":[50],"product_tag":[484,486,485],"acf":[],"_links":{"self":[{"href":"https:\/\/www.garden-kit.com\/fr\/wp-json\/wp\/v2\/product\/4069"}],"collection":[{"href":"https:\/\/www.garden-kit.com\/fr\/wp-json\/wp\/v2\/product"}],"about":[{"href":"https:\/\/www.garden-kit.com\/fr\/wp-json\/wp\/v2\/types\/product"}],"replies":[{"embeddable":true,"href":"https:\/\/www.garden-kit.com\/fr\/wp-json\/wp\/v2\/comments?post=4069"}],"wp:featuredmedia":[{"embeddable":true,"href":"https:\/\/www.garden-kit.com\/fr\/wp-json\/wp\/v2\/media\/12177"}],"wp:attachment":[{"href":"https:\/\/www.garden-kit.com\/fr\/wp-json\/wp\/v2\/media?parent=4069"}],"wp:term":[{"taxonomy":"product_cat","embeddable":true,"href":"https:\/\/www.garden-kit.com\/fr\/wp-json\/wp\/v2\/product_cat?post=4069"},{"taxonomy":"product_tag","embeddable":true,"href":"https:\/\/www.garden-kit.com\/fr\/wp-json\/wp\/v2\/product_tag?post=4069"}],"curies":[{"name":"wp","href":"https:\/\/api.w.org\/{rel}","templated":true}]}}