{"id":4099,"date":"2022-10-19T14:29:46","date_gmt":"2022-10-19T06:29:46","guid":{"rendered":"https:\/\/www.garden-kit.com\/product\/kids-paint-grow-flower-gardening-kit-set\/"},"modified":"2024-03-13T17:46:40","modified_gmt":"2024-03-13T09:46:40","slug":"paint-and-plant-flower-growing-kits-2","status":"publish","type":"product","link":"https:\/\/www.garden-kit.com\/fr\/product\/paint-and-plant-flower-growing-kits-2\/","title":{"rendered":"Instructions du kit de culture de fleurs de peinture et de plantes"},"content":{"rendered":"<p style=\"line-height: 1.5\"><span style=\"font-family: arial, helvetica, sans-serif\">\u3010Qualit\u00e9 sup\u00e9rieure, utilisation en toute confiance\u3011 La s\u00e9curit\u00e9 des enfants est toujours la priorit\u00e9 num\u00e9ro un. Nos outils de jardin pour enfants sont fabriqu\u00e9s \u00e0 partir de mat\u00e9riaux de haute qualit\u00e9 et n&#039;ont pas d&#039;ar\u00eates vives. Emp\u00eachez les enfants de se blesser pendant le jardinage. Convient aux filles de 5 6 7 8 9 10-12 ans<\/span><br \/><span style=\"font-family: arial, helvetica, sans-serif\">\u3010Unlock Their Inner Artist\u3011D\u00e9bridez la cr\u00e9ativit\u00e9 de votre enfant en le laissant peindre, planter, cultiver et personnaliser son propre jardin ! Peignez et d\u00e9corez vos pots de fleurs comme vous le souhaitez. Ils peuvent transformer les pots en \u0153uvres d'art originales. R\u00e9alisez des cr\u00e9ations color\u00e9es avec leurs jardini\u00e8res en m\u00e9tal peint. C'est leur jardin personnel pour enfants, dont ils seront fiers.<\/span><\/p>\n<p style=\"line-height: 1.5\"><span style=\"font-family: arial, helvetica, sans-serif;font-size: 16px\">\u3010Jeux de peinture et de plantation pour les enfants de 5 \u00e0 12 ans\u3011 Cet ensemble d'outils de jardinage pour enfants au design mignon suscite l'int\u00e9r\u00eat des enfants et renforce leur attirance pour la peinture et la plantation. Les enfants peuvent jouer avec la terre, le sable, ou faire des travaux de jardinage avec ces outils de jardinage en plein air. C'est un excellent moyen de stimuler leur imagination et leur activit\u00e9 physique. Les enfants peuvent \u00e9galement jouer \u00e0 des jeux de r\u00f4le \u00e0 l'int\u00e9rieur avec leurs amis et leur famille pour s'amuser avec leurs parents.<\/span><\/p>\n<h3 style=\"line-height: 1.5;font-size: 19px\"><span style=\"font-family: arial, helvetica, sans-serif;font-size: 18px\">Aper\u00e7u<\/span><\/h3>\n<table border=\"1\" cellspacing=\"0\">\n<tbody>\n<tr>\n<td valign=\"top\" width=\"373\">\n<p><span style=\"font-family: arial, helvetica, sans-serif\">Instructions d&#039;entretien du produit<\/span><\/p>\n<\/td>\n<td valign=\"top\" width=\"373\">\n<p><span style=\"font-family: arial, helvetica, sans-serif\">Disponible<\/span><\/p>\n<\/td>\n<\/tr>\n<tr>\n<td valign=\"top\" width=\"373\">\n<p><span style=\"font-family: arial, helvetica, sans-serif\">Type de produit v\u00e9g\u00e9tal<\/span><\/p>\n<\/td>\n<td valign=\"top\" width=\"373\">\n<p><span style=\"font-family: arial, helvetica, sans-serif\">Fleur<\/span><\/p>\n<\/td>\n<\/tr>\n<tr>\n<td valign=\"top\" width=\"373\">\n<p><span style=\"font-family: arial, helvetica, sans-serif\">Une fonction sp\u00e9ciale<\/span><\/p>\n<\/td>\n<td valign=\"top\" width=\"373\">\n<p><span style=\"font-family: arial, helvetica, sans-serif\">Culture int\u00e9rieure-ext\u00e9rieure<\/span><\/p>\n<\/td>\n<\/tr>\n<tr>\n<td valign=\"top\" width=\"373\">\n<p><span style=\"font-family: arial, helvetica, sans-serif\">Marque<\/span><\/p>\n<\/td>\n<td valign=\"top\" width=\"373\">\n<p><span style=\"font-family: arial, helvetica, sans-serif\">Trousse de jardin<\/span><\/p>\n<\/td>\n<\/tr>\n<tr>\n<td valign=\"top\" width=\"373\">\n<p><span style=\"font-family: arial, helvetica, sans-serif\">Lieu d&#039;origine<\/span><\/p>\n<\/td>\n<td valign=\"top\" width=\"373\">\n<p><span style=\"font-family: arial, helvetica, sans-serif\">Fujian, Chine<\/span><\/p>\n<\/td>\n<\/tr>\n<tr>\n<td valign=\"top\" width=\"373\">\n<p><span style=\"font-family: arial, helvetica, sans-serif\">ODM\/OEM<\/span><\/p>\n<\/td>\n<td valign=\"top\" width=\"373\">\n<p><span style=\"font-family: arial, helvetica, sans-serif\">Disponible<\/span><\/p>\n<\/td>\n<\/tr>\n<tr>\n<td valign=\"top\" width=\"373\">\n<p><span style=\"font-family: arial, helvetica, sans-serif\">MOQ pour commande personnalis\u00e9e<\/span><\/p>\n<\/td>\n<td valign=\"top\" width=\"373\">\n<p><span style=\"font-family: arial, helvetica, sans-serif\">3000 pi\u00e8ces<\/span><\/p>\n<\/td>\n<\/tr>\n<tr>\n<td valign=\"top\" width=\"373\">\n<p><span style=\"font-family: arial, helvetica, sans-serif\">Co\u00fbt de l&#039;\u00e9chantillon<\/span><\/p>\n<\/td>\n<td valign=\"top\" width=\"373\">\n<p><span style=\"font-family: arial, helvetica, sans-serif\">US$400\/Sample, retour complet apr\u00e8s commande de notre part<\/span><\/p>\n<\/td>\n<\/tr>\n<\/tbody>\n<\/table>\n<p style=\"line-height: 1.5\"><span style=\"font-family: arial, helvetica, sans-serif\">&nbsp;<\/span><\/p>\n<h3 style=\"line-height: 1.5;font-size: 19px\"><span style=\"font-family: arial, helvetica, sans-serif;font-size: 18px\">Description<\/span><\/h3>\n<p style=\"line-height: 1.5\"><span style=\"font-family: arial, helvetica, sans-serif\">Kit de jardinage de 21 pi\u00e8ces \u00e0 peindre et \u00e0 cultiver pour les enfants : Tout ce dont vos enfants ont besoin pour apporter la joie de cultiver des fleurs dans votre vie ou celle d'un \u00eatre cher. C'est simple : nos conseils sur la culture des fleurs \u00e0 partir de graines vous guident \u00e0 chaque \u00e9tape. Plantez !<\/span><\/p>\n<p style=\"line-height: 1.5\"><span style=\"font-family: arial, helvetica, sans-serif\">&nbsp;<\/span><\/p>\n<p style=\"line-height: 1.5\"><span style=\"font-family: arial, helvetica, sans-serif\">Le kit comprend les \u00e9l\u00e9ments suivants :.<\/span><\/p>\n<p style=\"line-height: 1.5\"><span style=\"font-family: arial, helvetica, sans-serif\">&nbsp;<\/span><span style=\"font-family: arial, helvetica, sans-serif\">1 jardini\u00e8re auto-irrigante<\/span><\/p>\n<p style=\"line-height: 1.5\"><span style=\"font-family: arial, helvetica, sans-serif\">5 sols pr\u00e9-fertilis\u00e9s<\/span><\/p>\n<p style=\"line-height: 1.5\"><span style=\"font-family: arial, helvetica, sans-serif\">3 sachets de graines qui restent fra\u00eeches<\/span><\/p>\n<p style=\"line-height: 1.5\"><span style=\"font-family: arial, helvetica, sans-serif\">1 outil de jardin<\/span><\/p>\n<p style=\"line-height: 1.5\"><span style=\"font-family: arial, helvetica, sans-serif\">1 paire de pinceaux<\/span><\/p>\n<p style=\"line-height: 1.5\"><span style=\"font-family: arial, helvetica, sans-serif\">6 couleurs de peinture<\/span><\/p>\n<p style=\"line-height: 1.5\"><span style=\"font-family: arial, helvetica, sans-serif\">1 bac \u00e0 peinture<\/span><\/p>\n<p style=\"line-height: 1.5\"><span style=\"font-family: arial, helvetica, sans-serif\">1 paire de gants<\/span><\/p>\n<p style=\"line-height: 1.5\"><span style=\"font-family: arial, helvetica, sans-serif\">1 guide de plantation \u00e9tape par \u00e9tape<\/span><\/p>\n<p style=\"line-height: 1.5\"><span style=\"font-family: arial, helvetica, sans-serif\">1 coffret cadeau personnalis\u00e9<\/span><\/p>\n<p style=\"line-height: 1.5\"><span style=\"font-family: arial, helvetica, sans-serif\">&nbsp;<\/span><\/p>\n<p style=\"line-height: 1.5\"><span style=\"font-family: arial, helvetica, sans-serif\">Le premier jardin de Garden Kit - Nourrissez le c\u0153ur et l&#039;esprit de votre enfant avec de la peinture et des plantes, 3 kits de jardinage pour enfants. Encouragez leurs int\u00e9r\u00eats artistiques et de jardinage avec 1 ensemble d&#039;outils de jardinage super amusant pour les enfants.<\/span><\/p>\n<p style=\"line-height: 1.5\"><span style=\"font-family: arial, helvetica, sans-serif\">&nbsp;<\/span><\/p>\n<p style=\"line-height: 1.5\"><span style=\"font-family: arial, helvetica, sans-serif\">TOUT INCLUS - Donnez \u00e0 votre petit jardinier un ensemble complet d&#039;outils de jardinage pour les enfants. Votre kit de culture de fleurs comprend une jardini\u00e8re auto-arrosante avec de la tourbe, des gants, une pelle, 6 peintures, 2 pinceaux et une palette.<\/span><\/p>\n<p style=\"line-height: 1.5\"><span style=\"font-family: arial, helvetica, sans-serif\">&nbsp;<\/span><\/p>\n<p style=\"line-height: 1.5\"><span style=\"font-family: arial, helvetica, sans-serif\">Cultivez quelque chose de magnifique - univers v\u00e9g\u00e9tal, myosotis, graines de zinnia et avec les instructions d\u00e9taill\u00e9es de votre guide de culture inclus. Que ce soit \u00e0 l&#039;int\u00e9rieur ou \u00e0 l&#039;ext\u00e9rieur, vous pourrez profiter de fleurs color\u00e9es.<\/span><\/p>\n<p style=\"line-height: 1.5\"><span style=\"font-family: arial, helvetica, sans-serif\">&nbsp;<\/span><\/p>\n<p style=\"line-height: 1.5\"><span style=\"font-family: arial, helvetica, sans-serif\">Cadeaux \u00e0 planter - Un cadeau d&#039;anniversaire pour une petite fille ou un petit gar\u00e7on qui encourage l&#039;expression artistique et la connexion avec la nature. Votre kit de jardinage pour enfants est une introduction facile au jardinage pour les enfants.<\/span><\/p>\n<p style=\"line-height: 1.5\"><span style=\"font-family: arial, helvetica, sans-serif\">&nbsp;<\/span><\/p>\n<p style=\"line-height: 1.5\"><span style=\"font-family: arial, helvetica, sans-serif\">Joignez-vous \u00e0 l&#039;amusement - comptez sur des kits de culture de plantes faciles faits maison pour les enfants et les adultes. Nous sommes passionn\u00e9s par la diffusion de notre amour pour la vie v\u00e9g\u00e9tale et nous avons h\u00e2te de vous aider \u00e0 cultiver votre premier jardin\u00a0!<\/span><\/p><\/p>","protected":false},"excerpt":{"rendered":"<p>Kit de jardinage de fleurs pour enfants 21 pi\u00e8ces pr\u00e9par\u00e9 : tout ce dont vos enfants ont besoin pour apporter la joie de faire pousser des fleurs dans votre vie ou celle d&#039;un \u00eatre cher. C&#039;est simple - nos conjectures sur la culture de fleurs \u00e0 partir de graines, vous guidant \u00e0 chaque \u00e9tape du chemin. Plante-le!<\/p>","protected":false},"featured_media":18077,"comment_status":"open","ping_status":"closed","template":"","meta":[],"product_cat":[61],"product_tag":[420,421,422,424,425,423,338],"acf":[],"_links":{"self":[{"href":"https:\/\/www.garden-kit.com\/fr\/wp-json\/wp\/v2\/product\/4099"}],"collection":[{"href":"https:\/\/www.garden-kit.com\/fr\/wp-json\/wp\/v2\/product"}],"about":[{"href":"https:\/\/www.garden-kit.com\/fr\/wp-json\/wp\/v2\/types\/product"}],"replies":[{"embeddable":true,"href":"https:\/\/www.garden-kit.com\/fr\/wp-json\/wp\/v2\/comments?post=4099"}],"wp:featuredmedia":[{"embeddable":true,"href":"https:\/\/www.garden-kit.com\/fr\/wp-json\/wp\/v2\/media\/18077"}],"wp:attachment":[{"href":"https:\/\/www.garden-kit.com\/fr\/wp-json\/wp\/v2\/media?parent=4099"}],"wp:term":[{"taxonomy":"product_cat","embeddable":true,"href":"https:\/\/www.garden-kit.com\/fr\/wp-json\/wp\/v2\/product_cat?post=4099"},{"taxonomy":"product_tag","embeddable":true,"href":"https:\/\/www.garden-kit.com\/fr\/wp-json\/wp\/v2\/product_tag?post=4099"}],"curies":[{"name":"wp","href":"https:\/\/api.w.org\/{rel}","templated":true}]}}