{"id":4115,"date":"2022-10-19T14:33:05","date_gmt":"2022-10-19T06:33:05","guid":{"rendered":"https:\/\/www.garden-kit.com\/product\/dandarci-paint-plant-flower-growing-kit-for-kids-2\/"},"modified":"2023-03-31T15:09:49","modified_gmt":"2023-03-31T07:09:49","slug":"flower-growing-kit","status":"publish","type":"product","link":"https:\/\/www.garden-kit.com\/fr\/product\/flower-growing-kit\/","title":{"rendered":"Kit de culture de fleurs"},"content":{"rendered":"<p style=\"line-height: 1.5\"><span style=\"font-family: arial, helvetica, sans-serif;font-size: 16px\">Les plantes utilisent la couleur pour gu\u00e9rir Dafa, rendant vos yeux pleins de joie, ou des motifs de fleurs magnifiques ou \u00e9tranges, de sorte que vous ne pouvez pas vous emp\u00eacher d&#039;explorer leur monde magique. M\u00eame si vous craignez que vos comp\u00e9tences en floriculture ne soient pas \u00e0 la hauteur, cela n&#039;a pas d&#039;importance. Les experts en floriculture partent tous de z\u00e9ro, et les fleurs ont une forte capacit\u00e9 d&#039;adaptation et d&#039;auto-gu\u00e9rison, pourquoi ne pas commencer maintenant\u00a0!<\/span><span style=\"font-family: arial, helvetica, sans-serif;font-size: 18px\"><\/span><\/p>\n<h3 style=\"line-height: 1.5;font-size: 19px\"><span style=\"font-family: arial, helvetica, sans-serif;font-size: 18px\">Aper\u00e7u<\/span><\/h3>\n<table border=\"1\" cellspacing=\"0\" style=\"border-collapse: collapse;width: 100%\">\n<tbody>\n<tr>\n<td valign=\"top\" width=\"373\">\n<p><span style=\"font-family: arial, helvetica, sans-serif;font-size: 16px\">Instructions d&#039;entretien du produit<\/span><\/p>\n<\/td>\n<td valign=\"top\" width=\"373\">\n<p><span style=\"font-family: arial, helvetica, sans-serif;font-size: 16px\">Disponible<\/span><\/p>\n<\/td>\n<\/tr>\n<tr>\n<td valign=\"top\" width=\"373\">\n<p><span style=\"font-family: arial, helvetica, sans-serif;font-size: 16px\">Type de produit v\u00e9g\u00e9tal<\/span><\/p>\n<\/td>\n<td valign=\"top\" width=\"373\">\n<p><span style=\"font-family: arial, helvetica, sans-serif;font-size: 16px\">Fleur<\/span><\/p>\n<\/td>\n<\/tr>\n<tr>\n<td valign=\"top\" width=\"373\">\n<p><span style=\"font-family: arial, helvetica, sans-serif;font-size: 16px\">Une fonction sp\u00e9ciale<\/span><\/p>\n<\/td>\n<td valign=\"top\" width=\"373\">\n<p><span style=\"font-family: arial, helvetica, sans-serif;font-size: 16px\">Culture int\u00e9rieure-ext\u00e9rieure<\/span><\/p>\n<\/td>\n<\/tr>\n<tr>\n<td valign=\"top\" width=\"373\">\n<p><span style=\"font-family: arial, helvetica, sans-serif;font-size: 16px\">Marque<\/span><\/p>\n<\/td>\n<td valign=\"top\" width=\"373\">\n<p><span style=\"font-family: arial, helvetica, sans-serif;font-size: 16px\">Trousse de jardin<\/span><\/p>\n<\/td>\n<\/tr>\n<tr>\n<td valign=\"top\" width=\"373\">\n<p><span style=\"font-family: arial, helvetica, sans-serif;font-size: 16px\">Lieu d&#039;origine<\/span><\/p>\n<\/td>\n<td valign=\"top\" width=\"373\">\n<p><span style=\"font-family: arial, helvetica, sans-serif;font-size: 16px\">Fujian, Chine<\/span><\/p>\n<\/td>\n<\/tr>\n<tr>\n<td valign=\"top\" width=\"373\">\n<p><span style=\"font-family: arial, helvetica, sans-serif;font-size: 16px\">ODM\/OEM<\/span><\/p>\n<\/td>\n<td valign=\"top\" width=\"373\">\n<p><span style=\"font-family: arial, helvetica, sans-serif;font-size: 16px\">Disponible<\/span><\/p>\n<\/td>\n<\/tr>\n<tr>\n<td valign=\"top\" width=\"373\">\n<p><span style=\"font-family: arial, helvetica, sans-serif;font-size: 16px\">MOQ pour commande personnalis\u00e9e<\/span><\/p>\n<\/td>\n<td valign=\"top\" width=\"373\">\n<p><span style=\"font-family: arial, helvetica, sans-serif;font-size: 16px\">3000 pi\u00e8ces<\/span><\/p>\n<\/td>\n<\/tr>\n<tr>\n<td valign=\"top\" width=\"373\">\n<p><span style=\"font-family: arial, helvetica, sans-serif;font-size: 16px\">Co\u00fbt de l&#039;\u00e9chantillon<\/span><\/p>\n<\/td>\n<td valign=\"top\" width=\"373\">\n<p><span style=\"font-family: arial, helvetica, sans-serif;font-size: 16px\">US$400\/Sample, retour complet apr\u00e8s une commande de notre part<\/span><\/p>\n<\/td>\n<\/tr>\n<\/tbody>\n<\/table>\n<p style=\"line-height: 1.5\"><span style=\"font-family: arial, helvetica, sans-serif;font-size: 16px\">&nbsp;<\/span><\/p>\n<p style=\"line-height: 1.5;text-align: center\"><span style=\"font-family: arial, helvetica, sans-serif;font-size: 16px\"><img decoding=\"async\" src=\"https:\/\/data.adwebcloud.com\/public\/material\/2206293ihquj\/product\/image3_1666161034953.jpg\" alt=\"exemple\" width=\"50%\" title=\"\"><img decoding=\"async\" src=\"https:\/\/data.adwebcloud.com\/public\/material\/2206293ihquj\/product\/image2_1666161029165.jpg\" alt=\"exemple\" width=\"50%\" title=\"\"> &nbsp;<\/span><\/p>\n<p style=\"line-height: 1.5\"><span style=\"font-family: arial, helvetica, sans-serif;font-size: 16px\">Kit de jardinage de fleurs pour enfants 22 pi\u00e8ces pr\u00e9par\u00e9 : tout ce dont vos enfants ont besoin pour apporter la joie de faire pousser des fleurs dans votre vie ou celle d&#039;un \u00eatre cher. C&#039;est simple - nos conjectures sur la culture de fleurs \u00e0 partir de graines, vous guidant \u00e0 chaque \u00e9tape du chemin. Plante-le!<\/span><\/p>\n<p style=\"line-height: 1.5\"><span style=\"font-family: arial, helvetica, sans-serif;font-size: 16px\">&nbsp;<\/span><\/p>\n<h3 style=\"line-height: 1.5;font-size: 19px\"><span style=\"font-family: arial, helvetica, sans-serif;font-size: 16px\">Les \u00e9l\u00e9ments suivants sont inclus dans le kit.<\/span><span style=\"font-family: arial, helvetica, sans-serif;font-size: 16px\">&nbsp;<\/span><\/h3>\n<p style=\"line-height: 1.5\"><span style=\"font-family: arial, helvetica, sans-serif;font-size: 16px\">1 jardini\u00e8re en \u00e9tain \u00e0 peindre (12*4.5*4\u2033)<\/span><\/p>\n<p style=\"line-height: 1.5\"><span style=\"font-family: arial, helvetica, sans-serif;font-size: 16px\">1 doublure en plastique<\/span><\/p>\n<p style=\"line-height: 1.5\"><span style=\"font-family: arial, helvetica, sans-serif;font-size: 16px\">1 grand disque de sol<\/span><\/p>\n<p style=\"line-height: 1.5\"><span style=\"font-family: arial, helvetica, sans-serif;font-size: 16px\">3 sachets de graines qui restent fra\u00eeches<\/span><\/p>\n<p style=\"line-height: 1.5\"><span style=\"font-family: arial, helvetica, sans-serif;font-size: 16px\">Bande de peinture 6 couleurs<\/span><\/p>\n<p style=\"line-height: 1.5\"><span style=\"font-family: arial, helvetica, sans-serif;font-size: 16px\">2 pinceaux<\/span><\/p>\n<p style=\"line-height: 1.5\"><span style=\"font-family: arial, helvetica, sans-serif;font-size: 16px\">1 palette de peinture<\/span><\/p>\n<p style=\"line-height: 1.5\"><span style=\"font-family: arial, helvetica, sans-serif;font-size: 16px\">3 marqueurs de plantes en bois<\/span><\/p>\n<p style=\"line-height: 1.5\"><span style=\"font-family: arial, helvetica, sans-serif;font-size: 16px\">1 pelle<\/span><\/p>\n<p style=\"line-height: 1.5\"><span style=\"font-family: arial, helvetica, sans-serif;font-size: 16px\">1 bouteille d&#039;eau<\/span><\/p>\n<p style=\"line-height: 1.5\"><span style=\"font-family: arial, helvetica, sans-serif;font-size: 16px\">1 guide de plantation \u00e9tape par \u00e9tape<\/span><\/p>\n<p style=\"line-height: 1.5\"><span style=\"font-family: arial, helvetica, sans-serif;font-size: 16px\">1 coffret cadeau personnalis\u00e9<\/span><\/p>\n<p style=\"line-height: 1.5\"><span style=\"font-family: arial, helvetica, sans-serif;font-size: 16px\">&nbsp;<\/span><\/p>\n<p style=\"line-height: 1.5\"><span style=\"font-family: arial, helvetica, sans-serif;font-size: 16px\">PEINDRE ET PLANTER VOTRE PROPRE PETIT JARDIN : Peignez des pots et des marqueurs de plantation, et semez des soucis, des cosmos et des zinnias - des couleurs vives et des odeurs agr\u00e9ables. Suivez les instructions \u00e9tape par \u00e9tape incluses.<\/span><\/p>\n<p style=\"line-height: 1.5\"><span style=\"font-family: arial, helvetica, sans-serif;font-size: 16px\">&nbsp;<\/span><\/p>\n<p style=\"line-height: 1.5\"><span style=\"font-family: arial, helvetica, sans-serif;font-size: 16px\">Rendez-le unique : en mati\u00e8re de design, le ciel est la limite ! Exprimez librement votre cr\u00e9ativit\u00e9 sur les pots et marqueurs de plantes.<\/span><\/p>\n<p style=\"line-height: 1.5\"><span style=\"font-family: arial, helvetica, sans-serif;font-size: 16px\">&nbsp;<\/span><\/p>\n<p style=\"line-height: 1.5\"><span style=\"font-family: arial, helvetica, sans-serif;font-size: 16px\">Le kit comprend une jardini\u00e8re en \u00e9tain (30,5 x 11,4 x 10,2 cm), une doublure en plastique, de la terre, 3 paquets de graines, 6 bandes de peinture de couleur, 2 pinceaux, une palette de peinture, 3 marqueurs de plantes en bois, une pelle, une bouteille d&#039;eau et un beau manuel d&#039;instructions.<\/span><\/p>\n<p style=\"line-height: 1.5\"><span style=\"font-family: arial, helvetica, sans-serif;font-size: 16px\">&nbsp;<\/span><\/p>\n<p style=\"line-height: 1.5\"><span style=\"font-family: arial, helvetica, sans-serif;font-size: 16px\">Un cadeau amusant et \u00e9ducatif pour tous les \u00e2ges\u00a0: ce n&#039;est pas souvent qu&#039;un projet amusant est \u00e9ducatif, mais ce kit de culture de fleurs fait les deux\u00a0! Il fascine les enfants lorsqu&#039;ils le sortent de la bo\u00eete et leur enseignent le cycle de vie des plantes et de la botanique. Chaque enfant peut peindre, peindre et planter autant qu&#039;il le souhaite, ce qui garantit qu&#039;il s&#039;amusera beaucoup.<\/span><\/p>\n<h3 style=\"font-size: 19px\"><span style=\"font-family: arial, helvetica, sans-serif\">Avantages des kits de plantation de fleurs pour les enfants<\/span><\/h3>\n<p><span style=\"font-family: arial, helvetica, sans-serif\">1. La peinture est une sorte de sentiment qui peut exercer et cultiver la capacit\u00e9 de perception des enfants. Lorsque les enfants peignent, ils auront diverses m\u00e9thodes d&#039;observation et d&#039;expression des choses. Une exp\u00e9rience \u00e0 long terme comme celle-ci incitera les enfants \u00e0 observer les choses autour d&#039;eux. Plus elle est d\u00e9taill\u00e9e, plus la perception de l&#039;enfant deviendra forte.<\/span><\/p>\n<p><span style=\"font-family: arial, helvetica, sans-serif\">2. La peinture est une sorte de fantaisie qui peut exercer l&#039;imagination et la cr\u00e9ativit\u00e9 des enfants. Pendant tout le processus de peinture, les enfants essaieront constamment d&#039;utiliser de nouvelles m\u00e9thodes pour cr\u00e9er des expressions.<\/span><\/p>\n<p><span style=\"font-family: arial, helvetica, sans-serif\">3. La peinture est une sorte de m\u00e9moire qui peut am\u00e9liorer la capacit\u00e9 de m\u00e9moire des enfants. Le dessin est le moyen le plus rapide et le plus simple de faire en sorte que les gens se souviennent.<\/span><\/p>\n<p><span style=\"font-family: arial, helvetica, sans-serif\">4. La peinture est une sorte de confiance en soi. Il peut cultiver la confiance en soi et le courage des enfants. Beaucoup d&#039;enfants qui ne sont pas tr\u00e8s verbaux expriment souvent leurs id\u00e9es \u00e0 travers la peinture. Plus d&#039;encouragements et d&#039;\u00e9loges inciteront les enfants qui ne sont pas confiants \u00e0 ouvrir progressivement votre c\u0153ur et \u00e0 l&#039;exprimer avec audace, ce qui renforcera votre confiance en vous.<\/span><\/p><\/p>","protected":false},"excerpt":{"rendered":"<p>Kit de jardinage de fleurs pour enfants 22 pi\u00e8ces pr\u00e9par\u00e9 : tout ce dont vos enfants ont besoin pour apporter la joie de faire pousser des fleurs dans votre vie ou celle d&#039;un \u00eatre cher. C&#039;est simple - nos conjectures sur la culture de fleurs \u00e0 partir de graines, vous guidant \u00e0 chaque \u00e9tape du chemin. Plante-le!<\/p>","protected":false},"featured_media":12599,"comment_status":"open","ping_status":"closed","template":"","meta":[],"product_cat":[61],"product_tag":[415,335,413,417,416,334,414],"acf":[],"_links":{"self":[{"href":"https:\/\/www.garden-kit.com\/fr\/wp-json\/wp\/v2\/product\/4115"}],"collection":[{"href":"https:\/\/www.garden-kit.com\/fr\/wp-json\/wp\/v2\/product"}],"about":[{"href":"https:\/\/www.garden-kit.com\/fr\/wp-json\/wp\/v2\/types\/product"}],"replies":[{"embeddable":true,"href":"https:\/\/www.garden-kit.com\/fr\/wp-json\/wp\/v2\/comments?post=4115"}],"wp:featuredmedia":[{"embeddable":true,"href":"https:\/\/www.garden-kit.com\/fr\/wp-json\/wp\/v2\/media\/12599"}],"wp:attachment":[{"href":"https:\/\/www.garden-kit.com\/fr\/wp-json\/wp\/v2\/media?parent=4115"}],"wp:term":[{"taxonomy":"product_cat","embeddable":true,"href":"https:\/\/www.garden-kit.com\/fr\/wp-json\/wp\/v2\/product_cat?post=4115"},{"taxonomy":"product_tag","embeddable":true,"href":"https:\/\/www.garden-kit.com\/fr\/wp-json\/wp\/v2\/product_tag?post=4115"}],"curies":[{"name":"wp","href":"https:\/\/api.w.org\/{rel}","templated":true}]}}