{"id":4164,"date":"2022-10-19T15:07:11","date_gmt":"2022-10-19T07:07:11","guid":{"rendered":"https:\/\/www.garden-kit.com\/product\/culinary-herb-seed-vault\/"},"modified":"2023-03-31T14:45:43","modified_gmt":"2023-03-31T06:45:43","slug":"culinary-herb-seed-pack","status":"publish","type":"product","link":"https:\/\/www.garden-kit.com\/fr\/product\/culinary-herb-seed-pack\/","title":{"rendered":"Pack de graines d&#039;herbes culinaires"},"content":{"rendered":"<h3 style=\"line-height: 1.5;font-size: 19px\"><span style=\"font-family: arial, helvetica, sans-serif;font-size: 16px\">Aper\u00e7u<\/span><\/h3>\n<table border=\"1\" cellspacing=\"0\" style=\"border-collapse: collapse;width: 100%\">\n<tbody>\n<tr>\n<td valign=\"top\" width=\"373\">\n<p><span style=\"font-family: arial, helvetica, sans-serif;font-size: 16px\">Instructions d&#039;entretien du produit<\/span><\/p>\n<\/td>\n<td valign=\"top\" width=\"373\">\n<p><span style=\"font-family: arial, helvetica, sans-serif;font-size: 16px\">Disponible<\/span><\/p>\n<\/td>\n<\/tr>\n<tr>\n<td valign=\"top\" width=\"373\">\n<p><span style=\"font-family: arial, helvetica, sans-serif;font-size: 16px\">Type de produit v\u00e9g\u00e9tal<\/span><\/p>\n<\/td>\n<td valign=\"top\" width=\"373\">\n<p><span style=\"font-family: arial, helvetica, sans-serif;font-size: 16px\">Graines d&#039;herbes<\/span><\/p>\n<\/td>\n<\/tr>\n<tr>\n<td valign=\"top\" width=\"373\">\n<p><span style=\"font-family: arial, helvetica, sans-serif;font-size: 16px\">Une fonction sp\u00e9ciale<\/span><\/p>\n<\/td>\n<td valign=\"top\" width=\"373\">\n<p><span style=\"font-family: arial, helvetica, sans-serif;font-size: 16px\">Culture int\u00e9rieure-ext\u00e9rieure<\/span><\/p>\n<\/td>\n<\/tr>\n<tr>\n<td valign=\"top\" width=\"373\">\n<p><span style=\"font-family: arial, helvetica, sans-serif;font-size: 16px\">Marque<\/span><\/p>\n<\/td>\n<td valign=\"top\" width=\"373\">\n<p><span style=\"font-family: arial, helvetica, sans-serif;font-size: 16px\">Trousse de jardin<\/span><\/p>\n<\/td>\n<\/tr>\n<tr>\n<td valign=\"top\" width=\"373\">\n<p><span style=\"font-family: arial, helvetica, sans-serif;font-size: 16px\">Lieu d&#039;origine<\/span><\/p>\n<\/td>\n<td valign=\"top\" width=\"373\">\n<p><span style=\"font-family: arial, helvetica, sans-serif;font-size: 16px\">Fujian, Chine<\/span><\/p>\n<\/td>\n<\/tr>\n<tr>\n<td valign=\"top\" width=\"373\">\n<p><span style=\"font-family: arial, helvetica, sans-serif;font-size: 16px\">ODM\/OEM<\/span><\/p>\n<\/td>\n<td valign=\"top\" width=\"373\">\n<p><span style=\"font-family: arial, helvetica, sans-serif;font-size: 16px\">Disponible<\/span><\/p>\n<\/td>\n<\/tr>\n<tr>\n<td valign=\"top\" width=\"373\">\n<p><span style=\"font-family: arial, helvetica, sans-serif;font-size: 16px\">MOQ pour commande personnalis\u00e9e<\/span><\/p>\n<\/td>\n<td valign=\"top\" width=\"373\">\n<p><span style=\"font-family: arial, helvetica, sans-serif;font-size: 16px\">3000 pi\u00e8ces<\/span><\/p>\n<\/td>\n<\/tr>\n<tr>\n<td valign=\"top\" width=\"373\">\n<p><span style=\"font-family: arial, helvetica, sans-serif;font-size: 16px\">Co\u00fbt de l&#039;\u00e9chantillon<\/span><\/p>\n<\/td>\n<td valign=\"top\" width=\"373\">\n<p><span style=\"font-family: arial, helvetica, sans-serif;font-size: 16px\">US$400\/Sample, retour complet apr\u00e8s une commande de notre part<\/span><\/p>\n<\/td>\n<\/tr>\n<\/tbody>\n<\/table>\n<p style=\"line-height: 1.5\"><span style=\"font-family: arial, helvetica, sans-serif;font-size: 16px\">&nbsp;<\/span><\/p>\n<p style=\"line-height: 1.5\"><span style=\"font-family: arial, helvetica, sans-serif;font-size: 16px\">Kit pr\u00e9par\u00e9 de 20 vari\u00e9t\u00e9s de graines d&#039;herbes aromatiques\u00a0: C&#039;est simple\u00a0: nous \u00e9liminons les incertitudes li\u00e9es \u00e0 la culture d&#039;herbes aromatiques \u00e0 partir de graines, en vous guidant \u00e0 chaque \u00e9tape du processus. Tout ce dont vous avez besoin pour apporter la joie des herbes dans votre vie ou celle de votre proche dans un magnifique sac d&#039;emballage. Plante-le!<\/span><\/p>\n<p style=\"line-height: 1.5\"><span style=\"font-family: arial, helvetica, sans-serif;font-size: 16px\">&nbsp;<\/span><\/p>\n<h3 style=\"line-height: 1.5;font-size: 19px\"><span style=\"font-family: arial, helvetica, sans-serif;font-size: 16px\">Les \u00e9l\u00e9ments suivants sont inclus dans le kit.<\/span><\/h3>\n<p style=\"line-height: 1.5\"><span style=\"font-family: arial, helvetica, sans-serif;font-size: 16px\">20 vari\u00e9t\u00e9s d&#039;herbes telles que les haricots Contender, le brocoli Waltham, le chou fris\u00e9 Blue Scotch, les pois sucr\u00e9s de l&#039;Oregon, les tomates anciennes Marglobe, la courge d&#039;\u00e9t\u00e9 Black Beauty, et plus encore.<\/span><\/p>\n<p style=\"line-height: 1.5\"><span style=\"font-family: arial, helvetica, sans-serif;font-size: 16px\">1 guide de plantation \u00e9tape par \u00e9tape<\/span><\/p>\n<p style=\"line-height: 1.5\"><span style=\"font-family: arial, helvetica, sans-serif;font-size: 16px\">1 sac d&#039;emballage personnalis\u00e9<\/span><\/p>\n<p style=\"line-height: 1.5\"><span style=\"font-family: arial, helvetica, sans-serif;font-size: 16px\">Trouvez 20 des herbes culinaires les plus populaires avec 20 \u00e9tiquettes de plantes. Arr\u00eatez d&#039;acheter des herbes s\u00e9ch\u00e9es s\u00e8ches, rassis et sans go\u00fbt et commencez \u00e0 cultiver votre propre jardin d&#039;herbes aromatiques \u00e0 l&#039;int\u00e9rieur ou \u00e0 l&#039;ext\u00e9rieur. Rien ne vaut des herbes fra\u00eeches et un beau jardin. Id\u00e9al pour les tisanes culinaires ou m\u00e9dicinales.<\/span><\/p>\n<p style=\"line-height: 1.5\"><span style=\"font-family: arial, helvetica, sans-serif;font-size: 16px\">&nbsp;<\/span><\/p>\n<p style=\"line-height: 1.5\"><span style=\"font-family: arial, helvetica, sans-serif;font-size: 16px\">Excellent cadeau pour un jardinier-chef-survivaliste - quoi de mieux qu&#039;un sac de graines pour qu&#039;un jardinier ait un jardin abondant, ou pour ceux qui veulent se pr\u00e9parer aux situations d&#039;urgence. Nous avons une grande collection de graines, y compris des instructions de plantation et des \u00e9tiquettes de plantes pour chaque herbe.<\/span><\/p>\n<p style=\"line-height: 1.5\"><span style=\"font-family: arial, helvetica, sans-serif;font-size: 16px\">&nbsp;<\/span><\/p>\n<p style=\"line-height: 1.5\"><span style=\"font-family: arial, helvetica, sans-serif;font-size: 16px\">Plus de 6 000 graines dans chaque emballage et feuille d&#039;instructions \u2013 notre vari\u00e9t\u00e9 d&#039;emballages de graines anciennes est disponible dans une vari\u00e9t\u00e9 de graines avec des taux de germination \u00e9lev\u00e9s. Les graines sont emball\u00e9es dans des sacs en mylar refermables et imperm\u00e9ables pour conserver la fra\u00eecheur et la qualit\u00e9 des graines. C&#039;est un excellent ajout \u00e0 vos fournitures de sacs anti-insectes et \u00e0 vos articles de pr\u00e9paration aux situations d&#039;urgence.<\/span><\/p>\n<p style=\"line-height: 1.5\"><span style=\"font-family: arial, helvetica, sans-serif;font-size: 16px\">&nbsp;<\/span><\/p>\n<p style=\"line-height: 1.5\"><span style=\"font-family: arial, helvetica, sans-serif;font-size: 16px\">Jardin d&#039;herbes fra\u00eeches d&#039;int\u00e9rieur ou d&#039;ext\u00e9rieur toute l&#039;ann\u00e9e \u2013 Plantez des graines \u00e0 l&#039;int\u00e9rieur toute l&#039;ann\u00e9e comme un jardin d&#039;herbes de fen\u00eatre, ou transf\u00e9rez-les dans une jardini\u00e8re pour profiter d&#039;herbes incroyables toute l&#039;ann\u00e9e. Ceux-ci peuvent \u00eatre utilis\u00e9s comme jardins d&#039;herbes aromatiques d&#039;int\u00e9rieur, kits de jardinage, jardins d&#039;herbes aromatiques de cuisine ou comme lits de jardin ext\u00e9rieurs. Plantez-en plus \u00e0 utiliser comme pousses ou micro-verts.<\/span><\/p>\n<p style=\"line-height: 1.5\"><span style=\"font-family: arial, helvetica, sans-serif;font-size: 16px\">&nbsp;<\/span><\/p>\n<p style=\"line-height: 1.5\"><span style=\"font-family: arial, helvetica, sans-serif;font-size: 16px\">Fabriqu\u00e9es en Chine \u2013 Nos graines de jardin proviennent de sources durables en Chine. Ayez confiance en notre qualit\u00e9 et garantissez la satisfaction 100%. Ces graines peuvent \u00eatre utilis\u00e9es avec des gousses de graines de jardin a\u00e9rodynamiques *** REMARQUE *** Certaines vari\u00e9t\u00e9s ont de tr\u00e8s petites graines et ne semblent pas avoir le bon nombre de graines. Nous avons v\u00e9rifi\u00e9 le nombre de graines \u00e0 plusieurs reprises et il a toujours \u00e9t\u00e9 calcul\u00e9 correctement. Faites-nous savoir si vous avez des questions<\/span><\/p>\n<p style=\"line-height: 1.5\"><span style=\"font-family: arial, helvetica, sans-serif;font-size: 16px\"><\/span><\/p>\n<h3 style=\"line-height: 1.5;font-size: 19px\"><span style=\"font-family: arial, helvetica, sans-serif\">Pourquoi acheter des graines anciennes ?<\/span><\/h3>\n<p style=\"line-height: 1.5\"><span style=\"font-family: arial, helvetica, sans-serif\">L&#039;ensemble de graines de l\u00e9gumes Heirloom comprend 39 vari\u00e9t\u00e9s de graines de l\u00e9gumes s\u00e9lectionn\u00e9es \u00e0 la main, non hybrides, non g\u00e9n\u00e9tiquement modifi\u00e9es et \u00e0 pollinisation libre. La plupart des l\u00e9gumes que vous achetez \u00e0 l\u2019\u00e9picerie sont des graines \u00ab hybrides \u00bb, ce qui signifie qu\u2019elles ont \u00e9t\u00e9 g\u00e9n\u00e9tiquement modifi\u00e9es pour produire les plus belles choses \u00e0 exposer. C\u2019est un probl\u00e8me si vous essayez de conserver les graines de ce produit \u2013 pourquoi ? \u2013 Prenez par exemple les poivrons verts, ils ont \u00e9t\u00e9 modifi\u00e9s en laboratoire pour produire une peau vert vif et des fruits croquants, les deux l\u00e9gumes ont donc \u00e9t\u00e9 \u00ab crois\u00e9s \u00bb pour produire ce magnifique poivron vert. Les graines de ce type pourraient faire pousser des poivrons verts ou tout ce qui s&#039;hybride avec eux !<\/span><\/p>\n<p style=\"line-height: 1.5\"><span style=\"font-family: arial, helvetica, sans-serif\">Les h\u00e9ritages sont des graines transmises depuis plus de 75 ans ou des graines issues du fruit original. Ce sont de v\u00e9ritables objets de famille \u2013 avec un go\u00fbt d\u00e9licieux et une robustesse. Les vari\u00e9t\u00e9s anciennes s\u00e9lectionn\u00e9es dans notre kit fleuriront dans toutes les r\u00e9gions (avec des soins appropri\u00e9s, bien s\u00fbr). La plupart de ces graines ont une dur\u00e9e de conservation de 10 ans si elles sont conserv\u00e9es correctement dans un endroit frais, sombre et sec. Si vous cultivez encore votre main verte, nous vous recommandons le \u00ab Brand New. Livre de jardinage Square Foot \u2013 d\u2019excellents conseils et id\u00e9es pour le jardinier d\u00e9butant ou ceux disposant d\u2019un espace de jardinage limit\u00e9.<\/span><\/p>\n<p style=\"line-height: 1.5\"><span style=\"font-family: arial, helvetica, sans-serif\">L&#039;ensemble de graines de l\u00e9gumes anciennes comprend plus de 4\u00a0500 graines anciennes.<\/span><\/p><\/p>","protected":false},"excerpt":{"rendered":"<p>Kit de 20 vari\u00e9t\u00e9s de graines d&#039;herbes pr\u00e9par\u00e9es : c&#039;est facile - nous \u00e9liminons les conjectures de la culture d&#039;herbes \u00e0 partir de graines, vous guidant \u00e0 chaque \u00e9tape du chemin. Tout ce dont vous avez besoin pour apporter la joie de l&#039;herbe dans votre vie ou celle de votre proche dans un magnifique sac. Plante-le!<\/p>","protected":false},"featured_media":12176,"comment_status":"open","ping_status":"closed","template":"","meta":[],"product_cat":[59],"product_tag":[491,279,489,490],"acf":[],"_links":{"self":[{"href":"https:\/\/www.garden-kit.com\/fr\/wp-json\/wp\/v2\/product\/4164"}],"collection":[{"href":"https:\/\/www.garden-kit.com\/fr\/wp-json\/wp\/v2\/product"}],"about":[{"href":"https:\/\/www.garden-kit.com\/fr\/wp-json\/wp\/v2\/types\/product"}],"replies":[{"embeddable":true,"href":"https:\/\/www.garden-kit.com\/fr\/wp-json\/wp\/v2\/comments?post=4164"}],"wp:featuredmedia":[{"embeddable":true,"href":"https:\/\/www.garden-kit.com\/fr\/wp-json\/wp\/v2\/media\/12176"}],"wp:attachment":[{"href":"https:\/\/www.garden-kit.com\/fr\/wp-json\/wp\/v2\/media?parent=4164"}],"wp:term":[{"taxonomy":"product_cat","embeddable":true,"href":"https:\/\/www.garden-kit.com\/fr\/wp-json\/wp\/v2\/product_cat?post=4164"},{"taxonomy":"product_tag","embeddable":true,"href":"https:\/\/www.garden-kit.com\/fr\/wp-json\/wp\/v2\/product_tag?post=4164"}],"curies":[{"name":"wp","href":"https:\/\/api.w.org\/{rel}","templated":true}]}}