{"id":4223,"date":"2022-10-19T15:30:56","date_gmt":"2022-10-19T07:30:56","guid":{"rendered":"https:\/\/www.garden-kit.com\/product\/wildflower-seeds-1-4-lb-bulk-perennial-wild-flower-seeds-mix\/"},"modified":"2024-03-07T10:19:00","modified_gmt":"2024-03-07T02:19:00","slug":"bulk-perennial-wild-flower-seeds-mix","status":"publish","type":"product","link":"https:\/\/www.garden-kit.com\/fr\/product\/bulk-perennial-wild-flower-seeds-mix\/","title":{"rendered":"Cartes de visite de graines de fleurs sauvages"},"content":{"rendered":"<h3 style=\"font-size: 19px\">Aper\u00e7u<\/h3>\n<table border=\"1\" cellspacing=\"0\" style=\"border-collapse: collapse;width: 100%;height: 273px\">\n<tbody>\n<tr style=\"height: 31px\">\n<td valign=\"top\" width=\"373\" style=\"width: 49.5352%;height: 31px\">\n<p><span style=\"font-family: 'PingFang SC', 'Microsoft YaHei', sans-serif;font-size: 16px\">Instructions d&#039;entretien du produit<\/span><\/p>\n<\/td>\n<td valign=\"top\" width=\"373\" style=\"width: 49.5352%;height: 31px\">\n<p><span style=\"font-family: 'PingFang SC', 'Microsoft YaHei', sans-serif;font-size: 16px\">Disponible<\/span><\/p>\n<\/td>\n<\/tr>\n<tr style=\"height: 35px\">\n<td valign=\"top\" width=\"373\" style=\"width: 49.5352%;height: 35px\">\n<p><span style=\"font-family: 'PingFang SC', 'Microsoft YaHei', sans-serif;font-size: 16px\">Type de produit v\u00e9g\u00e9tal<\/span><\/p>\n<\/td>\n<td valign=\"top\" width=\"373\" style=\"width: 49.5352%;height: 35px\">\n<p style=\"line-height: 1.5\"><span style=\"font-family: 'PingFang SC', 'Microsoft YaHei', sans-serif;font-size: 16px\">Graines de fleurs sauvages<\/span><\/p>\n<\/td>\n<\/tr>\n<tr style=\"height: 31px\">\n<td valign=\"top\" width=\"373\" style=\"width: 49.5352%;height: 31px\">\n<p><span style=\"font-family: 'PingFang SC', 'Microsoft YaHei', sans-serif;font-size: 16px\">Une fonction sp\u00e9ciale<\/span><\/p>\n<\/td>\n<td valign=\"top\" width=\"373\" style=\"width: 49.5352%;height: 31px\">\n<p><span style=\"font-family: 'PingFang SC', 'Microsoft YaHei', sans-serif;font-size: 16px\">Culture int\u00e9rieure-ext\u00e9rieure<\/span><\/p>\n<\/td>\n<\/tr>\n<tr style=\"height: 31px\">\n<td valign=\"top\" width=\"373\" style=\"width: 49.5352%;height: 31px\">\n<p><span style=\"font-family: 'PingFang SC', 'Microsoft YaHei', sans-serif;font-size: 16px\">Marque<\/span><\/p>\n<\/td>\n<td valign=\"top\" width=\"373\" style=\"width: 49.5352%;height: 31px\">\n<p><span style=\"font-family: 'PingFang SC', 'Microsoft YaHei', sans-serif;font-size: 16px\">Trousse de jardin<\/span><\/p>\n<\/td>\n<\/tr>\n<tr style=\"height: 31px\">\n<td valign=\"top\" width=\"373\" style=\"width: 49.5352%;height: 31px\">\n<p><span style=\"font-family: 'PingFang SC', 'Microsoft YaHei', sans-serif;font-size: 16px\">Lieu d&#039;origine<\/span><\/p>\n<\/td>\n<td valign=\"top\" width=\"373\" style=\"width: 49.5352%;height: 31px\">\n<p><span style=\"font-family: 'PingFang SC', 'Microsoft YaHei', sans-serif;font-size: 16px\">Fujian, Chine<\/span><\/p>\n<\/td>\n<\/tr>\n<tr style=\"height: 31px\">\n<td valign=\"top\" width=\"373\" style=\"width: 49.5352%;height: 31px\">\n<p><span style=\"font-family: 'PingFang SC', 'Microsoft YaHei', sans-serif;font-size: 16px\">ODM\/OEM<\/span><\/p>\n<\/td>\n<td valign=\"top\" width=\"373\" style=\"width: 49.5352%;height: 31px\">\n<p><span style=\"font-family: 'PingFang SC', 'Microsoft YaHei', sans-serif;font-size: 16px\">Disponible<\/span><\/p>\n<\/td>\n<\/tr>\n<tr style=\"height: 31px\">\n<td valign=\"top\" width=\"373\" style=\"width: 49.5352%;height: 31px\">\n<p><span style=\"font-family: 'PingFang SC', 'Microsoft YaHei', sans-serif;font-size: 16px\">MOQ pour commande personnalis\u00e9e<\/span><\/p>\n<\/td>\n<td valign=\"top\" width=\"373\" style=\"width: 49.5352%;height: 31px\">\n<p><span style=\"font-family: 'PingFang SC', 'Microsoft YaHei', sans-serif;font-size: 16px\">3000 pi\u00e8ces<\/span><\/p>\n<\/td>\n<\/tr>\n<tr style=\"height: 52px\">\n<td valign=\"top\" width=\"373\" style=\"width: 49.5352%;height: 52px\">\n<p><span style=\"font-family: 'PingFang SC', 'Microsoft YaHei', sans-serif;font-size: 16px\">Co\u00fbt de l&#039;\u00e9chantillon<\/span><\/p>\n<\/td>\n<td valign=\"top\" width=\"373\" style=\"width: 49.5352%;height: 52px\">\n<p><span style=\"font-family: 'PingFang SC', 'Microsoft YaHei', sans-serif;font-size: 16px\">US$400\/Sample, retour complet apr\u00e8s une commande de notre part<\/span><\/p>\n<\/td>\n<\/tr>\n<\/tbody>\n<\/table>\n<p style=\"line-height: 1.5\"><span style=\"font-family: 'PingFang SC', 'Microsoft YaHei', sans-serif;font-size: 16px\"><\/span><\/p>\n<p style=\"line-height: 1.5\"><span style=\"font-family: 'PingFang SC', 'Microsoft YaHei', sans-serif;font-size: 16px\">Une autre consid\u00e9ration dans le temps de plantation est le type de graines de fleurs. Par exemple, les vari\u00e9t\u00e9s vivaces peuvent \u00eatre sem\u00e9es presque toute l&#039;ann\u00e9e, mais elles ne germeront pas et ne fleuriront pas quand vous le souhaitez. La plupart des vari\u00e9t\u00e9s vivaces ont besoin d&#039;un hiver avant de fleurir. Vari\u00e9t\u00e9 annuelle qui pousse, fleurit rapidement et meurt avant le gel. Cela signifie que si vous semez des annuelles au milieu de l&#039;\u00e9t\u00e9, m\u00eame si le temps est parfait pour la culture, vous ne verrez pas beaucoup de fleurs \u00e0 cause des gel\u00e9es qui l&#039;accompagnent. Si vous semez des produits combin\u00e9s (y compris des vari\u00e9t\u00e9s annuelles et vivaces), quel que soit le semis d&#039;automne, le semis de printemps ou le semis de d\u00e9but d&#039;\u00e9t\u00e9, les vari\u00e9t\u00e9s annuelles fleuriront la m\u00eame ann\u00e9e, tandis que la deuxi\u00e8me ann\u00e9e sera l&#039;effet paysage pr\u00e9sent\u00e9 par les vari\u00e9t\u00e9s p\u00e9rennes et annuelles. vari\u00e9t\u00e9s \u00e0 forte capacit\u00e9 d&#039;auto-ensemencement.<\/span><\/p>\n<p style=\"line-height: 1.5\"><span style=\"font-family: 'PingFang SC', 'Microsoft YaHei', sans-serif;font-size: 16px\"><\/span><\/p>\n<p style=\"line-height: 1.5\"><span style=\"font-family: 'PingFang SC', 'Microsoft YaHei', sans-serif;font-size: 16px\">Kit de graines de fleurs sauvages pr\u00e9par\u00e9es de 18 pi\u00e8ces : c&#039;est facile - nous \u00e9liminons les conjectures de la culture de fleurs sauvages \u00e0 partir de graines, vous guidant \u00e0 chaque \u00e9tape du chemin. Tout ce dont vous avez besoin pour apporter la joie de Wildflower dans votre vie ou celle de votre bien-aim\u00e9 dans un magnifique sac. Plante-le!<\/span><\/p>\n<p style=\"line-height: 1.5\"><span style=\"font-family: 'PingFang SC', 'Microsoft YaHei', sans-serif;font-size: 16px\">&nbsp;<\/span><\/p>\n<h3 style=\"font-size: 19px\">Les \u00e9l\u00e9ments suivants sont inclus dans le kit.<\/h3>\n<p><span style=\"font-family: 'PingFang SC', 'Microsoft YaHei', sans-serif\"><span style=\"font-size: 16px\">18 vari\u00e9t\u00e9s de graines d&#039;herbes telles que Shasta Daisies, Black Eyed SChinans, Blue Flax, et plus encore.<\/span><\/span><\/p>\n<p style=\"line-height: 1.5\"><span style=\"font-family: 'PingFang SC', 'Microsoft YaHei', sans-serif;font-size: 16px\">1 guide de plantation \u00e9tape par \u00e9tape<\/span><\/p>\n<p style=\"line-height: 1.5\"><span style=\"font-family: 'PingFang SC', 'Microsoft YaHei', sans-serif;font-size: 16px\">1 sac d&#039;emballage personnalis\u00e9<\/span><\/p>\n<p style=\"line-height: 1.5\"><span style=\"font-family: 'PingFang SC', 'Microsoft YaHei', sans-serif;font-size: 16px\">&nbsp;<\/span><\/p>\n<p style=\"line-height: 1.5\"><span style=\"font-family: 'PingFang SC', 'Microsoft YaHei', sans-serif;font-size: 16px\">4 oz de graines pures, sans remplissage (2 fois plus que les autres marques) - contrairement aux autres sacs de fleurs sauvages, nous vous fournissons deux fois plus de graines. Pour chaque sac, nous garantissons les produits que nous vendons\u00a0! Avec ces graines, vous pouvez cultiver un beau jardin et profiter d&#039;une gamme dynamique de fleurs diff\u00e9rentes.<\/span><\/p>\n<p style=\"line-height: 1.5\"><span style=\"font-family: 'PingFang SC', 'Microsoft YaHei', sans-serif;font-size: 16px\">&nbsp;<\/span><\/p>\n<p style=\"line-height: 1.5\"><span style=\"font-family: 'PingFang SC', 'Microsoft YaHei', sans-serif;font-size: 16px\">Ramenez les oiseaux et les abeilles \u00e0 la maison - ce m\u00e9lange de fleurs sauvages vous permet d&#039;apporter de beaux papillons et autres pollinisateurs pour ajouter plus de vie \u00e0 votre jardin. Les abeilles aiment ces fleurs sauvages en pleine floraison !<\/span><\/p>\n<p style=\"line-height: 1.5\"><span style=\"font-family: 'PingFang SC', 'Microsoft YaHei', sans-serif;font-size: 16px\">&nbsp;<\/span><\/p>\n<p style=\"line-height: 1.5\"><span style=\"font-family: 'PingFang SC', 'Microsoft YaHei', sans-serif;font-size: 16px\">18 vari\u00e9t\u00e9s - germination rapide - croissance toute la saison - vous ne serez pas d\u00e9\u00e7u de la vari\u00e9t\u00e9 m\u00e9lang\u00e9e \u00e0 cette fleur sauvage. Avec 18 vari\u00e9t\u00e9s de fleurs sauvages uniques, vous obtiendrez un excellent m\u00e9lange de couleurs et de types de fleurs. Ce sont de bons cadeaux de jardin ou des cadeaux de f\u00eate.<\/span><\/p>\n<p style=\"line-height: 1.5\"><span style=\"font-family: 'PingFang SC', 'Microsoft YaHei', sans-serif;font-size: 16px\">&nbsp;<\/span><\/p>\n<p style=\"line-height: 1.5\"><span style=\"font-family: 'PingFang SC', 'Microsoft YaHei', sans-serif;font-size: 16px\">Plantez un beau jardin - ces graines de fleurs vivaces m\u00e9lang\u00e9es atteindront environ 24 \u00e0 36 &quot;de hauteur et couvriront une superficie d&#039;environ 400 pieds carr\u00e9s. Profitez des belles fleurs sauvages et regardez-les pousser.<\/span><\/p>\n<p style=\"line-height: 1.5\"><span style=\"font-family: 'PingFang SC', 'Microsoft YaHei', sans-serif;font-size: 16px\">&nbsp;<\/span><\/p>\n<p style=\"line-height: 1.5\"><span style=\"font-family: 'PingFang SC', 'Microsoft YaHei', sans-serif\"><span style=\"font-size: 16px\">Attendez patiemment la beaut\u00e9 - tant qu&#039;il y a un peu d&#039;eau et une p\u00e9riode de temps, ces petites graines deviendront des fleurs sauvages \u00e9tonnantes. S&#039;il y a une chance que vous n&#039;\u00eates pas satisfait de votre achat, veuillez nous contacter et nous ferons le bon choix.<\/span><span style=\"font-size: 16px\"><\/span><\/span><\/p>\n<p style=\"line-height: 1.5\"><span style=\"font-family: 'PingFang SC', 'Microsoft YaHei', sans-serif;font-size: 16px\"><\/span><\/p>\n<p style=\"line-height: 1.5\"><span style=\"font-family: 'PingFang SC', 'Microsoft YaHei', sans-serif;font-size: 16px\">Notre portefeuille de belles graines de fleurs sauvages vivaces vous apportera la beaut\u00e9 d&#039;une nature durable. Les fleurs sauvages vivaces, qui poussent ann\u00e9e apr\u00e8s ann\u00e9e, sont parfaites pour les pelouses et les jardins pour attirer les oiseaux, les abeilles et les papillons. Notre m\u00e9lange color\u00e9 comprend 15 vivaces et bisannuelles, y compris le lupin, l&#039;\u00e9chinac\u00e9e, le redbud et plus encore. Quatre vari\u00e9t\u00e9s annuelles donnent une couleur de premi\u00e8re saison \u00e0 mesure que les vivaces m\u00fbrissent. Toutes nos graines sont sans OGM, sans n\u00e9onicotino\u00efdes, pures 100% et garanties de croissance.<\/span><\/p>\n<p style=\"line-height: 1.5\"><span style=\"font-family: 'PingFang SC', 'Microsoft YaHei', sans-serif;font-size: 16px\"><\/span><\/p>\n<p><span style=\"font-family: 'PingFang SC', 'Microsoft YaHei', sans-serif\">La gestion de l&#039;eau est un facteur cl\u00e9 dans la culture et l&#039;entretien des fleurs sauvages.<\/span><\/p>\n<p><span style=\"font-family: 'PingFang SC', 'Microsoft YaHei', sans-serif\">\u2460 L&#039;arrosage commence apr\u00e8s le semis des graines. En principe, au d\u00e9but de la germination et au d\u00e9but de la croissance des semis, vaporisez de l&#039;eau 1 \u00e0 2 fois par jour pour maintenir la couche de sol humide \u00e0 environ 10 cm. Ne coupez jamais l&#039;alimentation en eau \u00e0 mi-chemin.<\/span><\/p>\n<p><span style=\"font-family: 'PingFang SC', 'Microsoft YaHei', sans-serif\">\u2461 Apr\u00e8s la croissance des semis, r\u00e9duisez progressivement la quantit\u00e9 d&#039;arrosage. Cependant, pendant la p\u00e9riode de croissance des semis d&#039;un mois, un approvisionnement en eau suffisant doit \u00eatre assur\u00e9. Pendant l&#039;\u00e9t\u00e9 chaud, le tonnerre a besoin de 10 mm d&#039;apport d&#039;humidit\u00e9.<\/span><\/p>\n<p><span style=\"font-family: 'PingFang SC', 'Microsoft YaHei', sans-serif\">Contr\u00f4le de cannabis<\/span><\/p>\n<p><span style=\"font-family: 'PingFang SC', 'Microsoft YaHei', sans-serif\">\u2460 Selon la croissance des semis, le d\u00e9sherbage et l&#039;\u00e9claircissage des semis d\u00e9butent g\u00e9n\u00e9ralement au bout d&#039;un mois. Pendant cette p\u00e9riode, il faut faire attention \u00e0 la distinction entre les mauvaises herbes et les semis de fleurs. Si vous ne pouvez pas bien distinguer, vous devriez consulter les professionnels des entreprises professionnelles sur place, sinon vous pr\u00e9f\u00e9rez ne pas vous pr\u00e9cipiter pour enlever les mauvaises herbes.<\/span><\/p>\n<p><span style=\"font-family: 'PingFang SC', 'Microsoft YaHei', sans-serif\">\u2461 Pendant la p\u00e9riode de croissance, enlever les mauvaises herbes une fois par mois est une condition importante pour s&#039;assurer que la combinaison de fleurs sauvages fleurit comme pr\u00e9vu et rend la performance globale bonne.<\/span><\/p>\n<p><span style=\"font-family: 'PingFang SC', 'Microsoft YaHei', sans-serif\">\u2462 Il est recommand\u00e9 d&#039;effectuer le d\u00e9sherbage en deux \u00e9tapes. Tout d&#039;abord, arrosez avant de semer et de planter pour favoriser une croissance ombrag\u00e9e, enlever le r\u00e2teau ou appliquer des herbicides, etc.; deuxi\u00e8mement, enlevez les mauvaises herbes \u00e0 temps lorsque les graines de fleurs sont ombrag\u00e9es pour \u00e9viter la propagation.<span style=\"font-size: 16px\"><\/span><\/span><\/p>\n<p><span style=\"font-family: 'PingFang SC', 'Microsoft YaHei', sans-serif\"><\/span><\/p>\n<p>Dans le monde d&#039;aujourd&#039;hui, les entreprises recherchent de plus en plus des moyens de promouvoir leurs produits ou services tout en \u00e9tant soucieuses de l&#039;environnement. Les cartes de visite de graines de fleurs sauvages offrent une solution unique et durable \u00e0 ce d\u00e9fi.<\/p>\n<h3 style=\"font-size: 19px\">Qu&#039;est-ce qu&#039;une carte de visite de graines de fleurs sauvages\u00a0?<\/h3>\n<p>Les cartes de visite de graines de fleurs sauvages sont un type de carte de visite qui contient des graines incrust\u00e9es dans le papier. Une fois plant\u00e9es, ces cartes peuvent devenir des fleurs sauvages, ce qui en fait un moyen \u00e9cologique et m\u00e9morable de promouvoir votre entreprise.<\/p>\n<h3 style=\"font-size: 19px\">Pourquoi choisir des cartes de visite Wildflower Seed ?<\/h3>\n<p>1. Durable<br \/>Les cartes de visite de graines de fleurs sauvages sont un excellent choix pour les entreprises qui souhaitent r\u00e9duire leur impact environnemental. Contrairement aux cartes de visite traditionnelles, qui sont souvent jet\u00e9es apr\u00e8s utilisation, les cartes de visite de graines de fleurs sauvages peuvent \u00eatre plant\u00e9es et transform\u00e9es en de belles fleurs. Cela contribue non seulement \u00e0 r\u00e9duire les d\u00e9chets, mais favorise \u00e9galement la biodiversit\u00e9 et soutient l&#039;\u00e9cosyst\u00e8me local.<\/p>\n<p>2. Unique<br \/>Les cartes de visite de graines de fleurs sauvages ne manqueront pas de faire une impression durable sur les clients potentiels. Ils offrent une fa\u00e7on unique et cr\u00e9ative de mettre en valeur votre marque et de vous d\u00e9marquer de vos concurrents. De plus, ils montrent que votre entreprise est innovante et soucieuse de l&#039;environnement.<\/p>\n<p>3. Abordable<br \/>Malgr\u00e9 leurs nombreux avantages, la carte de visite de graines de fleurs sauvages est \u00e9tonnamment abordable. Ils sont disponibles dans une gamme de tailles et de formes et peuvent \u00eatre personnalis\u00e9s avec votre logo ou votre design. Cela en fait une option attrayante pour les entreprises de toutes tailles.<\/p>\n<h3 style=\"font-size: 19px\">Comment fonctionnent les cartes de visite Wildflower Seed ?<\/h3>\n<p>Les cartes de visite de graines de fleurs sauvages sont fabriqu\u00e9es \u00e0 partir de papier recycl\u00e9 infus\u00e9 de graines de fleurs sauvages. Les graines utilis\u00e9es sont g\u00e9n\u00e9ralement choisies pour correspondre \u00e0 l&#039;image de marque ou \u00e0 l&#039;emplacement de l&#039;entreprise. Par exemple, un fleuriste peut choisir d&#039;utiliser des graines pour une vari\u00e9t\u00e9 de fleurs color\u00e9es, tandis qu&#039;une entreprise situ\u00e9e dans une r\u00e9gion d\u00e9sertique peut opter pour des graines r\u00e9sistantes \u00e0 la s\u00e9cheresse.<\/p>\n<p>Lorsqu&#039;ils sont distribu\u00e9s, les destinataires peuvent soit planter la carte enti\u00e8re, soit en arracher un petit morceau et le planter. Apr\u00e8s la plantation, les graines germeront et deviendront de belles fleurs sauvages, rappelant durablement votre entreprise.<\/p>\n<h3 style=\"font-size: 19px\">Conseils pour l&#039;utilisation des cartes de visite de graines de fleurs sauvages<\/h3>\n<p>1. Choisissez les bonnes graines<br \/>Lorsque vous s\u00e9lectionnez des graines pour vos cartes de visite de graines de fleurs sauvages, il est important de choisir des graines adapt\u00e9es \u00e0 votre emplacement et \u00e0 votre climat. Cela garantira que les fleurs poussent avec succ\u00e8s et sont \u00e0 leur meilleur.<\/p>\n<p>2. Utilisez du papier de haute qualit\u00e9<br \/>La qualit\u00e9 du papier utilis\u00e9 peut affecter la croissance des graines. Il est essentiel d&#039;utiliser du papier de haute qualit\u00e9 sp\u00e9cialement con\u00e7u \u00e0 cet effet.<\/p>\n<p>3. Inclure les instructions de plantation<br \/>Assurez-vous d&#039;inclure les instructions de plantation sur vos cartes de visite de graines de fleurs sauvages. Cela aidera les b\u00e9n\u00e9ficiaires \u00e0 savoir exactement comment planter les graines et \u00e0 s&#039;assurer qu&#039;elles deviennent des plantes saines.<\/p>\n<p>4. Distribuez strat\u00e9giquement<br \/>Pour tirer le meilleur parti de vos cartes de visite de graines de fleurs sauvages, distribuez-les de mani\u00e8re strat\u00e9gique. Envisagez de les distribuer lors de salons professionnels ou d&#039;\u00e9v\u00e9nements o\u00f9 des clients potentiels sont susceptibles d&#039;\u00eatre pr\u00e9sents. Vous pouvez \u00e9galement les inclure dans des mailings ou dans le cadre d&#039;un package promotionnel.<\/p><\/p>","protected":false},"excerpt":{"rendered":"<p><span style=\"font-family: 'PingFang SC', 'Microsoft YaHei', sans-serif\">Kit de 18 graines de fleurs sauvages pr\u00e9par\u00e9es : c&#039;est facile - nous \u00e9liminons les conjectures de la culture de fleurs sauvages \u00e0 partir de graines, vous guidant \u00e0 chaque \u00e9tape du chemin. Tout ce dont vous avez besoin pour apporter la joie de la fleur sauvage dans votre vie ou celle de votre bien-aim\u00e9 dans un magnifique sac. Plante-le!<\/span><\/p>\n<p><span style=\"font-family: 'PingFang SC', 'Microsoft YaHei', sans-serif\">Les cartes de visite de graines de fleurs sauvages sont une option unique et \u00e9cologique pour les cartes de visite qui contiennent des graines incrust\u00e9es dans le papier. Une fois plant\u00e9es, ces cartes peuvent devenir des fleurs sauvages, ce qui en fait un moyen durable et m\u00e9morable de promouvoir votre entreprise.<\/span><\/p><\/p>","protected":false},"featured_media":17955,"comment_status":"closed","ping_status":"closed","template":"","meta":[],"product_cat":[59],"product_tag":[833,835,378,379,380,382,381,834,832,377],"acf":[],"_links":{"self":[{"href":"https:\/\/www.garden-kit.com\/fr\/wp-json\/wp\/v2\/product\/4223"}],"collection":[{"href":"https:\/\/www.garden-kit.com\/fr\/wp-json\/wp\/v2\/product"}],"about":[{"href":"https:\/\/www.garden-kit.com\/fr\/wp-json\/wp\/v2\/types\/product"}],"replies":[{"embeddable":true,"href":"https:\/\/www.garden-kit.com\/fr\/wp-json\/wp\/v2\/comments?post=4223"}],"wp:featuredmedia":[{"embeddable":true,"href":"https:\/\/www.garden-kit.com\/fr\/wp-json\/wp\/v2\/media\/17955"}],"wp:attachment":[{"href":"https:\/\/www.garden-kit.com\/fr\/wp-json\/wp\/v2\/media?parent=4223"}],"wp:term":[{"taxonomy":"product_cat","embeddable":true,"href":"https:\/\/www.garden-kit.com\/fr\/wp-json\/wp\/v2\/product_cat?post=4223"},{"taxonomy":"product_tag","embeddable":true,"href":"https:\/\/www.garden-kit.com\/fr\/wp-json\/wp\/v2\/product_tag?post=4223"}],"curies":[{"name":"wp","href":"https:\/\/api.w.org\/{rel}","templated":true}]}}