{"id":4247,"date":"2022-10-19T15:36:42","date_gmt":"2022-10-19T07:36:42","guid":{"rendered":"https:\/\/www.garden-kit.com\/product\/heirloom-8-tomato-seeds-and-2-basil-herb-seeds\/"},"modified":"2023-03-31T15:23:51","modified_gmt":"2023-03-31T07:23:51","slug":"heirloom-herb-seeds","status":"publish","type":"product","link":"https:\/\/www.garden-kit.com\/fr\/product\/heirloom-herb-seeds\/","title":{"rendered":"Graines d&#039;herbes ancestrales"},"content":{"rendered":"<h3 style=\"line-height: 1.5;font-size: 19px\"><span style=\"font-size: 16px;font-family: arial, helvetica, sans-serif\">Aper\u00e7u<\/span><\/h3>\n<table border=\"1\" cellspacing=\"0\" style=\"border-collapse: collapse;width: 100%;height: 300px\">\n<tbody>\n<tr style=\"height: 31px\">\n<td valign=\"top\" width=\"373\" style=\"width: 49.5352%;height: 31px\">\n<p><span style=\"font-family: arial, helvetica, sans-serif;font-size: 16px\">Instructions d&#039;entretien du produit<\/span><\/p>\n<\/td>\n<td valign=\"top\" width=\"373\" style=\"width: 49.5352%;height: 31px\">\n<p><span style=\"font-family: arial, helvetica, sans-serif;font-size: 16px\">Disponible<\/span><\/p>\n<\/td>\n<\/tr>\n<tr style=\"height: 31px\">\n<td valign=\"top\" width=\"373\" style=\"width: 49.5352%;height: 31px\">\n<p><span style=\"font-family: arial, helvetica, sans-serif;font-size: 16px\">Type de produit v\u00e9g\u00e9tal<\/span><\/p>\n<\/td>\n<td valign=\"top\" width=\"373\" style=\"width: 49.5352%;height: 31px\">\n<p><span style=\"font-family: arial, helvetica, sans-serif;font-size: 16px\">Tomate et fines herbes<\/span><\/p>\n<\/td>\n<\/tr>\n<tr style=\"height: 31px\">\n<td valign=\"top\" width=\"373\" style=\"width: 49.5352%;height: 31px\">\n<p><span style=\"font-family: arial, helvetica, sans-serif;font-size: 16px\">Une fonction sp\u00e9ciale<\/span><\/p>\n<\/td>\n<td valign=\"top\" width=\"373\" style=\"width: 49.5352%;height: 31px\">\n<p><span style=\"font-family: arial, helvetica, sans-serif;font-size: 16px\">Culture int\u00e9rieure-ext\u00e9rieure<\/span><\/p>\n<\/td>\n<\/tr>\n<tr style=\"height: 31px\">\n<td valign=\"top\" width=\"373\" style=\"width: 49.5352%;height: 31px\">\n<p><span style=\"font-family: arial, helvetica, sans-serif;font-size: 16px\">Marque<\/span><\/p>\n<\/td>\n<td valign=\"top\" width=\"373\" style=\"width: 49.5352%;height: 31px\">\n<p><span style=\"font-family: arial, helvetica, sans-serif;font-size: 16px\">Trousse de jardin<\/span><\/p>\n<\/td>\n<\/tr>\n<tr style=\"height: 31px\">\n<td valign=\"top\" width=\"373\" style=\"width: 49.5352%;height: 31px\">\n<p><span style=\"font-family: arial, helvetica, sans-serif;font-size: 16px\">Lieu d&#039;origine<\/span><\/p>\n<\/td>\n<td valign=\"top\" width=\"373\" style=\"width: 49.5352%;height: 31px\">\n<p><span style=\"font-family: arial, helvetica, sans-serif;font-size: 16px\">Fujian, Chine<\/span><\/p>\n<\/td>\n<\/tr>\n<tr style=\"height: 31px\">\n<td valign=\"top\" width=\"373\" style=\"width: 49.5352%;height: 31px\">\n<p><span style=\"font-family: arial, helvetica, sans-serif;font-size: 16px\">ODM\/OEM<\/span><\/p>\n<\/td>\n<td valign=\"top\" width=\"373\" style=\"width: 49.5352%;height: 31px\">\n<p><span style=\"font-family: arial, helvetica, sans-serif;font-size: 16px\">Disponible<\/span><\/p>\n<\/td>\n<\/tr>\n<tr style=\"height: 31px\">\n<td valign=\"top\" width=\"373\" style=\"width: 49.5352%;height: 31px\">\n<p><span style=\"font-family: arial, helvetica, sans-serif;font-size: 16px\">MOQ pour commande personnalis\u00e9e<\/span><\/p>\n<\/td>\n<td valign=\"top\" width=\"373\" style=\"width: 49.5352%;height: 31px\">\n<p><span style=\"font-family: arial, helvetica, sans-serif;font-size: 16px\">3000 pi\u00e8ces<\/span><\/p>\n<\/td>\n<\/tr>\n<tr style=\"height: 31px\">\n<td valign=\"top\" width=\"373\" style=\"width: 49.5352%;height: 31px\">\n<p><span style=\"font-family: arial, helvetica, sans-serif;font-size: 16px\">Co\u00fbt de l&#039;\u00e9chantillon<\/span><\/p>\n<\/td>\n<td valign=\"top\" width=\"373\" style=\"width: 49.5352%;height: 31px\">\n<p><span style=\"font-family: arial, helvetica, sans-serif;font-size: 16px\">US$400\/Sample, retour complet apr\u00e8s commande de notre part<\/span><\/p>\n<\/td>\n<\/tr>\n<\/tbody>\n<\/table>\n<p style=\"line-height: 1.5\">\n<h3 style=\"line-height: 1.5;font-size: 19px\"><span style=\"font-size: 16px;font-family: arial, helvetica, sans-serif\">Description<\/span><\/h3>\n<p style=\"line-height: 1.5\"><span style=\"font-family: arial, helvetica, sans-serif;font-size: 16px\">Kit de graines d&#039;h\u00e9ritage pr\u00e9par\u00e9es de 22 pi\u00e8ces\u00a0: C&#039;est simple\u00a0: nous \u00e9liminons les incertitudes li\u00e9es \u00e0 la culture de tomates et de basilics \u00e0 partir de graines, en vous guidant \u00e0 chaque \u00e9tape du processus. Tout ce dont vous avez besoin pour apporter la joie des tomates et des basilics dans votre vie ou celle de votre proche dans un magnifique sac d&#039;emballage. Plante-le!<\/span><\/p>\n<p style=\"line-height: 1.5\"><span style=\"font-family: arial, helvetica, sans-serif;font-size: 16px\">&nbsp;<\/span><\/p>\n<p style=\"line-height: 1.5\"><span style=\"font-size: 16px;font-family: arial, helvetica, sans-serif\">Les \u00e9l\u00e9ments suivants sont inclus dans le kit.<\/span><\/p>\n<p style=\"line-height: 1.5\"><span style=\"font-family: arial, helvetica, sans-serif;font-size: 16px\">8 vari\u00e9t\u00e9s de graines de tomates dont 1 paquet de graines de tomates cerises. Tomates\u00a0: p\u00e2te Amish, steak de b\u0153uf, krim noir, violet cherokee, z\u00e8bre vert, tomates Roma, grosses cerises et prunes jaunes.<\/span><\/p>\n<p style=\"line-height: 1.5\"><span style=\"font-family: arial, helvetica, sans-serif;font-size: 16px\">2 vari\u00e9t\u00e9s de basilic\u00a0: basilic plat italien et basilic tha\u00ef<\/span><\/p>\n<p style=\"line-height: 1.5\"><span style=\"font-family: arial, helvetica, sans-serif;font-size: 16px\">10 marqueurs v\u00e9g\u00e9taux<\/span><\/p>\n<p style=\"line-height: 1.5\"><span style=\"font-family: arial, helvetica, sans-serif;font-size: 16px\">1 guide de plantation \u00e9tape par \u00e9tape<\/span><\/p>\n<p style=\"line-height: 1.5\"><span style=\"font-family: arial, helvetica, sans-serif;font-size: 16px\">1 sac d&#039;emballage personnalis\u00e9<\/span><\/p>\n<p style=\"line-height: 1.5\">\n<p style=\"line-height: 1.5\"><span style=\"font-family: arial, helvetica, sans-serif;font-size: 16px\">H\u00e9ritage \u2013 8 vari\u00e9t\u00e9s de graines de tomates et 2 vari\u00e9t\u00e9s de basilic avec 10 marqueurs de plantes \u2013 Notre pack contient les meilleures tomates et basilic pour le jardinage domestique. Comprend 1 sachet de graines de tomates cerises. Tomates : sauce Amish, steak, cr\u00e8me noire, violet Cherokee, z\u00e8bre vert, Roma, grosses tomates cerises et prunes jaunes. Basilic\u00a0: basilic italien \u00e0 feuilles plates et basilic tha\u00eflandais<\/span><\/p>\n<p style=\"line-height: 1.5\">\n<p style=\"line-height: 1.5\"><span style=\"font-family: arial, helvetica, sans-serif;font-size: 16px\">Semences sans OGM \u2013 Toutes nos graines sont 100% sans OGM, non hybrides et anciennes. Ces graines fonctionnent bien dans les jardins int\u00e9rieurs et ext\u00e9rieurs. Cultivez-les comme tomates anciennes de grande taille.<\/span><\/p>\n<p style=\"line-height: 1.5\">\n<p style=\"line-height: 1.5\"><span style=\"font-family: arial, helvetica, sans-serif;font-size: 16px\">100% Croissance naturelle am\u00e9ricaine et taux de germination \u00e9lev\u00e9 \u2013 Toutes nos graines ont un taux de germination de 95%. Cultivez votre propre nourriture et assurez-vous qu&#039;elle est sans pesticides et enti\u00e8rement naturelle. Ces graines anciennes ont \u00e9t\u00e9 test\u00e9es et nous sommes s\u00fbrs de la meilleure qualit\u00e9.<\/span><\/p>\n<p style=\"line-height: 1.5\">\n<p style=\"line-height: 1.5\"><span style=\"font-family: arial, helvetica, sans-serif;font-size: 16px\">Jardinage domestique durable \u2013 Environ : 15\/20 de basilic par graine de tomate \u2013 ayez un jardin abondant cette ann\u00e9e avec des graines suppl\u00e9mentaires ! Nos graines seront utilis\u00e9es cette saison et la suivante ! Ces graines de tomates \u00e0 cultiver sont id\u00e9ales pour tout jardinier amateur, cuisinier ou preppy.<\/span><\/p>\n<p style=\"line-height: 1.5\">\n<p style=\"line-height: 1.5\"><span style=\"font-family: arial, helvetica, sans-serif;font-size: 16px\">Inclure des instructions de culture \u2013 \u00c0 l&#039;int\u00e9rieur de chaque colis, nous incluons un guide de culture. Le cadeau parfait pour le jardinier de votre vie\u00a0! Ces graines de tomates sont exactement ce qu\u2019ils veulent.<\/span><\/p>\n<p style=\"line-height: 1.5\">\n<h3 style=\"line-height: 1.5;font-size: 19px\"><span style=\"font-size: 16px;font-family: arial, helvetica, sans-serif\">Raisons de choisir les graines de tomates et de basilic<\/span><\/h3>\n<p style=\"line-height: 1.5\"><span style=\"font-family: arial, helvetica, sans-serif;font-size: 16px\">Les feuilles du basilic sont ovales et pointues et les fleurs sont blanc pourpre. La distillation des feuilles et des fleurs permet d&#039;obtenir une huile essentielle transparente et incolore. Le parfum est tr\u00e8s similaire \u00e0 la combinaison de clous de girofle et d&#039;aiguilles de pin. est une grande famille. Diff\u00e9rentes esp\u00e8ces de basilic portent le nom de leur ar\u00f4me caract\u00e9ristique ou unique. Le basilic a un profil aromatique particulier (g\u00e9n\u00e9ralement un ar\u00f4me de clou de girofle, mais aussi l\u00e9g\u00e8rement menthol\u00e9, sucr\u00e9 ou \u00e9pic\u00e9 selon les vari\u00e9t\u00e9s).<\/span><br \/><span style=\"font-family: arial, helvetica, sans-serif;font-size: 16px\">Les jeunes feuilles sont comestibles et peuvent \u00e9galement \u00eatre infus\u00e9es dans du th\u00e9. Utiliser comme vinaigrette pour la pizza, les sauces \u00e0 spaghetti, les saucisses, les soupes, les sauces tomates, les bruines et les salades. De nombreux chefs italiens utilisent souvent du basilic \u00e0 la place des herbes \u00e0 pizza. C&#039;est \u00e9galement un assaisonnement couramment utilis\u00e9 dans la cuisine tha\u00eflandaise. Le basilic s\u00e9ch\u00e9 peut \u00eatre associ\u00e9 \u00e0 3 cuill\u00e8res \u00e0 soupe de lavande, de menthe, de marjolaine et de verveine citronn\u00e9e pour r\u00e9aliser une tisane d\u00e9compress\u00e9e.<\/span><\/p>\n<p style=\"line-height: 1.5\"><span style=\"font-family: arial, helvetica, sans-serif;font-size: 16px\">Le basilic se marie tr\u00e8s bien avec les tomates, et qu&#039;il s&#039;agisse de cuisiner, de pr\u00e9parer des soupes ou des sauces, il a une saveur tout \u00e0 fait unique. Peut \u00eatre utilis\u00e9 pour la pizza, la sauce spaghetti, les saucisses, la soupe, la sauce tomate et la bruine. et vinaigrette. Le basilic peut \u00e9galement \u00eatre combin\u00e9 avec de l&#039;origan, du thym et de la sauge pour une saveur riche dans les hot-dogs, les saucisses, les sauces ou les sauces \u00e0 pizza.<\/span><\/p>\n<p style=\"line-height: 1.5\"><span style=\"font-family: arial, helvetica, sans-serif;font-size: 16px\"><\/span><\/p>\n<p style=\"line-height: 1.5\"><span style=\"font-family: arial, helvetica, sans-serif;font-size: 16px\">La tomate est une plante herbac\u00e9e annuelle de la famille des Solanac\u00e9es, d&#039;une hauteur de 0,6 \u00e0 2 m\u00e8tres. Tiges sujettes \u00e0 la verse. Les feuilles sont penn\u00e9es compos\u00e9es ou penn\u00e9es lob\u00e9es, de 10 \u00e0 40 cm de long, les folioles sont extr\u00eamement irr\u00e9guli\u00e8res, de taille allant souvent de 5 \u00e0 9, ovales ou oblongues, de 5 \u00e0 7 cm de long, avec des dentelures irr\u00e9guli\u00e8res sur les bords ou des \u00e9clats. Baies oblates ou subglobuleuses, charnues et juteuses, orange ou rouge vif, lisses ; graines jaunes. Saisons de floraison et de fructification en \u00e9t\u00e9 et en automne.<\/span><\/p>\n<p style=\"line-height: 1.5\"><span style=\"font-family: arial, helvetica, sans-serif;font-size: 16px\">Les tomates sont riches en nutriments et ont une saveur particuli\u00e8re. Peut \u00eatre consomm\u00e9 cru, cuit, transform\u00e9 en ketchup, en jus ou entier en conserve. Selon les recherches et d\u00e9terminations des nutritionnistes : 50 grammes \u00e0 100 grammes de tomates fra\u00eeches par personne et par jour peuvent r\u00e9pondre aux besoins du corps humain en plusieurs vitamines et min\u00e9raux. La tomate contient du \u00ab lycop\u00e8ne \u00bb, qui a pour effet d&#039;inhiber les bact\u00e9ries ; l&#039;acide malique, l&#039;acide citrique et le sucre contenus dans la tomate peuvent faciliter la digestion. Les tomates sont riches en nutriments et ont de nombreuses fonctions, appel\u00e9es fruits magiques dans les l\u00e9gumes.<\/span><br \/><span style=\"font-family: arial, helvetica, sans-serif;font-size: 16px\"><\/span><\/p>\n<p style=\"line-height: 1.5\"><span style=\"font-family: arial, helvetica, sans-serif;font-size: 16px\">Les acides organiques tels que l&#039;acide malique et l&#039;acide citrique contenus dans les tomates augmentent \u00e9galement l&#039;acidit\u00e9 du suc gastrique, facilitent la digestion et ajustent la fonction gastro-intestinale. Les tomates contiennent des acides de fruits, qui peuvent r\u00e9duire le taux de cholest\u00e9rol et sont tr\u00e8s b\u00e9n\u00e9fiques contre l&#039;hyperlipid\u00e9mie. Les tomates sont riches en vitamine A, vitamine C, vitamine B1, vitamine B2, carot\u00e8ne, calcium, phosphore, potassium, magn\u00e9sium, fer, zinc, cuivre et iode, et d&#039;autres \u00e9l\u00e9ments, ainsi qu&#039;en prot\u00e9ines, glucides, acides organiques et cellulose. .<\/span><\/p><\/p>","protected":false},"excerpt":{"rendered":"<p>8 vari\u00e9t\u00e9s de graines de tomates telles que 1 paquet de graines de tomates cerises.<br \/>\n2 vari\u00e9t\u00e9s de basilic\u00a0: feuille plate italienne et basilic tha\u00ef<br \/>\n10 marqueurs v\u00e9g\u00e9taux<br \/>\n1 guide de plantation \u00e9tape par \u00e9tape<br \/>\n1 sac d&#039;emballage personnalis\u00e9<\/p>","protected":false},"featured_media":12657,"comment_status":"open","ping_status":"closed","template":"","meta":[],"product_cat":[59],"product_tag":[273,279,280,284,282,272,283,285,274,281],"acf":[],"_links":{"self":[{"href":"https:\/\/www.garden-kit.com\/fr\/wp-json\/wp\/v2\/product\/4247"}],"collection":[{"href":"https:\/\/www.garden-kit.com\/fr\/wp-json\/wp\/v2\/product"}],"about":[{"href":"https:\/\/www.garden-kit.com\/fr\/wp-json\/wp\/v2\/types\/product"}],"replies":[{"embeddable":true,"href":"https:\/\/www.garden-kit.com\/fr\/wp-json\/wp\/v2\/comments?post=4247"}],"wp:featuredmedia":[{"embeddable":true,"href":"https:\/\/www.garden-kit.com\/fr\/wp-json\/wp\/v2\/media\/12657"}],"wp:attachment":[{"href":"https:\/\/www.garden-kit.com\/fr\/wp-json\/wp\/v2\/media?parent=4247"}],"wp:term":[{"taxonomy":"product_cat","embeddable":true,"href":"https:\/\/www.garden-kit.com\/fr\/wp-json\/wp\/v2\/product_cat?post=4247"},{"taxonomy":"product_tag","embeddable":true,"href":"https:\/\/www.garden-kit.com\/fr\/wp-json\/wp\/v2\/product_tag?post=4247"}],"curies":[{"name":"wp","href":"https:\/\/api.w.org\/{rel}","templated":true}]}}