{"id":4409,"date":"2022-10-19T16:05:45","date_gmt":"2022-10-19T08:05:45","guid":{"rendered":"https:\/\/www.garden-kit.com\/product\/garden-kit-paint-plant-flower-growing-kit\/"},"modified":"2023-03-31T15:12:09","modified_gmt":"2023-03-31T07:12:09","slug":"garden-kit-paint-plant-flower-growing-kit","status":"publish","type":"product","link":"https:\/\/www.garden-kit.com\/fr\/product\/garden-kit-paint-plant-flower-growing-kit\/","title":{"rendered":"Kit de jardin Peinture et plantes Kit de culture de fleurs"},"content":{"rendered":"<h3 style=\"line-height: 1.5;font-size: 19px\"><span style=\"font-family: arial, helvetica, sans-serif;font-size: 18px\"><strong>Kit de culture de fleurs de peinture et de plantes<\/strong><\/span><\/h3>\n<h3 style=\"line-height: 1.5;font-size: 19px\"><span style=\"font-family: arial, helvetica, sans-serif\"><strong>Pr\u00e9sentation du produit<\/strong><\/span><\/h3>\n<table border=\"1\" cellspacing=\"0\" style=\"border-collapse: collapse;width: 100%\">\n<tbody>\n<tr>\n<td valign=\"top\" width=\"373\">\n<p><span style=\"font-family: arial, helvetica, sans-serif\">Instructions d&#039;entretien du produit<\/span><\/p>\n<\/td>\n<td valign=\"top\" width=\"373\">\n<p><span style=\"font-family: arial, helvetica, sans-serif\">Disponible<\/span><\/p>\n<\/td>\n<\/tr>\n<tr>\n<td valign=\"top\" width=\"373\">\n<p><span style=\"font-family: arial, helvetica, sans-serif\">Type de produit v\u00e9g\u00e9tal<\/span><\/p>\n<\/td>\n<td valign=\"top\" width=\"373\">\n<p><span style=\"font-family: arial, helvetica, sans-serif\">Fleur<\/span><\/p>\n<\/td>\n<\/tr>\n<tr>\n<td valign=\"top\" width=\"373\">\n<p><span style=\"font-family: arial, helvetica, sans-serif\">Une fonction sp\u00e9ciale<\/span><\/p>\n<\/td>\n<td valign=\"top\" width=\"373\">\n<p><span style=\"font-family: arial, helvetica, sans-serif\">Culture int\u00e9rieure-ext\u00e9rieure<\/span><\/p>\n<\/td>\n<\/tr>\n<tr>\n<td valign=\"top\" width=\"373\">\n<p><span style=\"font-family: arial, helvetica, sans-serif\">Marque<\/span><\/p>\n<\/td>\n<td valign=\"top\" width=\"373\">\n<p><span style=\"font-family: arial, helvetica, sans-serif\">Trousse de jardin<\/span><\/p>\n<\/td>\n<\/tr>\n<tr>\n<td valign=\"top\" width=\"373\">\n<p><span style=\"font-family: arial, helvetica, sans-serif\">Lieu d&#039;origine<\/span><\/p>\n<\/td>\n<td valign=\"top\" width=\"373\">\n<p><span style=\"font-family: arial, helvetica, sans-serif\">Fujian, Chine<\/span><\/p>\n<\/td>\n<\/tr>\n<tr>\n<td valign=\"top\" width=\"373\">\n<p><span style=\"font-family: arial, helvetica, sans-serif\">ODM\/OEM<\/span><\/p>\n<\/td>\n<td valign=\"top\" width=\"373\">\n<p><span style=\"font-family: arial, helvetica, sans-serif\">Disponible<\/span><\/p>\n<\/td>\n<\/tr>\n<tr>\n<td valign=\"top\" width=\"373\">\n<p><span style=\"font-family: arial, helvetica, sans-serif\">MOQ pour commande personnalis\u00e9e<\/span><\/p>\n<\/td>\n<td valign=\"top\" width=\"373\">\n<p><span style=\"font-family: arial, helvetica, sans-serif\">3000 pi\u00e8ces<\/span><\/p>\n<\/td>\n<\/tr>\n<tr>\n<td valign=\"top\" width=\"373\">\n<p><span style=\"font-family: arial, helvetica, sans-serif\">Co\u00fbt de l&#039;\u00e9chantillon<\/span><\/p>\n<\/td>\n<td valign=\"top\" width=\"373\">\n<p><span style=\"font-family: arial, helvetica, sans-serif\">US$400\/Sample, retour complet apr\u00e8s la commande de notre part<\/span><\/p>\n<\/td>\n<\/tr>\n<\/tbody>\n<\/table>\n<p>&nbsp;<\/p>\n<p style=\"line-height: 1.5\"><span style=\"font-family: arial, helvetica, sans-serif\">Kit de jardinage de fleurs pour enfants 28 pi\u00e8ces pr\u00e9par\u00e9 : tout ce dont vos enfants ont besoin pour apporter la joie de faire pousser des fleurs dans votre vie ou celle d&#039;un \u00eatre cher. C&#039;est simple - nos conjectures sur la culture de fleurs \u00e0 partir de graines, vous guidant \u00e0 chaque \u00e9tape du chemin. Plante-le!<\/span><\/p>\n<p>&nbsp;<\/p>\n<h3 style=\"line-height: 1.5;font-size: 19px\"><span style=\"font-family: arial, helvetica, sans-serif\"><strong>Les \u00e9l\u00e9ments suivants sont inclus dans le kit :<\/strong><\/span><\/h3>\n<p style=\"line-height: 1.5\"><span style=\"font-family: arial, helvetica, sans-serif\">3 pots de fleurs \u00e0 planter avec plateau<\/span><\/p>\n<p style=\"line-height: 1.5\"><span style=\"font-family: arial, helvetica, sans-serif\">3 sachets de graines<\/span><\/p>\n<p style=\"line-height: 1.5\"><span style=\"font-family: arial, helvetica, sans-serif\">3 disques de sol<\/span><\/p>\n<p style=\"line-height: 1.5\"><span style=\"font-family: arial, helvetica, sans-serif\">3 \u00e9tiquettes de plantes<\/span><\/p>\n<p style=\"line-height: 1.5\"><span style=\"font-family: arial, helvetica, sans-serif\">3 autocollants de transfert<\/span><\/p>\n<p style=\"line-height: 1.5\"><span style=\"font-family: arial, helvetica, sans-serif\">6 peintures<\/span><\/p>\n<p style=\"line-height: 1.5\"><span style=\"font-family: arial, helvetica, sans-serif\">2 pinceaux<\/span><\/p>\n<p style=\"line-height: 1.5\"><span style=\"font-family: arial, helvetica, sans-serif\">1 palette de peinture<\/span><\/p>\n<p style=\"line-height: 1.5\"><span style=\"font-family: arial, helvetica, sans-serif\">1 pelle<\/span><\/p>\n<p style=\"line-height: 1.5\"><span style=\"font-family: arial, helvetica, sans-serif\">1 bouteille d&#039;eau<\/span><\/p>\n<p style=\"line-height: 1.5\"><span style=\"font-family: arial, helvetica, sans-serif\">1 guide de plantation \u00e9tape par \u00e9tape<\/span><\/p>\n<p style=\"line-height: 1.5\"><span style=\"font-family: arial, helvetica, sans-serif\">1 coffret cadeau personnalis\u00e9<\/span><\/p>\n<p style=\"line-height: 1.5\"><span style=\"font-family: arial, helvetica, sans-serif\">&nbsp;<\/span><\/p>\n<p style=\"line-height: 1.5\"><span style=\"font-family: arial, helvetica, sans-serif\">Kit de plantation de fleurs Garden Kit peinture et plantes : notre kit de plantation de fleurs Garden Kit 8-12 ans est \u00e9quip\u00e9 de tout ce dont vous avez besoin. 3 pots de fleurs, 6 pigments de couleur, 3 autocollants de transfert (noir, couleur et GID), spray, 2 pinceaux, 3 \u00e9tiquettes, instructions, etc.<\/span><\/p>\n<p style=\"line-height: 1.5\">\n<p style=\"line-height: 1.5\"><span style=\"font-family: arial, helvetica, sans-serif\">Peignez et plantez votre propre jardin : Aimez-vous les couleurs vives ? Aimez-vous \u00eatre cr\u00e9atif? Alors procurez-vous ce kit d&#039;art et d&#039;artisanat\u00a0! L&#039;auto-peinture est une partie tr\u00e8s int\u00e9ressante. Planter son jardin et le voir fleurir est encore plus excitant ! Astuce : Parce que ce sont des plantes d&#039;int\u00e9rieur, rangez-les autant que possible \u00e0 l&#039;int\u00e9rieur.<\/span><\/p>\n<p style=\"line-height: 1.5\">\n<p style=\"line-height: 1.5\"><span style=\"font-family: arial, helvetica, sans-serif\">ACTIVIT\u00c9S \u00c9DUCATIVES AMUSANTES POUR TOUS LES \u00c2GES\u00a0: il s&#039;agit d&#039;une excellente activit\u00e9 d&#039;art et d&#039;artisanat pour les enfants de 4 \u00e0 6\u00a0ans pour les occuper pendant des heures. Il apporte de la cr\u00e9ativit\u00e9 aux enfants. Ils peuvent peindre sur des pots uniques et regarder les fleurs pousser jour apr\u00e8s jour ! Un excellent moyen d&#039;\u00e9loigner vos enfants des \u00e9crans. C&#039;est amusant et \u00e9ducatif.<\/span><\/p>\n<p style=\"line-height: 1.5\">\n<p style=\"line-height: 1.5\"><span style=\"font-family: arial, helvetica, sans-serif\">CADEAUX FANTASTIQUES POUR LES ENFANTS\u00a0: ce bricolage pour les filles de 10 \u00e0 12\u00a0ans a l&#039;air simple mais est tellement amusant \u00e0 utiliser. Amusez-vous avec vos enfants, amusez-vous et faites de belles activit\u00e9s en famille. Les arts et l&#039;artisanat de bricolage de cet enfant sont \u00e9galement un excellent cadeau de projet de vapeur, No\u00ebl, P\u00e2ques et un cadeau d&#039;anniversaire pour les enfants.<\/span><\/p>\n<p style=\"line-height: 1.5\">\n<p style=\"line-height: 1.5\"><span style=\"font-family: arial, helvetica, sans-serif\">Satisfaction 100% : tous les produits Garden Kit sont livr\u00e9s avec la satisfaction 100%. Si vous avez des questions sur les jouets pour filles de 8 \u00e0 12 ans, n&#039;h\u00e9sitez pas \u00e0 nous contacter. Nous vous fournirons certainement le meilleur service.<\/span><\/p><\/p>","protected":false},"excerpt":{"rendered":"<p>Kit de jardinage de fleurs pour enfants 28 pi\u00e8ces pr\u00e9par\u00e9 : tout ce dont vos enfants ont besoin pour apporter la joie de faire pousser des fleurs dans votre vie ou celle d&#039;un \u00eatre cher. C&#039;est simple - nos conjectures sur la culture de fleurs \u00e0 partir de graines, vous guidant \u00e0 chaque \u00e9tape du chemin. Plante-le!<\/p>","protected":false},"featured_media":12606,"comment_status":"open","ping_status":"closed","template":"","meta":[],"product_cat":[61],"product_tag":[337,336,335,333,334,332],"acf":[],"_links":{"self":[{"href":"https:\/\/www.garden-kit.com\/fr\/wp-json\/wp\/v2\/product\/4409"}],"collection":[{"href":"https:\/\/www.garden-kit.com\/fr\/wp-json\/wp\/v2\/product"}],"about":[{"href":"https:\/\/www.garden-kit.com\/fr\/wp-json\/wp\/v2\/types\/product"}],"replies":[{"embeddable":true,"href":"https:\/\/www.garden-kit.com\/fr\/wp-json\/wp\/v2\/comments?post=4409"}],"wp:featuredmedia":[{"embeddable":true,"href":"https:\/\/www.garden-kit.com\/fr\/wp-json\/wp\/v2\/media\/12606"}],"wp:attachment":[{"href":"https:\/\/www.garden-kit.com\/fr\/wp-json\/wp\/v2\/media?parent=4409"}],"wp:term":[{"taxonomy":"product_cat","embeddable":true,"href":"https:\/\/www.garden-kit.com\/fr\/wp-json\/wp\/v2\/product_cat?post=4409"},{"taxonomy":"product_tag","embeddable":true,"href":"https:\/\/www.garden-kit.com\/fr\/wp-json\/wp\/v2\/product_tag?post=4409"}],"curies":[{"name":"wp","href":"https:\/\/api.w.org\/{rel}","templated":true}]}}