{"id":6468,"date":"2022-11-07T10:48:36","date_gmt":"2022-11-07T02:48:36","guid":{"rendered":"https:\/\/www.garden-kit.com\/product\/easy-bonsai-starter-kit-2\/"},"modified":"2023-03-31T14:43:13","modified_gmt":"2023-03-31T06:43:13","slug":"easy-bonsai-starter-kit-2","status":"publish","type":"product","link":"https:\/\/www.garden-kit.com\/fr\/product\/easy-bonsai-starter-kit-2\/","title":{"rendered":"Kits de d\u00e9marrage Easy Bonsai"},"content":{"rendered":"<p>Cultivez votre propre bonsa\u00ef - tout ce dont vous avez besoin pour cr\u00e9er le bonsa\u00ef de vos r\u00eaves ! \u2013 Contrairement \u00e0 d&#039;autres kits, vous n&#039;avez pas besoin de vous rendre dans votre centre de jardinage local pour cultiver votre bonsa\u00ef. Passez votre temps \u00e0 profiter de l&#039;exp\u00e9rience du bonsa\u00ef et \u00e0 ajouter de beaux espaces verts \u00e0 votre maison.<\/p>\n<p>Id\u00e9al pour les d\u00e9butants ou comme cadeau de luxe : \u2013 Vous cherchez un cadeau de luxe de qualit\u00e9 pour votre bien-aim\u00e9 ? Ne cherchez pas plus loin, ce kit haut de gamme offre une exp\u00e9rience de bonsa\u00ef sup\u00e9rieure pour les d\u00e9butants. Aucune pratique pr\u00e9alable n&#039;est n\u00e9cessaire.<\/p>\n<p>Quatre bonsa\u00efs classiques : \u2013 Le kit de graines de bonsa\u00ef pour d\u00e9butants de Yugen comprend tout ce dont vous avez besoin pour faire pousser quatre magnifiques bonsa\u00efs. Utilisez ce kit pour faire pousser du pin noir japonais, de la fleur bleue, du cotoneaster et de l&#039;arbre parapluie nain.<\/p>\n<p>Comprend un guide de plantation : \u2013 Avec notre guide de plantation d\u00e9taill\u00e9, vous serez un expert en bonsa\u00ef en un rien de temps. Vous recevrez une assistance \u00e0 vie pour vos besoins de culture de bonsa\u00ef, car vous pouvez nous contacter \u00e0 tout moment pour obtenir de l&#039;aide ou des conseils.<\/p>\n<p>Cultiver le bonsa\u00ef de vos r\u00eaves n&#039;a jamais \u00e9t\u00e9 aussi facile. Les bonsa\u00efs ajoutent une pr\u00e9sence apaisante \u00e0 la maison ou peuvent servir de pi\u00e8ce ma\u00eetresse pour un jardin urbain. Ces arbres ont la taille parfaite pour la ville en pleine croissance. Avoir des espaces verts dans votre maison est tr\u00e8s important et le bonsa\u00ef est le moyen id\u00e9al pour atteindre cet objectif.<\/p>\n<p>Quatre graines de bonsa\u00ef classiques<br \/>Cotoneaster est un arbre rustique id\u00e9al pour le Royaume-Uni car il s&#039;adapte bien aux climats plus froids, produisant des fleurs roses et blanches avant que les baies orange et rouges ne m\u00fbrissent \u00e0 la fin de l&#039;\u00e9t\u00e9.<\/p>\n<p>Un bonsa\u00ef tr\u00e8s populaire, le pin noir du Japon est un arbre relativement facile \u00e0 cultiver qui peut tol\u00e9rer des temp\u00e9ratures froides et est un choix id\u00e9al pour le Royaume-Uni. Ces graines produiront un arbre fort et masculin plein de caract\u00e8re.<\/p>\n<p>Le Bluebonnet est un bonsa\u00ef spectaculaire avec ses belles grandes fleurs violettes en forme de cloche et un feuillage en forme de foug\u00e8re en dentelle qui est magnifique. La superbe couleur violette contraste avec le feuillage vert et cet arbre aurait l&#039;air incroyable dans n&#039;importe quelle maison ou jardin !<\/p>\n<p>Les parapluies nains sont tr\u00e8s courants en Asie du Sud-Est et sont capables de faire pousser des racines a\u00e9riennes pour ajouter encore plus de caract\u00e8re au bonsa\u00ef. Ce bonsa\u00ef particulier est probablement l&#039;un des arbres les plus faciles \u00e0 cultiver et \u00e0 entretenir, ce qui le rend parfait pour les d\u00e9butants.<\/p>","protected":false},"excerpt":{"rendered":"<p>Kit de graines de bonsa\u00ef de d\u00e9marrage | Cultivez vos propres bonsa\u00efs | Parfait pour les d\u00e9butants et les amateurs de bonsa\u00ef<\/p>","protected":false},"featured_media":12115,"comment_status":"open","ping_status":"closed","template":"","meta":[],"product_cat":[40],"product_tag":[49],"acf":[],"_links":{"self":[{"href":"https:\/\/www.garden-kit.com\/fr\/wp-json\/wp\/v2\/product\/6468"}],"collection":[{"href":"https:\/\/www.garden-kit.com\/fr\/wp-json\/wp\/v2\/product"}],"about":[{"href":"https:\/\/www.garden-kit.com\/fr\/wp-json\/wp\/v2\/types\/product"}],"replies":[{"embeddable":true,"href":"https:\/\/www.garden-kit.com\/fr\/wp-json\/wp\/v2\/comments?post=6468"}],"wp:featuredmedia":[{"embeddable":true,"href":"https:\/\/www.garden-kit.com\/fr\/wp-json\/wp\/v2\/media\/12115"}],"wp:attachment":[{"href":"https:\/\/www.garden-kit.com\/fr\/wp-json\/wp\/v2\/media?parent=6468"}],"wp:term":[{"taxonomy":"product_cat","embeddable":true,"href":"https:\/\/www.garden-kit.com\/fr\/wp-json\/wp\/v2\/product_cat?post=6468"},{"taxonomy":"product_tag","embeddable":true,"href":"https:\/\/www.garden-kit.com\/fr\/wp-json\/wp\/v2\/product_tag?post=6468"}],"curies":[{"name":"wp","href":"https:\/\/api.w.org\/{rel}","templated":true}]}}