{"id":6475,"date":"2022-11-07T10:54:10","date_gmt":"2022-11-07T02:54:10","guid":{"rendered":"https:\/\/www.garden-kit.com\/product\/grow-starter-kit\/"},"modified":"2023-03-31T14:44:22","modified_gmt":"2023-03-31T06:44:22","slug":"grow-starter-kit-2","status":"publish","type":"product","link":"https:\/\/www.garden-kit.com\/fr\/product\/grow-starter-kit-2\/","title":{"rendered":"Kit de d\u00e9marrage de culture"},"content":{"rendered":"<p>KIT DE GRAINES DE BONSA\u00cf \u2013 TOUT CE DONT VOUS AVEZ BESOIN POUR CULTIVER 4 MAGNIFIQUES ARBRES BONSA\u00cf\u00a0:<\/p>\n<p>Le kit de d\u00e9marrage Grow Buddha Grow your own Bonsai Tree contient tous les \u00e9l\u00e9ments n\u00e9cessaires pour cultiver 4 types de beaux bonsa\u00efs dans une seule bo\u00eete. Vous recevrez \u00e9galement des graines, des pots, de la terre, des tondeuses, des badges nominatifs, un pot en plastique, un livret et m\u00eame un e-book.<\/p>\n<p>TAUX DE GERMINATION \u00c9LEV\u00c9S (TEST\u00c9S NOUS-M\u00caMES) : Toutes nos graines de bonsa\u00ef proviennent de Chine aupr\u00e8s de p\u00e9pini\u00e8res r\u00e9put\u00e9es. Nous avons test\u00e9 et fait germer les graines nous-m\u00eames avant de les proposer dans l&#039;un de nos lots de Bonsai Kit.<\/p>\n<p>COMPREND UN POT \u00c0 BONSA\u00cf PREMIUM \u2013 Contrairement \u00e0 d\u2019autres kits de bonsa\u00ef, nos kits sont livr\u00e9s avec un pot \u00e0 bonsa\u00ef premium con\u00e7u selon les normes les plus \u00e9lev\u00e9es.<\/p>\n<p>TOTALEMENT CONVIVIAL POUR LES D\u00c9BUTANTS\u00a0: Nos kits sont id\u00e9aux pour les d\u00e9butants, les ma\u00eetres et les enfants. Nous veillons \u00e0 ce que nos kits Bonsai soient totalement adapt\u00e9s aux d\u00e9butants tout en d\u00e9veloppant les kits de d\u00e9marrage Grow Buddha Bonsai.<\/p>\n<p>UNE ID\u00c9E CADEAU VRAIMENT UNIQUE : Vous connaissez quelqu&#039;un de sp\u00e9cial qui aime les plantes ? Imaginez leur enthousiasme lorsqu&#039;ils recevront cet ensemble de d\u00e9marrage de bonsa\u00ef unique et soigneusement con\u00e7u. C&#039;est un cadeau unique en son genre pour la f\u00eate des m\u00e8res, les jardiniers, les d\u00e9butants, les enfants, les mamans, les papas, les grand-p\u00e8res, les grand-m\u00e8res, le bureau et m\u00eame les botanistes les plus chevronn\u00e9s.<\/p>\n<p>CHAQUE KIT DE BONSA\u00cf CONTIENT\u00a0:<\/p>\n<p>\u2705 1 pot en plastique de qualit\u00e9 sup\u00e9rieure.<br \/>\u2705 4 pots biod\u00e9gradables<br \/>\u2705 4 disques de sol extensibles<br \/>\u2705 4 types de graines de bonsa\u00ef + 2 graines cadeaux gratuites.<br \/>\u2705 5 panneaux d&#039;\u00e9tiquettes pour plantes.<br \/>\u2705 1 paire de tondeuses \u00e0 bonsa\u00ef.<br \/>\u2705 1 manuel d&#039;instructions en format papier.<br \/>\u2705 1 livre \u00e9lectronique complet sur les bonsa\u00efs<br \/>\u2705 Tutoriels vid\u00e9o en ligne<\/p>\n<p>POURQUOI NOTRE KIT ?<br \/>Le kit de bonsa\u00ef Garden-kit est unique non seulement parce que nous vous fournissons 4 types de graines de bonsa\u00ef dans un seul kit de bonsa\u00ef, mais nous sommes all\u00e9s au-del\u00e0 de nos attentes pour garantir que nous avons fourni tout ce dont vous auriez besoin pour faire pousser votre propre bonsa\u00ef sans acheter. rien d&#039;autre.<\/p>\n<p>Contrairement \u00e0 nos concurrents, nous offrons une excellente qualit\u00e9 et un bon rapport qualit\u00e9-prix avec notre kit de d\u00e9marrage Bonsai. Non seulement cela, nous avons investi notre temps et nos ressources pour tester minutieusement les graines et tenter de les faire pousser avant d&#039;approuver chaque lot \u00e0 vendre.<\/p>\n<p>*** INFORMATIONS COMPL\u00c9MENTAIRES ***<\/p>\n<p>Chacun de nos clients recevra un manuel d&#039;instructions complet sur la fa\u00e7on de cultiver vos bonsa\u00efs sous forme de copie de poche dans nos kits.<\/p>\n<p>MAIS ATTENDEZ\u2026. IL Y A PLUS!!<\/p>\n<p>Nos kits sont \u00e9galement accompagn\u00e9s d&#039;un livre \u00e9lectronique complet sur le bonsa\u00ef qui vous apprend tout ce que vous devez savoir sur le monde du bonsa\u00ef.<\/p>\n<p>\u2705 Totalement adapt\u00e9 aux d\u00e9butants<\/p>\n<p>\u2705 Une excellente id\u00e9e cadeau<\/p>\n<p>\u2705 Germination garantie<\/p>\n<p>\u2705 Acc\u00e8s \u00e0 des didacticiels vid\u00e9o \u00e9tape par \u00e9tape<\/p>\n<p>\u2705 Instructions faciles \u00e0 suivre<\/p>\n<p>\u2705 Assistance gratuite d&#039;experts en jardinage<\/p><\/p>","protected":false},"excerpt":{"rendered":"<p>KIT DE CROISSANCE, Kit BONSAI, Bonsai Seeds Grow 4 Types De Bonsai Trees Nature Lover Cadeau de pendaison de cr\u00e9maill\u00e8re, Bonsai Tree Starter Kit<\/p>","protected":false},"featured_media":12117,"comment_status":"open","ping_status":"closed","template":"","meta":[],"product_cat":[40],"product_tag":[323],"acf":[],"_links":{"self":[{"href":"https:\/\/www.garden-kit.com\/fr\/wp-json\/wp\/v2\/product\/6475"}],"collection":[{"href":"https:\/\/www.garden-kit.com\/fr\/wp-json\/wp\/v2\/product"}],"about":[{"href":"https:\/\/www.garden-kit.com\/fr\/wp-json\/wp\/v2\/types\/product"}],"replies":[{"embeddable":true,"href":"https:\/\/www.garden-kit.com\/fr\/wp-json\/wp\/v2\/comments?post=6475"}],"wp:featuredmedia":[{"embeddable":true,"href":"https:\/\/www.garden-kit.com\/fr\/wp-json\/wp\/v2\/media\/12117"}],"wp:attachment":[{"href":"https:\/\/www.garden-kit.com\/fr\/wp-json\/wp\/v2\/media?parent=6475"}],"wp:term":[{"taxonomy":"product_cat","embeddable":true,"href":"https:\/\/www.garden-kit.com\/fr\/wp-json\/wp\/v2\/product_cat?post=6475"},{"taxonomy":"product_tag","embeddable":true,"href":"https:\/\/www.garden-kit.com\/fr\/wp-json\/wp\/v2\/product_tag?post=6475"}],"curies":[{"name":"wp","href":"https:\/\/api.w.org\/{rel}","templated":true}]}}