{"id":6500,"date":"2022-11-07T11:02:45","date_gmt":"2022-11-07T03:02:45","guid":{"rendered":"https:\/\/www.garden-kit.com\/product\/christmas-tree-starter-kit\/"},"modified":"2023-03-31T14:42:41","modified_gmt":"2023-03-31T06:42:41","slug":"christmas-tree-starter-kit","status":"publish","type":"product","link":"https:\/\/www.garden-kit.com\/fr\/product\/christmas-tree-starter-kit\/","title":{"rendered":"Kit de d\u00e9marrage pour sapin de No\u00ebl"},"content":{"rendered":"<p style=\"line-height: 1.5\"><span style=\"font-family: arial, helvetica, sans-serif\">CULTIVEZ VOTRE PROPRE KIT DE D\u00c9MARRAGE D&#039;ARBRE DE NO\u00cbL<\/span><\/p>\n<p style=\"line-height: 1.5\"><span style=\"font-family: arial, helvetica, sans-serif\">TOUT CE DONT VOUS AVEZ BESOIN POUR CULTIVER 4 TYPES D&#039;ARBRES DE NO\u00cbL \u00c0 PARTIR DE GRAINES<\/span><\/p>\n<p style=\"line-height: 1.5\"><span style=\"font-family: arial, helvetica, sans-serif\">Un arbre est un ami qui grandira et restera avec vous pour tous les \u00e9v\u00e9nements m\u00e9morables des g\u00e9n\u00e9rations \u00e0 venir. Comme ce serait magique, si vous aviez un lien profond avec votre sapin de No\u00ebl, et qu&#039;il \u00e9tait l\u00e0 avec vous \u00e0 chaque No\u00ebl\u00a0!<\/span><\/p>\n<p style=\"line-height: 1.5\"><span style=\"font-family: arial, helvetica, sans-serif\">Rendez vos festivit\u00e9s de No\u00ebl encore plus excitantes avec le kit de sapin de No\u00ebl Garden-Kit.<\/span><\/p>\n<p style=\"line-height: 1.5\"><span style=\"font-family: arial, helvetica, sans-serif\">CHAQUE KIT DE GRAINES D&#039;ARBRE GROW Garden-Kit contient ces articles soigneusement s\u00e9lectionn\u00e9s pour vous permettre de faire pousser votre propre arbre \u00e0 la perfection, m\u00eame en tant que jardinier d\u00e9butant\u00a0:<\/span><\/p>\n<p style=\"line-height: 1.5\"><span style=\"font-family: arial, helvetica, sans-serif\">\u2705 4 vari\u00e9t\u00e9s de graines de sapin de No\u00ebl<\/span><\/p>\n<p style=\"line-height: 1.5\"><span style=\"font-family: arial, helvetica, sans-serif\">\u2705 4 pots biod\u00e9gradables<\/span><\/p>\n<p style=\"line-height: 1.5\"><span style=\"font-family: arial, helvetica, sans-serif\">\u2705 4 disques coco<\/span><\/p>\n<p style=\"line-height: 1.5\"><span style=\"font-family: arial, helvetica, sans-serif\">\u2705 5 \u00e9tiquettes de nom<\/span><\/p>\n<p style=\"line-height: 1.5\"><span style=\"font-family: arial, helvetica, sans-serif\">\u2705 1 coupe-feuilles<\/span><\/p>\n<p style=\"line-height: 1.5\"><span style=\"font-family: arial, helvetica, sans-serif\">\u2705 1 livret d&#039;instructions<\/span><\/p>\n<p style=\"line-height: 1.5\"><span style=\"font-family: arial, helvetica, sans-serif\">\u2705 1 pot de fleurs<\/span><\/p>\n<h3 style=\"line-height: 1.5;font-size: 19px\"><span style=\"font-family: arial, helvetica, sans-serif\">POURQUOI NOUS CHOISIR?<\/span><\/h3>\n<p style=\"line-height: 1.5\"><span style=\"font-family: arial, helvetica, sans-serif\">Grow Buddha Christmas Tree Kit vous offre l&#039;exp\u00e9rience incroyable de faire pousser votre propre magnifique arbre de No\u00ebl. Nous avons envisag\u00e9 toutes les possibilit\u00e9s pour faciliter le processus de jardinage et avons cr\u00e9\u00e9 un kit de semis et de culture parfait pour vous, qui contient tout ce dont vous aurez besoin pour faire pousser les 4 vari\u00e9t\u00e9s d&#039;arbres de No\u00ebl les plus appr\u00e9ci\u00e9es dans votre propre jardin.<\/span><\/p>\n<p style=\"line-height: 1.5\"><span style=\"font-family: arial, helvetica, sans-serif\">Graines de qualit\u00e9 sup\u00e9rieure : faire pousser votre propre sapin de No\u00ebl peut \u00eatre amusant et gratifiant. Lorsque vous voyez vos petits semis de pin plant\u00e9s \u00e0 la main devenir des arbres matures. Chez Grow Buddha, nous reconnaissons l&#039;amour que vous consacrerez \u00e0 prendre soin de votre sapin de No\u00ebl et pour vous \u00e9viter toute d\u00e9ception, nous testons et choisissons soigneusement les meilleures graines avec un taux de germination \u00e9lev\u00e9 pour notre kit Cultivez votre propre sapin de No\u00ebl. Nous sommes absolument convaincus que vous serez satisfait de notre kit de d\u00e9marrage pour sapin de No\u00ebl.<\/span><\/p>\n<p style=\"line-height: 1.5\"><span style=\"font-family: arial, helvetica, sans-serif\">Cultivez votre propre arbre de No\u00ebl qui nous apporte \u00e0 tous joie et excitation\u00a0!<\/span><\/p>\n<p style=\"line-height: 1.5\"><span style=\"font-family: arial, helvetica, sans-serif\">Une exp\u00e9rience compl\u00e8te de jardinier : dans notre kit de culture d&#039;arbres de No\u00ebl, nous avons pris en compte tous vos besoins de jardinage de base pour faire pousser un arbre de No\u00ebl, m\u00eame en tant que d\u00e9butant. Y compris 4 des vari\u00e9t\u00e9s les plus populaires de graines d&#039;arbres de No\u00ebl. Notre kit Grow a Tree comprend \u00e9galement des pots biod\u00e9gradables et des disques de coco pour vous donner un contr\u00f4le total sur la nutrition des plantes et aider le b\u00e9b\u00e9 arbre de No\u00ebl \u00e0 germer en 4 \u00e0 8 semaines. Contrairement aux autres kits Cultivez votre propre sapin de No\u00ebl, nous avons \u00e9galement inclus un coupe-arbre dans notre kit de d\u00e9marrage pour sapin de No\u00ebl, ainsi qu&#039;un livret d&#039;instructions pour vous guider \u00e0 chaque \u00e9tape du processus de croissance de votre sapin de No\u00ebl et un pot de fleurs \u00e9l\u00e9gant.<\/span><\/p>\n<p style=\"line-height: 1.5\"><span style=\"font-family: arial, helvetica, sans-serif\">Vous pouvez maintenant d\u00e9corer un sapin de No\u00ebl magnifique et vivant, que vous avez entretenu de vos propres mains jusqu&#039;\u00e0 maturit\u00e9 en utilisant notre kit de d\u00e9marrage pour sapin de No\u00ebl. Ce sera le No\u00ebl le plus \u00e9panouissant que vous aurez jamais avec des d\u00e9penses minimales.<\/span><\/p>\n<p style=\"line-height: 1.5\"><span style=\"font-family: arial, helvetica, sans-serif\">\u00c9pinette bleue<\/span><\/p>\n<p style=\"line-height: 1.5\"><span style=\"font-family: arial, helvetica, sans-serif\">L&#039;\u00e9pinette bleue, \u00e9galement connue sous le nom d&#039;\u00e9pinette du Colorado, est un arbre \u00e0 feuilles persistantes de forme conique avec des branches horizontales rigides et des aiguilles courtes. L&#039;\u00e9pinette bleue fait un excellent arbre de No\u00ebl en raison de sa couleur bleu vif et de ses branches rigides qui retiennent bien les ornements. L&#039;\u00e9pinette bleue a des aiguilles pointues qui n\u00e9cessitent des pr\u00e9cautions suppl\u00e9mentaires lors de la manipulation, mais en plus, ces aiguilles \u00e9loignent les animaux de l&#039;arbre.<\/span><\/p>\n<p style=\"line-height: 1.5\"><span style=\"font-family: arial, helvetica, sans-serif\">Spruce de Norv\u00e8ge<\/span><\/p>\n<p style=\"line-height: 1.5\"><span style=\"font-family: arial, helvetica, sans-serif\">L&#039;\u00e9pinette de Norv\u00e8ge est un conif\u00e8re \u00e0 croissance rapide qui vit des centaines d&#039;ann\u00e9es. Il fait un arbre de No\u00ebl classique avec ses aiguilles vert fonc\u00e9, ses branches tombantes et sa couronne de forme triangulaire. Ses aiguilles sont courtes et pointues, et un peu \u00e9mouss\u00e9es \u00e0 l&#039;extr\u00e9mit\u00e9. Les \u00e9pinettes de Norv\u00e8ge peuvent pousser jusqu&#039;\u00e0 un m\u00e8tre par an lorsqu&#039;elles sont jeunes, ce qui en fait un excellent choix pour la culture en tant qu&#039;arbre de No\u00ebl.<\/span><\/p>\n<p style=\"line-height: 1.5\"><span style=\"font-family: arial, helvetica, sans-serif\">Pin sylvestre<\/span><\/p>\n<p style=\"line-height: 1.5\"><span style=\"font-family: arial, helvetica, sans-serif\">Le pin sylvestre est un bel arbre \u00e0 feuilles persistantes, qui est l&#039;esp\u00e8ce de pin la plus couramment utilis\u00e9e pour un arbre de No\u00ebl. Avec un feuillage vert fonc\u00e9 et des branches raides qui r\u00e9sistent bien aux ornements lourds, c&#039;est un favori pour les traditionalistes. Le semis de pin \u00e9cossais est facile \u00e0 replanter et, avec un taux de survie \u00e9lev\u00e9, il s&#039;adapte \u00e0 une grande vari\u00e9t\u00e9 de sols et de sites. L&#039;\u00e9corce des branches sup\u00e9rieures des arbres plus grands et plus matures des pins sylvestres a une couleur rouge-orange tr\u00e8s pro\u00e9minente et attrayante.<\/span><\/p>\n<p style=\"line-height: 1.5\"><span style=\"font-family: arial, helvetica, sans-serif\">Sapin Abies de Cor\u00e9e<\/span><\/p>\n<p style=\"line-height: 1.5\"><span style=\"font-family: arial, helvetica, sans-serif\">Le sapin de Cor\u00e9e est l&#039;une des plus petites esp\u00e8ces de sapins, avec une forme et une texture attrayantes. C&#039;est une esp\u00e8ce indig\u00e8ne asiatique, mais elle pousse bien dans d&#039;autres climats et sols. Le sapin cor\u00e9en Abies a des aiguilles vert fonc\u00e9 avec des dessous argent\u00e9s frappants. Il pousse lentement et s&#039;int\u00e8gre dans la plupart des paysages. Ce conif\u00e8re a de beaux c\u00f4nes distinctifs dans des tons de bleu ou de violet, et des aiguilles courtes et larges atteignant 3\/4 de pouce de long, qui sont vert fonc\u00e9 brillant sur le dessus et argent\u00e9es sur le dessous. En raison de sa petite taille, le sapin cor\u00e9en fait un excellent sapin de No\u00ebl vivant.<\/span><\/p>","protected":false},"excerpt":{"rendered":"<p>Cultivez votre propre arbre de No\u00ebl - Kit de d\u00e9marrage de graines d&#039;arbres de No\u00ebl pour d\u00e9butants - Cultivez facilement 4 vari\u00e9t\u00e9s d&#039;arbres de No\u00ebl \u00e0 la maison<\/p>","protected":false},"featured_media":12118,"comment_status":"open","ping_status":"closed","template":"","meta":[],"product_cat":[40],"product_tag":[325],"acf":[],"_links":{"self":[{"href":"https:\/\/www.garden-kit.com\/fr\/wp-json\/wp\/v2\/product\/6500"}],"collection":[{"href":"https:\/\/www.garden-kit.com\/fr\/wp-json\/wp\/v2\/product"}],"about":[{"href":"https:\/\/www.garden-kit.com\/fr\/wp-json\/wp\/v2\/types\/product"}],"replies":[{"embeddable":true,"href":"https:\/\/www.garden-kit.com\/fr\/wp-json\/wp\/v2\/comments?post=6500"}],"wp:featuredmedia":[{"embeddable":true,"href":"https:\/\/www.garden-kit.com\/fr\/wp-json\/wp\/v2\/media\/12118"}],"wp:attachment":[{"href":"https:\/\/www.garden-kit.com\/fr\/wp-json\/wp\/v2\/media?parent=6500"}],"wp:term":[{"taxonomy":"product_cat","embeddable":true,"href":"https:\/\/www.garden-kit.com\/fr\/wp-json\/wp\/v2\/product_cat?post=6500"},{"taxonomy":"product_tag","embeddable":true,"href":"https:\/\/www.garden-kit.com\/fr\/wp-json\/wp\/v2\/product_tag?post=6500"}],"curies":[{"name":"wp","href":"https:\/\/api.w.org\/{rel}","templated":true}]}}