{"id":6538,"date":"2022-11-07T11:35:02","date_gmt":"2022-11-07T03:35:02","guid":{"rendered":"https:\/\/www.garden-kit.com\/product\/succulent-seed-kit\/"},"modified":"2023-03-31T14:42:21","modified_gmt":"2023-03-31T06:42:21","slug":"grow-your-own-cactus-kit","status":"publish","type":"product","link":"https:\/\/www.garden-kit.com\/fr\/product\/grow-your-own-cactus-kit\/","title":{"rendered":"Cultivez votre propre kit de cactus"},"content":{"rendered":"<p style=\"line-height: 1.5\"><span style=\"font-family: arial, helvetica, sans-serif\">Veuillez nous contacter pour vous assurer que ce produit r\u00e9pond aux exigences.<\/span><br \/><span style=\"font-family: arial, helvetica, sans-serif\">Cueilli \u00e0 la main - le favori des amateurs\u00a0! Les amateurs de plantes bien connus et ceux qui d\u00e9butent appr\u00e9cient la beaut\u00e9 intemporelle de ces ensembles de graines succulentes cultiv\u00e9es \u00e0 la maison, les d\u00e9clarant une &quot;fa\u00e7on joyeuse de profiter d&#039;un passe-temps d\u00e9tendu&quot; et un &quot;cadeau bien-aim\u00e9&quot; pour la f\u00eate des p\u00e8res, les anniversaires, les vacances ou comme cadeau de remerciement pour les amis.<\/span><br \/><span style=\"font-family: arial, helvetica, sans-serif\">Tout ce dont vous avez besoin - pour faire grandir l&#039;amour. Le kit de d\u00e9marrage Premium Cactus et Succulent ne n\u00e9cessite pas de d\u00e9placement au magasin ; il fournit tous les goodies dont vous avez besoin pour faire l&#039;exp\u00e9rience de la pure joie des plantes - 4 pots, 4 bacs d&#039;\u00e9gouttage, 4 marqueurs de plantes, 1 m\u00e9lange de graines de cactus, 1 m\u00e9lange de graines succulentes, terre de tourbe, sacs de perlite, varech (engrais) et instructions de culture super faciles .<\/span><\/p>\n<p style=\"line-height: 1.5\"><span style=\"font-family: arial, helvetica, sans-serif\"><\/span><\/p>\n<table class=\"woocommerce-product-attributes shop_attributes\" style=\"border-collapse: collapse;width: 100%;background-color: #ffffff;border-style: dotted;margin-left: auto;margin-right: auto\">\n<tbody style=\"margin: 0px;padding: 0px;border-width: 0px;font-style: inherit;font-weight: inherit;font-size: inherit;line-height: inherit;font-family: inherit;vertical-align: baseline\">\n<tr class=\"woocommerce-product-attributes-item woocommerce-product-attributes-item--attribute_pa_package-dimensions\" style=\"margin: 0px;padding: 0px;border-width: 0px;font-style: inherit;font-weight: inherit;font-size: inherit;line-height: inherit;font-family: inherit;vertical-align: baseline\">\n<th class=\"woocommerce-product-attributes-item__label\" style=\"margin: 0px;padding: 8px 20px;border-width: 0px 1px 1px 0px;border-right-style: dotted;border-bottom-style: dotted;font-style: inherit;font-weight: bold;font-size: inherit;line-height: 1.5em;font-family: inherit;vertical-align: middle;text-align: right;width: 535.141px\">Dimensions du colis<\/th>\n<td class=\"woocommerce-product-attributes-item__value\" style=\"margin: 0px;padding: 8px 10px;border-top-width: 0px;border-right-style: none;border-left-width: 0px;font-style: inherit;font-weight: inherit;font-size: inherit;line-height: 1.5em;font-family: inherit;vertical-align: baseline\">\n<p style=\"margin: 0px;padding: 0px;border-width: 0px;font-style: inherit;font-weight: inherit;font-size: 16px;line-height: 28px;font-family: inherit;vertical-align: baseline\"><a href=\"https:\/\/healthingarden.com\/package-dimensions\/6-89-x-5-35-x-3-66-inches\/\" rel=\"tag nofollow noopener\" style=\"margin: 0px;padding: 0px;border-width: 0px;font-style: inherit;font-weight: inherit;font-size: inherit;line-height: inherit;font-family: inherit;vertical-align: baseline;color: #5cb431\" target=\"_blank\">6,89 x 5,35 x 3,66 pouces<\/a><\/p>\n<\/td>\n<\/tr>\n<tr class=\"woocommerce-product-attributes-item woocommerce-product-attributes-item--attribute_pa_item-weight\" style=\"margin: 0px;padding: 0px;border-width: 0px;font-style: inherit;font-weight: inherit;font-size: inherit;line-height: inherit;font-family: inherit;vertical-align: baseline\">\n<th class=\"woocommerce-product-attributes-item__label\" style=\"margin: 0px;padding: 8px 20px;border-width: 0px 1px 1px 0px;border-right-style: dotted;border-bottom-style: dotted;font-style: inherit;font-weight: bold;font-size: inherit;line-height: 1.5em;font-family: inherit;vertical-align: middle;text-align: right;width: 535.141px\">Poids de l&#039;article<\/th>\n<td class=\"woocommerce-product-attributes-item__value\" style=\"margin: 0px;padding: 8px 10px;border-top-width: 0px;border-right-style: none;border-left-width: 0px;font-style: inherit;font-weight: inherit;font-size: inherit;line-height: 1.5em;font-family: inherit;vertical-align: baseline\">\n<p style=\"margin: 0px;padding: 0px;border-width: 0px;font-style: inherit;font-weight: inherit;font-size: 16px;line-height: 28px;font-family: inherit;vertical-align: baseline\"><a href=\"https:\/\/healthingarden.com\/item-weight\/10-2-ounces\/\" rel=\"tag nofollow noopener\" style=\"margin: 0px;padding: 0px;border-width: 0px;font-style: inherit;font-weight: inherit;font-size: inherit;line-height: inherit;font-family: inherit;vertical-align: baseline;color: #5cb431\" target=\"_blank\">10,2 onces<\/a><\/p>\n<\/td>\n<\/tr>\n<tr class=\"woocommerce-product-attributes-item woocommerce-product-attributes-item--attribute_pa_manufacturer\" style=\"margin: 0px;padding: 0px;border-width: 0px;font-style: inherit;font-weight: inherit;font-size: inherit;line-height: inherit;font-family: inherit;vertical-align: baseline\">\n<th class=\"woocommerce-product-attributes-item__label\" style=\"margin: 0px;padding: 8px 20px;border-width: 0px 1px 1px 0px;border-right-style: dotted;border-bottom-style: dotted;font-style: inherit;font-weight: bold;font-size: inherit;line-height: 1.5em;font-family: inherit;vertical-align: middle;text-align: right;width: 535.141px\">Fabricant<\/th>\n<td class=\"woocommerce-product-attributes-item__value\" style=\"margin: 0px;padding: 8px 10px;border-top-width: 0px;border-right-style: none;border-left-width: 0px;font-style: inherit;font-weight: inherit;font-size: inherit;line-height: 1.5em;font-family: inherit;vertical-align: baseline\">\n<p style=\"margin: 0px;padding: 0px;border-width: 0px;font-style: inherit;font-weight: inherit;font-size: 16px;line-height: 28px;font-family: inherit;vertical-align: baseline\">Garden-Kit<\/p>\n<\/td>\n<\/tr>\n<tr class=\"woocommerce-product-attributes-item woocommerce-product-attributes-item--attribute_pa_brand\" style=\"margin: 0px;padding: 0px;border-width: 0px;font-style: inherit;font-weight: inherit;font-size: inherit;line-height: inherit;font-family: inherit;vertical-align: baseline\">\n<th class=\"woocommerce-product-attributes-item__label\" style=\"margin: 0px;padding: 8px 20px;border-width: 0px 1px 1px 0px;border-right-style: dotted;border-bottom-style: dotted;font-style: inherit;font-weight: bold;font-size: inherit;line-height: 1.5em;font-family: inherit;vertical-align: middle;text-align: right;width: 535.141px\">Marque<\/th>\n<td class=\"woocommerce-product-attributes-item__value\" style=\"margin: 0px;padding: 8px 10px;border-top-width: 0px;border-right-style: none;border-left-width: 0px;font-style: inherit;font-weight: inherit;font-size: inherit;line-height: 1.5em;font-family: inherit;vertical-align: baseline\">\n<p style=\"margin: 0px;padding: 0px;border-width: 0px;font-style: inherit;font-weight: inherit;font-size: 16px;line-height: 28px;font-family: inherit;vertical-align: baseline\"><a href=\"https:\/\/healthingarden.com\/brand\/visit-the-home-grown-store\/\" rel=\"tag nofollow noopener\" style=\"margin: 0px;padding: 0px;border-width: 0px;font-style: inherit;font-weight: inherit;font-size: inherit;line-height: inherit;font-family: inherit;vertical-align: baseline;color: #5cb431\" target=\"_blank\">Visitez la boutique Garden-Kit<\/a><\/p>\n<\/td>\n<\/tr>\n<\/tbody>\n<\/table>","protected":false},"excerpt":{"rendered":"<p>Kit de graines de succulentes et de cactus pour la plantation \u2013 [Favoris des passionn\u00e9s] Kit de d\u00e9marrage premium pour cactus et\u2026<\/p>","protected":false},"featured_media":12108,"comment_status":"open","ping_status":"closed","template":"","meta":[],"product_cat":[40],"product_tag":[477,475,466,463,328,476],"acf":[],"_links":{"self":[{"href":"https:\/\/www.garden-kit.com\/fr\/wp-json\/wp\/v2\/product\/6538"}],"collection":[{"href":"https:\/\/www.garden-kit.com\/fr\/wp-json\/wp\/v2\/product"}],"about":[{"href":"https:\/\/www.garden-kit.com\/fr\/wp-json\/wp\/v2\/types\/product"}],"replies":[{"embeddable":true,"href":"https:\/\/www.garden-kit.com\/fr\/wp-json\/wp\/v2\/comments?post=6538"}],"wp:featuredmedia":[{"embeddable":true,"href":"https:\/\/www.garden-kit.com\/fr\/wp-json\/wp\/v2\/media\/12108"}],"wp:attachment":[{"href":"https:\/\/www.garden-kit.com\/fr\/wp-json\/wp\/v2\/media?parent=6538"}],"wp:term":[{"taxonomy":"product_cat","embeddable":true,"href":"https:\/\/www.garden-kit.com\/fr\/wp-json\/wp\/v2\/product_cat?post=6538"},{"taxonomy":"product_tag","embeddable":true,"href":"https:\/\/www.garden-kit.com\/fr\/wp-json\/wp\/v2\/product_tag?post=6538"}],"curies":[{"name":"wp","href":"https:\/\/api.w.org\/{rel}","templated":true}]}}