{"id":6578,"date":"2022-11-07T14:11:51","date_gmt":"2022-11-07T06:11:51","guid":{"rendered":"https:\/\/www.garden-kit.com\/product\/plant-terrarium-kit\/"},"modified":"2023-03-31T14:45:29","modified_gmt":"2023-03-31T06:45:29","slug":"plant-terrarium-kit","status":"publish","type":"product","link":"https:\/\/www.garden-kit.com\/fr\/product\/plant-terrarium-kit\/","title":{"rendered":"Kit de terrarium pour plantes"},"content":{"rendered":"<h3 style=\"font-size: 19px\"><strong>Contenu du kit de terrarium pour plantes\u00a0:<\/strong><\/h3>\n<p><strong>CR\u00c9EZ VOTRE PROPRE TERRARIUM\u00a0: <\/strong>Les essentiels pr\u00e9-mesur\u00e9s incluent ; Terre de cactus 250 g, galets de drainage 130 g, charbon actif 30 g, mousse, 50 g, gravier d\u00e9coratif 150 g et outils. Approvisionnement g\u00e9n\u00e9reux - assez pour remplir un bocal \u00e0 poissons de 15 \u00e0 20 cm !! Les ingr\u00e9dients sont scell\u00e9s dans des sacs r\u00e9sistants pour \u00e9viter les d\u00e9versements.<\/p>\n<p style=\"text-align: center\"><img decoding=\"async\" src=\"https:\/\/data.adwebcloud.com\/public\/material\/2206293ihquj\/product\/il_1140xN.3043638372_snz1_1667801392478.jpg\" alt=\"exemple\" width=\"1000\" title=\"\"><\/p>\n<p><strong>COMPOST DE CACTUS DE QUALIT\u00c9 SUP\u00c9RIEURE\u00a0: <\/strong>Sol sp\u00e9cialement formul\u00e9 pour garantir que vos plantes de terrarium restent saines et prosp\u00e8rent. Un sol de cette qualit\u00e9 ne se trouve pas dans les centres de jardinage locaux.<\/p>\n<p style=\"text-align: center\"><img decoding=\"async\" src=\"https:\/\/data.adwebcloud.com\/public\/material\/2206293ihquj\/product\/il_1140xN.3043637230_kqxu_1667801399728.jpg\" alt=\"exemple\" width=\"1000\" title=\"\"><\/p>\n<p><strong>GUIDE DE 15 PAGES\u00a0: <\/strong>Apprenez l&#039;art et la science derri\u00e8re la fabrication de votre jardin de verre miniature. D\u00e9couvrez le fonctionnement de ces \u00e9cosyst\u00e8mes autonomes, apprenez \u00e0 choisir les meilleures plantes, \u00e0 prendre soin de votre terrarium et bien plus encore\u2026<\/p>\n<\/p>\n<p><strong>AMUSANT, RAPIDE ET FACILE\u00a0:<\/strong> Cr\u00e9ez votre chef-d&#039;\u0153uvre en moins d&#039;une heure. L&#039;activit\u00e9 parfaite \u00e0 partager entre amis et en famille!<\/p>\n<\/p>\n<p><strong>SUPER IDEE CADEAU : <\/strong>Tout ce dont vous avez besoin est un r\u00e9cipient en verre et une s\u00e9lection de cactus ou de plantes succulentes pour cr\u00e9er un cadeau unique en son genre. Cliquez sur Demande et commandez votre kit d\u00e8s aujourd&#039;hui\u00a0!<\/p>\n<\/p>\n<h3 style=\"font-size: 19px\"><strong>Caract\u00e9ristiques du kit de terrarium pour plantes :<\/strong><\/h3>\n<ul>\n<li>Notre ensemble de terrarium est non seulement adapt\u00e9 \u00e0 la d\u00e9coration classique, mais \u00e9galement parfait pour exposer des fleurs et des plantes, purifier l&#039;air et \u00e9gayer votre humeur.<\/li>\n<li>Conception de vase rond en verre simple et \u00e9l\u00e9gant, si vous mettez des cailloux, des fleurs \u00e0 l&#039;int\u00e9rieur, ce sera plus beau et accrocheur.<\/li>\n<li>La station de culture de plantes en verre de table est fabriqu\u00e9e en verre transparent de haute qualit\u00e9. R\u00e9servoir en bois s\u00e9par\u00e9 et pot de fleur en verre, pratique pour le changement d&#039;eau et le nettoyage.<\/li>\n<li>Les bacs \u00e0 plantes de style ferme sont un ajout moderne classique aux tables basses, aux tables de salle \u00e0 manger, aux \u00e9tag\u00e8res, aux salons et aux appuis de fen\u00eatre. Les \u00e9l\u00e9gants vases en verre transforment une pi\u00e8ce terne en un espace plus heureux, ajoutant \u00e9l\u00e9gance et chic \u00e0 n&#039;importe quelle pi\u00e8ce.<\/li>\n<li>Le vase hydroponique en verre de table simple convient \u00e0 la plupart des plantes qui se propagent telles que les arbres \u00e0 feuilles, les foug\u00e8res, le bambou porte-bonheur, les marguerites africaines, les herbes, les plantes hydroponiques et les boutures de fleurs.<\/li>\n<\/ul>\n<h3 style=\"font-size: 19px\">Types de pots appropri\u00e9s pour la culture en kit de terrarium pour plantes<\/h3>\n<p style=\"text-align: justify\"><strong>1. Plantes succulentes en pot<\/strong><br \/>Les feuilles des succulentes sont pour la plupart \u00e9paisses et juteuses, et peuvent s&#039;adapter \u00e0 un environnement relativement sec. Sous une intensit\u00e9 lumineuse appropri\u00e9e, les feuilles ont diff\u00e9rentes couleurs selon les diff\u00e9rentes vari\u00e9t\u00e9s. Son apparence a enrichi les types de plantes en pot dans la maison et a \u00e9galement fourni plus de choix de plantes en pot pour les novices qui ne sont pas tr\u00e8s dou\u00e9s pour faire pousser des fleurs. De nombreux amis pensent qu&#039;\u00e9lever des plantes succulentes et les regarder pousser pot apr\u00e8s pot, ou une plante en pot avec une forme de plante plus grande, est plus gratifiant que d&#039;inaugurer la p\u00e9riode de floraison.<\/p>\n<p style=\"text-align: center\"><strong><img decoding=\"async\" src=\"https:\/\/data.adwebcloud.com\/public\/material\/2206293ihquj\/product\/image_7402854073167541083292_1675410833307.jpg\" width=\"500\" alt=\"\" title=\"\"> <img decoding=\"async\" src=\"https:\/\/data.adwebcloud.com\/public\/material\/2206293ihquj\/product\/image_1032129574167541085050_1675410850841.jpg\" width=\"500\" alt=\"\" title=\"\"><\/strong><\/p>\n<p><strong>2. Cactus en pot<\/strong><br \/>Le cactus \u00e9tait peut-\u00eatre peu connu dans le pass\u00e9, car cette plante ne semble pas avoir d&#039;autres usages majeurs que de purifier l&#039;air. Mais avec le d\u00e9veloppement de l&#039;\u00e9poque, les gens ont appris que diff\u00e9rents cactus avaient des valeurs pratiques diff\u00e9rentes.<\/p>\n<p>Certains cactus non seulement fleurissent et portent des fruits, et ont des effets ornementaux, mais ont \u00e9galement des effets comestibles et ont une certaine valeur m\u00e9dicinale.<\/p>\n<p>Mais dans tous les cas, en tant que personne ordinaire, ne l&#039;utilisez pas avec d\u00e9sinvolture, et en tant que passionn\u00e9 de jardinage, ne le manquez pas !<\/p><\/p>","protected":false},"excerpt":{"rendered":"<p>Kit de terrarium pour plantes succulentes et cactus. Comprend la terre de cactus, la mousse, le gravier et un guide \u00e9tape par \u00e9tape<\/p>","protected":false},"featured_media":12175,"comment_status":"open","ping_status":"closed","template":"","meta":[],"product_cat":[40],"product_tag":[330],"acf":[],"_links":{"self":[{"href":"https:\/\/www.garden-kit.com\/fr\/wp-json\/wp\/v2\/product\/6578"}],"collection":[{"href":"https:\/\/www.garden-kit.com\/fr\/wp-json\/wp\/v2\/product"}],"about":[{"href":"https:\/\/www.garden-kit.com\/fr\/wp-json\/wp\/v2\/types\/product"}],"replies":[{"embeddable":true,"href":"https:\/\/www.garden-kit.com\/fr\/wp-json\/wp\/v2\/comments?post=6578"}],"wp:featuredmedia":[{"embeddable":true,"href":"https:\/\/www.garden-kit.com\/fr\/wp-json\/wp\/v2\/media\/12175"}],"wp:attachment":[{"href":"https:\/\/www.garden-kit.com\/fr\/wp-json\/wp\/v2\/media?parent=6578"}],"wp:term":[{"taxonomy":"product_cat","embeddable":true,"href":"https:\/\/www.garden-kit.com\/fr\/wp-json\/wp\/v2\/product_cat?post=6578"},{"taxonomy":"product_tag","embeddable":true,"href":"https:\/\/www.garden-kit.com\/fr\/wp-json\/wp\/v2\/product_tag?post=6578"}],"curies":[{"name":"wp","href":"https:\/\/api.w.org\/{rel}","templated":true}]}}