{"id":6585,"date":"2022-11-07T14:17:35","date_gmt":"2022-11-07T06:17:35","guid":{"rendered":"https:\/\/www.garden-kit.com\/product\/flower-garden-kit\/"},"modified":"2023-11-10T15:08:32","modified_gmt":"2023-11-10T07:08:32","slug":"flower-garden-kit","status":"publish","type":"product","link":"https:\/\/www.garden-kit.com\/fr\/product\/flower-garden-kit\/","title":{"rendered":"Kit de jardin de fleurs"},"content":{"rendered":"<h1 style=\"line-height: 1.5;\">Kit de jardin de fleurs<\/h1>\n<p>Kit de jardin fleuri Votre meilleur kit de d\u00e9marrage de graines\u00a0!<\/p>\n<p>&nbsp;<\/p>\n<p>Cultivez vos propres fleurs de jardin\u00a0:<br \/>\n12 vari\u00e9t\u00e9s de graines comprennent des lupins, des jonquilles, des g\u00e9raniums, des gypsophiles, des p\u00e9tunias, des an\u00e9mones, des delphiniums, des alstroemeria, de la lavande et des soucis. L&#039;ensemble comprend \u00e9galement 12 jardini\u00e8res, 12 bacs \u00e0 terre et des instructions \u00e9tape par \u00e9tape.<\/p>\n<p>Pas besoin d\u2019avoir la main verte :<br \/>\nNe vous inqui\u00e9tez pas si vous n&#039;avez jamais cultiv\u00e9 de plantes : ce kit de plantation comprend un guide illustr\u00e9 parfait pour les d\u00e9butants. De plus, nous sommes l\u00e0 pour r\u00e9pondre \u00e0 vos questions \u00e0 n\u2019importe quelle \u00e9tape du processus de croissance.<\/p>\n<p>Cadeau \u00e9cologique\u00a0:<br \/>\nLe kit de jardin de fleurs Urban Sprout est joliment emball\u00e9 et parfait pour offrir en toute occasion.<\/p>\n<p>Guide gratuit du kit de plantation de fleurs\u00a0:<br \/>\nApprenez \u00e0 m\u00e9langer et assortir les combinaisons de fleurs de votre kit avec ce guide informatif et illustr\u00e9. Que vous cultiviez des fleurs dans des parterres, des conteneurs ou des paniers suspendus, le Guide des combinaisons de fleurs propose des conseils et des astuces.<\/p>\n<p>Promesse de germination\u00a0:<br \/>\nNous mettons tout en \u0153uvre pour produire des kits de graines qui sauront vous satisfaire ! Si les graines du kit ne germent pas, faites-le-nous savoir ; nous promettons de vous en envoyer davantage !<\/p>","protected":false},"excerpt":{"rendered":"<p>Kit de jardin de fleurs - Cultivez votre propre jardin de cottage ou paniers suspendus, coffret cadeau de jardin pour elle - 12 paquets de graines de plantes - P\u00e9tunias, dahlia<\/p>","protected":false},"featured_media":12119,"comment_status":"open","ping_status":"closed","template":"","meta":[],"product_cat":[40],"product_tag":[331],"acf":[],"_links":{"self":[{"href":"https:\/\/www.garden-kit.com\/fr\/wp-json\/wp\/v2\/product\/6585"}],"collection":[{"href":"https:\/\/www.garden-kit.com\/fr\/wp-json\/wp\/v2\/product"}],"about":[{"href":"https:\/\/www.garden-kit.com\/fr\/wp-json\/wp\/v2\/types\/product"}],"replies":[{"embeddable":true,"href":"https:\/\/www.garden-kit.com\/fr\/wp-json\/wp\/v2\/comments?post=6585"}],"wp:featuredmedia":[{"embeddable":true,"href":"https:\/\/www.garden-kit.com\/fr\/wp-json\/wp\/v2\/media\/12119"}],"wp:attachment":[{"href":"https:\/\/www.garden-kit.com\/fr\/wp-json\/wp\/v2\/media?parent=6585"}],"wp:term":[{"taxonomy":"product_cat","embeddable":true,"href":"https:\/\/www.garden-kit.com\/fr\/wp-json\/wp\/v2\/product_cat?post=6585"},{"taxonomy":"product_tag","embeddable":true,"href":"https:\/\/www.garden-kit.com\/fr\/wp-json\/wp\/v2\/product_tag?post=6585"}],"curies":[{"name":"wp","href":"https:\/\/api.w.org\/{rel}","templated":true}]}}