{"id":6757,"date":"2022-11-11T10:06:36","date_gmt":"2022-11-11T02:06:36","guid":{"rendered":"https:\/\/www.garden-kit.com\/product\/grow-your-own-seed-box\/"},"modified":"2023-03-31T14:15:26","modified_gmt":"2023-03-31T06:15:26","slug":"grow-your-own-seed-box","status":"publish","type":"product","link":"https:\/\/www.garden-kit.com\/fr\/product\/grow-your-own-seed-box\/","title":{"rendered":"Cultivez votre propre bo\u00eete de graines"},"content":{"rendered":"<h3 class=\"a-size-base-plus a-text-bold\" style=\"padding: 0px 0px 4px;margin: 0px;color: #0f1111;font-family: 'Amazon Ember', Arial, sans-serif;background-color: #ffffff;font-size: 19px;line-height: 1.5\"><span style=\"font-family: arial, helvetica, sans-serif\">\u00c0 propos de cet article<\/span><\/h3>\n<ul>\n<li><span class=\"a-list-item\" style=\"color: #0f1111;font-family: arial, helvetica, sans-serif\">Kit de culture complet : Le kit de d\u00e9marrage id\u00e9al pour le jardinier en herbe. Parfait pour l&#039;artisanat pour adultes et activit\u00e9s pour enfants. En plus d&#039;une vaste gamme de graines de plantes, votre kit de culture est livr\u00e9 avec des gants de jardinage avec des griffes et des instructions de culture d\u00e9taill\u00e9es. C&#039;est tout ce dont vous avez besoin pour grandir<\/span><\/li>\n<li><span class=\"a-list-item\" style=\"color: #0f1111;font-family: arial, helvetica, sans-serif\">Bo\u00eete \u00e0 graines \u00e0 haute germination : gr\u00e2ce \u00e0 notre contr\u00f4le qualit\u00e9 rigoureux et \u00e0 nos tests de laboratoire de germination, notre collection de graines premium ne vous d\u00e9cevra pas. Nos semences sont doublement contr\u00f4l\u00e9es et non OGM. Vous pouvez \u00eatre assur\u00e9 que ce que vous semez dans votre jardin potager, fleuri et aromatique poussera !<\/span><\/li>\n<li><span class=\"a-list-item\" style=\"color: #0f1111;font-family: arial, helvetica, sans-serif\">Kit de culture de grande valeur : Avec 65 plantes potag\u00e8res diff\u00e9rentes, 15 types de plantes herbac\u00e9es et 20 vari\u00e9t\u00e9s de fleurs, vous recevrez plus de 45 000 graines au total ! Avec une telle gamme de semences pour la plantation de l\u00e9gumes, de fruits et de fleurs, vous profiterez d&#039;un jardin mara\u00eecher complet, le tout \u00e0 partir d&#039;une seule bo\u00eete<\/span><\/li>\n<li><span class=\"a-list-item\" style=\"color: #0f1111;font-family: arial, helvetica, sans-serif\">Le coffret cadeau de jardinage parfait : Emball\u00e9 dans une bo\u00eete en bois de luxe et avec des accessoires de jardinage haut de gamme, c&#039;est une id\u00e9e cadeau id\u00e9ale pour un jardinier en herbe. Kits de bricolage parfaits pour adultes et petits qui sont id\u00e9aux pour un ami aux doigts verts, un cadeau de pendaison de cr\u00e9maill\u00e8re ou m\u00eame des cadeaux de No\u00ebl.<\/span><\/li>\n<li><span class=\"a-list-item\" style=\"color: #0f1111;font-family: arial, helvetica, sans-serif\">Le coffret cadeau de jardinage parfait : Emball\u00e9 dans une bo\u00eete en bois de luxe et avec des accessoires de jardinage haut de gamme, c&#039;est une id\u00e9e cadeau id\u00e9ale pour un jardinier en herbe. Kits de bricolage parfaits pour adultes et petits qui sont id\u00e9aux pour un ami aux doigts verts, un cadeau de pendaison de cr\u00e9maill\u00e8re ou m\u00eame des cadeaux de No\u00ebl.<\/span><\/li>\n<\/ul>","protected":false},"excerpt":{"rendered":"<p><span id=\"productTitle\" class=\"a-size-large product-title-word-break\" style=\"font-size: 16px;line-height: 32px;font-family: arial, helvetica, sans-serif;color: #000000\">Cultivez votre propre kit par Garden Pack - 100 vari\u00e9t\u00e9s de graines de l\u00e9gumes, d&#039;herbes et de fleurs - Cadeaux de jardinage pour femmes et hommes - Bo\u00eete et accessoires en bois naturel<\/span><\/p><\/p>","protected":false},"featured_media":11921,"comment_status":"closed","ping_status":"closed","template":"","meta":[],"product_cat":[50],"product_tag":[344],"acf":[],"_links":{"self":[{"href":"https:\/\/www.garden-kit.com\/fr\/wp-json\/wp\/v2\/product\/6757"}],"collection":[{"href":"https:\/\/www.garden-kit.com\/fr\/wp-json\/wp\/v2\/product"}],"about":[{"href":"https:\/\/www.garden-kit.com\/fr\/wp-json\/wp\/v2\/types\/product"}],"replies":[{"embeddable":true,"href":"https:\/\/www.garden-kit.com\/fr\/wp-json\/wp\/v2\/comments?post=6757"}],"wp:featuredmedia":[{"embeddable":true,"href":"https:\/\/www.garden-kit.com\/fr\/wp-json\/wp\/v2\/media\/11921"}],"wp:attachment":[{"href":"https:\/\/www.garden-kit.com\/fr\/wp-json\/wp\/v2\/media?parent=6757"}],"wp:term":[{"taxonomy":"product_cat","embeddable":true,"href":"https:\/\/www.garden-kit.com\/fr\/wp-json\/wp\/v2\/product_cat?post=6757"},{"taxonomy":"product_tag","embeddable":true,"href":"https:\/\/www.garden-kit.com\/fr\/wp-json\/wp\/v2\/product_tag?post=6757"}],"curies":[{"name":"wp","href":"https:\/\/api.w.org\/{rel}","templated":true}]}}