{"id":6813,"date":"2022-11-11T10:26:00","date_gmt":"2022-11-11T02:26:00","guid":{"rendered":"https:\/\/www.garden-kit.com\/product\/herb-garden-kit\/"},"modified":"2023-03-31T14:16:18","modified_gmt":"2023-03-31T06:16:18","slug":"herb-garden-kit","status":"publish","type":"product","link":"https:\/\/www.garden-kit.com\/fr\/product\/herb-garden-kit\/","title":{"rendered":"Kit de jardin d&#039;herbes aromatiques"},"content":{"rendered":"<p style=\"line-height: 1.5\"><span style=\"color: #222222;font-family: arial, helvetica, sans-serif;font-size: 16px;background-color: #ffffff;float: none\">Cultivez votre propre jardin d&#039;herbes aromatiques : la collection de graines d&#039;herbes comprend 6 sachets de graines de basilic, de graines de thym, de coriandre, de persil et de ciboulette, 12 pots, 12 marqueurs de plantes, 12 granul\u00e9s de sol et des ciseaux de coupe d&#039;herbes bonus.<\/span><\/p>\n<p style=\"line-height: 1.5\"><span style=\"color: #222222;font-family: arial, helvetica, sans-serif;font-size: 16px;background-color: #ffffff;float: none\">????BEAUCOUP DE GRAINES D&#039;HERBES\u00a0: Ce coffret cadeau g\u00e9n\u00e9reux contient plus de 100 graines dans chaque paquet - plus que suffisant pour plusieurs tentatives\u00a0!<\/span><\/p>\n<p style=\"line-height: 1.5\"><span style=\"color: #222222;font-family: arial, helvetica, sans-serif;font-size: 16px;background-color: #ffffff;float: none\">???? VOUS N&#039;AVEZ PAS BESOIN DE DOIGTS VERTS : Ne vous inqui\u00e9tez pas si vous n&#039;avez jamais cultiv\u00e9 d&#039;herbes de cuisine auparavant - ce kit de culture comprend un guide illustr\u00e9 parfait pour les d\u00e9butants. De plus, nous sommes l\u00e0 pour r\u00e9pondre \u00e0 vos questions \u00e0 n&#039;importe quelle \u00e9tape du processus de croissance.<\/span><\/p>\n<p style=\"line-height: 1.5\"><span style=\"color: #222222;font-family: arial, helvetica, sans-serif;font-size: 16px;background-color: #ffffff;float: none\">????Id\u00e9e cadeau unique : le kit de jardin d&#039;herbes aromatiques Urban Sprout est joliment pr\u00e9sent\u00e9 dans un emballage attrayant et constitue un merveilleux cadeau de jardinage pour lui.<\/span><\/p>\n<p style=\"line-height: 1.5\"><span style=\"color: #222222;font-family: arial, helvetica, sans-serif;font-size: 16px;background-color: #ffffff;float: none\">Satisfaction garantie : nous avons fait un effort suppl\u00e9mentaire pour produire un kit de jardin d&#039;herbes aromatiques d&#039;int\u00e9rieur que nous saurons que vous allez adorer. Si, pour une raison quelconque, vous n&#039;\u00eates pas satisfait de votre kit, faites-le nous savoir et nous le r\u00e9parerons ou vous rembourserons votre argent\u00a0!<\/span><\/p><\/p>","protected":false},"excerpt":{"rendered":"<p class=\"wt-text-body-03 wt-line-height-tight wt-break-word\" data-buy-box-listing-title=\"true\" style=\"margin: 0px;line-height: 1.5;font-size: 16px;font-weight: 300;font-family: Guardian-EgypTT, Charter, 'Charter Bitstream', Cambria, 'Noto Serif Light', 'Droid Serif', Georgia, serif;color: #222222;background-color: #ffffff\"><span style=\"font-family: arial, helvetica, sans-serif;font-size: 16px\">Cultivez vos propres herbes de cuisine \u00e0 l&#039;int\u00e9rieur - Coffret cadeau du jardinier - Basilic, persil, thym, coriandre, aneth et ciseaux \u00e0 herbes<\/span><\/p><\/p>","protected":false},"featured_media":11920,"comment_status":"open","ping_status":"closed","template":"","meta":[],"product_cat":[50],"product_tag":[352],"acf":[],"_links":{"self":[{"href":"https:\/\/www.garden-kit.com\/fr\/wp-json\/wp\/v2\/product\/6813"}],"collection":[{"href":"https:\/\/www.garden-kit.com\/fr\/wp-json\/wp\/v2\/product"}],"about":[{"href":"https:\/\/www.garden-kit.com\/fr\/wp-json\/wp\/v2\/types\/product"}],"replies":[{"embeddable":true,"href":"https:\/\/www.garden-kit.com\/fr\/wp-json\/wp\/v2\/comments?post=6813"}],"wp:featuredmedia":[{"embeddable":true,"href":"https:\/\/www.garden-kit.com\/fr\/wp-json\/wp\/v2\/media\/11920"}],"wp:attachment":[{"href":"https:\/\/www.garden-kit.com\/fr\/wp-json\/wp\/v2\/media?parent=6813"}],"wp:term":[{"taxonomy":"product_cat","embeddable":true,"href":"https:\/\/www.garden-kit.com\/fr\/wp-json\/wp\/v2\/product_cat?post=6813"},{"taxonomy":"product_tag","embeddable":true,"href":"https:\/\/www.garden-kit.com\/fr\/wp-json\/wp\/v2\/product_tag?post=6813"}],"curies":[{"name":"wp","href":"https:\/\/api.w.org\/{rel}","templated":true}]}}