{"id":6819,"date":"2022-11-11T18:25:08","date_gmt":"2022-11-11T10:25:08","guid":{"rendered":"https:\/\/www.garden-kit.com\/product\/medicinal-herb-seeds-collections\/"},"modified":"2023-03-31T14:17:02","modified_gmt":"2023-03-31T06:17:02","slug":"medicinal-herb-seeds-collections","status":"publish","type":"product","link":"https:\/\/www.garden-kit.com\/fr\/product\/medicinal-herb-seeds-collections\/","title":{"rendered":"Collections de graines d&#039;herbes m\u00e9dicinales"},"content":{"rendered":"<h3 class=\"a-size-base-plus a-text-bold\" style=\"padding: 0px 0px 4px;margin: 0px;color: #0f1111;font-family: 'Amazon Ember', Arial, sans-serif;background-color: #ffffff;font-size: 19px;line-height: 1.5\"><span style=\"font-family: arial, helvetica, sans-serif\">\u00c0 propos de cet article<\/span><\/h3>\n<ul class=\"a-unordered-list a-vertical a-spacing-mini\" style=\"margin: 0px 0px 0px 18px;color: #0f1111;padding: 0px;font-family: 'Amazon Ember', Arial, sans-serif;font-size: 14px;background-color: #ffffff\">\n<li style=\"list-style-type: disc;margin: 0px;line-height: 1.5\">\n<p style=\"font-size: 16px\"><span class=\"a-list-item\" style=\"color: #0f1111;font-family: arial, helvetica, sans-serif\">TAUX DE GERMINATION 90+%, H\u00c9RITAGE et SANS OGM \u2013 Vos graines sont cultiv\u00e9es, r\u00e9colt\u00e9es et test\u00e9es localement avant d&#039;\u00eatre lib\u00e9r\u00e9es. Dites adieu aux graines rat\u00e9es avec nos graines de plantes de qualit\u00e9 \u00e0 planter.<\/span><\/p>\n<\/li>\n<li style=\"list-style-type: disc;margin: 0px;line-height: 1.5\">\n<p style=\"font-size: 16px\"><span class=\"a-list-item\" style=\"color: #0f1111;font-family: arial, helvetica, sans-serif\">6 VARI\u00c9T\u00c9S de graines de tisane \u2013 Contient tout ce dont vous avez besoin pour cultiver votre propre jardin de th\u00e9. Pr\u00e9parez les tisanes les plus fra\u00eeches directement de votre propre jardin avec ces graines\u00a0: camomille allemande, lavande vera, menthe commune, m\u00e9lisse, menthe poivr\u00e9e, \u00e9chinac\u00e9e pourpre.<\/span><\/p>\n<\/li>\n<li style=\"list-style-type: disc;margin: 0px;line-height: 1.5\">\n<p style=\"font-size: 16px\"><span class=\"a-list-item\" style=\"color: #0f1111;font-family: arial, helvetica, sans-serif\">CONVIVIAL POUR LES D\u00c9BUTANTS \u2013 Apprenez tout ce que vous devez savoir pour cultiver et utiliser une r\u00e9colte abondante avec votre guide de culture num\u00e9rique. Marquez vos pots d&#039;herbes aromatiques avec les \u00e9tiquettes incluses afin que vous sachiez ce qui germera ensuite. Tout le monde n\u2019a pas la main verte, c\u2019est pourquoi nous avons veill\u00e9 \u00e0 ce que ce kit de bricolage convienne aussi bien aux amateurs qu\u2019aux d\u00e9butants.<\/span><\/p>\n<\/li>\n<li style=\"list-style-type: disc;margin: 0px;line-height: 1.5\">\n<p style=\"font-size: 16px\"><span class=\"a-list-item\" style=\"color: #0f1111;font-family: arial, helvetica, sans-serif\">Gardez vos graines fra\u00eeches \u2013 Gardez vos graines de jardin de rechange en s\u00e9curit\u00e9 et au sec pour la plantation de l&#039;ann\u00e9e prochaine dans un sac en Mylar refermable et imperm\u00e9able avec des sachets de graines emball\u00e9s individuellement. Vos graines anciennes sans OGM sont pr\u00eates \u00e0 alimenter vos semis pendant des ann\u00e9es<\/span><\/p>\n<\/li>\n<li style=\"list-style-type: disc;margin: 0px;line-height: 1.5\">\n<p style=\"font-size: 16px\"><span class=\"a-list-item\" style=\"color: #0f1111;font-family: arial, helvetica, sans-serif\">NOTRE PROMESSE POUR VOUS \u2013 Les graines et la terre sont cultiv\u00e9es, r\u00e9colt\u00e9es et emball\u00e9es aux \u00c9tats-Unis. Nous avons veill\u00e9 \u00e0 ce que vous puissiez facilement d\u00e9marrer votre propre jardin d\u2019herbes aromatiques \u00e0 la maison. Notre soutien ne s&#039;arr\u00eate pas l\u00e0 : nous serions ravis de voir pousser vos graines d&#039;herbes. Notre \u00e9quipe veillera \u00e0 vous r\u00e9pondre et \u00e0 vous aider tout au long de votre parcours de plantation. Si l&#039;une de vos graines ne germe pas, faites-le-nous savoir et nous vous en enverrons une nouvelle.<\/span><\/p>\n<\/li>\n<li style=\"list-style-type: disc;margin: 0px;line-height: 1.5\">\n<p style=\"font-size: 16px\"><span class=\"a-list-item\" style=\"color: #0f1111;font-family: arial, helvetica, sans-serif\">Cultivez vos propres tisanes m\u00e9dicinales \u00e0 la maison<\/span><\/p>\n<\/li>\n<li style=\"list-style-type: disc;margin: 0px;line-height: 1.5\">\n<p style=\"font-size: 16px\"><span class=\"a-list-item\" style=\"color: #0f1111;font-family: arial, helvetica, sans-serif\">100% provenant et emball\u00e9 aux \u00c9tats-Unis<\/span><span class=\"a-list-item\" style=\"color: #0f1111;font-family: arial, helvetica, sans-serif\"><\/span><span class=\"a-list-item\" style=\"color: #0f1111;font-family: arial, helvetica, sans-serif\"><\/span><\/p>\n<p style=\"line-height: 1.4\"><span style=\"font-family: arial, helvetica, sans-serif;font-size: 16px\">Instructions utiles<\/span><br \/><span style=\"font-family: arial, helvetica, sans-serif;font-size: 16px\">Nous avons inclus des encarts de couleur d\u00e9crivant chaque l\u00e9gume, ainsi que notre tableau de plantation pratique. Le tableau de plantation est une excellente r\u00e9f\u00e9rence pour obtenir des informations cl\u00e9s telles que la profondeur des graines, l&#039;espacement des graines et l&#039;espacement des rangs.<\/span><\/p>\n<p style=\"line-height: 1.4\"><span style=\"font-family: arial, helvetica, sans-serif;font-size: 16px\">Emballage intelligent<\/span><br \/><span style=\"font-family: arial, helvetica, sans-serif;font-size: 16px\">Les instructions de plantation et les conseils de plantation sont imprim\u00e9s directement sur le paquet de graines. Ce sont des informations utiles, l\u00e0 o\u00f9 vous en avez besoin. Nous pensons que les graines et les instructions ne doivent pas \u00eatre s\u00e9par\u00e9es. C&#039;est une plantation sans stress.<\/span><\/p>\n<p style=\"line-height: 1.4\"><span style=\"font-family: arial, helvetica, sans-serif;font-size: 16px\">Fait un excellent cadeau<\/span><br \/><span style=\"font-family: arial, helvetica, sans-serif;font-size: 16px\">Les ensembles de graines de l\u00e9gumes sans stress constituent un excellent cadeau. Pourquoi ne pas ajouter un ou deux ensembles suppl\u00e9mentaires pour le jardinier de votre vie ?<\/span><\/p>\n<\/li>\n<\/ul>","protected":false},"excerpt":{"rendered":"<p><span id=\"productTitle\" class=\"a-size-large product-title-word-break\" style=\"font-size: 16px;line-height: 32px\">Collection de graines d&#039;herbes m\u00e9dicinales | 6 graines de th\u00e9 h\u00e9ritage | Graines de lavande, de camomille et de menthe non OGM \u00e0 planter \u00e0 l&#039;ext\u00e9rieur et \u00e0 l&#039;int\u00e9rieur - M\u00e9lisse, menthe poivr\u00e9e, \u00e9chinac\u00e9e | Cadeaux de jardinage pour femmes et hommes<\/span><\/p><\/p>","protected":false},"featured_media":11945,"comment_status":"closed","ping_status":"closed","template":"","meta":[],"product_cat":[59],"product_tag":[427,353,426],"acf":[],"_links":{"self":[{"href":"https:\/\/www.garden-kit.com\/fr\/wp-json\/wp\/v2\/product\/6819"}],"collection":[{"href":"https:\/\/www.garden-kit.com\/fr\/wp-json\/wp\/v2\/product"}],"about":[{"href":"https:\/\/www.garden-kit.com\/fr\/wp-json\/wp\/v2\/types\/product"}],"replies":[{"embeddable":true,"href":"https:\/\/www.garden-kit.com\/fr\/wp-json\/wp\/v2\/comments?post=6819"}],"wp:featuredmedia":[{"embeddable":true,"href":"https:\/\/www.garden-kit.com\/fr\/wp-json\/wp\/v2\/media\/11945"}],"wp:attachment":[{"href":"https:\/\/www.garden-kit.com\/fr\/wp-json\/wp\/v2\/media?parent=6819"}],"wp:term":[{"taxonomy":"product_cat","embeddable":true,"href":"https:\/\/www.garden-kit.com\/fr\/wp-json\/wp\/v2\/product_cat?post=6819"},{"taxonomy":"product_tag","embeddable":true,"href":"https:\/\/www.garden-kit.com\/fr\/wp-json\/wp\/v2\/product_tag?post=6819"}],"curies":[{"name":"wp","href":"https:\/\/api.w.org\/{rel}","templated":true}]}}