{"id":6829,"date":"2022-11-11T18:35:27","date_gmt":"2022-11-11T10:35:27","guid":{"rendered":"https:\/\/www.garden-kit.com\/product\/couples-candle-making-kit\/"},"modified":"2024-03-07T10:48:23","modified_gmt":"2024-03-07T02:48:23","slug":"couples-candle-making-kit","status":"publish","type":"product","link":"https:\/\/www.garden-kit.com\/fr\/product\/couples-candle-making-kit\/","title":{"rendered":"Couvertures anti-poussi\u00e8re pour bougies en papier de semence"},"content":{"rendered":"<h3 style=\"font-size: 19px\">Description du produit<\/h3>\n<p style=\"line-height: 1.5\"><span style=\"font-family: 'PingFang SC', 'Microsoft YaHei', sans-serif;font-size: 16px\">Kit de fabrication de bougies de soja pour couples<\/span><\/p>\n<div style=\"line-height: 1.5\">\n<p><span style=\"font-family: 'PingFang SC', 'Microsoft YaHei', sans-serif;font-size: 16px\">Quoi de mieux que de passer du temps de qualit\u00e9 avec votre partenaire en cr\u00e9ant vos propres bougies de soja \u00e9cologiques.<\/span><\/p>\n<\/div>\n<h3 style=\"font-size: 19px\">Variantes<\/h3>\n<p style=\"line-height: 1.5\"><span style=\"font-family: 'PingFang SC', 'Microsoft YaHei', sans-serif;font-size: 16px\">Notonthehighstreet a exclusivement associ\u00e9 ses talentueux partenaires pour collaborer et co-cr\u00e9er une gamme de cadeaux les plus uniques<\/span><\/p>\n<p style=\"line-height: 1.5\"><span style=\"font-family: 'PingFang SC', 'Microsoft YaHei', sans-serif;font-size: 16px\">Pr\u00e9sentation de Hazel &amp; Blue et Gemma Wightman Ceramics, qui ont uni leurs forces cr\u00e9atives pour vous offrir ce superbe et luxueux kit de fabrication de bougies de soja pour couples.<\/span><\/p>\n<p style=\"line-height: 1.5\"><span style=\"font-family: 'PingFang SC', 'Microsoft YaHei', sans-serif;font-size: 16px\">Ce kit unique comprend trois parfums : cr\u00e9ez les bougies dans de magnifiques pots en porcelaine jet\u00e9s \u00e0 la main de Gemma Wightman Ceramics ; l&#039;un avec le parfum relaxant Hazel &amp; Blue de bergamote et d&#039;ambre et l&#039;autre le doux parfum relaxant de lavande. Les bougies peuvent \u00eatre allum\u00e9es s\u00e9par\u00e9ment ou si vous souhaitez cr\u00e9er un troisi\u00e8me parfum, br\u00fblez les deux bougies simultan\u00e9ment pour cr\u00e9er une fusion d\u00e9licieusement unique des deux parfums.<\/span><\/p>\n<p style=\"line-height: 1.5\"><span style=\"font-family: 'PingFang SC', 'Microsoft YaHei', sans-serif;font-size: 16px\">Le plaisir et le plaisir que vous partagez ensemble en fabriquant ces magnifiques bougies de soja deviendront des souvenirs affectueux, qui seront \u00e9voqu\u00e9s chaque fois que vous allumerez vos bougies. Un cadeau durable qui remplira votre maison et vos c\u0153urs d&#039;amour<\/span><\/p>\n<p style=\"line-height: 1.5\"><span style=\"font-family: 'PingFang SC', 'Microsoft YaHei', sans-serif;font-size: 16px\">Le kit comprend : 2 bougies en porcelaine jet\u00e9es \u00e0 la main, cire de soja naturelle 100%, 2 m\u00e8ches et stabilisateurs naturels, huiles de bougie naturelles, 2 chevilles en bois, instructions compl\u00e8tes, carte de citation positive.<\/span><\/p>\n<p style=\"line-height: 1.5\"><span style=\"font-family: 'PingFang SC', 'Microsoft YaHei', sans-serif;font-size: 16px\">Convient aux v\u00e9g\u00e9tariens et v\u00e9g\u00e9taliens<\/span><\/p>\n<p style=\"line-height: 24px\"><span style=\"font-family: 'PingFang SC', 'Microsoft YaHei', sans-serif;font-size: 16px\">Chaque kit fait 2 bougies parfum\u00e9es au soja<\/span><\/p>\n<p style=\"line-height: 24px\"><span style=\"font-family: 'PingFang SC', 'Microsoft YaHei', sans-serif;font-size: 16px\">Personnalisez votre kit :<\/span><\/p>\n<p style=\"line-height: 24px\"><span style=\"font-family: 'PingFang SC', 'Microsoft YaHei', sans-serif;font-size: 16px\">Nous voulons que nos kits de fabrication de bougies soient aussi sp\u00e9ciaux que possible, donc pour les rendre un peu plus uniques, vous pouvez choisir d&#039;avoir une carte-cadeau personnalis\u00e9e, entrez simplement votre nom et votre message et nous l&#039;\u00e9crirons \u00e0 la main dans un cadeau botanique carte<\/span><\/p>\n<p style=\"line-height: 1.5\"><span style=\"font-family: 'PingFang SC', 'Microsoft YaHei', sans-serif;font-size: 16px\">Veuillez noter que la limite de caract\u00e8res est de 20. Toute personnalisation sera \u00e0 l&#039;encre noire.<\/span><\/p>\n<h3 style=\"font-size: 19px\">Cire de soja naturelle, pleine de s\u00e9curit\u00e9<\/h3>\n<p style=\"line-height: 1.5\"><span style=\"font-family: 'PingFang SC', 'Microsoft YaHei', sans-serif;font-size: 16px\">Lors du choix des bougies parfum\u00e9es, la premi\u00e8re chose \u00e0 regarder est la composition de la base de cire. La cire naturelle est la meilleure, suivie de la cire de paraffine.<\/span><br \/><span style=\"font-family: 'PingFang SC', 'Microsoft YaHei', sans-serif;font-size: 16px\">Parmi les cires naturelles, la cire de soja et la cire d&#039;abeille sont toutes les deux bonnes. Ils n&#039;\u00e9mettent pas de fum\u00e9e noire lorsqu&#039;ils sont br\u00fbl\u00e9s et sont inoffensifs pour le corps humain et l&#039;environnement.<\/span><br \/><span style=\"font-family: 'PingFang SC', 'Microsoft YaHei', sans-serif;font-size: 16px\">La cire de paraffine est extraite du p\u00e9trole et est divis\u00e9e en diff\u00e9rentes qualit\u00e9s selon le degr\u00e9 de raffinage. La haute puret\u00e9 est meilleure, tandis que la faible puret\u00e9 peut contenir des agents canc\u00e9rig\u00e8nes, ce qui n&#039;est pas bon pour la sant\u00e9 humaine.<\/span><br \/><span style=\"font-family: 'PingFang SC', 'Microsoft YaHei', sans-serif;font-size: 16px\">Cire de soja de haute qualit\u00e9, 100% extraite de soja, le liquide de cire est aussi clair que l&#039;eau, ne s&#039;accroche pas au mur et n&#039;\u00e9met pas de fum\u00e9e noire lors de la combustion.<\/span><br \/><span style=\"font-family: 'PingFang SC', 'Microsoft YaHei', sans-serif;font-size: 16px\">De plus, le point de fusion de la cire de soja n&#039;est que de 30 \u00b0 C, par rapport \u00e0 la cire de paraffine, il n&#039;y a pas besoin de s&#039;inqui\u00e9ter d&#039;\u00eatre \u00e9bouillant\u00e9.<\/span><\/p>\n<p style=\"line-height: 1.5\"><span style=\"font-family: 'PingFang SC', 'Microsoft YaHei', sans-serif;font-size: 16px\"><\/span><\/p>\n<p style=\"line-height: 1.5\"><span style=\"font-family: 'PingFang SC', 'Microsoft YaHei', sans-serif;font-size: 16px\">Les bougies sont un article m\u00e9nager bien-aim\u00e9 qui peut apporter chaleur, ambiance et parfum \u00e0 n&#039;importe quel espace. Mais avez-vous d\u00e9j\u00e0 pris en compte l&#039;impact environnemental des emballages de bougies\u00a0? La plupart des bougies sont livr\u00e9es dans des emballages en plastique ou non recyclables, ce qui contribue \u00e0 la quantit\u00e9 d\u00e9j\u00e0 stup\u00e9fiante de d\u00e9chets dans nos d\u00e9charges. Heureusement, il existe une solution : les cache-poussi\u00e8re en papier de graines.<\/span><\/p>\n<h3 style=\"font-size: 19px\">Que sont les housses anti-poussi\u00e8re pour bougies en papier graine\u00a0?<\/h3>\n<p>Les housses anti-poussi\u00e8re pour bougies en papier de semence sont une alternative durable et \u00e9cologique aux emballages de bougies traditionnels. Fabriqu\u00e9s \u00e0 partir de papier recycl\u00e9, ils sont incrust\u00e9s de graines qui deviendront des fleurs, des herbes ou des l\u00e9gumes lorsqu&#039;elles seront plant\u00e9es dans le sol. Non seulement ils r\u00e9duisent les d\u00e9chets et offrent une fonction utile, mais ils favorisent \u00e9galement la durabilit\u00e9 et la conscience environnementale.<\/p>\n<h3 style=\"font-size: 19px\">Comment fonctionne la couverture anti-poussi\u00e8re pour bougies en papier semences\u00a0?<\/h3>\n<p>Lorsque la bougie est br\u00fbl\u00e9e, la cire finira par fondre et cr\u00e9era une couche de poussi\u00e8re sur le dessus de la bougie. Les emballages traditionnels exigeraient que cette poussi\u00e8re soit essuy\u00e9e ou jet\u00e9e, mais avec des housses anti-poussi\u00e8re pour bougies en papier de semence, c&#039;est l&#039;occasion id\u00e9ale de planter les graines. Retirez simplement le cache anti-poussi\u00e8re et placez-le dans un pot avec de la terre. Arrosez r\u00e9guli\u00e8rement et observez la croissance de votre nouvelle plante !<\/p>\n<h3 style=\"font-size: 19px\">Avantages des housses anti-poussi\u00e8re pour bougies en papier de semences<\/h3>\n<ol>\n<li>Emballage durable : les cache-poussi\u00e8re en papier de graines sont fabriqu\u00e9s \u00e0 partir de papier recycl\u00e9 et incrust\u00e9s de graines. Ils sont enti\u00e8rement biod\u00e9gradables et ne contribueront pas aux d\u00e9chets dans les d\u00e9charges.<\/li>\n<li>Promouvoir la sensibilisation \u00e0 l&#039;environnement : en utilisant un cache-poussi\u00e8re en papier de graines, vous promouvez des pratiques durables et sensibilisez \u00e0 l&#039;importance de r\u00e9duire les d\u00e9chets.<\/li>\n<li>Cr\u00e9ez une deuxi\u00e8me fonction\u00a0: plut\u00f4t que de jeter la poussi\u00e8re des bougies br\u00fbl\u00e9es, les housses anti-poussi\u00e8re pour bougies en papier de graines offrent une deuxi\u00e8me fonction utile en tant que milieu de culture des plantes.<\/li>\n<li>Ajoutez de la beaut\u00e9 \u00e0 votre espace\u00a0: au fur et \u00e0 mesure que les graines se transforment en fleurs, herbes ou l\u00e9gumes, elles ajouteront une beaut\u00e9 naturelle et un sentiment d&#039;accomplissement \u00e0 votre espace.<\/li>\n<li>Fournissez des herbes et des l\u00e9gumes frais : Selon les graines incrust\u00e9es dans le papier, vous pourrez peut-\u00eatre r\u00e9colter des herbes ou des l\u00e9gumes frais de votre nouvelle plante.<\/li>\n<\/ol>\n<h3 style=\"font-size: 19px\">Comment utiliser les couvercles anti-poussi\u00e8re pour bougies en papier de semence<\/h3>\n<p>L&#039;utilisation de cache-poussi\u00e8re pour bougies en papier de semence est simple et facile. Suivez simplement ces \u00e9tapes :<\/p>\n<ol>\n<li>Br\u00fblez votre bougie comme d&#039;habitude.<\/li>\n<li>Lorsque la cire a fondu et cr\u00e9\u00e9 une couche de poussi\u00e8re sur le dessus de la bougie, retirez le cache anti-poussi\u00e8re.<\/li>\n<li>Placez le cache-poussi\u00e8re dans un pot avec de la terre et arrosez r\u00e9guli\u00e8rement.<\/li>\n<li>Regardez comme votre nouvelle plante pousse!<\/li>\n<\/ol>\n<h3 style=\"font-size: 19px\">\u00c0 qui conviennent les housses anti-poussi\u00e8re pour bougies en papier de semences\u00a0?<\/h3>\n<p>Les housses anti-poussi\u00e8re pour bougies en papier graine conviennent aux particuliers ou aux entreprises qui souhaitent promouvoir des pratiques durables et respectueuses de l&#039;environnement. Ces housses anti-poussi\u00e8re sont fabriqu\u00e9es \u00e0 partir de papier recycl\u00e9 contenant des graines pouvant \u00eatre plant\u00e9es et peuvent \u00eatre utilis\u00e9es comme alternative durable aux housses anti-poussi\u00e8re traditionnelles.<\/p>\n<p>Ils conviennent particuli\u00e8rement aux consommateurs soucieux de l&#039;environnement qui recherchent des moyens de r\u00e9duire les d\u00e9chets et de minimiser leur impact sur l&#039;environnement. De plus, les entreprises qui accordent la priorit\u00e9 \u00e0 la durabilit\u00e9 peuvent utiliser un cache-poussi\u00e8re en papier de semence dans le cadre de leur emballage \u00e9cologique, ce qui peut contribuer \u00e0 am\u00e9liorer leur image de marque et \u00e0 attirer les clients soucieux de l&#039;environnement.<\/p>\n<p>Dans l&#039;ensemble, les housses anti-poussi\u00e8re pour bougies en papier graine sont un excellent choix pour tous ceux qui souhaitent combiner durabilit\u00e9, fonctionnalit\u00e9 et esth\u00e9tique.<\/p><\/p>","protected":false},"excerpt":{"rendered":"<p><span style=\"font-family: 'PingFang SC', 'Microsoft YaHei', sans-serif;font-size: 16px\">Dimensions<\/span><\/p>\n<p style=\"font-size: 1rem;line-height: 1.75rem\"><span style=\"font-family: 'PingFang SC', 'Microsoft YaHei', sans-serif;font-size: 16px\">Dimensions du coffret : L.20 H.9 P.15cm<\/span><\/p>\n<p style=\"font-size: 1rem;line-height: 1.75rem\"><span style=\"font-family: 'PingFang SC', 'Microsoft YaHei', sans-serif;font-size: 16px\">Bougie Pots x 2 : D.6 H.5cm<\/span><\/p>\n<p><span style=\"font-family: 'PingFang SC', 'Microsoft YaHei', sans-serif;font-size: 16px\">Fait \u00e0 partir de<\/span><\/p>\n<p style=\"font-size: 1rem;line-height: 1.75rem\"><span style=\"font-family: 'PingFang SC', 'Microsoft YaHei', sans-serif;font-size: 16px\">Bougies : Ingr\u00e9dients naturels d&#039;origine durable et \u00e9thique dans notre emballage recyclable respectueux de l&#039;environnement 100%<\/span><\/p>\n<p style=\"font-size: 1rem;line-height: 1.75rem\"><span style=\"font-family: 'PingFang SC', 'Microsoft YaHei', sans-serif;font-size: 16px\">Pots\u00a0: jet\u00e9s \u00e0 la main dans la porcelaine la plus fine<\/span><\/p>\n<p style=\"font-size: 1rem;line-height: 1.75rem\"><span style=\"font-family: 'PingFang SC', 'Microsoft YaHei', sans-serif;font-size: 16px\">Les housses anti-poussi\u00e8re pour bougies en papier de semence sont un type d&#039;emballage de bougie \u00e9cologique qui incorpore du papier de semence. Ces couvertures sont utilis\u00e9es pour prot\u00e9ger la bougie de la poussi\u00e8re et des d\u00e9bris et offrent \u00e9galement une valeur ajout\u00e9e de pouvoir planter le papier de semences une fois qu&#039;il n&#039;est plus n\u00e9cessaire.<\/span><\/p><\/p>","protected":false},"featured_media":18028,"comment_status":"closed","ping_status":"closed","template":"","meta":[],"product_cat":[225],"product_tag":[785,355,781,787,779,786,780,784,783,782],"acf":[],"_links":{"self":[{"href":"https:\/\/www.garden-kit.com\/fr\/wp-json\/wp\/v2\/product\/6829"}],"collection":[{"href":"https:\/\/www.garden-kit.com\/fr\/wp-json\/wp\/v2\/product"}],"about":[{"href":"https:\/\/www.garden-kit.com\/fr\/wp-json\/wp\/v2\/types\/product"}],"replies":[{"embeddable":true,"href":"https:\/\/www.garden-kit.com\/fr\/wp-json\/wp\/v2\/comments?post=6829"}],"wp:featuredmedia":[{"embeddable":true,"href":"https:\/\/www.garden-kit.com\/fr\/wp-json\/wp\/v2\/media\/18028"}],"wp:attachment":[{"href":"https:\/\/www.garden-kit.com\/fr\/wp-json\/wp\/v2\/media?parent=6829"}],"wp:term":[{"taxonomy":"product_cat","embeddable":true,"href":"https:\/\/www.garden-kit.com\/fr\/wp-json\/wp\/v2\/product_cat?post=6829"},{"taxonomy":"product_tag","embeddable":true,"href":"https:\/\/www.garden-kit.com\/fr\/wp-json\/wp\/v2\/product_tag?post=6829"}],"curies":[{"name":"wp","href":"https:\/\/api.w.org\/{rel}","templated":true}]}}