{"id":6834,"date":"2022-11-11T18:37:41","date_gmt":"2022-11-11T10:37:41","guid":{"rendered":"https:\/\/www.garden-kit.com\/product\/home-and-hygge-soy-wax-melt-making-kit\/"},"modified":"2024-03-07T10:32:51","modified_gmt":"2024-03-07T02:32:51","slug":"home-and-hygge-soy-wax-melt-making-kit","status":"publish","type":"product","link":"https:\/\/www.garden-kit.com\/fr\/product\/home-and-hygge-soy-wax-melt-making-kit\/","title":{"rendered":"Kit de fabrication de cire de soja Home And Hygge"},"content":{"rendered":"<h3 style=\"font-size: 19px\">Description du produit<\/h3>\n<p style=\"line-height: 1.5\"><span style=\"font-family: 'PingFang SC', 'Microsoft YaHei', sans-serif;font-size: 16px\">Kit de fabrication de cire de soja Home and Hygge<\/span><\/p>\n<p><span style=\"font-family: 'PingFang SC', 'Microsoft YaHei', sans-serif;font-size: 16px\">Faites votre propre fondant de cire de soja \u00e0 l&#039;huile essentielle d&#039;aromath\u00e9rapie avec notre kit de bricolage respectueux de l&#039;environnement. Parfait pour les d\u00e9butants avec tout ce dont vous avez besoin pour commencer<\/span><\/p>\n<h3 style=\"font-size: 19px\">Variantes<\/h3>\n<p style=\"line-height: 1.5\"><span style=\"font-family: 'PingFang SC', 'Microsoft YaHei', sans-serif;font-size: 16px\">Faites fondre votre propre cire de soja naturelle en utilisant nos beaux ingr\u00e9dients durables respectueux de l&#039;environnement et des instructions faciles \u00e0 utiliser.<\/span><\/p>\n<p style=\"line-height: 1.5\"><span style=\"font-family: 'PingFang SC', 'Microsoft YaHei', sans-serif;font-size: 16px\">Nos kits de fabrication de cire de soja Home and Hygge sont con\u00e7us pour vous sentir confortable et satisfait et \u00e9voquer un sentiment de calme et de confort dans votre maison.<\/span><\/p>\n<p style=\"line-height: 1.5\"><span style=\"font-family: 'PingFang SC', 'Microsoft YaHei', sans-serif;font-size: 16px\">Les huiles de darjeeling et de jasmin sp\u00e9cialement choisies ont \u00e9t\u00e9 sp\u00e9cialement m\u00e9lang\u00e9es pour cr\u00e9er une maison apaisante, confortable et accueillante. Nos kits de fabrication de cire fondue sont tous respectueux de l&#039;environnement, v\u00e9g\u00e9taliens et durables, avec un emballage recyclable 100% et des ingr\u00e9dients naturels.<\/span><\/p>\n<p style=\"line-height: 1.5\"><span style=\"font-family: 'PingFang SC', 'Microsoft YaHei', sans-serif;font-size: 16px\">Comment \u00e7a fonctionne:<\/span><\/p>\n<p style=\"line-height: 1.5\"><span style=\"font-family: 'PingFang SC', 'Microsoft YaHei', sans-serif;font-size: 16px\">Tout est inclus dans la bo\u00eete pour faire fondre 15 huiles essentielles de cire de soja naturelle, tous les ingr\u00e9dients sont pes\u00e9s, il vous suffit donc de suivre nos instructions simples et faciles \u00e0 utiliser.<\/span><\/p>\n<p style=\"line-height: 1.5\"><span style=\"font-family: 'PingFang SC', 'Microsoft YaHei', sans-serif;font-size: 16px\">Le kit comprend : cire de soja naturelle 100%, moule \u00e0 cire recyclable, huiles essentielles, fleurs s\u00e9ch\u00e9es, instructions compl\u00e8tes, livret de devis positif.<\/span><\/p>\n<p style=\"line-height: 1.5\"><span style=\"font-family: 'PingFang SC', 'Microsoft YaHei', sans-serif;font-size: 16px\">Convient aux v\u00e9g\u00e9tariens et v\u00e9g\u00e9taliens<\/span><\/p>\n<p style=\"line-height: 1.5\"><span style=\"font-family: 'PingFang SC', 'Microsoft YaHei', sans-serif;font-size: 16px\">Thermom\u00e8tre de cuisine \u2013 option suppl\u00e9mentaire<\/span><\/p>\n<p style=\"line-height: 1.5\"><span style=\"font-family: 'PingFang SC', 'Microsoft YaHei', sans-serif;font-size: 16px\">Personnalisez votre kit :<\/span><\/p>\n<p style=\"line-height: 1.5\"><span style=\"font-family: 'PingFang SC', 'Microsoft YaHei', sans-serif;font-size: 16px\">Si vous choisissez d&#039;avoir une carte-cadeau personnalis\u00e9e avec votre kit, entrez simplement votre nom et votre message et nous l&#039;\u00e9crirons \u00e0 la main pour vous dans notre carte-cadeau botanique sur mesure et la placerons dans la bo\u00eete du kit pour vous.<\/span><\/p>\n<h3 style=\"font-size: 19px\">Notre avantage<\/h3>\n<p style=\"line-height: 1.5\"><span style=\"font-family: 'PingFang SC', 'Microsoft YaHei', sans-serif;font-size: 16px\">Les bougies d&#039;aromath\u00e9rapie extraient la cire de soja naturelle comme mati\u00e8re premi\u00e8re, qui est plus s\u00fbre et plus saine que la cire de paraffine<\/span><\/p>\n<ol>\n<li style=\"line-height: 1.5\"><span style=\"font-family: 'PingFang SC', 'Microsoft YaHei', sans-serif;font-size: 16px\">Nettoyabilit\u00e9 : La cire de soja est biod\u00e9gradable, donc si elle est renvers\u00e9e sur des nappes ou des v\u00eatements, elle a tendance \u00e0 se nettoyer plus facilement que la cire de paraffine.<\/span><\/li>\n<li style=\"line-height: 1.5\"><span style=\"font-family: 'PingFang SC', 'Microsoft YaHei', sans-serif;font-size: 16px\">Br\u00fbler : les bougies de soja br\u00fblent plus proprement et plus compl\u00e8tement que la paraffine, et de nombreuses bougies \u00e0 la paraffine contiennent des parfums et des colorants synth\u00e9tiques qui \u00e9mettent des particules nocives lorsqu&#039;elles sont chauff\u00e9es.<\/span><\/li>\n<li style=\"line-height: 1.5\"><span style=\"font-family: 'PingFang SC', 'Microsoft YaHei', sans-serif;font-size: 16px\">Recyclage : Les bougies de soja sont non toxiques, renouvelables et recyclables. De plus, vous pouvez r\u00e9utiliser les bougies de soja dans des r\u00e9cipients en verre.<\/span><\/li>\n<li style=\"line-height: 1.5\"><span style=\"font-family: 'PingFang SC', 'Microsoft YaHei', sans-serif;font-size: 16px\">Parfum : Parce que les bougies de soja br\u00fblent lentement, elles lib\u00e8rent leurs huiles essentielles pendant de nombreuses heures, avec un parfum doux et diffus plut\u00f4t qu&#039;une puissante explosion de parfums synth\u00e9tiques. Les bougies aux parfums d\u00e9riv\u00e9s de plantes et de fleurs, ou \u00abaromath\u00e9rapie\u00bb, sont un favori de tous les temps.<\/span><\/li>\n<li style=\"line-height: 1.5\"><span style=\"font-family: 'PingFang SC', 'Microsoft YaHei', sans-serif;font-size: 16px\">Co\u00fbt : Bien que les bougies de soja aient tendance \u00e0 \u00eatre plus ch\u00e8res, elles ont tendance \u00e0 br\u00fbler plus longtemps. Les bougies de soja gagnent souvent lorsque vous tenez compte du temps de combustion.<\/span><\/li>\n<li style=\"line-height: 1.5\"><span style=\"font-family: 'PingFang SC', 'Microsoft YaHei', sans-serif;font-size: 16px\">\u00c0 table : les bougies \u00e0 la paraffine lib\u00e8rent des produits chimiques dextrotoxiques qui peuvent submerger l&#039;ar\u00f4me des aliments, et les bougies de soja inodores br\u00fblent plus longtemps et n&#039;interf\u00e8rent pas avec l&#039;odeur ou le go\u00fbt des aliments que vous utilisez r\u00e9ellement.<\/span><\/li>\n<li style=\"line-height: 1.5\"><span style=\"font-family: 'PingFang SC', 'Microsoft YaHei', sans-serif;font-size: 16px\">Du point de vue de l&#039;\u00e9nergie durable; Contrairement \u00e0 la paraffine extraite du p\u00e9trole non renouvelable, le soja est une ressource renouvelable.<\/span><\/li>\n<li style=\"line-height: 1.5\"><span style=\"font-family: 'PingFang SC', 'Microsoft YaHei', sans-serif;font-size: 16px\">Qualit\u00e9 de l&#039;air : par rapport \u00e0 la cire de paraffine, les bougies de soja enti\u00e8rement naturelles br\u00fblent plus compl\u00e8tement, sans fum\u00e9e noire ni r\u00e9sidu. Il en r\u00e9sulte une meilleure qualit\u00e9 globale de l&#039;air dans votre maison.<\/span><\/li>\n<\/ol>\n<p>Cr\u00e9er ses propres bougies est une exp\u00e9rience amusante, cr\u00e9ative et enrichissante. Une fa\u00e7on de commencer \u00e0 fabriquer des bougies consiste \u00e0 acheter un grand kit de fabrication de bougies. Ces kits contiennent tout ce dont vous avez besoin pour fabriquer une vari\u00e9t\u00e9 de bougies de diff\u00e9rents parfums, couleurs et tailles.<\/p>\n<h3 style=\"font-size: 19px\">Voici quelques caract\u00e9ristiques cl\u00e9s d&#039;un grand kit de fabrication de bougies\u00a0:<\/h3>\n<p>1. Mat\u00e9riaux inclus\u00a0:<br \/>Un grand kit de fabrication de bougies comprend g\u00e9n\u00e9ralement de la cire, des m\u00e8ches, des r\u00e9cipients, des huiles parfum\u00e9es et des instructions. Le kit peut \u00e9galement comprendre des outils tels qu&#039;un creuset, un thermom\u00e8tre et un ustensile de brassage. Avoir tous les mat\u00e9riaux n\u00e9cessaires dans un seul kit permet aux d\u00e9butants de se lancer facilement dans la fabrication de bougies.<\/p>\n<p>2. Vari\u00e9t\u00e9\u00a0:<br \/>Les grands kits de fabrication de bougies sont souvent livr\u00e9s avec diff\u00e9rents parfums et couleurs, ce qui vous permet de cr\u00e9er une vari\u00e9t\u00e9 de bougies adapt\u00e9es \u00e0 diff\u00e9rentes humeurs et occasions. Certains kits incluent m\u00eame des moules pour vous aider \u00e0 cr\u00e9er des formes et des designs uniques.<\/p>\n<p>3. Taille :<br \/>Comme son nom l&#039;indique, un grand kit de fabrication de bougies est con\u00e7u pour les personnes qui souhaitent fabriquer des bougies de plusieurs tailles ou plus. Cela le rend parfait pour ceux qui envisagent d&#039;offrir leurs bougies ou de les vendre sur les march\u00e9s.<\/p>\n<p>4. Rentable :<br \/>L&#039;achat d&#039;un grand kit de fabrication de bougies est souvent plus rentable que l&#039;achat de fournitures de fabrication de bougies individuelles. Il vous permet d&#039;essayer la fabrication de bougies sans investir dans des \u00e9quipements ou des mat\u00e9riaux co\u00fbteux.<\/p>\n<p>5. Respectueux de l&#039;environnement :<br \/>Fabriquer vos propres bougies \u00e0 l&#039;aide d&#039;un grand kit de fabrication de bougies est une alternative \u00e9cologique aux bougies achet\u00e9es en magasin qui peuvent contenir des produits chimiques nocifs. Vous pouvez utiliser des ingr\u00e9dients naturels et des contenants r\u00e9utilisables pour r\u00e9duire les d\u00e9chets et l&#039;impact environnemental.<\/p>\n<p>6. Activit\u00e9 ludique :<br \/>La fabrication de bougies peut \u00eatre une activit\u00e9 amusante \u00e0 faire seul ou avec des amis et la famille. Un grand kit de fabrication de bougies offre une excellente occasion de passer du temps ensemble et de cr\u00e9er quelque chose de beau.<\/p>\n<\/p>\n<p>Si vous d\u00e9butez dans la fabrication de bougies, il est essentiel de suivre attentivement les instructions pour vous assurer que vos bougies tournent bien.<\/p>\n<h3 style=\"font-size: 19px\">Voici quelques \u00e9tapes \u00e0 suivre lors de l&#039;utilisation d&#039;un grand kit de fabrication de bougies\u00a0:<\/h3>\n<ol style=\"list-style-type: decimal\">\n<li>\n<p>Am\u00e9nagez votre espace de travail : Avant de commencer, assurez-vous d&#039;avoir un espace de travail propre et organis\u00e9. Rassemblez tous les mat\u00e9riaux inclus dans le kit et installez-les \u00e0 port\u00e9e de main.<\/p>\n<\/li>\n<li>\n<p>Faites fondre la cire : Placez la cire dans un pot de fusion et faites-la fondre selon les instructions. Remuez de temps en temps pour assurer une fonte uniforme.<\/p>\n<\/li>\n<li>\n<p>Ajoutez de l&#039;huile parfum\u00e9e et du colorant : Une fois la cire fondue, ajoutez de l&#039;huile parfum\u00e9e et du colorant si vous le souhaitez. Bien m\u00e9langer pour r\u00e9partir uniform\u00e9ment.<\/p>\n<\/li>\n<li>\n<p>Pr\u00e9parez les contenants : Pr\u00e9parez les contenants en attachant les m\u00e8ches au centre inf\u00e9rieur de chaque contenant. Utilisez un porte-m\u00e8che ou un crayon pour maintenir la m\u00e8che centr\u00e9e.<\/p>\n<\/li>\n<li>\n<p>Versez la cire : Versez d\u00e9licatement la cire dans chaque r\u00e9cipient, en laissant environ \u00bd pouce d&#039;espace en haut. Laissez la cire refroidir et durcir pendant plusieurs heures.<\/p>\n<\/li>\n<li>\n<p>Coupez la m\u00e8che : Une fois que les bougies ont refroidi et durci, coupez la m\u00e8che \u00e0 environ \u00bc de pouce.<\/p>\n<\/li>\n<li>\n<p>Profitez de vos bougies\u00a0: vos bougies sont maintenant pr\u00eates \u00e0 \u00eatre utilis\u00e9es ou offertes\u00a0! Allumez-les et profitez des beaux parfums et de l&#039;ambiance qu&#039;ils cr\u00e9ent.<\/p>\n<\/li>\n<\/ol><\/p>","protected":false},"excerpt":{"rendered":"<h2><span style=\"font-family: 'PingFang SC', 'Microsoft YaHei', sans-serif;font-size: 16px\">Aper\u00e7u<\/span><\/h2>\n<p><span style=\"font-family: 'PingFang SC', 'Microsoft YaHei', sans-serif;font-size: 16px\"><img decoding=\"async\" loading=\"lazy\" src=\"https:\/\/cutomer-static-bucket.s3.cn-northwest-1.amazonaws.com.cn\/public\/material\/2206293ihquj\/product\/zhinian01_1676529573815.png\" alt=\"\" width=\"24\" height=\"24\" \/>Fabriqu\u00e9 en Chine<\/span><\/p>\n<p><span style=\"font-family: 'PingFang SC', 'Microsoft YaHei', sans-serif;font-size: 16px\"><img decoding=\"async\" loading=\"lazy\" src=\"https:\/\/cutomer-static-bucket.s3.cn-northwest-1.amazonaws.com.cn\/public\/material\/2206293ihquj\/product\/zhinian02_1676529602935.png\" alt=\"\" width=\"24\" height=\"24\" \/>Personnalisation disponible<\/span><\/p>\n<p><span style=\"font-family: 'PingFang SC', 'Microsoft YaHei', sans-serif;font-size: 16px\"><img decoding=\"async\" loading=\"lazy\" src=\"https:\/\/cutomer-static-bucket.s3.cn-northwest-1.amazonaws.com.cn\/public\/material\/2206293ihquj\/product\/zhinian03_1676529624243.png\" alt=\"\" width=\"24\" height=\"24\" \/>Emballage cadeau disponible<\/span><\/p>\n<h2><span style=\"font-family: 'PingFang SC', 'Microsoft YaHei', sans-serif;font-size: 16px\">Dimensions<\/span><\/h2>\n<p><span style=\"font-family: 'PingFang SC', 'Microsoft YaHei', sans-serif;font-size: 16px\">Taille de la bo\u00eete : Longueur : 20 cm x Hauteur : 9 cm x Profondeur : 15 cm<\/span><\/p>\n<h2><span style=\"font-family: 'PingFang SC', 'Microsoft YaHei', sans-serif;font-size: 16px\">Fait \u00e0 partir de<\/span><\/h2>\n<p><span style=\"font-family: 'PingFang SC', 'Microsoft YaHei', sans-serif;font-size: 16px\">Ingr\u00e9dients naturels durables et d&#039;origine \u00e9thique dans notre emballage recyclable respectueux de l&#039;environnement 100%<\/span><\/p>\n<p><span style=\"font-family: 'PingFang SC', 'Microsoft YaHei', sans-serif;font-size: 16px\">Bo\u00eete de kit kraft devis positif<\/span><\/p>\n<p><span style=\"font-family: 'PingFang SC', 'Microsoft YaHei', sans-serif;font-size: 16px\">Un grand kit de fabrication de bougies comprend g\u00e9n\u00e9ralement des mat\u00e9riaux tels que de la cire, des m\u00e8ches, des r\u00e9cipients, des huiles parfum\u00e9es et des instructions pour fabriquer des bougies. Le kit peut \u00e9galement comprendre des outils tels qu&#039;un creuset, un thermom\u00e8tre et un ustensile de brassage. Ce type de kit est con\u00e7u pour les personnes qui souhaitent fabriquer plusieurs bougies \u00e0 la fois ou des bougies de plus grande taille.<\/span><\/p><\/p>","protected":false},"featured_media":18018,"comment_status":"open","ping_status":"closed","template":"","meta":[],"product_cat":[225],"product_tag":[401,400,767,403,402,356,768,398,399,769],"acf":[],"_links":{"self":[{"href":"https:\/\/www.garden-kit.com\/fr\/wp-json\/wp\/v2\/product\/6834"}],"collection":[{"href":"https:\/\/www.garden-kit.com\/fr\/wp-json\/wp\/v2\/product"}],"about":[{"href":"https:\/\/www.garden-kit.com\/fr\/wp-json\/wp\/v2\/types\/product"}],"replies":[{"embeddable":true,"href":"https:\/\/www.garden-kit.com\/fr\/wp-json\/wp\/v2\/comments?post=6834"}],"wp:featuredmedia":[{"embeddable":true,"href":"https:\/\/www.garden-kit.com\/fr\/wp-json\/wp\/v2\/media\/18018"}],"wp:attachment":[{"href":"https:\/\/www.garden-kit.com\/fr\/wp-json\/wp\/v2\/media?parent=6834"}],"wp:term":[{"taxonomy":"product_cat","embeddable":true,"href":"https:\/\/www.garden-kit.com\/fr\/wp-json\/wp\/v2\/product_cat?post=6834"},{"taxonomy":"product_tag","embeddable":true,"href":"https:\/\/www.garden-kit.com\/fr\/wp-json\/wp\/v2\/product_tag?post=6834"}],"curies":[{"name":"wp","href":"https:\/\/api.w.org\/{rel}","templated":true}]}}