{"id":1413,"date":"2022-08-23T23:31:35","date_gmt":"2022-08-23T15:31:35","guid":{"rendered":"http:\/\/www.garden-kit.com\/product\/bonsai-tree-growing-kit\/"},"modified":"2024-03-07T10:13:01","modified_gmt":"2024-03-07T02:13:01","slug":"bonsai-tree-growing-kit","status":"publish","type":"product","link":"https:\/\/www.garden-kit.com\/it\/product\/bonsai-tree-growing-kit\/","title":{"rendered":"Kit per la coltivazione di mini alberi bonsai"},"content":{"rendered":"<h3 style=\"font-size: 19px\"><span style=\"font-family: 'PingFang SC', 'Microsoft YaHei', sans-serif\">Panoramica<\/span><\/h3>\n<table style=\"border-collapse: collapse;width: 100%;height: 196px\">\n<tbody>\n<tr style=\"height: 22px\">\n<td style=\"width: 49.4196%;height: 22px\" width=\"298\"><span style=\"font-family: 'PingFang SC', 'Microsoft YaHei', sans-serif;font-size: 16px\">Istruzioni per la cura del prodotto<\/span><\/td>\n<td style=\"width: 49.4196%;height: 22px\" width=\"298\"><span style=\"font-family: 'PingFang SC', 'Microsoft YaHei', sans-serif;font-size: 16px\">Disponibile<\/span><\/td>\n<\/tr>\n<tr style=\"height: 22px\">\n<td style=\"width: 49.4196%;height: 22px\" width=\"298\"><span style=\"font-family: 'PingFang SC', 'Microsoft YaHei', sans-serif;font-size: 16px\">Tipo di prodotto vegetale<\/span><\/td>\n<td style=\"width: 49.4196%;height: 22px\" width=\"298\"><span style=\"font-family: 'PingFang SC', 'Microsoft YaHei', sans-serif;font-size: 16px\">Albero bonsai<\/span><\/td>\n<\/tr>\n<tr style=\"height: 22px\">\n<td style=\"width: 49.4196%;height: 22px\" width=\"298\"><span style=\"font-family: 'PingFang SC', 'Microsoft YaHei', sans-serif;font-size: 16px\">Caratteristica speciale<\/span><\/td>\n<td style=\"width: 49.4196%;height: 22px\" width=\"298\"><span style=\"font-family: 'PingFang SC', 'Microsoft YaHei', sans-serif;font-size: 16px\">Coltivazione indoor-outdoor<\/span><\/td>\n<\/tr>\n<tr style=\"height: 22px\">\n<td style=\"width: 49.4196%;height: 22px\" width=\"298\"><span style=\"font-family: 'PingFang SC', 'Microsoft YaHei', sans-serif;font-size: 16px\">Marca<\/span><\/td>\n<td style=\"width: 49.4196%;height: 22px\" width=\"298\"><span style=\"font-family: 'PingFang SC', 'Microsoft YaHei', sans-serif;font-size: 16px\">Kit da giardino<\/span><\/td>\n<\/tr>\n<tr style=\"height: 22px\">\n<td style=\"width: 49.4196%;height: 22px\" width=\"298\"><span style=\"font-family: 'PingFang SC', 'Microsoft YaHei', sans-serif;font-size: 16px\">Luogo d&#039;origine<\/span><\/td>\n<td style=\"width: 49.4196%;height: 22px\" width=\"298\"><span style=\"font-family: 'PingFang SC', 'Microsoft YaHei', sans-serif;font-size: 16px\">Fujian, Cina<\/span><\/td>\n<\/tr>\n<tr style=\"height: 22px\">\n<td style=\"width: 49.4196%;height: 22px\" width=\"298\"><span style=\"font-family: 'PingFang SC', 'Microsoft YaHei', sans-serif;font-size: 16px\">ODM\/OEM<\/span><\/td>\n<td style=\"width: 49.4196%;height: 22px\" width=\"298\"><span style=\"font-family: 'PingFang SC', 'Microsoft YaHei', sans-serif;font-size: 16px\">Disponibile<\/span><\/td>\n<\/tr>\n<tr style=\"height: 22px\">\n<td style=\"width: 49.4196%;height: 22px\" width=\"298\"><span style=\"font-family: 'PingFang SC', 'Microsoft YaHei', sans-serif;font-size: 16px\">MOQ per ordine personalizzato<\/span><\/td>\n<td style=\"width: 49.4196%;height: 22px\" width=\"298\"><span style=\"font-family: 'PingFang SC', 'Microsoft YaHei', sans-serif;font-size: 16px\">3000 pezzi<\/span><\/td>\n<\/tr>\n<tr style=\"height: 42px\">\n<td style=\"width: 49.4196%;height: 42px\" width=\"298\"><span style=\"font-family: 'PingFang SC', 'Microsoft YaHei', sans-serif;font-size: 16px\">Costo del campione<\/span><\/td>\n<td style=\"width: 49.4196%;height: 42px\" width=\"298\"><span style=\"font-family: 'PingFang SC', 'Microsoft YaHei', sans-serif;font-size: 16px\">US$400\/Campione, reso completo dopo un nostro ordine<\/span><\/td>\n<\/tr>\n<\/tbody>\n<\/table>\n<p style=\"line-height: 1.5\"><span style=\"font-family: 'PingFang SC', 'Microsoft YaHei', sans-serif\">&nbsp;<\/span><\/p>\n<p><span style=\"font-family: 'PingFang SC', 'Microsoft YaHei', sans-serif\">Kit di coltivazione per bonsai da 18 pezzi: \u00c8 facile: noi eliminiamo le congetture sulla coltivazione di un bonsai dal seme, guidandovi in ogni fase del percorso. Tutto ci\u00f2 che serve per portare la gioia del bonsai nella vostra vita o in quella di una persona cara, in una splendida confezione regalo in legno. Pianta!<\/span><\/p>\n<p><span style=\"font-family: 'PingFang SC', 'Microsoft YaHei', sans-serif\">&nbsp;<\/span><\/p>\n<p><span style=\"font-family: 'PingFang SC', 'Microsoft YaHei', sans-serif\">Nel kit sono inclusi i seguenti articoli.<\/span><\/p>\n<p><span style=\"font-family: 'PingFang SC', 'Microsoft YaHei', sans-serif\">4 vasi di iuta impermeabili<\/span><\/p>\n<p><span style=\"font-family: 'PingFang SC', 'Microsoft YaHei', sans-serif\">1 terreno preconcimato dis<\/span><\/p>\n<p><span style=\"font-family: 'PingFang SC', 'Microsoft YaHei', sans-serif\">4 pacchetti di semi salva freschezza<\/span><\/p>\n<p><span style=\"font-family: 'PingFang SC', 'Microsoft YaHei', sans-serif\">2 vaschette di sgocciolamento in bamb\u00f9<\/span><\/p>\n<p><span style=\"font-family: 'PingFang SC', 'Microsoft YaHei', sans-serif\">1 forbice da potatura<\/span><\/p>\n<p><span style=\"font-family: 'PingFang SC', 'Microsoft YaHei', sans-serif\">4 pennarelli per piante di bamb\u00f9<\/span><\/p>\n<p><span style=\"font-family: 'PingFang SC', 'Microsoft YaHei', sans-serif\">101 consigli essenziali libro<\/span><\/p>\n<p><span style=\"font-family: 'PingFang SC', 'Microsoft YaHei', sans-serif\">1 Guida passo passo alla semina<\/span><\/p>\n<p><span style=\"font-family: 'PingFang SC', 'Microsoft YaHei', sans-serif\">1 cassetta di legno per fioriere<\/span><\/p>\n<p><span style=\"font-family: 'PingFang SC', 'Microsoft YaHei', sans-serif\">1 Vaso: 4 vasi di iuta e 2 gocciolatoi - Ideale per la crescita ben drenata delle piantine. Risparmiare e riutilizzare.<\/span><\/p>\n<p><span style=\"font-family: 'PingFang SC', 'Microsoft YaHei', sans-serif\">2 Piantine: 4 confezioni di semi di prima qualit\u00e0 - con 4 specie diverse: Pino delle Montagne Rocciose, Royal Phoenix, Jacaranda, Abete rosso. Tutti i semi sono testati per garantire il massimo tasso di germinazione.<\/span><\/p>\n<p><span style=\"font-family: 'PingFang SC', 'Microsoft YaHei', sans-serif\">3 Alimentazione: Dischi di terriccio preconcimato ricchi di sostanze nutritive: aggiungete acqua e si espanderanno di 6-8 volte.<\/span><\/p>\n<p><span style=\"font-family: 'PingFang SC', 'Microsoft YaHei', sans-serif\">4 marcatori: 4 marcatori di bamb\u00f9 - I marcatori aiutano a identificare le piantine durante la crescita. Allenamento: Potatori - Ottimi per tagliare le foglie e le radici in eccesso.<\/span><\/p>\n<p><span style=\"font-family: 'PingFang SC', 'Microsoft YaHei', sans-serif\">5 Acing: Include il bestseller \"Bonsai: 101 consigli essenziali\" dell'esperto di bonsai Harry Tomlinson (DK Press) con 72 pagine illustrate a colori. Tutto quello che c'\u00e8 da sapere sulla cura, la manutenzione, la progettazione e la sistemazione dei bonsai. Con una chiara spiegazione del bonsai e di cosa sia, questi 101 consigli facili da padroneggiare hanno tutto ci\u00f2 che serve per ottenere i risultati desiderati.<\/span><\/p>\n<\/p>\n<p><span style=\"font-family: 'PingFang SC', 'Microsoft YaHei', sans-serif\">Un minikit per la coltivazione di alberi \u00e8 un kit di giardinaggio piccolo e autonomo, progettato per aiutare le persone a coltivare i propri alberi in uno spazio limitato. Questi kit sono in genere dotati di tutto il necessario per iniziare a coltivare un albero, compreso il terreno, i semi e i contenitori per le piante.<\/span><\/p>\n<h3 style=\"font-size: 19px\"><span style=\"font-family: 'PingFang SC', 'Microsoft YaHei', sans-serif\">Vantaggi dei kit per la coltivazione di mini alberi<\/span><\/h3>\n<p><span style=\"font-family: 'PingFang SC', 'Microsoft YaHei', sans-serif\">1. Risparmio di spazio<\/span><br \/><span style=\"font-family: 'PingFang SC', 'Microsoft YaHei', sans-serif\">I kit per la coltivazione di mini alberi sono perfetti per chi ha uno spazio limitato, come appartamenti, balconi o patii. Le dimensioni compatte del kit consentono di coltivare facilmente un albero senza disporre di un ampio giardino o spazio esterno.<\/span><\/p>\n<p><span style=\"font-family: 'PingFang SC', 'Microsoft YaHei', sans-serif\">2. Educazione<\/span><br \/><span style=\"font-family: 'PingFang SC', 'Microsoft YaHei', sans-serif\">Coltivare un albero a partire dai semi pu\u00f2 essere un'esperienza educativa. I bambini possono imparare il ciclo di vita delle piante, la fotosintesi e l'importanza degli alberi per il nostro ambiente. \u00c8 anche un'ottima occasione per insegnare loro la responsabilit\u00e0 e il valore di prendersi cura degli esseri viventi.<\/span><\/p>\n<p><span style=\"font-family: 'PingFang SC', 'Microsoft YaHei', sans-serif\">3. Economicamente vantaggioso<\/span><br \/><span style=\"font-family: 'PingFang SC', 'Microsoft YaHei', sans-serif\">I kit per la coltivazione di mini alberi sono spesso meno costosi dell'acquisto di un albero completamente cresciuto in un vivaio. Inoltre, coltivando un albero da seme, \u00e8 possibile scegliere esattamente il tipo di albero che si desidera coltivare, assicurandosi di ottenere l'albero giusto per le proprie esigenze.<\/span><\/p>\n<p><span style=\"font-family: 'PingFang SC', 'Microsoft YaHei', sans-serif\">4. Eco-compatibile<\/span><br \/><span style=\"font-family: 'PingFang SC', 'Microsoft YaHei', sans-serif\">Coltivare un albero \u00e8 un modo ecologico per contribuire all'ambiente. Gli alberi offrono numerosi benefici, come la riduzione dei livelli di anidride carbonica, il miglioramento della qualit\u00e0 dell'aria e la creazione di habitat per la fauna selvatica.<\/span><\/p>\n<p><span style=\"font-family: 'PingFang SC', 'Microsoft YaHei', sans-serif\">5. Decorativo<\/span><br \/><span style=\"font-family: 'PingFang SC', 'Microsoft YaHei', sans-serif\">Un mini albero coltivato da un kit pu\u00f2 essere un'aggiunta attraente a qualsiasi spazio interno o esterno. Possono essere formati in forme specifiche o crescere naturalmente, dandovi la libert\u00e0 di personalizzare la vostra pianta in base ai vostri gusti.<\/span><\/p>\n<h3 style=\"font-size: 19px\"><span style=\"font-family: 'PingFang SC', 'Microsoft YaHei', sans-serif\">Come utilizzare un kit per la coltivazione di mini alberi<\/span><\/h3>\n<p><span style=\"font-family: 'PingFang SC', 'Microsoft YaHei', sans-serif\">L'utilizzo di un kit per la coltivazione di mini alberi \u00e8 semplice e immediato. In genere il kit viene fornito con tutti i componenti necessari, tra cui terriccio, semi e contenitori. Ecco i passaggi fondamentali:<\/span><\/p>\n<ol>\n<li><span style=\"font-family: 'PingFang SC', 'Microsoft YaHei', sans-serif\">Preparare il contenitore: Riempire il contenitore con il terriccio e inumidirlo abbondantemente.<\/span><\/li>\n<li><span style=\"font-family: 'PingFang SC', 'Microsoft YaHei', sans-serif\">Piantare i semi: Mettete i semi nel terreno e copriteli con un sottile strato di terra.<\/span><\/li>\n<li><span style=\"font-family: 'PingFang SC', 'Microsoft YaHei', sans-serif\">Innaffiare i semi: Innaffiare il contenitore per garantire che i semi siano ben inumiditi.<\/span><\/li>\n<li><span style=\"font-family: 'PingFang SC', 'Microsoft YaHei', sans-serif\">Posizionate il contenitore in un luogo soleggiato: Gli alberi hanno bisogno di luce solare per crescere, quindi collocate il contenitore in una zona soleggiata.<\/span><\/li>\n<li><span style=\"font-family: 'PingFang SC', 'Microsoft YaHei', sans-serif\">Cura dell'albero: Monitorare la crescita dell'albero e annaffiarlo regolarmente. Quando l'albero raggiunge una certa dimensione, \u00e8 possibile trapiantarlo in un vaso pi\u00f9 grande o in uno spazio esterno.<\/span><\/li>\n<\/ol>\n<h3 style=\"list-style-type: revert;font-size: 19px\">I passi per utilizzare efficacemente il kit per la coltivazione di mini alberi<\/h3>\n<p style=\"list-style-type: revert\">Il primo passo per coltivare il vostro mini albero \u00e8 scegliere il kit giusto. Un buon kit di coltivazione per mini alberi comprende un vaso, il terriccio, i semi e istruzioni dettagliate. La qualit\u00e0 di questi componenti pu\u00f2 influenzare drasticamente la crescita e la salute generale del vostro mini albero.<\/p>\n<p style=\"list-style-type: revert\">Una volta scelto il kit, \u00e8 il momento di piantare i semi. Mettete il terriccio nel vaso fornito, quindi premete delicatamente i semi nel terreno. Non interrateli troppo in profondit\u00e0, ma solo in modo che siano coperti.<\/p>\n<p style=\"list-style-type: revert\">L'annaffiatura \u00e8 la fase successiva e cruciale. Innaffiare correttamente il mini albero \u00e8 un equilibrio delicato. Troppa acqua pu\u00f2 portare al marciume delle radici, mentre troppo poca pu\u00f2 far seccare l'albero e farlo morire. Si consiglia di annaffiare il mini albero una volta al giorno, ma questo pu\u00f2 variare a seconda del tipo di albero e del clima in cui si vive.<\/p>\n<h3 style=\"list-style-type: revert;font-size: 19px\">Problemi comuni e come risolverli quando si coltiva un mini albero<\/h3>\n<p style=\"list-style-type: revert\">Nonostante i vostri sforzi, potreste incontrare alcuni problemi durante la crescita del vostro mini albero. Non c'\u00e8 da preoccuparsi: questi problemi sono comuni e ci sono delle soluzioni per risolverli.<\/p>\n<p style=\"list-style-type: revert\">Un problema comune \u00e8 rappresentato dalle foglie che diventano gialle o marroni. Ci\u00f2 potrebbe essere dovuto a un eccesso di irrigazione, a un eccesso di irrigazione insufficiente o a una mancanza di luce solare. Innanzitutto, controllate il livello di umidit\u00e0 del terreno. Se \u00e8 troppo secco, aumentate la frequenza delle annaffiature. Se \u00e8 troppo umido, lasciatelo asciugare prima di annaffiare di nuovo. Se il problema persiste, provate a spostare il mini albero in una posizione con pi\u00f9 luce solare.<\/p>\n<p style=\"list-style-type: revert\">I parassiti sono un altro problema comune. Se notate piccoli fori nelle foglie o un residuo appiccicoso sulla superficie, il vostro mini albero potrebbe essere infestato da parassiti. Per risolvere il problema, potete usare un insetticida naturale o una miscela di acqua e sapone per piatti. Spruzzate questa soluzione sulle foglie una volta alla settimana finch\u00e9 i parassiti non saranno scomparsi.<\/p>\n<h3 style=\"list-style-type: revert;font-size: 19px\">Consigli per mantenere in salute il vostro mini albero<\/h3>\n<p style=\"list-style-type: revert\">Per mantenere in salute il vostro mini albero sono necessarie cure e attenzioni regolari. Ecco alcuni consigli per aiutarvi in questo processo.<\/p>\n<p style=\"list-style-type: revert\">La potatura \u00e8 importante per mantenere la forma e le dimensioni del mini albero. Potate regolarmente il vostro albero per mantenerlo in ordine e per stimolare una crescita sana. Ricordate di usare forbici pulite e affilate per evitare malattie e danni all'albero.<\/p>\n<p style=\"list-style-type: revert\">Anche l'alimentazione del mini albero \u00e8 essenziale. I mini alberi hanno bisogno di sostanze nutritive per crescere, proprio come qualsiasi altra pianta. Utilizzate un fertilizzante specifico per bonsai e seguite le istruzioni riportate sulla confezione.<\/p>\n<p style=\"list-style-type: revert\">Infine, assicuratevi che il vostro mini albero riceva abbastanza luce solare. I mini alberi sono generalmente piante da esterno e prosperano alla luce naturale del sole. Se tenete il vostro albero in casa, posizionatelo vicino a una finestra dove possa ricevere molta luce.<\/p>\n<h3 style=\"list-style-type: revert;font-size: 19px\">Variet\u00e0 di mini alberi da coltivare<\/h3>\n<p style=\"list-style-type: revert\">Esistono numerose variet\u00e0 di mini alberi da coltivare, ognuna con caratteristiche e requisiti di cura unici. Alcune variet\u00e0 popolari sono il ginepro, il ficus, l'acero e il pino.<\/p>\n<p style=\"list-style-type: revert\">Gli alberi di ginepro sono ideali per i principianti, perch\u00e9 sono resistenti e possono tollerare diverse condizioni. Anche i ficus sono una buona scelta, soprattutto per chi vive in climi pi\u00f9 caldi. Sono noti per le loro foglie verdi e rigogliose e per la loro crescita robusta.<\/p>\n<p style=\"list-style-type: revert\">Gli aceri sono amati per i loro splendidi colori autunnali. Richiedono un po' pi\u00f9 di cura e attenzione, soprattutto per quanto riguarda l'annaffiatura e l'esposizione alla luce solare. I pini, invece, sono sempreverdi e possono aggiungere un tocco di fascino invernale alla vostra casa o al vostro ufficio per tutto l'anno.<\/p>\n<h3 style=\"list-style-type: revert;font-size: 19px\">Come un kit per la coltivazione di mini alberi pu\u00f2 aggiungere valore alla vostra casa o al vostro ufficio<\/h3>\n<p style=\"list-style-type: revert\">Un kit per la coltivazione di mini alberi non \u00e8 solo un hobby divertente: pu\u00f2 anche aggiungere valore alla vostra casa o al vostro ufficio. La presenza del verde pu\u00f2 trasformare uno spazio, rendendolo pi\u00f9 accogliente e rilassante.<\/p>\n<p style=\"list-style-type: revert\">Il verde \u00e8 stato collegato a numerosi benefici per la salute, come la riduzione dello stress, il miglioramento della qualit\u00e0 dell'aria e il miglioramento dell'umore. In un ambiente di lavoro, avere un mini albero sulla scrivania pu\u00f2 contribuire ad alleviare lo stress lavorativo e ad aumentare la produttivit\u00e0.<\/p>\n<p style=\"list-style-type: revert\">Inoltre, la coltivazione di un mini-albero pu\u00f2 essere un argomento di conversazione. \u00c8 un pezzo unico e interessante che pu\u00f2 far nascere conversazioni con gli ospiti o i colleghi. Inoltre, \u00e8 una testimonianza della vostra pazienza e delle vostre capacit\u00e0 di coltivare, che possono essere ammirate da molti.<\/p>\n<p style=\"list-style-type: revert\">In conclusione, la coltivazione di un mini albero \u00e8 un'esperienza gratificante che chiunque pu\u00f2 vivere. Con il kit e le cure giuste, potete coltivare un bellissimo pezzo di natura proprio a casa vostra o in ufficio. Quindi perch\u00e9 aspettare? Iniziate oggi stesso il vostro viaggio nella coltivazione di un mini albero!<\/p>","protected":false},"excerpt":{"rendered":"<p>Regalo per la coltivazione di bonsai fai da te - Hobby del giardino per adulti, donne e uomini: 4 semi di alberi unici, terriccio, vasi, forbici da potatura, indicatori per piante + scatola regalo in legno<\/p>\n<p>Un mini kit per la coltivazione di alberi \u00e8 un piccolo kit da giardinaggio autonomo che contiene tutto il necessario per far crescere un albero in uno spazio limitato. In genere, il kit include terreno, semi e contenitori per piantare. \u00c8 un ottimo modo per far crescere un albero dal seme e pu\u00f2 essere un&#039;esperienza educativa per i bambini per conoscere i cicli di vita delle piante e l&#039;importanza degli alberi per l&#039;ambiente. I kit per la coltivazione di mini alberi sono economici, ecologici e decorativi, il che li rende un&#039;aggiunta perfetta a qualsiasi spazio interno o esterno. Sono facili da usare e richiedono una manutenzione minima, il che li rende ideali per chi ha tempo, spazio o esperienza limitati nel giardinaggio.<\/p><\/p>","protected":false},"featured_media":17812,"comment_status":"closed","ping_status":"closed","template":"","meta":[],"product_cat":[40],"product_tag":[48,41,103,45,807,112,805,806,809,808],"acf":[],"_links":{"self":[{"href":"https:\/\/www.garden-kit.com\/it\/wp-json\/wp\/v2\/product\/1413"}],"collection":[{"href":"https:\/\/www.garden-kit.com\/it\/wp-json\/wp\/v2\/product"}],"about":[{"href":"https:\/\/www.garden-kit.com\/it\/wp-json\/wp\/v2\/types\/product"}],"replies":[{"embeddable":true,"href":"https:\/\/www.garden-kit.com\/it\/wp-json\/wp\/v2\/comments?post=1413"}],"wp:featuredmedia":[{"embeddable":true,"href":"https:\/\/www.garden-kit.com\/it\/wp-json\/wp\/v2\/media\/17812"}],"wp:attachment":[{"href":"https:\/\/www.garden-kit.com\/it\/wp-json\/wp\/v2\/media?parent=1413"}],"wp:term":[{"taxonomy":"product_cat","embeddable":true,"href":"https:\/\/www.garden-kit.com\/it\/wp-json\/wp\/v2\/product_cat?post=1413"},{"taxonomy":"product_tag","embeddable":true,"href":"https:\/\/www.garden-kit.com\/it\/wp-json\/wp\/v2\/product_tag?post=1413"}],"curies":[{"name":"wp","href":"https:\/\/api.w.org\/{rel}","templated":true}]}}