{"id":1425,"date":"2022-08-23T23:32:40","date_gmt":"2022-08-23T15:32:40","guid":{"rendered":"http:\/\/www.garden-kit.com\/product\/bonsai-tree-seeds-kit\/"},"modified":"2023-11-24T14:00:48","modified_gmt":"2023-11-24T06:00:48","slug":"bonsai-tree-seeds-kit","status":"publish","type":"product","link":"https:\/\/www.garden-kit.com\/it\/product\/bonsai-tree-seeds-kit\/","title":{"rendered":"Kit di semi di alberi bonsai"},"content":{"rendered":"<h3 style=\"line-height: 1.5;font-size: 19px\"><span style=\"font-family: arial, helvetica, sans-serif;font-size: 16px\">Panoramica<\/span><\/h3>\n<table style=\"border-collapse: collapse;width: 100%;height: 168px\">\n<tbody>\n<tr style=\"height: 21px\">\n<td width=\"298\" style=\"height: 21px\"><span style=\"font-family: arial, helvetica, sans-serif;font-size: 16px\">Istruzioni per la cura del prodotto<\/span><\/td>\n<td width=\"298\" style=\"height: 21px\"><span style=\"font-family: arial, helvetica, sans-serif;font-size: 16px\">Disponibile<\/span><\/td>\n<\/tr>\n<tr style=\"height: 21px\">\n<td width=\"298\" style=\"height: 21px\"><span style=\"font-family: arial, helvetica, sans-serif;font-size: 16px\">Tipo di prodotto vegetale<\/span><\/td>\n<td width=\"298\" style=\"height: 21px\"><span style=\"font-family: arial, helvetica, sans-serif;font-size: 16px\">Albero bonsai<\/span><\/td>\n<\/tr>\n<tr style=\"height: 21px\">\n<td width=\"298\" style=\"height: 21px\"><span style=\"font-family: arial, helvetica, sans-serif;font-size: 16px\">Caratteristica speciale<\/span><\/td>\n<td width=\"298\" style=\"height: 21px\"><span style=\"font-family: arial, helvetica, sans-serif;font-size: 16px\">Coltivazione indoor-outdoor<\/span><\/td>\n<\/tr>\n<tr style=\"height: 21px\">\n<td width=\"298\" style=\"height: 21px\"><span style=\"font-family: arial, helvetica, sans-serif;font-size: 16px\">Marca<\/span><\/td>\n<td width=\"298\" style=\"height: 21px\"><span style=\"font-family: arial, helvetica, sans-serif;font-size: 16px\">Kit da giardino<\/span><\/td>\n<\/tr>\n<tr style=\"height: 21px\">\n<td width=\"298\" style=\"height: 21px\"><span style=\"font-family: arial, helvetica, sans-serif;font-size: 16px\">Luogo d&#039;origine<\/span><\/td>\n<td width=\"298\" style=\"height: 21px\"><span style=\"font-family: arial, helvetica, sans-serif;font-size: 16px\">Fujian, Cina<\/span><\/td>\n<\/tr>\n<tr style=\"height: 21px\">\n<td width=\"298\" style=\"height: 21px\"><span style=\"font-family: arial, helvetica, sans-serif;font-size: 16px\">ODM\/OEM<\/span><\/td>\n<td width=\"298\" style=\"height: 21px\"><span style=\"font-family: arial, helvetica, sans-serif;font-size: 16px\">Disponibile<\/span><\/td>\n<\/tr>\n<tr style=\"height: 21px\">\n<td width=\"298\" style=\"height: 21px\"><span style=\"font-family: arial, helvetica, sans-serif;font-size: 16px\">MOQ per ordine personalizzato<\/span><\/td>\n<td width=\"298\" style=\"height: 21px\"><span style=\"font-family: arial, helvetica, sans-serif;font-size: 16px\">3000 pezzi<\/span><\/td>\n<\/tr>\n<tr style=\"height: 21px\">\n<td width=\"298\" style=\"height: 21px\"><span style=\"font-family: arial, helvetica, sans-serif;font-size: 16px\">Costo del campione<\/span><\/td>\n<td width=\"298\" style=\"height: 21px\"><span style=\"font-family: arial, helvetica, sans-serif;font-size: 16px\">US$400\/Campione, reso completo dopo un nostro ordine<\/span><\/td>\n<\/tr>\n<\/tbody>\n<\/table>\n<p style=\"line-height: 1.5\"><span style=\"font-family: arial, helvetica, sans-serif\">&nbsp;<\/span><\/p>\n<p style=\"line-height: 1.5\"><span style=\"font-family: arial, helvetica, sans-serif;font-size: 16px\">Kit preparato per la coltivazione di un bonsai in 15 pezzi: \u00c8 facile: noi eliminiamo le congetture sulla coltivazione di un bonsai dal seme, guidandovi in ogni fase del processo. Tutto ci\u00f2 che serve per portare la gioia del bonsai nella vostra vita o in quella di una persona cara \u00e8 contenuto in una bellissima confezione regalo in legno. Pianta!<\/span><\/p>\n<p style=\"line-height: 1.5\"><span style=\"font-family: arial, helvetica, sans-serif\">&nbsp;<\/span><\/p>\n<p style=\"line-height: 1.5\"><span style=\"font-family: arial, helvetica, sans-serif;font-size: 16px\">Nel kit sono inclusi i seguenti articoli.<\/span><\/p>\n<p style=\"line-height: 1.5\"><span style=\"font-family: arial, helvetica, sans-serif;font-size: 16px\">1 cassetta di legno per fioriere<\/span><\/p>\n<p style=\"line-height: 1.5\"><span style=\"font-family: arial, helvetica, sans-serif;font-size: 16px\">4 bustine di semi non OGM<\/span><\/p>\n<p style=\"line-height: 1.5\"><span style=\"font-family: arial, helvetica, sans-serif;font-size: 16px\">1 Guida passo passo alla semina<\/span><\/p>\n<p style=\"line-height: 1.5\"><span style=\"font-family: arial, helvetica, sans-serif;font-size: 16px\">10 Segnapiante in legno<\/span><\/p>\n<p style=\"line-height: 1.5\"><span style=\"font-family: arial, helvetica, sans-serif\">&nbsp;<\/span><\/p>\n<p style=\"line-height: 1.5\"><span style=\"font-family: arial, helvetica, sans-serif;font-size: 16px\">Kit bonsai: 4 tipi di semi di bonsai in miniatura in vaso, 8 tipi di semi di bonsai con nomi e marcatori di bamb\u00f9 seminati, istruzioni, una scatola regalo in legno e un kit di avvio per semi di bonsai.<\/span><\/p>\n<p style=\"line-height: 1.5\"><span style=\"font-family: arial, helvetica, sans-serif\">&nbsp;<\/span><\/p>\n<p style=\"line-height: 1.5\"><span style=\"font-family: arial, helvetica, sans-serif;font-size: 16px\">I semi includono Jacaranda Mimosa - Palissandro brasiliano. Abete rosso, abete nero e abete blu di San Juan-Colorado Delonix Regia: Abete rosso: Abete nero<\/span><\/p>\n<p style=\"line-height: 1.5\"><span style=\"font-family: arial, helvetica, sans-serif\">&nbsp;<\/span><\/p>\n<p style=\"line-height: 1.5\"><span style=\"font-family: arial, helvetica, sans-serif;font-size: 16px\">Idee regalo uniche: I kit da giardino per la coltivazione di alberi da interno, i kit per la coltivazione di erbe aromatiche da interno e i sacchetti di semi sono regali unici e fantastici per uomini e donne che coltivano piante in vaso, piante da ufficio, piante da scrivania, regali per giardinieri e piante da appartamento.<\/span><\/p>\n<p style=\"line-height: 1.5\"><span style=\"font-family: arial, helvetica, sans-serif\">&nbsp;<\/span><\/p>\n<p style=\"line-height: 1.5\"><span style=\"font-family: arial, helvetica, sans-serif;font-size: 16px\">Non \u00e8 necessario il pollice verde: I nostri kit di alberi bonsai sono perfetti per il giardinaggio indoor di tutti i livelli di esperienza; inoltre, includiamo abbastanza semi per un secondo ciclo di semina nel caso in cui si commetta un errore.<\/span><\/p>\n<p style=\"line-height: 1.5\"><span style=\"font-family: arial, helvetica, sans-serif\">&nbsp;<\/span><\/p>\n<p style=\"line-height: 1.5\"><span style=\"font-family: arial, helvetica, sans-serif;font-size: 16px\">Qualit\u00e0 su cui contare: I nostri kit da giardino per interni, per bonsai vivi da esterno e da interno, sono testati per ottenere i pi\u00f9 alti tassi di germinazione disponibili sul mercato per quel tipo di albero. In questo modo si ottiene un seme appena raccolto, che offre le migliori possibilit\u00e0 di successo per la coltivazione del bonsai.<\/span><\/p>\n<p style=\"line-height: 1.5\"><span style=\"font-family: arial, helvetica, sans-serif\">&nbsp;Precauzioni per la semina<\/span><br \/><span style=\"font-family: arial, helvetica, sans-serif\">1. Cospargete i semi della pianta sul terreno e tamponateli bene in modo che i semi e il terreno siano a stretto contatto.<\/span><br \/><span style=\"font-family: arial, helvetica, sans-serif\">2. Coprite i semi con circa 2 mm di terriccio, finch\u00e9 i semi non sono esposti.<\/span><br \/><span style=\"font-family: arial, helvetica, sans-serif\">3. \u00c8 meglio spruzzare acqua una volta al giorno per i semi piantati.<\/span><br \/><span style=\"font-family: arial, helvetica, sans-serif\">4. I semi piantati non possono ricevere la luce diretta del sole prima della comparsa delle piantine, ma se la temperatura \u00e8 inferiore a 20 gradi, \u00e8 possibile coprire i semi con una pellicola e poi esporli al sole.<\/span><br \/><span style=\"font-family: arial, helvetica, sans-serif\">5. Se si vuole piantare all'aperto, la temperatura deve superare i venti gradi sopra lo zero. Se la temperatura \u00e8 troppo bassa, si possono adottare alcuni accorgimenti per aumentarla, come l'aggiunta di uno strato di pellicola di plastica, la costruzione di una serra, la chiusura del balcone o una stanza con riscaldamento o aria condizionata, ecc. La temperatura della pianta \u00e8 molto importante e deve raggiungere la temperatura ambiente affinch\u00e9 i semi germoglino.<\/span><br \/><span style=\"font-family: arial, helvetica, sans-serif\">6. Il periodo di semina dei semi non deve essere suddiviso in stagioni, ma la fioritura pu\u00f2 essere precoce o tardiva.<\/span><br \/><span style=\"font-family: arial, helvetica, sans-serif\">7. Non mettete i semi direttamente al sole dopo la germinazione, ma adattateli gradualmente al sole. A questo punto, la frequenza di irrigazione dei semi dovrebbe essere gradualmente ridotta. Questa \u00e8 la cosa pi\u00f9 importante a cui prestare attenzione dopo l'emergenza. Se la pianta muore dopo l'emergenza, molto probabilmente \u00e8 a causa di un'eccessiva irrigazione.<\/span><\/p>\n<\/p>\n<p>I kit di semi di bonsai sono opzioni popolari per gli individui interessati a iniziare il loro viaggio bonsai dall'inizio, dal seme al bonsai maturo. Questi kit contengono in genere gli elementi essenziali necessari per far crescere un bonsai dai semi. Ecco cosa si pu\u00f2 trovare in un kit di semi di bonsai:<\/p>\n<ul>\n<li>\n<p><strong>Semi di bonsai:<\/strong> Questi kit di solito includono semi di varie specie di bonsai, come l'acero giapponese, il pino, il ginepro, il ciliegio in fiore o altre variet\u00e0 popolari. I semi possono essere specifici per la coltivazione di bonsai all'interno o all'esterno.<\/p>\n<\/li>\n<li>\n<p><strong>Terreno di coltura o suolo:<\/strong> Terriccio o terreno di coltura appositamente formulato per l'avvio dei semi di bonsai. Questa miscela di terriccio \u00e8 progettata per fornire le sostanze nutritive e il drenaggio necessari per la germinazione dei semi e la crescita precoce.<\/p>\n<\/li>\n<li>\n<p><strong>Vasi in miniatura o vassoi per piantine:<\/strong> Piccoli vasi o vassoi progettati per piantare i semi di bonsai e permettere loro di germogliare e crescere. Questi contenitori sono spesso dotati di adeguati fori di drenaggio per evitare un'eccessiva irrigazione.<\/p>\n<\/li>\n<li>\n<p><strong>Istruzioni o guida:<\/strong> Istruzioni dettagliate o una guida che spiega il processo di semina, germinazione e cura dei semi di bonsai. Questa guida copre tipicamente aspetti come la profondit\u00e0 di piantagione, l'irrigazione, le esigenze di luce e la cura continua.<\/p>\n<\/li>\n<li>\n<p><strong>Etichette o pennarelli:<\/strong> Alcuni kit possono includere pennarelli o etichette per aiutare a identificare le diverse specie di alberi durante la crescita.<\/p>\n<\/li>\n<\/ul>\n<p>Quando si sceglie un kit di semi di bonsai, bisogna considerare fattori come i tipi di alberi a cui si \u00e8 interessati, se si tratta di variet\u00e0 da interno o da esterno e le istruzioni specifiche fornite nel kit. Inoltre, considerate la qualit\u00e0 dei semi e della miscela di terriccio fornita, nonch\u00e9 la completezza delle istruzioni.<\/p>\n<p>Ricordate che la coltivazione dei bonsai dai semi richiede pazienza e attenzione. \u00c8 un processo pi\u00f9 lungo rispetto a quello di iniziare con un alberello gi\u00e0 cresciuto, poich\u00e9 i semi richiedono tempo per germogliare e svilupparsi in un albero maturo. Il processo pu\u00f2 richiedere diversi anni prima di raggiungere l'aspetto bonsai desiderato.<\/p>","protected":false},"excerpt":{"rendered":"<p>4 variet\u00e0 popolari di mini bonsai non OGM, marcatori per piante di bamb\u00f9, scatola regalo in legno - kit di partenza di semi di alberi Bonzie, coltivazione di giardini indoor Bonzai, idea regalo per il giardinaggio<\/p>","protected":false},"featured_media":17454,"comment_status":"closed","ping_status":"closed","template":"","meta":[],"product_cat":[40],"product_tag":[104,102,41,103,43,112],"acf":[],"_links":{"self":[{"href":"https:\/\/www.garden-kit.com\/it\/wp-json\/wp\/v2\/product\/1425"}],"collection":[{"href":"https:\/\/www.garden-kit.com\/it\/wp-json\/wp\/v2\/product"}],"about":[{"href":"https:\/\/www.garden-kit.com\/it\/wp-json\/wp\/v2\/types\/product"}],"replies":[{"embeddable":true,"href":"https:\/\/www.garden-kit.com\/it\/wp-json\/wp\/v2\/comments?post=1425"}],"wp:featuredmedia":[{"embeddable":true,"href":"https:\/\/www.garden-kit.com\/it\/wp-json\/wp\/v2\/media\/17454"}],"wp:attachment":[{"href":"https:\/\/www.garden-kit.com\/it\/wp-json\/wp\/v2\/media?parent=1425"}],"wp:term":[{"taxonomy":"product_cat","embeddable":true,"href":"https:\/\/www.garden-kit.com\/it\/wp-json\/wp\/v2\/product_cat?post=1425"},{"taxonomy":"product_tag","embeddable":true,"href":"https:\/\/www.garden-kit.com\/it\/wp-json\/wp\/v2\/product_tag?post=1425"}],"curies":[{"name":"wp","href":"https:\/\/api.w.org\/{rel}","templated":true}]}}