{"id":1444,"date":"2022-08-23T23:34:22","date_gmt":"2022-08-23T15:34:22","guid":{"rendered":"http:\/\/www.garden-kit.com\/product\/bonsai-tree-seed-starter-kit\/"},"modified":"2024-03-07T10:17:55","modified_gmt":"2024-03-07T02:17:55","slug":"bonsai-tree-seed-starter-kit","status":"publish","type":"product","link":"https:\/\/www.garden-kit.com\/it\/product\/bonsai-tree-seed-starter-kit\/","title":{"rendered":"Kit iniziale di semi di albero bonsai"},"content":{"rendered":"<h3 style=\"line-height: 1.5;font-size: 19px\"><span style=\"color: #000000;font-family: 'PingFang SC', 'Microsoft YaHei', sans-serif\"><strong><strong>Panoramica<\/strong><\/strong><\/span><\/h3>\n<table style=\"border-collapse: collapse;width: 100%;height: 168px\">\n<tbody>\n<tr style=\"height: 21px\">\n<td width=\"298\" style=\"height: 21px\"><span style=\"color: #000000;font-family: 'PingFang SC', 'Microsoft YaHei', sans-serif\">Istruzioni per la cura del prodotto<\/span><\/td>\n<td width=\"298\" style=\"height: 21px\"><span style=\"color: #000000;font-family: 'PingFang SC', 'Microsoft YaHei', sans-serif\">Disponibile<\/span><\/td>\n<\/tr>\n<tr style=\"height: 21px\">\n<td width=\"298\" style=\"height: 21px\"><span style=\"color: #000000;font-family: 'PingFang SC', 'Microsoft YaHei', sans-serif\">Tipo di prodotto vegetale<\/span><\/td>\n<td width=\"298\" style=\"height: 21px\"><span style=\"color: #000000;font-family: 'PingFang SC', 'Microsoft YaHei', sans-serif\">Albero bonsai<\/span><\/td>\n<\/tr>\n<tr style=\"height: 21px\">\n<td width=\"298\" style=\"height: 21px\"><span style=\"color: #000000;font-family: 'PingFang SC', 'Microsoft YaHei', sans-serif\">Caratteristica speciale<\/span><\/td>\n<td width=\"298\" style=\"height: 21px\"><span style=\"color: #000000;font-family: 'PingFang SC', 'Microsoft YaHei', sans-serif\">Coltivazione indoor-outdoor<\/span><\/td>\n<\/tr>\n<tr style=\"height: 21px\">\n<td width=\"298\" style=\"height: 21px\"><span style=\"color: #000000;font-family: 'PingFang SC', 'Microsoft YaHei', sans-serif\">Marca<\/span><\/td>\n<td width=\"298\" style=\"height: 21px\"><span style=\"color: #000000;font-family: 'PingFang SC', 'Microsoft YaHei', sans-serif\">Kit da giardino<\/span><\/td>\n<\/tr>\n<tr style=\"height: 21px\">\n<td width=\"298\" style=\"height: 21px\"><span style=\"color: #000000;font-family: 'PingFang SC', 'Microsoft YaHei', sans-serif\">Luogo d&#039;origine<\/span><\/td>\n<td width=\"298\" style=\"height: 21px\"><span style=\"color: #000000;font-family: 'PingFang SC', 'Microsoft YaHei', sans-serif\">Fujian, Cina<\/span><\/td>\n<\/tr>\n<tr style=\"height: 21px\">\n<td width=\"298\" style=\"height: 21px\"><span style=\"color: #000000;font-family: 'PingFang SC', 'Microsoft YaHei', sans-serif\">ODM\/OEM<\/span><\/td>\n<td width=\"298\" style=\"height: 21px\"><span style=\"color: #000000;font-family: 'PingFang SC', 'Microsoft YaHei', sans-serif\">Disponibile<\/span><\/td>\n<\/tr>\n<tr style=\"height: 21px\">\n<td width=\"298\" style=\"height: 21px\"><span style=\"color: #000000;font-family: 'PingFang SC', 'Microsoft YaHei', sans-serif\">MOQ per ordine personalizzato<\/span><\/td>\n<td width=\"298\" style=\"height: 21px\"><span style=\"color: #000000;font-family: 'PingFang SC', 'Microsoft YaHei', sans-serif\">3000 pezzi<\/span><\/td>\n<\/tr>\n<tr style=\"height: 21px\">\n<td width=\"298\" style=\"height: 21px\"><span style=\"color: #000000;font-family: 'PingFang SC', 'Microsoft YaHei', sans-serif\">Costo del campione<\/span><\/td>\n<td width=\"298\" style=\"height: 21px\"><span style=\"color: #000000;font-family: 'PingFang SC', 'Microsoft YaHei', sans-serif\">US$400\/Campione, restituzione completa dopo l&#039;ordine da parte nostra<\/span><\/td>\n<\/tr>\n<\/tbody>\n<\/table>\n<p style=\"line-height: 1.5\">\n<p style=\"line-height: 1.5\"><span style=\"color: #000000;font-family: 'PingFang SC', 'Microsoft YaHei', sans-serif\">Kit di coltivazione per bonsai da 18 pezzi: \u00c8 facile: noi eliminiamo le congetture sulla coltivazione di un bonsai dal seme, guidandovi in ogni fase del percorso. Tutto ci\u00f2 che serve per portare la gioia del bonsai nella vostra vita o in quella di una persona cara \u00e8 contenuto in una bellissima confezione regalo. Pianta!<\/span><\/p>\n<p style=\"line-height: 1.5\"><span style=\"font-family: 'PingFang SC', 'Microsoft YaHei', sans-serif\">&nbsp;<\/span><\/p>\n<h3 style=\"line-height: 1.5;font-size: 19px\"><span style=\"color: #000000;font-family: 'PingFang SC', 'Microsoft YaHei', sans-serif\"><strong><strong>Il kit comprende i seguenti articoli:<\/strong><\/strong><\/span><\/h3>\n<p style=\"line-height: 1.5\"><span style=\"color: #000000;font-family: 'PingFang SC', 'Microsoft YaHei', sans-serif\">4 vasi in ceramica<\/span><\/p>\n<p style=\"line-height: 1.5\"><span style=\"color: #000000;font-family: 'PingFang SC', 'Microsoft YaHei', sans-serif\">4 vaschette per l&#039;acqua in bamb\u00f9<\/span><\/p>\n<p style=\"line-height: 1.5\"><span style=\"color: #000000;font-family: 'PingFang SC', 'Microsoft YaHei', sans-serif\">4 dischi di terreno preconcimato<\/span><\/p>\n<p style=\"line-height: 1.5\"><span style=\"color: #000000;font-family: 'PingFang SC', 'Microsoft YaHei', sans-serif\">4 pacchetti di semi salva freschezza<\/span><\/p>\n<p style=\"line-height: 1.5\"><span style=\"color: #000000;font-family: 'PingFang SC', 'Microsoft YaHei', sans-serif\">4 pennarelli per piante di bamb\u00f9<\/span><\/p>\n<p style=\"line-height: 1.5\"><span style=\"color: #000000;font-family: 'PingFang SC', 'Microsoft YaHei', sans-serif\">1 pacchetto nutrizionale<\/span><\/p>\n<p style=\"line-height: 1.5\"><span style=\"color: #000000;font-family: 'PingFang SC', 'Microsoft YaHei', sans-serif\">istruzioni passo-passo<\/span><\/p>\n<p style=\"line-height: 1.5\"><span style=\"color: #000000;font-family: 'PingFang SC', 'Microsoft YaHei', sans-serif\">Un bonsai bello e facile da coltivare: Quando si sceglie un bonsai, ha senso scegliere l'albero pi\u00f9 bello, no? Ecco perch\u00e9 scegliamo solo gli alberi pi\u00f9 colorati per i nostri kit di coltivazione di semi di bonsai. Godetevi e conservate questi rossi infuocati, deliziosi viola e verdi aromatici nella vostra casa.<\/span><\/p>\n<p style=\"line-height: 1.5\"><span style=\"font-family: 'PingFang SC', 'Microsoft YaHei', sans-serif;font-size: 16px\"><span style=\"color: #000000\">Non \u00e8 necessario il pollice verde. Lo Starter Kit Bonsai viene fornito con quattro variet\u00e0 di semi:<\/span><\/span><\/p>\n<p style=\"line-height: 1.5\"><span style=\"font-family: 'PingFang SC', 'Microsoft YaHei', sans-serif;font-size: 16px\"><span style=\"color: #000000\">&nbsp; &nbsp; &nbsp; Cotoneaster roccioso (Cotoneaster horizontalis): Il Cotoneaster horizontalis \u00e8 una specie di pianta da fiore del genere Cotoneaster della famiglia delle Rosaceae.<\/span><\/span><\/p>\n<p style=\"line-height: 1.5\"><span style=\"font-family: 'PingFang SC', 'Microsoft YaHei', sans-serif;font-size: 16px\"><span style=\"color: #000000\">Fico sacro (Ficus Religiosa): Il fico religioso, o fico sacro, \u00e8 una specie di fico originaria del subcontinente indiano e dell'Indocina che appartiene alle Moraceae, la famiglia dei fichi o gelsi. \u00c8 noto anche come albero della bodhi, albero pippala, albero peepul, albero peepal, albero pipal o albero ashvattha (in India e Nepal). <\/span><\/span><\/p>\n<p style=\"line-height: 1.5\"><span style=\"font-family: 'PingFang SC', 'Microsoft YaHei', sans-serif;font-size: 16px\"><span style=\"color: #000000\">&nbsp; &nbsp; &nbsp; Acero giapponese (Acer Palmatum) - Acer palmatum, comunemente noto come acero giapponese, acero palmato o acero giapponese liscio (giapponese: irohamomiji, \u30a4\u30ed\u30cf\u30e2\u30df\u30b8, o Momiji, (\u6834), \u00e8 una specie di pianta legnosa originaria del Giappone, Corea, Cina , Mongolia orientale e Russia sud-orientale. <\/span><\/span><\/p>\n<p style=\"line-height: 1.5\"><span style=\"font-family: 'PingFang SC', 'Microsoft YaHei', sans-serif;font-size: 16px\"><span style=\"color: #000000\">&nbsp; &nbsp; &nbsp; Ligustro giapponese (Ligustrum Japonicum) - Ligustrum japonicum, noto come ligustro con foglie di cera o ligustro giapponese (giapponese: \u30cd\u30ba\u30df\u30e2\u30c1) \u00e8 una specie di Ligustrum (ligustro) originaria del Giappone centrale e meridionale (Honsh\u016b, Shikoku, Ky\u016bsh\u016b, Okinawa) e della Corea. . Ogni seme \u00e8 fresco e pronto a germogliare. Come sai, a volte le piantine hanno una brutta giornata, quindi includiamo degli extra!&nbsp;<\/span><\/span><\/p>\n<p style=\"line-height: 1.5\"><span style=\"font-family: 'PingFang SC', 'Microsoft YaHei', sans-serif\">&nbsp;<\/span><\/p>\n<p style=\"line-height: 1.5\"><span style=\"color: #000000;font-family: 'PingFang SC', 'Microsoft YaHei', sans-serif\">Tutto in uno, compresi gli accessori: Il kit per la crescita delle piante bonsai comprende: (4) fioriera resistente; (5) vassoio di raccolta; (4) segna piante in legno; (3) terriccio di torba; (1) confezione di fertilizzante per bonsai e (1) istruzioni. Vi forniamo anche la nostra guida digitale, in modo che non dobbiate cercare su Internet consigli e cure professionali.<\/span><\/p>\n<p style=\"line-height: 1.5\"><span style=\"color: #000000;font-family: 'PingFang SC', 'Microsoft YaHei', sans-serif\">Semi americani: I kit per il giardino indoor Homegrown sono prodotti negli Stati Uniti, con semi e torba non OGM e rifiniti con vasi resistenti. Si tratta di un regalo bellissimo, ma anche di un regalo perfetto per gli amanti delle piante, per chi ha a cuore il pianeta e per insegnare ai bambini la bellezza grezza della natura!<\/span><\/p>\n<p style=\"line-height: 1.5\"><span style=\"color: #000000;font-family: 'PingFang SC', 'Microsoft YaHei', sans-serif\">Un regalo premuroso: amate il set di piante di mini bonsai coltivate in casa con la sua incredibile bellezza, la decorazione colorata delle piante e la facilit\u00e0 d'uso, oppure vi sostituiremo l'intero kit di piante o vi rimborseremo ogni centesimo. Piantate i bonsai in casa o all'aperto (seguite la nostra guida) e vi innamorerete dei risultati. Provate subito!<\/span><\/p>\n<p style=\"line-height: 1.5\"><span style=\"color: #000000;font-family: 'PingFang SC', 'Microsoft YaHei', sans-serif\"><\/span><\/p>\n<p style=\"line-height: 1.5\"><span style=\"color: #000000;font-family: 'PingFang SC', 'Microsoft YaHei', sans-serif\">Siete stanchi delle vostre vecchie e noiose piante? Volete cambiare le cose e aggiungere un po' di zen alla vostra vita? Non cercate altro che le <strong><a href=\"https:\/\/www.garden-kit.com\/it\/product\/bonsai-tree-seed-starter-kit\/\">Kit iniziale di semi di alberi bonsai<\/a><\/strong>! Esatto, anche voi potete avere un piccolo albero che richiede ore di cure e attenzioni. Ma non preoccupatevi, con lo starter kit di semi di bonsai \u00e8 facilissimo! Seguite le istruzioni e avrete un mini capolavoro in pochissimo tempo. E se vi sentite davvero avventurosi, provate a modellare il vostro bonsai in un disegno unico, come una giraffa in miniatura o una piccola Torre Eiffel. Non solo il vostro nuovo bonsai porter\u00e0 un po' di verde necessario al vostro spazio, ma sar\u00e0 anche un argomento di conversazione. Immaginate le facce dei vostri ospiti quando vedranno il vostro albero in miniatura e chiederanno: \"\u00c8 un albero vero?\". Potrete rispondere con orgoglio: \"S\u00ec, \u00e8 vero. E l'ho coltivato io stesso con il mio kit di semi di bonsai\". E non dimentichiamo i benefici aggiuntivi di avere un bonsai. Avete bisogno di rilassarvi dopo una lunga giornata? Basta sedersi accanto al proprio piccolo albero e respirare le sue vibrazioni calmanti. Inoltre, prendersi cura del bonsai pu\u00f2 essere un ottimo modo per praticare la consapevolezza e vivere il momento presente. Quindi, cosa state aspettando? Procuratevi un kit di semi di bonsai e iniziate il vostro viaggio nel mondo degli alberi in miniatura. Chiss\u00e0, forse un giorno diventerete maestri bonsai e avrete un'intera foresta di piccoli alberi in casa vostra. Le possibilit\u00e0 sono infinite con lo starter kit di semi di bonsai!<\/span><\/p>\n<h3 style=\"font-size: 19px\">Precauzioni per l&#039;utilizzo del kit iniziale di semi di alberi bonsai<\/h3>\n<p>Ecco alcune precauzioni da tenere a mente quando si utilizza uno starter kit di semi di alberi bonsai:<\/p>\n<ol style=\"list-style-type: decimal\">\n<li>\n<p>Leggi attentamente le istruzioni prima di iniziare: assicurati di comprendere tutti i passaggi e i materiali necessari prima di iniziare a piantare.<\/p>\n<\/li>\n<li>\n<p>Usa il terreno e il contenitore giusti: gli alberi bonsai richiedono requisiti specifici di terreno e contenitore per prosperare. Assicurati di utilizzare il giusto tipo di terreno e contenitore consigliati per il tuo tipo specifico di albero bonsai.<\/p>\n<\/li>\n<li>\n<p>Evita l&#039;irrigazione eccessiva: l&#039;irrigazione eccessiva pu\u00f2 causare marciume radicale, che pu\u00f2 uccidere il tuo albero bonsai. Assicurati di seguire le istruzioni sulla frequenza di irrigazione e di non innaffiare il tuo albero troppo spesso.<\/p>\n<\/li>\n<li>\n<p>Fornire luce solare adeguata: gli alberi bonsai richiedono luce solare sufficiente per crescere e prosperare. Assicurati di posizionare il tuo albero in un&#039;area che riceva la quantit\u00e0 di luce solare consigliata in base al tipo specifico di albero bonsai.<\/p>\n<\/li>\n<li>\n<p>Sii paziente: coltivare un bonsai dal seme richiede tempo e pazienza. Non sentirti frustrato se non vedi risultati immediati. Segui le istruzioni e sii paziente con il processo.<\/p>\n<\/li>\n<\/ol>\n<h3 style=\"font-size: 19px\">Chi \u00e8 adatto per il kit iniziale di semi di alberi bonsai<\/h3>\n<p>Chiunque sia interessato alla coltivazione delle piante e voglia cimentarsi nella coltivazione di un albero bonsai, pu\u00f2 optare per un kit di semi per alberi bonsai. Questi kit sono spesso progettati per i principianti e possono essere un ottimo modo per iniziare a conoscere gli alberi bonsai e le loro esigenze di coltivazione uniche.<\/p>\n<p>Tuttavia, \u00e8 importante tenere presente che coltivare alberi bonsai richiede pazienza, attenzione ai dettagli e volont\u00e0 di imparare. Se non sei disposto a dedicare il tempo e gli sforzi necessari per prenderti cura del tuo albero bonsai, allora uno starter kit di semi di albero bonsai potrebbe non essere l&#039;opzione migliore per te.<\/p>\n<p>Inoltre, la coltivazione di alberi bonsai potrebbe non essere adatta a chi soffre di allergie o problemi respiratori, poich\u00e9 alcune persone potrebbero essere sensibili a determinati tipi di terreno, piante o fertilizzanti utilizzati nel processo.<\/p>\n<p>Nel complesso, chiunque sia disposto a imparare, paziente e impegnato nella cura del proprio albero bonsai pu\u00f2 trarre vantaggio dall&#039;utilizzo di uno starter kit di semi di albero bonsai.<\/p>\n<h3 style=\"font-size: 19px\">Caratteristiche del kit di semi di alberi bonsai<\/h3>\n<p>Uno starter kit di semi di alberi bonsai include in genere le seguenti caratteristiche:<\/p>\n<ol>\n<li>Semi: il kit comprende semi di un particolare tipo di specie di alberi bonsai.<\/li>\n<li>Terreno: il kit comprende terreno di alta qualit\u00e0 appositamente formulato per fornire i nutrienti necessari e il supporto per la crescita dell&#039;albero bonsai.<\/li>\n<li>Contenitore: il kit comprende un piccolo contenitore o vaso adatto alla coltivazione dell&#039;albero bonsai.<\/li>\n<li>Istruzioni: il kit viene fornito con istruzioni dettagliate che ti guidano attraverso il processo di piantagione e coltivazione dell&#039;albero bonsai.<\/li>\n<li>Strumenti: alcuni kit possono includere strumenti come cesoie da potatura, un piccolo rastrello e un annaffiatoio.<\/li>\n<li>Fertilizzante: alcuni kit possono includere anche una piccola quantit\u00e0 di fertilizzante per aiutare l&#039;albero bonsai a crescere forte e sano.<\/li>\n<li>Supporto: alcuni kit possono essere forniti con supporto continuo e consigli da parte del produttore o del venditore per aiutarti a prenderti cura del tuo albero bonsai mentre cresce.<\/li>\n<\/ol>\n<h3 style=\"font-size: 19px\">Il kit iniziale di semi di alberi bonsai pu\u00f2 essere coltivato all&#039;interno o all&#039;esterno?<\/h3>\n<p>Sia che a&nbsp;<a>Albero bonsai<\/a>&nbsp;coltivato da un kit iniziale di semi pu\u00f2 essere tenuto all&#039;interno o all&#039;esterno dipender\u00e0 dal tipo specifico di albero bonsai e dalle condizioni di crescita che richiede.<\/p>\n<p>Alcuni&nbsp;<a>Kit iniziale di semi di alberi bonsai<\/a>&nbsp;preferiscono essere coltivate all&#039;aperto in pieno sole, mentre altre possono essere tenute in casa con luce da moderata a intensa. Gli alberi bonsai da interno potrebbero richiedere ulteriori aggiunte&nbsp;<a>fonti di luce<\/a>, come le luci di coltivazione, per prosperare.<\/p>\n<p>\u00c8 importante ricercare il tipo specifico di albero bonsai che stai coltivando e le sue condizioni di crescita preferite. Alcuni bonsai possono richiedere un periodo di tempo all&#039;aperto per prosperare, mentre altri possono essere tenuti in casa tutto l&#039;anno.<\/p>\n<p>Inoltre, \u00e8 importante considerare il clima e&nbsp;<a>condizioni meteo<\/a>&nbsp;nella tua zona. I bonsai da esterno devono essere in grado di resistere alle condizioni meteorologiche locali, comprese le fluttuazioni di temperatura e umidit\u00e0, mentre i bonsai da interno possono richiedere cure aggiuntive per mantenere livelli di umidit\u00e0 adeguati.<\/p>\n<p>Nel complesso, se un albero bonsai cresciuto da un kit iniziale di semi pu\u00f2 essere tenuto all&#039;interno o all&#039;esterno dipender\u00e0 dal tipo specifico di albero e dalle condizioni di crescita che richiede. \u00c8 importante ricercare e comprendere le esigenze specifiche del tuo albero bonsai per garantirne la salute e la crescita.<\/p>\n<h3 style=\"font-size: 19px\">Quanto tempo impiega uno starter kit di semi di albero bonsai per crescere da un seme?<\/h3>\n<p>Il tempo necessario per a&nbsp;<a>Albero bonsai<\/a> Il kit iniziale di semi per crescere da un seme pu\u00f2 variare a seconda del tipo specifico di albero bonsai e delle condizioni di crescita. Generalmente possono essere necessari diversi anni affinch\u00e9 un bonsai raggiunga la maturit\u00e0 e sviluppi le caratteristiche desiderate.<\/p>\n<p>\u00c8 importante notare che coltivare un albero bonsai dal seme pu\u00f2 essere un processo lento e paziente e richiede cure e attenzioni costanti.&nbsp;<a>Alberi bonsai<\/a>&nbsp;richiedono potatura, modellatura e formazione regolari per ottenere l&#039;estetica desiderata.<\/p>\n<p>Alcuni&nbsp;<a>specie di alberi bonsai<\/a>&nbsp;potrebbe richiedere pi\u00f9 tempo per crescere rispetto ad altri. Ad esempio, a&nbsp;<a>Bonsai di pino nero giapponese<\/a>&nbsp;pu\u00f2 impiegare fino a 5-7 anni per crescere dal seme, mentre a&nbsp;<a>Bonsai di Olmo Cinese<\/a>&nbsp;potrebbero volerci 2-3 anni.<\/p>\n<p>\u00c8 importante ricercare il tipo specifico di albero bonsai che stai coltivando e il suo tasso di crescita previsto per capire quanto tempo potrebbe essere necessario per raggiungere la maturit\u00e0. Inoltre, \u00e8 importante fornire le condizioni di crescita adeguate, come terreno, luce e acqua adeguati, per garantire che l&#039;albero bonsai cresca e prosperi.<\/p>\n<h3 style=\"font-size: 19px\">Come ti prendi cura di uno starter kit di semi di alberi bonsai?<\/h3>\n<p>Prendersi cura di a&nbsp;<a>Albero bonsai<\/a>&nbsp;coltivato con uno starter kit di semi \u00e8 importante per garantirne la salute e la crescita. Ecco alcuni suggerimenti per prendersi cura di un bonsai coltivato con uno starter kit di semi:<\/p>\n<ol style=\"list-style-type: decimal\">\n<li>\n<p>Irrigazione:&nbsp;<a>Kit iniziale di semi di albero bonsai<\/a>&nbsp;richiedono annaffiature regolari, ma fai attenzione a non innaffiare o sott&#039;acqua l&#039;albero. Controllare frequentemente il terreno e innaffiare secondo necessit\u00e0.<\/p>\n<\/li>\n<li>\n<p>Terreno: gli alberi bonsai richiedono una miscela di terreno ben drenante che consenta una corretta circolazione dell&#039;acqua e dell&#039;aria. Utilizza una miscela di terreno adatta al tipo specifico di bonsai che stai coltivando.<\/p>\n<\/li>\n<li>\n<p>Luce: la maggior parte degli alberi bonsai richiede un&#039;adeguata luce solare per crescere, quindi posiziona l&#039;albero in un luogo che riceva luce solare adeguata per il tipo di albero specifico. Tuttavia, fai attenzione a non esporre l&#039;albero a troppa luce solare diretta, poich\u00e9 ci\u00f2 potrebbe causare scottature o seccare il fogliame.<\/p>\n<\/li>\n<li>\n<p>Temperatura: mantieni l&#039;albero bonsai in un luogo con una temperatura costante. Evitare di posizionare l&#039;albero in aree con temperature estreme o sbalzi di temperatura.<\/p>\n<\/li>\n<li>\n<p>Fertilizzante: il kit iniziale di semi di alberi bonsai richiede una fertilizzazione regolare per fornire i nutrienti necessari per la crescita. Utilizza un fertilizzante adatto al tipo specifico di bonsai che stai coltivando.<\/p>\n<\/li>\n<li>\n<p>Potatura: Man mano che l&#039;albero bonsai cresce, richiede una potatura regolare per mantenere la sua forma e favorire una crescita sana. Potare regolarmente l&#039;albero per rimuovere eventuali morti o&nbsp;<a>rami malati<\/a>, e per modellare l&#039;albero come desiderato.<\/p>\n<\/li>\n<li>\n<p>Rinvaso: gli alberi bonsai richiedono un rinvaso periodico per mantenere una crescita sana delle radici. Rinvasare l&#039;albero ogni 1-2 anni, o secondo necessit\u00e0, utilizzando una miscela di terreno adatta al tipo specifico di bonsai.<\/p>\n<\/li>\n<\/ol>\n<p>Seguendo questi suggerimenti, puoi prenderti cura di un albero bonsai coltivato con uno starter kit di semi e garantirne la salute e la crescita. \u00c8 importante ricercare il tipo specifico di albero bonsai che stai coltivando per ulteriori consigli sulla cura e seguire le istruzioni incluse nel kit iniziale di semi.<\/p>\n<div>\n<div>\n<div>\n<div>\n<div>\n<h3 style=\"font-size: 19px\">Lo starter kit di semi di alberi bonsai \u00e8 adatto ai bambini<\/h3>\n<\/div>\n<\/div>\n<\/div>\n<\/div>\n<\/div>\n<p>I semi di alberi bonsai possono essere adatti ai bambini, ma \u00e8 importante scegliere un kit adatto alla loro et\u00e0 e livello di abilit\u00e0. Alcuni kit di semi di alberi bonsai potrebbero essere pi\u00f9 complessi e richiedere pi\u00f9 cura e attenzione rispetto ad altri, il che potrebbe non essere adatto ai bambini pi\u00f9 piccoli.<\/p>\n<p>Tuttavia, sono disponibili molti kit iniziali di semi di alberi bonsai progettati specificamente per i bambini e facili da usare. Questi kit possono includere istruzioni pi\u00f9 semplici, alberi pi\u00f9 piccoli o piantine e possono perdonare maggiormente gli errori. Possono essere un ottimo modo per introdurre i bambini alle gioie del giardinaggio e insegnare loro l&#039;importanza di prendersi cura degli esseri viventi.<\/p>\n<p>Quando si sceglie a&nbsp;<a>seme dell&#039;albero dei bonsai<\/a>&nbsp;per i bambini, \u00e8 importante considerare la loro et\u00e0, livello di abilit\u00e0 e interesse per il giardinaggio. \u00c8 anche importante supervisionare i bambini durante il processo di semina e cura per garantire la loro sicurezza e la salute&nbsp;<a>Albero bonsai<\/a>. Complessivamente,&nbsp;<a>Starter kit di semi di alberi bonsai<\/a>&nbsp;pu\u00f2 essere un&#039;attivit\u00e0 divertente ed educativa per i bambini, ma \u00e8 importante scegliere un kit adatto alla loro et\u00e0 e al livello di abilit\u00e0.<\/p>","protected":false},"excerpt":{"rendered":"<p>Premium Bonsai Tree Starter Kit: 4 variet\u00e0 di semi: Acero giapponese, fico sacro, ligustro giapponese e Cotoneaster; coltivate i vostri alberi bonsai.<\/p>\n<p>Un kit di avviamento per semi di bonsai contiene in genere tutti i materiali necessari per far crescere e coltivare i bonsai da seme. Questi kit di solito includono un piccolo contenitore o vaso per piantare, terriccio, semi e talvolta fertilizzante, oltre alle istruzioni per la cura. I kit di semi di bonsai sono spesso progettati per i principianti e possono essere un ottimo modo per iniziare a coltivare i propri bonsai. Il kit di solito fornisce un tipo specifico di semi di bonsai, come l'acero giapponese, il pino o il ginepro, in modo da poter scegliere l'albero pi\u00f9 adatto alle proprie preferenze.<\/p><\/p>","protected":false},"featured_media":17928,"comment_status":"closed","ping_status":"closed","template":"","meta":[],"product_cat":[40],"product_tag":[48,42,102,103,46,725,721,722,724,723],"acf":[],"_links":{"self":[{"href":"https:\/\/www.garden-kit.com\/it\/wp-json\/wp\/v2\/product\/1444"}],"collection":[{"href":"https:\/\/www.garden-kit.com\/it\/wp-json\/wp\/v2\/product"}],"about":[{"href":"https:\/\/www.garden-kit.com\/it\/wp-json\/wp\/v2\/types\/product"}],"replies":[{"embeddable":true,"href":"https:\/\/www.garden-kit.com\/it\/wp-json\/wp\/v2\/comments?post=1444"}],"wp:featuredmedia":[{"embeddable":true,"href":"https:\/\/www.garden-kit.com\/it\/wp-json\/wp\/v2\/media\/17928"}],"wp:attachment":[{"href":"https:\/\/www.garden-kit.com\/it\/wp-json\/wp\/v2\/media?parent=1444"}],"wp:term":[{"taxonomy":"product_cat","embeddable":true,"href":"https:\/\/www.garden-kit.com\/it\/wp-json\/wp\/v2\/product_cat?post=1444"},{"taxonomy":"product_tag","embeddable":true,"href":"https:\/\/www.garden-kit.com\/it\/wp-json\/wp\/v2\/product_tag?post=1444"}],"curies":[{"name":"wp","href":"https:\/\/api.w.org\/{rel}","templated":true}]}}