{"id":1458,"date":"2022-08-23T23:35:33","date_gmt":"2022-08-23T15:35:33","guid":{"rendered":"http:\/\/www.garden-kit.com\/product\/bonsai-growing-kit\/"},"modified":"2023-11-24T11:54:31","modified_gmt":"2023-11-24T03:54:31","slug":"bonsai-growing-kit","status":"publish","type":"product","link":"https:\/\/www.garden-kit.com\/it\/product\/bonsai-growing-kit\/","title":{"rendered":"Kit per la coltivazione dei bonsai"},"content":{"rendered":"<h3 style=\"line-height: 1.5;font-size: 19px\"><span style=\"color: #000000;font-family: 'PingFang SC', 'Microsoft YaHei', sans-serif\"><strong><strong>Panoramica<\/strong><\/strong><\/span><\/h3>\n<table style=\"border-collapse: collapse;width: 100%\">\n<tbody>\n<tr>\n<td width=\"298\" style=\"line-height: 2\"><span style=\"color: #000000;font-family: 'PingFang SC', 'Microsoft YaHei', sans-serif\">Istruzioni per la cura del prodotto<\/span><\/td>\n<td width=\"298\" style=\"line-height: 2\"><span style=\"color: #000000;font-family: 'PingFang SC', 'Microsoft YaHei', sans-serif\">Disponibile<\/span><\/td>\n<\/tr>\n<tr>\n<td width=\"298\" style=\"line-height: 2\"><span style=\"color: #000000;font-family: 'PingFang SC', 'Microsoft YaHei', sans-serif\">Tipo di prodotto vegetale<\/span><\/td>\n<td width=\"298\" style=\"line-height: 2\"><span style=\"color: #000000;font-family: 'PingFang SC', 'Microsoft YaHei', sans-serif\">Albero bonsai<\/span><\/td>\n<\/tr>\n<tr>\n<td width=\"298\" style=\"line-height: 2\"><span style=\"color: #000000;font-family: 'PingFang SC', 'Microsoft YaHei', sans-serif\">Caratteristica speciale<\/span><\/td>\n<td width=\"298\" style=\"line-height: 2\"><span style=\"color: #000000;font-family: 'PingFang SC', 'Microsoft YaHei', sans-serif\">Coltivazione indoor-outdoor<\/span><\/td>\n<\/tr>\n<tr>\n<td width=\"298\" style=\"line-height: 2\"><span style=\"color: #000000;font-family: 'PingFang SC', 'Microsoft YaHei', sans-serif\">Marca<\/span><\/td>\n<td width=\"298\" style=\"line-height: 2\"><span style=\"color: #000000;font-family: 'PingFang SC', 'Microsoft YaHei', sans-serif\">Kit da giardino<\/span><\/td>\n<\/tr>\n<tr>\n<td width=\"298\" style=\"line-height: 2\"><span style=\"color: #000000;font-family: 'PingFang SC', 'Microsoft YaHei', sans-serif\">Luogo d&#039;origine<\/span><\/td>\n<td width=\"298\" style=\"line-height: 2\"><span style=\"color: #000000;font-family: 'PingFang SC', 'Microsoft YaHei', sans-serif\">Fujian, Cina<\/span><\/td>\n<\/tr>\n<tr>\n<td width=\"298\" style=\"line-height: 2\"><span style=\"color: #000000;font-family: 'PingFang SC', 'Microsoft YaHei', sans-serif\">ODM\/OEM<\/span><\/td>\n<td width=\"298\" style=\"line-height: 2\"><span style=\"color: #000000;font-family: 'PingFang SC', 'Microsoft YaHei', sans-serif\">Disponibile<\/span><\/td>\n<\/tr>\n<tr>\n<td width=\"298\" style=\"line-height: 2\"><span style=\"color: #000000;font-family: 'PingFang SC', 'Microsoft YaHei', sans-serif\">MOQ per ordine personalizzato<\/span><\/td>\n<td width=\"298\" style=\"line-height: 2\"><span style=\"color: #000000;font-family: 'PingFang SC', 'Microsoft YaHei', sans-serif\">3000 pezzi<\/span><\/td>\n<\/tr>\n<tr>\n<td width=\"298\" style=\"line-height: 2\"><span style=\"color: #000000;font-family: 'PingFang SC', 'Microsoft YaHei', sans-serif\">Costo del campione<\/span><\/td>\n<td width=\"298\" style=\"line-height: 2\"><span style=\"color: #000000;font-family: 'PingFang SC', 'Microsoft YaHei', sans-serif\">US$400\/Campione, reso completo dopo un nostro ordine<\/span><\/td>\n<\/tr>\n<\/tbody>\n<\/table>\n<p style=\"line-height: 1.5\"><span style=\"font-family: 'PingFang SC', 'Microsoft YaHei', sans-serif\">&nbsp;<\/span><\/p>\n<p style=\"line-height: 1.5\"><span style=\"color: #000000;font-family: 'PingFang SC', 'Microsoft YaHei', sans-serif\">Kit di coltivazione per bonsai da 18 pezzi: \u00c8 facile: noi eliminiamo le congetture sulla coltivazione di un bonsai dal seme, guidandovi in ogni fase del percorso. Tutto ci\u00f2 che serve per portare la gioia del bonsai nella vostra vita o in quella di una persona cara \u00e8 contenuto in una bellissima confezione regalo. Pianta!<\/span><\/p>\n<p style=\"line-height: 1.5\"><span style=\"font-family: 'PingFang SC', 'Microsoft YaHei', sans-serif\">&nbsp;<\/span><\/p>\n<h3 style=\"line-height: 1.5;font-size: 19px\"><span style=\"color: #000000;font-family: 'PingFang SC', 'Microsoft YaHei', sans-serif\"><strong><strong>Il kit comprende i seguenti articoli:<\/strong><\/strong><\/span><\/h3>\n<p style=\"line-height: 1.5\"><span style=\"color: #000000;font-family: 'PingFang SC', 'Microsoft YaHei', sans-serif\">4 vasi in ceramica con vaschette per l'acqua<\/span><\/p>\n<p style=\"line-height: 1.5\"><span style=\"color: #000000;font-family: 'PingFang SC', 'Microsoft YaHei', sans-serif\">4 pellet di terriccio preconcimato<\/span><\/p>\n<p style=\"line-height: 1.5\"><span style=\"color: #000000;font-family: 'PingFang SC', 'Microsoft YaHei', sans-serif\">4 pacchetti di semi salva freschezza<\/span><\/p>\n<p style=\"line-height: 1.5\"><span style=\"color: #000000;font-family: 'PingFang SC', 'Microsoft YaHei', sans-serif\">4 segnapiante in legno<\/span><\/p>\n<p style=\"line-height: 1.5\"><span style=\"color: #000000;font-family: 'PingFang SC', 'Microsoft YaHei', sans-serif\">1 pacchetto nutrizionale<\/span><\/p>\n<p style=\"line-height: 1.5\"><span style=\"color: #000000;font-family: 'PingFang SC', 'Microsoft YaHei', sans-serif\">1 istruzione passo-passo<\/span><\/p>\n<p style=\"line-height: 1.5\"><span style=\"color: #000000;font-family: 'PingFang SC', 'Microsoft YaHei', sans-serif\">Ottimo per i principianti - Piantate bellissimi alberi in miniatura con il kit bonsai per principianti di Homemade. Iniziate subito a imparare le basi. Immergetevi nelle complessit\u00e0 della rifinitura, del taglio e della fresatura in un secondo momento.<\/span><\/p>\n<p style=\"line-height: 1.5\"><span style=\"color: #000000;font-family: 'PingFang SC', 'Microsoft YaHei', sans-serif\">Che cos'\u00e8 un bonsai? Un bonsai non \u00e8 un singolo albero; \u00e8 un'arte ricca che pu\u00f2 aiutare a sviluppare la pazienza e l'apprezzamento per le piccole cose. Creare bonsai vivi \u00e8 una sfida gratificante.<\/span><\/p>\n<p style=\"line-height: 1.5\"><span style=\"color: #000000;font-family: 'PingFang SC', 'Microsoft YaHei', sans-serif\">Variet\u00e0 vivaci - Piantate 4 semi di vero bonsai e coltivate una foresta in miniatura piena di colori. Godetevi i verdi, i rossi e i viola del vostro bonsai. <strong><strong>Jacaranda blu, olmo cinese, cipresso di Hinoki e mirto di Crepe.<\/strong><\/strong><\/span><\/p>\n<p style=\"line-height: 1.5\"><span style=\"color: #000000;font-family: 'PingFang SC', 'Microsoft YaHei', sans-serif\">Guida alla coltivazione - Non iniziate il vostro viaggio nel giardinaggio indoor da soli. Fatevi aiutare da un esperto grazie alle dettagliate guide di coltivazione del kit per bonsai in formato cartaceo e digitale. Imparate a mantenere la vostra flora rigogliosa.<\/span><\/p>\n<p style=\"line-height: 1.5\"><span style=\"color: #000000;font-family: 'PingFang SC', 'Microsoft YaHei', sans-serif\">Native Hearts - Lasciate che vi aiutiamo a mettere i vostri pollici sul verde kit di semina bonsai progettato per giardinieri di tutti i livelli di abilit\u00e0. Il vostro pacchetto di semi di bonsai serve a sostenere la nostra dedizione alla vostra crescita come coltivatori.<\/span><\/p>\n<h3 style=\"font-size: 19px;line-height: 1.5\"><span style=\"font-family: 'PingFang SC', 'Microsoft YaHei', sans-serif\">Consigli di base per la semina in vaso<\/span><\/h3>\n<p style=\"line-height: 1.5\"><span style=\"font-family: 'PingFang SC', 'Microsoft YaHei', sans-serif\">1. Terreno del bacino<\/span><br \/><span style=\"font-family: 'PingFang SC', 'Microsoft YaHei', sans-serif\">Piantare fiori in vaso \u00e8 diverso dal piantare in terra, quindi dobbiamo usare il terriccio che forniamo per la piantagione. La fertilit\u00e0 pu\u00f2 apportare sostanze nutritive alle piante e, allo stesso tempo, la permeabilit\u00e0 all'aria \u00e8 buona perch\u00e9 le piante in vaso devono essere annaffiate frequentemente e ripetutamente per evitare che il flusso d'acqua faccia indurire il terriccio, compromettendo la crescita dell'apparato radicale, causando problemi o addirittura facendo appassire la pianta.<\/span><\/p>\n<p style=\"line-height: 1.5\"><span style=\"font-family: 'PingFang SC', 'Microsoft YaHei', sans-serif\">2. Irrigazione<\/span><br \/><span style=\"font-family: 'PingFang SC', 'Microsoft YaHei', sans-serif\">L'eccessiva irrigazione \u00e8 il tallone d'Achille di molti principianti. Hanno sempre la sensazione che le piante moriranno a causa della siccit\u00e0 e pensano sempre all'acqua, ma il terriccio \u00e8 bagnato tutto il giorno.<\/span><br \/><span style=\"font-family: 'PingFang SC', 'Microsoft YaHei', sans-serif\">Pensateci: vi capita spesso di vedere notizie di persone che bevono troppa acqua in una sola volta e finiscono per avvelenarsi?<\/span><br \/><span style=\"font-family: 'PingFang SC', 'Microsoft YaHei', sans-serif\">Lo stesso vale per le piante. Anche se l'acqua \u00e8 necessaria, non significa che debbano stare sempre in un ambiente umido. Anche l'apparato radicale delle piante ha bisogno di un ambiente asciutto e umido, che chiamiamo ciclo asciutto-bagnato.<\/span><br \/><span style=\"font-family: 'PingFang SC', 'Microsoft YaHei', sans-serif\">Quindi non innaffiatela a volont\u00e0, soprattutto sul balcone con scarsa ventilazione. Prima di annaffiare \u00e8 necessario attendere che i 2 cm sotto la superficie del terriccio del vaso si asciughino.<\/span><\/p>\n<p style=\"line-height: 1.5\"><span style=\"font-family: 'PingFang SC', 'Microsoft YaHei', sans-serif\">3. Fertilizzazione<\/span><\/p>\n<p style=\"line-height: 1.5\"><span style=\"font-family: 'PingFang SC', 'Microsoft YaHei', sans-serif\">Molte persone coltivano piante e non sanno come concimarle. Per i principianti, quando non si sa che tipo di fertilizzante si pu\u00f2 usare e che cosa non si pu\u00f2 usare, quando il pacchetto nutrizionale \u00e8 esaurito, vi insegner\u00f2 il trucco pi\u00f9 semplice: comprare letame di pollo fermentato o letame di pecora; \u00e8 sufficiente. Ha una nutrizione completa e non \u00e8 facile bruciare le piantine, quindi \u00e8 la scelta migliore per i principianti.<\/span><\/p>\n<p style=\"line-height: 1.5\"><span style=\"font-family: 'PingFang SC', 'Microsoft YaHei', sans-serif\">4. Illuminazione<\/span><br \/><span style=\"font-family: 'PingFang SC', 'Microsoft YaHei', sans-serif\">L'illuminazione sembra semplice, ma \u00e8 ovvio che la luce spesso influisce direttamente sulla vita e sulla morte delle piante.<\/span><br \/><span style=\"font-family: 'PingFang SC', 'Microsoft YaHei', sans-serif\">Alcune piante da interno tolleranti l'ombra non possono accettare la luce diretta del sole. Naturalmente, anche alcune piante amanti della luce si indeboliscono se non vengono esposte al sole per lungo tempo. Pertanto, la luce deve essere regolata in base alla sensibilit\u00e0 delle piante alla luce. Basta cercare le informazioni pertinenti sulla specie della pianta.<\/span><\/p>\n<p style=\"line-height: 1.5\"><span style=\"font-family: 'PingFang SC', 'Microsoft YaHei', sans-serif\">5. La ventilazione<\/span><\/p>\n<p style=\"line-height: 1.5\"><span style=\"font-family: 'PingFang SC', 'Microsoft YaHei', sans-serif\">Molti intendono la ventilazione come la ventilazione dell'ambiente. La ventilazione ambientale \u00e8 molto importante, ma lo \u00e8 anche la ventilazione interna dell'impianto.<\/span><br \/><span style=\"font-family: 'PingFang SC', 'Microsoft YaHei', sans-serif\">Sia che si tratti di scarsa ventilazione nell'ambiente che di scarsa ventilazione all'interno della pianta, \u00e8 facile che questa venga danneggiata da malattie e insetti, quindi \u00e8 necessario prestare attenzione alla ventilazione quando si coltivano le piante in vaso. Per la coltivazione in balcone, \u00e8 necessario aprire frequentemente le finestre per favorire la ventilazione, mentre per la coltivazione all'aperto \u00e8 necessario evitare di posizionare le piante in modo troppo fitto e prestare attenzione alla potatura dei rami troppo densi. Mantenere una buona ventilazione.<\/span><\/p>\n<p style=\"line-height: 1.5\"><span style=\"font-family: 'PingFang SC', 'Microsoft YaHei', sans-serif\">6. Controllo dei parassiti<\/span><br \/><span style=\"font-family: 'PingFang SC', 'Microsoft YaHei', sans-serif\">Anche la prevenzione e il controllo delle malattie e degli insetti nocivi sono molto importanti per la manutenzione delle piante in vaso. L'accento va posto sulla prevenzione delle malattie e degli insetti, e non si pu\u00f2 aspettare la comparsa di malattie e insetti per pensare a un trattamento. Una volta che le malattie o gli insetti si manifestano, l'impatto sulle piante \u00e8 irreversibile.<\/span><br \/><span style=\"font-family: 'PingFang SC', 'Microsoft YaHei', sans-serif\">Le piante in vaso coltivate all'aperto devono essere regolarmente prevenute con pesticidi a causa dell'insorgere di malattie e insetti nocivi. Per evitare l'uso di un minor numero di pesticidi, le piante in vaso possono essere diluite regolarmente con alcool o aceto per 500 volte per sterilizzarle e prevenire le malattie.<\/span><\/p>\n<p style=\"line-height: 1.5\"><span style=\"font-family: 'PingFang SC', 'Microsoft YaHei', sans-serif\">Nella stagione di alta incidenza degli insetti, pu\u00f2 essere diluito 200 volte con essenza di olio di vento e spruzzato sulle piante, svolgendo cos\u00ec il ruolo di respingere e uccidere gli insetti.<\/span><br \/><span style=\"font-family: 'PingFang SC', 'Microsoft YaHei', sans-serif\">Per i principianti che coltivano fiori, se sono in grado di padroneggiare i 6 punti di cui sopra, fondamentalmente non \u00e8 un problema nutrire le piante e farle crescere vigorosamente.<\/span><\/p>\n<p style=\"line-height: 1.5\"><span style=\"font-family: 'PingFang SC', 'Microsoft YaHei', sans-serif\">Informazioni su questo articolo<\/span><\/p>\n<p style=\"line-height: 1.5\"><span style=\"font-family: 'PingFang SC', 'Microsoft YaHei', sans-serif\">1, ottimo per i principianti - Coltivate bellissimi alberi in miniatura con il kit bonsai per principianti di Homegrown. Imparate subito le basi. Approfondite le complessit\u00e0 della potatura, della rifinitura e del cablaggio in un secondo momento.<\/span><\/p>\n<p style=\"line-height: 1.5\"><span style=\"font-family: 'PingFang SC', 'Microsoft YaHei', sans-serif\">2, Cos'\u00e8 il bonsai? - Il bonsai non \u00e8 una singola specie di albero; \u00e8 un'arte ricca che aiuta a sviluppare la pazienza e l'apprezzamento per le piccole cose. Creare bonsai vivi \u00e8 una sfida gratificante.<\/span><\/p>\n<p style=\"line-height: 1.5\"><span style=\"font-family: 'PingFang SC', 'Microsoft YaHei', sans-serif\">3. Variet\u00e0 vivaci - Piantate 4 tipi di semi di bonsai reali e coltivate una foresta in miniatura piena di colori. Godetevi i verdi, i rossi e i viola della jacaranda, dell'hinoki, dell'olmo cinese e del mirto crespo.<\/span><\/p>\n<p style=\"line-height: 1.5\"><span style=\"font-family: 'PingFang SC', 'Microsoft YaHei', sans-serif\">4, Guida alla coltivazione - Non iniziate il vostro viaggio nel giardinaggio indoor da soli. Fatevi assistere da un esperto grazie alla dettagliata guida alla coltivazione del vostro kit per bonsai, cartacea e digitale. Scoprite cosa serve per far fiorire la vostra flora.<\/span><\/p>\n<p style=\"line-height: 1.5\"><span style=\"font-family: 'PingFang SC', 'Microsoft YaHei', sans-serif\">5\u3001Homegrown Heart - Lasciate che vi aiutiamo a far diventare il vostro pollice verde con kit di coltivazione bonsai progettati per giardinieri di tutti i livelli. Il vostro kit di semi di bonsai \u00e8 supportato dalla nostra dedizione alla vostra crescita come coltivatori.<\/span><\/p>\n<h3 style=\"line-height: 1.5;font-size: 19px\"><span style=\"font-family: 'PingFang SC', 'Microsoft YaHei', sans-serif\"><strong>Informazioni sui semi che potete conoscere&nbsp;<\/strong><\/span><\/h3>\n<h3 style=\"line-height: 1.5;font-size: 19px\"><span style=\"font-family: 'PingFang SC', 'Microsoft YaHei', sans-serif\"><strong>Acero giapponese<\/strong>&nbsp;<\/span><\/h3>\n<p style=\"line-height: 1.5\"><span style=\"font-family: 'PingFang SC', 'Microsoft YaHei', sans-serif\">In realt\u00e0, l'acero rosso giapponese non \u00e8 un acero, cos\u00ec come il Podocarpus non \u00e8 un pino. Le parole che accompagnano il nome non rappresentano le sue caratteristiche. L'acero rosso giapponese ha un alto valore ornamentale e le sue foglie sono pi\u00f9 luminose di quelle dell'Acer palmatum. L'acero rosso giapponese ha molti estimatori nel mondo dei bonsai.<\/span><\/p>\n<p style=\"line-height: 1.5\"><span style=\"font-family: 'PingFang SC', 'Microsoft YaHei', sans-serif\">Le sue foglie sono bellissime. Giallo brillante all'inizio della primavera, giallo oro in primavera (marzo-giugno), giallo oro o rossastro in autunno (settembre-ottobre) e rosso brillante prima della caduta delle foglie.<\/span><\/p>\n<p style=\"line-height: 1.5\"><span style=\"font-family: 'PingFang SC', 'Microsoft YaHei', sans-serif\">Fico sacro&nbsp;<\/span><\/p>\n<p style=\"line-height: 1.5\"><span style=\"font-family: 'PingFang SC', 'Microsoft YaHei', sans-serif\">Ligustro giapponese<\/span><\/p>\n<p style=\"line-height: 1.5\"><span style=\"font-family: 'PingFang SC', 'Microsoft YaHei', sans-serif\">Cotoneaster<\/span><\/p>\n<\/p>\n<p>I kit per la coltivazione dei bonsai sono un modo fantastico per i principianti di iniziare a coltivare e curare i loro bonsai. Questi kit includono in genere gli strumenti essenziali, i semi o un giovane alberello, il terriccio, i vasi e le istruzioni per iniziare. Ecco cosa ci si pu\u00f2 aspettare di trovare in un kit di coltivazione bonsai:<\/p>\n<ul>\n<li>\n<p><strong>Semi o alberello di bonsai:<\/strong> Alcuni kit sono dotati di semi di variet\u00e0 di bonsai popolari come l'acero giapponese, il ginepro, il pino o il ciliegio in fiore. Altri possono includere un piccolo alberello gi\u00e0 cresciuto.<\/p>\n<\/li>\n<li>\n<p><strong>Vaso per bonsai:<\/strong> Di solito \u00e8 incluso un piccolo vaso appositamente progettato per la coltivazione dei bonsai. Questi vasi hanno spesso un buon drenaggio per evitare i ristagni d'acqua.<\/p>\n<\/li>\n<li>\n<p><strong>Terriccio per bonsai:<\/strong> Miscele di terriccio appositamente formulate che forniscono un drenaggio adeguato e sostanze nutritive adatte alla crescita dei bonsai.<\/p>\n<\/li>\n<li>\n<p><strong>Strumenti di base:<\/strong> I kit possono contenere alcuni strumenti fondamentali per i bonsai, come le forbici per la potatura, il filo di ferro per modellare, un rastrello e forse una piccola pala o una cazzuola.<\/p>\n<\/li>\n<li>\n<p><strong>Istruzioni o guida:<\/strong> Istruzioni dettagliate o una guida che spiega le basi della cura dei bonsai, tra cui l'annaffiatura, la potatura, il cablaggio e il rinvaso.<\/p>\n<\/li>\n<li>\n<p><strong>Fertilizzante:<\/strong> Alcuni kit possono includere una piccola quantit\u00e0 di fertilizzante specifico per bonsai per aiutare a nutrire l'albero.<\/p>\n<\/li>\n<\/ul>\n<p>Quando si sceglie un kit per la coltivazione di bonsai, bisogna considerare il tipo di albero che si desidera coltivare, il proprio livello di esperienza e la qualit\u00e0 degli strumenti e dei materiali inclusi. I kit possono variare molto in termini di prezzo e qualit\u00e0. Alcuni kit possono essere dedicati specificamente ai bonsai da interno, mentre altri si concentrano sulle variet\u00e0 da esterno.<\/p>\n<p>Tenete presente che la coltivazione di un bonsai \u00e8 un'impresa paziente e a lungo termine. Richiede cure regolari, pazienza e attenzione ai dettagli. Potrebbero essere necessari diversi anni per ottenere l'aspetto e lo stile desiderato per il vostro bonsai.<\/p>\n<p>Inoltre, se siete interessati a un approccio pi\u00f9 pratico, potete anche assemblare il vostro kit acquistando i singoli componenti separatamente, selezionando strumenti specifici e scegliendo il tipo di bonsai che desiderate coltivare.<\/p>\n<p>Ricordate di informarvi sui requisiti specifici delle specie arboree del vostro kit per garantirne la crescita e la salute.<\/p>","protected":false},"excerpt":{"rendered":"<p>Premium Bonsai Tree Starter Kit - 4 variet\u00e0 di semi - Acero giapponese, fico sacro, ligustro giapponese e Cotoneaster - Coltivate i vostri alberi bonsai Offriamo un servizio personalizzato; potete dirci le vostre esigenze<\/p>","protected":false},"featured_media":17440,"comment_status":"closed","ping_status":"closed","template":"","meta":[],"product_cat":[40],"product_tag":[48,104,42,103,112,108],"acf":[],"_links":{"self":[{"href":"https:\/\/www.garden-kit.com\/it\/wp-json\/wp\/v2\/product\/1458"}],"collection":[{"href":"https:\/\/www.garden-kit.com\/it\/wp-json\/wp\/v2\/product"}],"about":[{"href":"https:\/\/www.garden-kit.com\/it\/wp-json\/wp\/v2\/types\/product"}],"replies":[{"embeddable":true,"href":"https:\/\/www.garden-kit.com\/it\/wp-json\/wp\/v2\/comments?post=1458"}],"wp:featuredmedia":[{"embeddable":true,"href":"https:\/\/www.garden-kit.com\/it\/wp-json\/wp\/v2\/media\/17440"}],"wp:attachment":[{"href":"https:\/\/www.garden-kit.com\/it\/wp-json\/wp\/v2\/media?parent=1458"}],"wp:term":[{"taxonomy":"product_cat","embeddable":true,"href":"https:\/\/www.garden-kit.com\/it\/wp-json\/wp\/v2\/product_cat?post=1458"},{"taxonomy":"product_tag","embeddable":true,"href":"https:\/\/www.garden-kit.com\/it\/wp-json\/wp\/v2\/product_tag?post=1458"}],"curies":[{"name":"wp","href":"https:\/\/api.w.org\/{rel}","templated":true}]}}