{"id":1467,"date":"2022-08-23T23:36:38","date_gmt":"2022-08-23T15:36:38","guid":{"rendered":"http:\/\/www.garden-kit.com\/product\/easy-bonsai-starter-kit\/"},"modified":"2023-04-11T17:04:01","modified_gmt":"2023-04-11T09:04:01","slug":"easy-bonsai-starter-kit-2-2","status":"publish","type":"product","link":"https:\/\/www.garden-kit.com\/it\/product\/easy-bonsai-starter-kit-2-2\/","title":{"rendered":"Kit iniziale per bonsai facile"},"content":{"rendered":"<h3 style=\"font-size: 19px\"><span style=\"color: #000000;font-family: arial, helvetica, sans-serif\"><strong><strong>Panoramica<\/strong><\/strong><\/span><\/h3>\n<table style=\"border-collapse: collapse;width: 100%\">\n<tbody>\n<tr>\n<td width=\"298\"><span style=\"color: #000000;font-family: arial, helvetica, sans-serif\">Istruzioni per la cura del prodotto<\/span><\/td>\n<td width=\"298\"><span style=\"color: #000000;font-family: arial, helvetica, sans-serif\">Disponibile<\/span><\/td>\n<\/tr>\n<tr>\n<td width=\"298\"><span style=\"color: #000000;font-family: arial, helvetica, sans-serif\">Tipo di prodotto vegetale<\/span><\/td>\n<td width=\"298\"><span style=\"color: #000000;font-family: arial, helvetica, sans-serif\">Albero bonsai<\/span><\/td>\n<\/tr>\n<tr>\n<td width=\"298\"><span style=\"color: #000000;font-family: arial, helvetica, sans-serif\">Caratteristica speciale<\/span><\/td>\n<td width=\"298\"><span style=\"color: #000000;font-family: arial, helvetica, sans-serif\">Coltivazione indoor-outdoor<\/span><\/td>\n<\/tr>\n<tr>\n<td width=\"298\"><span style=\"color: #000000;font-family: arial, helvetica, sans-serif\">Marca<\/span><\/td>\n<td width=\"298\"><span style=\"color: #000000;font-family: arial, helvetica, sans-serif\">Kit da giardino<\/span><\/td>\n<\/tr>\n<tr>\n<td width=\"298\"><span style=\"color: #000000;font-family: arial, helvetica, sans-serif\">Luogo d&#039;origine<\/span><\/td>\n<td width=\"298\"><span style=\"color: #000000;font-family: arial, helvetica, sans-serif\">Fujian, Cina<\/span><\/td>\n<\/tr>\n<tr>\n<td width=\"298\"><span style=\"color: #000000;font-family: arial, helvetica, sans-serif\">ODM\/OEM<\/span><\/td>\n<td width=\"298\"><span style=\"color: #000000;font-family: arial, helvetica, sans-serif\">Disponibile<\/span><\/td>\n<\/tr>\n<tr>\n<td width=\"298\"><span style=\"color: #000000;font-family: arial, helvetica, sans-serif\">MOQ per ordine personalizzato<\/span><\/td>\n<td width=\"298\"><span style=\"color: #000000;font-family: arial, helvetica, sans-serif\">3000 pezzi<\/span><\/td>\n<\/tr>\n<tr>\n<td width=\"298\"><span style=\"color: #000000;font-family: arial, helvetica, sans-serif\">Costo del campione<\/span><\/td>\n<td width=\"298\"><span style=\"color: #000000;font-family: arial, helvetica, sans-serif\">US$400\/Campione, reso completo dopo un nostro ordine<\/span><\/td>\n<\/tr>\n<\/tbody>\n<\/table>\n<p>&nbsp;<\/p>\n<p><span style=\"color: #000000;font-family: arial, helvetica, sans-serif\">Kit di coltivazione per bonsai da 32 pezzi: \u00c8 facile: noi eliminiamo le congetture sulla coltivazione di un bonsai dal seme, guidandovi in ogni fase del percorso. Tutto ci\u00f2 che serve per portare la gioia del bonsai nella vostra vita o in quella di una persona cara, in una splendida confezione regalo in legno. Piantate pure!<\/span><\/p>\n<p>&nbsp;<\/p>\n<h3 style=\"font-size: 19px\"><span style=\"color: #000000;font-family: arial, helvetica, sans-serif\"><strong><strong>Nel kit sono inclusi i seguenti articoli.<\/strong><\/strong><\/span><\/h3>\n<p><span style=\"color: #000000;font-family: arial, helvetica, sans-serif\">5 vasi di iuta - Vasi in cotone e iuta intrecciati a mano quasi naturali<\/span><\/p>\n<p><span style=\"color: #000000;font-family: arial, helvetica, sans-serif\">5 pellet di terriccio pre-fertilizzato - Utilizzati come terriccio, principalmente per il giardinaggio domestico, sono disponibili in diversi pesi e dimensioni. Immergere o aggiungere acqua finch\u00e9 il disco pressato non si espande fino a raggiungere il volume desiderato.&nbsp;<\/span><\/p>\n<p><span style=\"color: #000000;font-family: arial, helvetica, sans-serif\">5 pacchetti di semi freschi - Sono confezionati sottovuoto e possono garantire una barriera d'aria di 100%, che pu\u00f2 aumentare notevolmente la durata e il tasso di germinazione dei semi.&nbsp;<\/span><\/p>\n<p><span style=\"color: #000000;font-family: arial, helvetica, sans-serif\">5 segnapiante - \u00c8 realizzato con materiali ecologici 100%.<\/span><\/p>\n<p><span style=\"color: #000000;font-family: arial, helvetica, sans-serif\">3 attrezzi da giardinaggio - Sono pronti per voi quando dovete piantare i bonsai dai semi. E anche per trapiantare le piantine di bonsai da fioriere pi\u00f9 grandi.<\/span><\/p>\n<p><span style=\"color: #000000;font-family: arial, helvetica, sans-serif\">1 pinzetta - Questa \u00e8 pronta per quando dovrete raccogliere i semi dalle bustine.<\/span><\/p>\n<p><span style=\"color: #000000;font-family: arial, helvetica, sans-serif\">1 cesoia per rifilare - Questa \u00e8 pronta per rifilare una buona forma per il vostro bel bonsai.<\/span><\/p>\n<p><span style=\"color: #000000;font-family: arial, helvetica, sans-serif\">1 istruzioni passo-passo - Con questo libro di istruzioni troverete le risposte su come coltivare il vostro bel bonsai.<\/span><\/p>\n<p>&nbsp;<\/p>\n<p><span style=\"color: #000000;font-family: arial, helvetica, sans-serif\">Un kit completo per la creazione di bonsai - Il kit per bonsai fai-da-te di Garden Kit contiene tutto il necessario per coltivare il proprio mini albero speciale.<\/span><\/p>\n<p><span style=\"color: #000000;font-family: arial, helvetica, sans-serif\">5 Tipi di semi di bonsai - Albero della felce (Jacaranda), abete rosso del Colorado (Picea Pungens Glauca San Juan), abete nero (Picea Mariana), albero della fiamma (Delonix Regia).<\/span><\/p>\n<p><span style=\"font-family: arial, helvetica, sans-serif\"><img decoding=\"async\" src=\"https:\/\/data.adwebcloud.com\/public\/material\/2206293ihquj\/product\/imageFile_1663664041276.jpg\" alt=\"tavolo\" width=\"100%\" title=\"\"><\/span><\/p>\n<p><span style=\"font-family: arial, helvetica, sans-serif\">Un regalo insolito: coltivare in casa \u00e8 un vero piacere! I kit bonsai sono un ottimo regalo per ogni occasione: compleanni, festa della mamma, Natale e altro ancora. Adatto a donne e uomini<\/span><\/p>\n<p><span style=\"font-family: arial, helvetica, sans-serif\">Facile da coltivare - la germinazione dei bonsai pu\u00f2 essere una sfida. Sebbene i nostri semi abbiano un alto tasso di germinazione, abbiamo aggiunto dei semi extra per aumentare le possibilit\u00e0 di successo.<\/span><\/p>\n<h3 style=\"font-size: 19px\"><span style=\"font-family: arial, helvetica, sans-serif\"><strong><span style=\"font-size: 24px\"><span style=\"font-size: 18px\">Attenzione<\/span> - Offriamo un lavoro professionale su misura per voi, abbiamo servito centinaia di rivenditori<\/span><\/strong><\/span><\/h3>\n<h3 style=\"font-size: 19px\"><span style=\"color: #000000;font-family: arial, helvetica, sans-serif\"><strong>TUTTO CI\u00d2 CHE SERVE IN UN KIT INIZIALE<\/strong><\/span><\/h3>\n<h3 style=\"font-size: 19px\"><span style=\"font-family: arial, helvetica, sans-serif\">IL KIT DI ATTREZZI PER BONSAI<\/span><\/h3>\n<p><span style=\"font-family: arial, helvetica, sans-serif\">Gli strumenti speciali di alta qualit\u00e0 per il giardinaggio bonsai includono:<\/span><\/p>\n<ul>\n<li style=\"list-style-type: disc\"><span style=\"font-family: arial, helvetica, sans-serif\">Vanga<\/span><\/li>\n<li style=\"list-style-type: disc\"><span style=\"font-family: arial, helvetica, sans-serif\">Pala per la semina<\/span><\/li>\n<li style=\"list-style-type: disc\"><span style=\"font-family: arial, helvetica, sans-serif\">Forcella<\/span><\/li>\n<li style=\"list-style-type: disc\"><span style=\"font-family: arial, helvetica, sans-serif\">Forbici da potatura<\/span><\/li>\n<li style=\"list-style-type: disc\"><span style=\"font-family: arial, helvetica, sans-serif\">Pinzette<\/span><\/li>\n<\/ul>\n<h3 style=\"font-size: 19px\"><span style=\"font-family: arial, helvetica, sans-serif\">SEMI<\/span><\/h3>\n<p><span style=\"font-family: arial, helvetica, sans-serif\">5 variet\u00e0 di semi di bonsai per coltivare 5 piante diverse. I semi vengono consegnati in fiale a prova di umidit\u00e0 per garantire la massima germinazione.<\/span><\/p>\n<h3 style=\"font-size: 19px\"><span style=\"font-family: arial, helvetica, sans-serif\">FIORIERE IN IUTA<\/span><\/h3>\n<p><span style=\"font-family: arial, helvetica, sans-serif\">5 Le fioriere di iuta facilitano la semina e il successivo trapianto in vaso.<\/span><\/p>\n<p><span style=\"font-family: arial, helvetica, sans-serif\">Una volta che i semi sono germogliati e hanno raggiunto qualche centimetro di altezza, potete semplicemente piantarli insieme alle fioriere di iuta nei loro vasi permanenti.<\/span><\/p>\n<h3 style=\"font-size: 19px\"><span style=\"font-family: arial, helvetica, sans-serif\">DISCHI DI TERRA ESPANDIBILI PER LA SEMINA<\/span><\/h3>\n<p><span style=\"font-family: arial, helvetica, sans-serif\">Il modo pi\u00f9 semplice ed efficiente per coltivare i bonsai \u00e8 quello di partire dai semi.<\/span><\/p>\n<p><span style=\"font-family: arial, helvetica, sans-serif\">Seguite le semplici istruzioni e godetevi i risultati che si ottengono.<\/span><\/p>\n<p><span style=\"font-family: arial, helvetica, sans-serif\">Questo sistema, insieme alle fioriere di iuta, consente un trapianto senza urti nel contenitore o nel vaso.<\/span><\/p>\n<h3 style=\"font-size: 19px\"><span style=\"font-family: arial, helvetica, sans-serif\">MARCATORI DI PIANTE<\/span><\/h3>\n<p><span style=\"font-family: arial, helvetica, sans-serif\">5 Etichette delle piante attraenti e di facile lettura, per sapere sempre quali semi sono stati piantati e dove.<\/span><\/p>\n<p><span style=\"font-family: arial, helvetica, sans-serif\">Le dimensioni sono perfette per le piante e non occupano troppo spazio nel vaso, lasciando ai semi un ampio spazio per germogliare.<\/span><\/p>\n<p><span style=\"font-family: arial, helvetica, sans-serif\">Quando l'etichetta di design a forma di T viene inserita nel terreno, non danneggia le radici della pianta.<\/span><\/p>\n<h3 style=\"font-size: 19px\"><span style=\"font-family: arial, helvetica, sans-serif\">LA SCATOLA DI LEGNO<\/span><\/h3>\n<p><span style=\"font-family: arial, helvetica, sans-serif\">Questa scatola utile e molto estetica rende l'intero kit un regalo perfetto. Non \u00e8 solo bella, \u00e8 anche utile. \u00c8 stata progettata per contenere le fioriere di iuta durante la germinazione dei semi e, in seguito, quando li trasferirete nella loro sede definitiva, potrete utilizzare la scatola per tutti i tipi di scopi in casa vostra.<\/span><\/p><\/p>","protected":false},"excerpt":{"rendered":"<p>Alberi bonsai giapponesi unici, kit completo per coltivare piante da interno con semi, strumenti e fioriere bonsai - Regali di giardinaggio per donne e uomini<\/p>","protected":false},"featured_media":13946,"comment_status":"closed","ping_status":"closed","template":"","meta":[],"product_cat":[40],"product_tag":[104,41,49,105,169,106],"acf":[],"_links":{"self":[{"href":"https:\/\/www.garden-kit.com\/it\/wp-json\/wp\/v2\/product\/1467"}],"collection":[{"href":"https:\/\/www.garden-kit.com\/it\/wp-json\/wp\/v2\/product"}],"about":[{"href":"https:\/\/www.garden-kit.com\/it\/wp-json\/wp\/v2\/types\/product"}],"replies":[{"embeddable":true,"href":"https:\/\/www.garden-kit.com\/it\/wp-json\/wp\/v2\/comments?post=1467"}],"wp:featuredmedia":[{"embeddable":true,"href":"https:\/\/www.garden-kit.com\/it\/wp-json\/wp\/v2\/media\/13946"}],"wp:attachment":[{"href":"https:\/\/www.garden-kit.com\/it\/wp-json\/wp\/v2\/media?parent=1467"}],"wp:term":[{"taxonomy":"product_cat","embeddable":true,"href":"https:\/\/www.garden-kit.com\/it\/wp-json\/wp\/v2\/product_cat?post=1467"},{"taxonomy":"product_tag","embeddable":true,"href":"https:\/\/www.garden-kit.com\/it\/wp-json\/wp\/v2\/product_tag?post=1467"}],"curies":[{"name":"wp","href":"https:\/\/api.w.org\/{rel}","templated":true}]}}