{"id":1485,"date":"2022-08-23T23:38:19","date_gmt":"2022-08-23T15:38:19","guid":{"rendered":"http:\/\/www.garden-kit.com\/product\/herb-garden-growing-kit\/"},"modified":"2023-04-03T11:37:14","modified_gmt":"2023-04-03T03:37:14","slug":"herb-garden-growing-kit","status":"publish","type":"product","link":"https:\/\/www.garden-kit.com\/it\/product\/herb-garden-growing-kit\/","title":{"rendered":"Kit per coltivare erbe aromatiche"},"content":{"rendered":"<p style=\"font-size: 16px\"><span style=\"font-family: arial, helvetica, sans-serif\">Kit per la coltivazione delle erbe aromatiche \u2013 Kit completo \u2013 Coltiva facilmente 4 erbe da interno dai semi (basilico, coriandolo, erba cipollina e prezzemolo) e guida completa \u2013 Regali unici per il giardinaggio per donne e uomini: kit iniziale per piante Piante di vaniglia, questo tipo di pianta ha una fragranza unica , e solitamente ha la funzione di condire, produrre spezie o estrarre oli essenziali.<\/span><br \/><span style=\"font-family: arial, helvetica, sans-serif\">Rispetto ai fiori si possono ammirare e mangiare e sono pratici. Rispetto alle verdure, sono belle e facili da curare e sono pi\u00f9 adatte alla semina domestica. Le piante aromatiche sono molto apprezzate anche all&#039;estero. Molte famiglie pianteranno alcuni vasi di erbe aromatiche nelle cucine luminose. Durante la cottura, basta staccare due foglie e gettarle nella pentola per cucinare cibi deliziosi.<\/span><\/p>\n<h3 style=\"font-size: 19px\"><span style=\"font-family: arial, helvetica, sans-serif\">Panoramica<\/span><\/h3>\n<table>\n<tbody>\n<tr>\n<td width=\"298\">\n<p style=\"font-size: 16px\">Istruzioni per la cura del prodotto<\/p>\n<\/td>\n<td width=\"298\">\n<p style=\"font-size: 16px\">Disponibile<\/p>\n<\/td>\n<\/tr>\n<tr>\n<td width=\"298\">\n<p style=\"font-size: 16px\">Tipo di prodotto vegetale<\/p>\n<\/td>\n<td width=\"298\">\n<p style=\"font-size: 16px\">Erbe aromatiche<\/p>\n<\/td>\n<\/tr>\n<tr>\n<td width=\"298\">\n<p style=\"font-size: 16px\">Caratteristica speciale<\/p>\n<\/td>\n<td width=\"298\">\n<p style=\"font-size: 16px\">Coltivazione indoor-outdoor<\/p>\n<\/td>\n<\/tr>\n<tr>\n<td width=\"298\">\n<p style=\"font-size: 16px\">Marca<\/p>\n<\/td>\n<td width=\"298\">\n<p style=\"font-size: 16px\">Kit da giardino<\/p>\n<\/td>\n<\/tr>\n<tr>\n<td width=\"298\">\n<p style=\"font-size: 16px\">Luogo d&#039;origine<\/p>\n<\/td>\n<td width=\"298\">\n<p style=\"font-size: 16px\">Fujian, Cina<\/p>\n<\/td>\n<\/tr>\n<tr>\n<td width=\"298\">\n<p style=\"font-size: 16px\">ODM\/OEM<\/p>\n<\/td>\n<td width=\"298\">\n<p style=\"font-size: 16px\">Disponibile<\/p>\n<\/td>\n<\/tr>\n<tr>\n<td width=\"298\">\n<p style=\"font-size: 16px\">MOQ per ordine personalizzato<\/p>\n<\/td>\n<td width=\"298\">\n<p style=\"font-size: 16px\">3000 pezzi<\/p>\n<\/td>\n<\/tr>\n<tr>\n<td width=\"298\">\n<p style=\"font-size: 16px\">Costo del campione<\/p>\n<\/td>\n<td width=\"298\">\n<p style=\"font-size: 16px\">US$400\/Campione, restituzione completa dopo l&#039;ordine da parte nostra<\/p>\n<\/td>\n<\/tr>\n<\/tbody>\n<\/table>\n<p style=\"font-size: 16px;line-height: 1.5\"><span style=\"font-family: arial, helvetica, sans-serif\">Starter kit preparato per erbe da interni da 18 pezzi: tutto ci\u00f2 di cui hai bisogno per portare la gioia di coltivare erbe aromatiche nella tua vita o in quella di una persona cara. \u00c8 semplice: le nostre ipotesi sulla coltivazione delle erbe dai semi ti guidano in ogni fase del percorso. Piantala! <\/span><br \/><span style=\"font-family: arial, helvetica, sans-serif\">Nel kit sono inclusi i seguenti articoli. 4 vasi in fibra di bamb\u00f9 4 contenitori per terreno pre-fertilizzato 4 pacchetti di semi salva-freschezza 4 indicatori per piante di bamb\u00f9 1 misuratore di umidit\u00e0 1 guida passo passo per la semina 1 confezione regalo personalizzata Pot It: 4 vasi riutilizzabili \u2013 della giusta dimensione per le piantine, con ampio drenaggio e vaschette raccogligocce innovative. Salva e riutilizza. Piantagione: 4 confezioni di semi premium - 4 erbe diverse: basilico, prezzemolo, erba cipollina e coriandolo. Tutti i semi sono testati per i pi\u00f9 alti tassi di germinazione. Nutrilo: 4 dischi di terreno ricchi di sostanze nutritive: aggiungi acqua e si gonfieranno fino a 6-8 volte la loro dimensione originale. Pre-fertilizzare. Misuratore di umidit\u00e0: mai piante sopra o sott&#039;acqua! Scopri ora di quanta acqua hanno bisogno le tue piante. Segnalo: 4 pennarelli in bamb\u00f9: i pennarelli ti aiutano a identificare le tue piantine mentre crescono. Asso! :Come usare: ti guidiamo passo dopo passo in modo che tu possa coltivare erbe favolose. Pianta il tuo percorso di gioia: lo adoro o sarai rimborsato! Se incontri difficolt\u00e0 con qualsiasi aspetto del processo, non esitare a contattarci. Ci impegniamo ad aiutarti finch\u00e9 non otterrai i risultati desiderati.<\/span><\/p>\n<h3 style=\"font-size: 19px\"><span style=\"font-family: arial, helvetica, sans-serif\">Basilico:<\/span><\/h3>\n<p style=\"font-size: 16px\"><span style=\"font-family: arial, helvetica, sans-serif;font-size: 16px\">Periodo di fioritura: da luglio a ottobre<\/span><br \/><span style=\"font-family: arial, helvetica, sans-serif;font-size: 16px\">Categoria: erba biennale<\/span><br \/><span style=\"font-family: arial, helvetica, sans-serif;font-size: 16px\">Famiglia: Lamiaceae<\/span><br \/><span style=\"font-family: arial, helvetica, sans-serif;font-size: 16px\">Abitudini: mi piacciono i posti caldi e soleggiati, il terreno deve essere fertile e sotto i 20 gradi \u00e8 difficile germinare<\/span><br \/><span style=\"font-family: arial, helvetica, sans-serif;font-size: 16px\">Resistenza al freddo: debole<\/span><br \/><span style=\"font-family: arial, helvetica, sans-serif;font-size: 16px\">Altezza della pianta: 50~80 cm<\/span><br \/><span style=\"font-family: arial, helvetica, sans-serif;font-size: 16px\">Propagazione: semina (appartiene a semi di medie dimensioni, pu\u00f2 essere seminata con blocchi di piantine o vassoi con fori, 2 semi per buca o trasmissione viva), talee<\/span><br \/><span style=\"font-family: arial, helvetica, sans-serif;font-size: 16px\">Temperatura adatta per la germinazione: 20~30 gradi<\/span><br \/><span style=\"font-family: arial, helvetica, sans-serif;font-size: 16px\">Tempo di germinazione: 5~10 giorni<\/span><br \/><span style=\"font-family: arial, helvetica, sans-serif;font-size: 16px\">Temperatura adatta per la crescita: 20~35 gradi<\/span><\/p>\n<p style=\"font-size: 16px;line-height: 1.5\"><span style=\"font-family: arial, helvetica, sans-serif\">Tre condizioni essenziali per la germinazione dei semi: temperatura, luce e umidit\u00e0<\/span><br \/><span style=\"font-family: arial, helvetica, sans-serif\">Temperatura: In generale, la temperatura di germinazione dei semi di vaniglia \u00e8 compresa tra 20 e 30 gradi, a seconda della specie. Ad esempio, la temperatura di germinazione della lavanda \u00e8 di 28-30 gradi. Per la menta pu\u00f2 essere a 20-25 gradi.<\/span><br \/><span style=\"font-family: arial, helvetica, sans-serif\">Illuminazione: in base ai requisiti di luce per la germinazione dei semi, \u00e8 divisa in tre tipi: buona luce, luce avversa alla luce e luce simultanea. Una buona luce significa che i semi devono essere esposti alla luce per la germinazione, mentre una luce avversa significa che i semi devono essere coperti per la germinazione. In condizioni di germinazione e fotofobia, la germinazione dei semi non ha requisiti rigorosi sulla luce. Le erbe comuni sono generalmente semi fotofobici. Cio\u00e8 i semi non hanno bisogno della luce per germogliare.<\/span><br \/><span style=\"font-family: arial, helvetica, sans-serif\">Umidit\u00e0: durante il processo di germinazione, i semi devono avere acqua sufficiente per completare l&#039;intero processo di germinazione.<\/span><\/p>\n<h3 style=\"font-size: 19px;line-height: 1.5\"><span style=\"font-family: arial, helvetica, sans-serif\">Gestione post-semina:<\/span><\/h3>\n<p style=\"font-size: 16px;line-height: 1.5\"><span style=\"font-family: arial, helvetica, sans-serif\">Per la semina, la scatola dei semi deve essere posizionata in un luogo fresco, senza luce solare diretta. La scatola pu\u00f2 essere coperta con un panno di vetro o di plastica e poi aperta dopo la germinazione dei semi. I semi che necessitano di germogliare al buio possono essere coperti con uno strato di stoffa nera o di giornale. L&#039;irrigazione deve essere effettuata con estrema cura per non dilavare via i semi.<\/span><\/p><\/p>","protected":false},"excerpt":{"rendered":"<p>Kit per la coltivazione delle erbe aromatiche \u2013 Kit completo \u2013 Coltiva facilmente 4 erbe aromatiche da interno dai semi (basilico, coriandolo, erba cipollina e prezzemolo) e guida completa \u2013 Regali unici per il giardinaggio per donne e uomini: kit iniziale per piante<\/p>","protected":false},"featured_media":13349,"comment_status":"open","ping_status":"closed","template":"","meta":[],"product_cat":[50],"product_tag":[183,52,179,176,568,181,178],"acf":[],"_links":{"self":[{"href":"https:\/\/www.garden-kit.com\/it\/wp-json\/wp\/v2\/product\/1485"}],"collection":[{"href":"https:\/\/www.garden-kit.com\/it\/wp-json\/wp\/v2\/product"}],"about":[{"href":"https:\/\/www.garden-kit.com\/it\/wp-json\/wp\/v2\/types\/product"}],"replies":[{"embeddable":true,"href":"https:\/\/www.garden-kit.com\/it\/wp-json\/wp\/v2\/comments?post=1485"}],"wp:featuredmedia":[{"embeddable":true,"href":"https:\/\/www.garden-kit.com\/it\/wp-json\/wp\/v2\/media\/13349"}],"wp:attachment":[{"href":"https:\/\/www.garden-kit.com\/it\/wp-json\/wp\/v2\/media?parent=1485"}],"wp:term":[{"taxonomy":"product_cat","embeddable":true,"href":"https:\/\/www.garden-kit.com\/it\/wp-json\/wp\/v2\/product_cat?post=1485"},{"taxonomy":"product_tag","embeddable":true,"href":"https:\/\/www.garden-kit.com\/it\/wp-json\/wp\/v2\/product_tag?post=1485"}],"curies":[{"name":"wp","href":"https:\/\/api.w.org\/{rel}","templated":true}]}}