{"id":14887,"date":"2023-05-09T11:37:38","date_gmt":"2023-05-09T03:37:38","guid":{"rendered":"https:\/\/www.garden-kit.com\/product\/plantable-mothers-day-card\/"},"modified":"2024-03-07T10:17:14","modified_gmt":"2024-03-07T02:17:14","slug":"plantable-mothers-day-card","status":"publish","type":"product","link":"https:\/\/www.garden-kit.com\/it\/product\/plantable-mothers-day-card\/","title":{"rendered":"Biglietto per la Festa della Mamma piantabile"},"content":{"rendered":"<p>La Festa della Mamma \u00e8 un'occasione speciale per celebrare l'amore e la cura che le madri offrono ai loro figli. Mentre onoriamo le nostre mamme in questo giorno, \u00e8 importante considerare l'impatto che i nostri regali hanno sull'ambiente. I regali tradizionali, come cioccolatini, fiori e biglietti, sono spesso confezionati con materiali non biodegradabili che finiscono nelle discariche, inquinando il nostro pianeta. I regali ecologici sono un ottimo modo per dimostrare l'amore per le nostre mamme e allo stesso tempo avere un impatto positivo sull'ambiente.<\/p>\n<p>Un biglietto per la festa della mamma piantabile \u00e8 un biglietto d'auguri speciale che non solo esprime benedizioni alle madri, ma permette loro di percepire la bellezza della vita e della crescita attraverso la coltivazione di piante. Ecco i passaggi per realizzare un biglietto di auguri per la Festa della Mamma piantabile:<\/p>\n<ol>\n<li>Preparare i materiali. I materiali da preparare comprendono carta biodegradabile, semi di piante, colori, pennelli, acqua, forbici, ecc.<\/li>\n<li>Realizzare il biglietto d'auguri. Per disegnare il biglietto d'auguri potete utilizzare il metodo che preferite, come l'origami, il taglio della carta, lo scarabocchio, ecc. \u00c8 importante notare che la carta deve essere fatta di materiale biodegradabile, in modo che possa essere decomposta naturalmente dopo la semina.<\/li>\n<li>Preparare la carta dei semi. Mescolate semi di piante e carta biodegradabile e mescolate bene con un frullatore o un bastoncino, aggiungendo una piccola quantit\u00e0 d'acqua per inumidire il composto. Poi mettete il composto su una superficie piana ad asciugare. Una volta asciutto, si possono usare le forbici per tagliarlo in formato biglietto d'auguri.<\/li>\n<li>Creare carta da seme colorata. Si possono aggiungere diversi colori di vernice all'impasto per creare biglietti colorati per la festa della mamma.<\/li>\n<li>Scrivere un messaggio di auguri. Scrivete un messaggio di benedizione per vostra madre sul biglietto d'auguri per farle sentire il vostro amore e la vostra attenzione.<\/li>\n<li>Piantare la carta da seme. Mettete la carta da semina fatta nel terreno, innaffiatela con la giusta quantit\u00e0 d'acqua, mettetela in un luogo soleggiato e aspettate che la pianta cresca.<\/li>\n<\/ol>\n<p>In conclusione, un biglietto d'auguri per la festa della mamma piantabile \u00e8 un regalo unico che non solo esprime la vostra benedizione a vostra madre, ma le permette anche di sentire il vostro amore e la vostra cura durante la sua vita e la sua crescita.<\/p>\n<h3 style=\"font-size: 19px\">Che tipo di piante posso coltivare con un biglietto per la festa della mamma piantabile?<\/h3>\n<p>I biglietti per la festa della mamma possono essere piantati con una variet\u00e0 di piante diverse, di solito con il tipo di semi incluso segnato sul biglietto.<\/p>\n<p>Le piante pi\u00f9 comuni sono i girasoli, l'aster, il larkspur, la salvia, ecc. Semi diversi richiedono condizioni e tempi di crescita diversi, quindi \u00e8 necessario leggere attentamente le istruzioni per la semina riportate sul biglietto d'auguri prima di piantare. Alcuni semi hanno bisogno di un ambiente soleggiato, mentre altri devono crescere in un ambiente semi-ombreggiato e semi-soleggiato. Nel complesso, le piante coltivate con il biglietto di auguri per la festa della mamma possono sensibilizzare alla tutela dell'ambiente e all'equilibrio ecologico.<\/p>\n<h3 style=\"font-size: 19px\">Caratteristiche del biglietto per la festa della mamma piantabile<\/h3>\n<p>La caratteristica dei biglietti per la festa della mamma piantabili \u00e8 che possono essere resi pi\u00f9 significativi e vivaci grazie alla coltivazione di piante. Rispetto ai tradizionali biglietti per la festa della mamma, i biglietti per la festa della mamma piantabili hanno le seguenti caratteristiche:<\/p>\n<ol>\n<li>Sostenibili per l'ambiente: I biglietti per la festa della mamma piantabili utilizzano carta biodegradabile e semi di piante, che non inquinano l'ambiente e favoriscono la fertilit\u00e0 del suolo, rendendoli sostenibili.<\/li>\n<li>Vivace e interessante: I biglietti per la festa della mamma non solo possono trasmettere benedizioni e gratitudine, ma permettono anche alle madri di sentire la crescita e la vitalit\u00e0 delle piante piantandole, aumentando la vivacit\u00e0 e il divertimento dei biglietti.<\/li>\n<li>Valore commemorativo: Il biglietto d'auguri per la Festa della Mamma Plantable non \u00e8 solo un biglietto d'auguri, ma anche un souvenir per conservare e ricordare l'amore e la cura, in modo che le persone possano sentirne il valore anche nella loro vita futura.<\/li>\n<\/ol>\n<p>In breve, il biglietto per la festa della mamma piantabile \u00e8 un biglietto d'auguri ecosostenibile, vivace e interessante con valore commemorativo, che permette alle persone di esprimere il loro amore e le loro benedizioni alle madri piantando piante, e di sentire la bellezza della vita nel processo di crescita delle piante.<\/p>\n<h3 style=\"font-size: 19px\">FAQ<\/h3>\n<p>D: Come si coltiva una pianta?<\/p>\n<p>R: Inserite il biglietto d'auguri nel terreno, annaffiatelo adeguatamente e posizionatelo all'interno o all'esterno in un luogo soleggiato. Innaffiate quotidianamente e mantenete il terreno umido, a seconda delle esigenze di crescita dei semi, e le piccole piante cresceranno di solito nel giro di qualche settimana o qualche mese. Il metodo di semina esatto deve essere determinato dal tipo di pianta e dall'ambiente di coltivazione.<\/p>\n<p>D: Che tipo di piante possono crescere dai semi dei biglietti d'auguri?<\/p>\n<p>R: I semi sui biglietti d'auguri variano a seconda della specie, quelli pi\u00f9 comuni sono il girasole, il larkspur, l'aster, ecc. I biglietti d'auguri sono solitamente etichettati con la variet\u00e0 di semi e le modalit\u00e0 di piantagione.<\/p>\n<p>D: Qual \u00e8 la durata di conservazione del biglietto per la festa della mamma plantable?<\/p>\n<p>R: I biglietti di auguri per la festa della mamma che possono essere piantati durano in genere da pochi mesi a un anno, a seconda del materiale del biglietto e del metodo di conservazione.<\/p>\n<p>D: Posso piantarli direttamente sulla scheda?<\/p>\n<p>R: Alcuni biglietti di auguri contengono gi\u00e0 semi e fertilizzante e possono essere piantati direttamente. Tuttavia, se il biglietto di auguri non \u00e8 etichettato come adatto alla semina, si consiglia di strapparlo in piccoli pezzi prima di piantarlo nel terreno per una migliore crescita della pianta.<\/p>\n<p>D: I biglietti d'auguri per la festa della mamma possono essere piantati pi\u00f9 di una volta?<\/p>\n<p>R: Alcuni biglietti d'auguri per la festa della mamma possono essere piantati pi\u00f9 volte, ma altri possono essere piantati solo una volta a causa della variet\u00e0 e della qualit\u00e0 dei semi, ecc. La possibilit\u00e0 o meno di piantare pi\u00f9 volte deve essere determinata dal metodo di piantagione indicato sul biglietto d'auguri.<\/p>\n<h3 style=\"list-style-type: revert;font-size: 19px\">Come scegliere il biglietto per la festa della mamma pi\u00f9 adatto alle piante<\/h3>\n<p style=\"list-style-type: revert\">Scegliere il giusto biglietto di auguri per la festa della mamma pu\u00f2 essere un compito scoraggiante, poich\u00e9 ci sono molte opzioni tra cui scegliere. Ecco alcuni suggerimenti per aiutarvi a scegliere il biglietto perfetto per la vostra mamma:<\/p>\n<h3><span style=\"font-size: 16px\">1. Considerare il design:<\/span><\/h3>\n<p style=\"list-style-type: revert\">Le cartoline plantabili sono disponibili in una variet\u00e0 di disegni e stili. Considerate i gusti e la personalit\u00e0 della vostra mamma quando scegliete il biglietto perfetto.<\/p>\n<h3 style=\"list-style-type: revert\"><span style=\"font-size: 16px\">2. Controllare i semi:<\/span><\/h3>\n<p style=\"list-style-type: revert\">Assicuratevi che la scheda contenga semi adatti al clima e alle condizioni di coltivazione della vostra mamma.<\/p>\n<h3 style=\"list-style-type: revert\"><span style=\"font-size: 16px\">3. Leggere le istruzioni:<\/span><\/h3>\n<p style=\"list-style-type: revert\">Assicuratevi di leggere attentamente le istruzioni prima di piantare la pianta. Alcune piante possono richiedere cure o condizioni di impianto particolari.<\/p>\n<h3 style=\"list-style-type: revert;font-size: 19px\">Consigli per la semina e la cura dei semi<\/h3>\n<p style=\"list-style-type: revert\">Piantare e curare i semi del vostro biglietto per la festa della mamma \u00e8 facile e divertente. Ecco alcuni consigli per iniziare:<\/p>\n<h3 style=\"list-style-type: revert\"><span style=\"font-size: 16px\">1. Scegliere il terreno giusto:<\/span><\/h3>\n<p style=\"list-style-type: revert\">Assicuratevi di scegliere un terriccio adatto al tipo di semi contenuti nella scheda. Seguite le istruzioni riportate sulla scheda per ottenere i migliori risultati.<\/p>\n<h3 style=\"list-style-type: revert\"><span style=\"font-size: 16px\">2. Piantare la carta:<\/span><\/h3>\n<p style=\"list-style-type: revert\">Posizionate il cartoncino sopra il terreno e ricopritelo con un sottile strato di terra. Innaffiare leggermente il terreno.<\/p>\n<h3 style=\"list-style-type: revert\"><span style=\"font-size: 16px\">3. Cura delle piante:<\/span><\/h3>\n<p style=\"list-style-type: revert\">Assicuratevi di annaffiare regolarmente le piante e di fornire loro una luce solare adeguata. Seguite le istruzioni riportate sulla scheda per ottenere i migliori risultati.<\/p>\n<h3 style=\"list-style-type: revert;font-size: 19px\">Biglietto di auguri per la festa della mamma fai da te - Guida passo dopo passo<\/h3>\n<p style=\"list-style-type: revert\">Se volete realizzare da soli un biglietto per la festa della mamma piantabile, ecco una guida passo passo:<\/p>\n<h3 style=\"list-style-type: revert\"><span style=\"font-size: 16px\">Fase 1: raccogliere i materiali<\/span><\/h3>\n<p style=\"list-style-type: revert\">Vi serviranno carta riciclata, semi, un frullatore, un tagliabiscotti e un mattarello.<\/p>\n<h3 style=\"list-style-type: revert\"><span style=\"font-size: 16px\">Fase 2: sfumare la carta<\/span><\/h3>\n<p style=\"list-style-type: revert\">Frullare la carta con un frullatore fino a ottenere una poltiglia fine.<\/p>\n<h3 style=\"list-style-type: revert\"><span style=\"font-size: 16px\">Fase 3: Aggiungere i semi<\/span><\/h3>\n<p style=\"list-style-type: revert\">Aggiungere i semi alla polpa e mescolare bene.<\/p>\n<h3 style=\"list-style-type: revert\"><span style=\"font-size: 16px\">Fase 4: modellare la polpa<\/span><\/h3>\n<p style=\"list-style-type: revert\">Disporre la polpa su una superficie piana e utilizzare un tagliabiscotti per darle forma. Utilizzare un mattarello per appiattire la polpa.<\/p>\n<h3 style=\"list-style-type: revert\"><span style=\"font-size: 16px\">Fase 5: Asciugare il cartoncino<\/span><\/h3>\n<p style=\"list-style-type: revert\">Lasciare asciugare il cartoncino per 24 ore.<\/p>\n<h3 style=\"list-style-type: revert\"><span style=\"font-size: 16px\">Passo 6: scrivere un messaggio<\/span><\/h3>\n<p style=\"list-style-type: revert\">Scrivete un messaggio alla vostra mamma sul biglietto.<\/p>\n<h3 style=\"list-style-type: revert\"><span style=\"font-size: 16px\">Fase 7: Piantare la carta<\/span><\/h3>\n<p style=\"list-style-type: revert\">Piantate la tessera nel terreno e annaffiatela leggermente.<\/p>\n<h3 style=\"list-style-type: revert;font-size: 19px\">Conclusione<\/h3>\n<p style=\"list-style-type: revert\">I biglietti plantabili per la festa della mamma sono un regalo unico ed ecologico, perfetto per chi vuole dimostrare il proprio amore per la mamma e allo stesso tempo avere un impatto positivo sull'ambiente. I biglietti plantabili sono sostenibili, biodegradabili e disponibili in una variet\u00e0 di disegni e stili. Inoltre, offrono ai bambini un'opportunit\u00e0 educativa per imparare l'importanza della sostenibilit\u00e0 e della cura dell'ambiente. Sia che acquistiate una cartolina piantabile o che ne facciate una voi stessi, \u00e8 un regalo perfetto che la vostra mamma conserver\u00e0 per gli anni a venire.<\/p><\/p>","protected":false},"excerpt":{"rendered":"<p>Festeggia la Festa della Mamma in modo unico ed ecologico con il nostro biglietto piantabile per la festa della mamma! Realizzata in carta riciclata di alta qualit\u00e0 con semi di fiori di campo incastonati, questa carta pu\u00f2 essere piantata dopo l&#039;uso per far crescere un bellissimo mazzo di fiori. Con un messaggio premuroso stampato sul davanti, questo biglietto non \u00e8 solo un gesto sentito ma anche sostenibile. Mostra il tuo amore per tua madre e per il pianeta con il nostro biglietto piantabile per la festa della mamma.<\/p><\/p>","protected":false},"featured_media":17888,"comment_status":"open","ping_status":"closed","template":"","meta":[],"product_cat":[67],"product_tag":[678,856,683,684,648,679,680,685,681,682],"acf":[],"_links":{"self":[{"href":"https:\/\/www.garden-kit.com\/it\/wp-json\/wp\/v2\/product\/14887"}],"collection":[{"href":"https:\/\/www.garden-kit.com\/it\/wp-json\/wp\/v2\/product"}],"about":[{"href":"https:\/\/www.garden-kit.com\/it\/wp-json\/wp\/v2\/types\/product"}],"replies":[{"embeddable":true,"href":"https:\/\/www.garden-kit.com\/it\/wp-json\/wp\/v2\/comments?post=14887"}],"wp:featuredmedia":[{"embeddable":true,"href":"https:\/\/www.garden-kit.com\/it\/wp-json\/wp\/v2\/media\/17888"}],"wp:attachment":[{"href":"https:\/\/www.garden-kit.com\/it\/wp-json\/wp\/v2\/media?parent=14887"}],"wp:term":[{"taxonomy":"product_cat","embeddable":true,"href":"https:\/\/www.garden-kit.com\/it\/wp-json\/wp\/v2\/product_cat?post=14887"},{"taxonomy":"product_tag","embeddable":true,"href":"https:\/\/www.garden-kit.com\/it\/wp-json\/wp\/v2\/product_tag?post=14887"}],"curies":[{"name":"wp","href":"https:\/\/api.w.org\/{rel}","templated":true}]}}