{"id":1507,"date":"2022-08-23T23:41:02","date_gmt":"2022-08-23T15:41:02","guid":{"rendered":"http:\/\/www.garden-kit.com\/product\/indoor-herb-garden-starter-kit\/"},"modified":"2023-04-03T11:35:52","modified_gmt":"2023-04-03T03:35:52","slug":"indoor-herb-garden-starter-kit-2","status":"publish","type":"product","link":"https:\/\/www.garden-kit.com\/it\/product\/indoor-herb-garden-starter-kit-2\/","title":{"rendered":"Kit iniziale per giardino di erbe aromatiche da interni"},"content":{"rendered":"<h3 style=\"line-height: 1.5;font-size: 19px\"><span style=\"font-family: arial, helvetica, sans-serif;font-size: 16px\">Panoramica<\/span><\/h3>\n<table style=\"border-collapse: collapse;width: 100%;height: 248px\">\n<tbody>\n<tr style=\"height: 30.8438px\">\n<td style=\"width: 49.4196%;height: 30.8438px\" width=\"298\"><span style=\"font-family: arial, helvetica, sans-serif;font-size: 16px\">Istruzioni per la cura del prodotto<\/span><\/td>\n<td style=\"width: 49.4196%;height: 30.8438px\" width=\"298\"><span style=\"font-family: arial, helvetica, sans-serif;font-size: 16px\">Disponibile<\/span><\/td>\n<\/tr>\n<tr style=\"height: 30.8438px\">\n<td style=\"width: 49.4196%;height: 30.8438px\" width=\"298\"><span style=\"font-family: arial, helvetica, sans-serif;font-size: 16px\">Tipo di prodotto vegetale<\/span><\/td>\n<td style=\"width: 49.4196%;height: 30.8438px\" width=\"298\"><span style=\"font-family: arial, helvetica, sans-serif;font-size: 16px\">Erbe aromatiche<\/span><\/td>\n<\/tr>\n<tr style=\"height: 30.8438px\">\n<td style=\"width: 49.4196%;height: 30.8438px\" width=\"298\"><span style=\"font-family: arial, helvetica, sans-serif;font-size: 16px\">Caratteristica speciale<\/span><\/td>\n<td style=\"width: 49.4196%;height: 30.8438px\" width=\"298\"><span style=\"font-family: arial, helvetica, sans-serif;font-size: 16px\">Coltivazione indoor-outdoor<\/span><\/td>\n<\/tr>\n<tr style=\"height: 30.8438px\">\n<td style=\"width: 49.4196%;height: 30.8438px\" width=\"298\"><span style=\"font-family: arial, helvetica, sans-serif;font-size: 16px\">Marca<\/span><\/td>\n<td style=\"width: 49.4196%;height: 30.8438px\" width=\"298\"><span style=\"font-family: arial, helvetica, sans-serif;font-size: 16px\">Kit da giardino<\/span><\/td>\n<\/tr>\n<tr style=\"height: 30.8438px\">\n<td style=\"width: 49.4196%;height: 30.8438px\" width=\"298\"><span style=\"font-family: arial, helvetica, sans-serif;font-size: 16px\">Luogo d&#039;origine<\/span><\/td>\n<td style=\"width: 49.4196%;height: 30.8438px\" width=\"298\"><span style=\"font-family: arial, helvetica, sans-serif;font-size: 16px\">Fujian, Cina<\/span><\/td>\n<\/tr>\n<tr style=\"height: 30.8438px\">\n<td style=\"width: 49.4196%;height: 30.8438px\" width=\"298\"><span style=\"font-family: arial, helvetica, sans-serif;font-size: 16px\">ODM\/OEM<\/span><\/td>\n<td style=\"width: 49.4196%;height: 30.8438px\" width=\"298\"><span style=\"font-family: arial, helvetica, sans-serif;font-size: 16px\">Disponibile<\/span><\/td>\n<\/tr>\n<tr style=\"height: 30.8438px\">\n<td style=\"width: 49.4196%;height: 30.8438px\" width=\"298\"><span style=\"font-family: arial, helvetica, sans-serif;font-size: 16px\">MOQ per ordine personalizzato<\/span><\/td>\n<td style=\"width: 49.4196%;height: 30.8438px\" width=\"298\"><span style=\"font-family: arial, helvetica, sans-serif;font-size: 16px\">3000 pezzi<\/span><\/td>\n<\/tr>\n<tr style=\"height: 32.0938px\">\n<td style=\"width: 49.4196%;height: 32.0938px\" width=\"298\"><span style=\"font-family: arial, helvetica, sans-serif;font-size: 16px\">Costo del campione<\/span><\/td>\n<td style=\"width: 49.4196%;height: 32.0938px\" width=\"298\"><span style=\"font-family: arial, helvetica, sans-serif;font-size: 16px\">US$400\/Campione, restituzione completa dopo l&#039;ordine da parte nostra<\/span><\/td>\n<\/tr>\n<\/tbody>\n<\/table>\n<p style=\"line-height: 1.5\">&nbsp;<\/p>\n<p style=\"line-height: 1.5\"><span style=\"font-family: arial, helvetica, sans-serif;font-size: 16px\">Starter kit preparato per erbe da interni da 18 pezzi: tutto ci\u00f2 di cui hai bisogno per portare la gioia di coltivare erbe aromatiche nella tua vita o in quella di una persona cara. \u00c8 semplice: le nostre ipotesi sulla coltivazione delle erbe dai semi ti guidano in ogni fase del percorso. Piantala!<\/span><\/p>\n<p style=\"line-height: 1.5\">&nbsp;<\/p>\n<p style=\"line-height: 1.5\"><span style=\"font-family: arial, helvetica, sans-serif;font-size: 16px\">Nel kit sono inclusi i seguenti articoli.<\/span><\/p>\n<p style=\"line-height: 1.5\"><span style=\"font-family: arial, helvetica, sans-serif;font-size: 16px\">4 bustine di semi per piante da interno,<\/span><\/p>\n<p style=\"line-height: 1.5\"><span style=\"font-family: arial, helvetica, sans-serif;font-size: 16px\">1 cesoia da giardinaggio,<\/span><\/p>\n<p style=\"line-height: 1.5\"><span style=\"font-family: arial, helvetica, sans-serif;font-size: 16px\">4 sacchi di iuta per la coltivazione,<\/span><\/p>\n<p style=\"line-height: 1.5\"><span style=\"font-family: arial, helvetica, sans-serif;font-size: 16px\">4 dischi di terriccio,<\/span><\/p>\n<p style=\"line-height: 1.5\"><span style=\"font-family: arial, helvetica, sans-serif;font-size: 16px\">4 segnapiante in bamb\u00f9,<\/span><\/p>\n<p style=\"line-height: 1.5\"><span style=\"font-family: arial, helvetica, sans-serif;font-size: 16px\">1 cassetta di legno per fioriere<\/span><\/p>\n<p style=\"line-height: 1.5\">&nbsp;<\/p>\n<p style=\"line-height: 1.5\"><span style=\"font-family: arial, helvetica, sans-serif;font-size: 16px\">Coltivate il vostro orto di erbe aromatiche: Godetevi i sapori freschi del coriandolo, del prezzemolo italiano a foglia larga, del timo inglese e del basilico genovese, direttamente dal vostro orto al vostro piatto! Sia che abbiate appena piantato la vostra prima pianta di menta o che siate gi\u00e0 esperti di giardinaggio indoor, i nostri kit per l'orto di erbe aromatiche contengono semi di alta qualit\u00e0 appena raccolti per far crescere il vostro orto di erbe aromatiche indoor.<\/span><\/p>\n<p style=\"line-height: 1.5\">&nbsp;<\/p>\n<p style=\"line-height: 1.5\"><span style=\"font-family: arial, helvetica, sans-serif;font-size: 16px\">Tutto il necessario per il vostro orto di erbe aromatiche da davanzale: Il nostro kit di partenza per il giardino di erbe aromatiche da interno contiene gi\u00e0 tutto il materiale necessario per iniziare, comprese istruzioni dettagliate, 4 confezioni di semi di piante d'appartamento, cesoie da giardino, 4 sacchetti per la coltivazione in burla, 4 vaschette per il terriccio, 4 segnapiante in bamb\u00f9 e una scatola di legno che funge da fioriera. Nessun viaggio extra al vivaio!<\/span><\/p>\n<p style=\"line-height: 1.5\">&nbsp;<\/p>\n<p style=\"line-height: 1.5\"><span style=\"font-family: arial, helvetica, sans-serif;font-size: 16px\">Supporto alla crescita da parte di esperti: Siamo andati oltre quando si tratta di supporto. Il nostro Starter Kit per il giardino di erbe aromatiche viene fornito con un team di esperti di giardinaggio e giardinieri per rispondere alle domande, un bot di aiuto al coltivatore che lavora tramite FB Messenger, una comunit\u00e0 privata di coltivatori su FB per un ulteriore aiuto da parte di altri clienti e i nostri Suggerimenti per il giardiniere, istruzioni dettagliate e video didattici. Non state solo acquistando un kit di erbe per interni: state ricevendo una guida per il vostro viaggio nel giardinaggio!<\/span><\/p>\n<p style=\"line-height: 1.5\">&nbsp;<\/p>\n<p style=\"line-height: 1.5\"><span style=\"font-family: arial, helvetica, sans-serif;font-size: 16px\">Regali unici per pollici verdi e giardinieri alle prime armi: I nostri kit di erbe aromatiche sono perfetti come regali per la casa, kit per la crescita delle piante per bambini, regali per i cuochi e per chi ama cucinare, regali per le donne, regali per il giardinaggio o per chiunque voglia coltivare erbe aromatiche per il giardinaggio indoor Un regalo per gli amanti delle piante! Qualunque sia l'occasione, questo set di erbe aromatiche \u00e8 un'ottima aggiunta a qualsiasi cucina, davanzale o patio. \u00c8 anche possibile trasferire le piante gi\u00e0 coltivate da un kit di erbe da interno a un giardino domestico esterno!<\/span><\/p>\n<p style=\"line-height: 1.5\">&nbsp;<\/p>\n<p style=\"line-height: 1.5\"><span style=\"font-family: arial, helvetica, sans-serif;font-size: 16px\">Sempre coltivati in Cina: Il nostro obiettivo \u00e8 quello di rendere accessibile a tutti l'arte di coltivare le piante in modo semplice e facile. Auguriamo che il vostro viaggio nel giardinaggio indoor sia un successo! I nostri semi di erbe, non OGM, sono sempre coltivati e testati in Cina.<\/span><\/p><\/p>","protected":false},"excerpt":{"rendered":"<p>Cimelio di famiglia, semi di erbe non OGM - Semi di basilico, timo, prezzemolo, coriandolo, terriccio, vasi, forbici - Kit di coltivazione fai-da-te per coltivare erbe aromatiche in interni, cucina, balcone, davanzale<\/p>","protected":false},"featured_media":13342,"comment_status":"open","ping_status":"closed","template":"","meta":[],"product_cat":[50],"product_tag":[183,179,181,55,178],"acf":[],"_links":{"self":[{"href":"https:\/\/www.garden-kit.com\/it\/wp-json\/wp\/v2\/product\/1507"}],"collection":[{"href":"https:\/\/www.garden-kit.com\/it\/wp-json\/wp\/v2\/product"}],"about":[{"href":"https:\/\/www.garden-kit.com\/it\/wp-json\/wp\/v2\/types\/product"}],"replies":[{"embeddable":true,"href":"https:\/\/www.garden-kit.com\/it\/wp-json\/wp\/v2\/comments?post=1507"}],"wp:featuredmedia":[{"embeddable":true,"href":"https:\/\/www.garden-kit.com\/it\/wp-json\/wp\/v2\/media\/13342"}],"wp:attachment":[{"href":"https:\/\/www.garden-kit.com\/it\/wp-json\/wp\/v2\/media?parent=1507"}],"wp:term":[{"taxonomy":"product_cat","embeddable":true,"href":"https:\/\/www.garden-kit.com\/it\/wp-json\/wp\/v2\/product_cat?post=1507"},{"taxonomy":"product_tag","embeddable":true,"href":"https:\/\/www.garden-kit.com\/it\/wp-json\/wp\/v2\/product_tag?post=1507"}],"curies":[{"name":"wp","href":"https:\/\/api.w.org\/{rel}","templated":true}]}}