{"id":1526,"date":"2022-08-23T23:42:28","date_gmt":"2022-08-23T15:42:28","guid":{"rendered":"http:\/\/www.garden-kit.com\/product\/indoor-herb-gardening-kit\/"},"modified":"2023-11-04T22:25:51","modified_gmt":"2023-11-04T14:25:51","slug":"indoor-herb-gardening-kit","status":"publish","type":"product","link":"https:\/\/www.garden-kit.com\/it\/product\/indoor-herb-gardening-kit\/","title":{"rendered":"Kit per giardinaggio di erbe aromatiche da interno"},"content":{"rendered":"<h2>Kit per giardinaggio di erbe aromatiche da interno<\/h2>\n<p style=\"font-size: 16px; line-height: 1.5;\">Le piante di erbe aromatiche possono emanare un sapore unico, come il basilico, la menta, la lavanda e cos\u00ec via. I nostri kit per la coltivazione di erbe aromatiche contengono un'ampia variet\u00e0 di semi di erbe e possono essere piantati in casa in qualsiasi momento; non \u00e8 necessario avere il pollice verde perch\u00e9, all'interno del kit, sono contenute le piantine necessarie, sempre pi\u00f9 persone amano coltivare le piante di erbe aromatiche in casa, non solo possono purificare l'aria interna, ma hanno anche l'effetto di rinfrescare e rivitalizzare il cervello, il che \u00e8 molto vantaggioso per la salute della famiglia. Allo stesso tempo, la maggior parte delle piante aromatiche ha un piccolo effetto fresco, che pu\u00f2 vestire la casa in pochi minuti. Alcune erbe possono essere utilizzate in cucina per aggiungere sapore ai vostri piatti!<\/p>\n<h3 style=\"font-size: 19px; line-height: 1.5;\"><span style=\"font-family: arial, helvetica, sans-serif; font-size: 16px;\">Panoramica<\/span><\/h3>\n<table style=\"border-collapse: collapse; width: 100%;\">\n<tbody>\n<tr>\n<td style=\"width: 50%; line-height: 1.5;\" width=\"224\"><span style=\"font-family: arial, helvetica, sans-serif; font-size: 16px;\">Istruzioni per la cura del prodotto<\/span><\/td>\n<td style=\"width: 50%; line-height: 1.5;\" width=\"224\"><span style=\"font-family: arial, helvetica, sans-serif; font-size: 16px;\">Disponibile<\/span><\/td>\n<\/tr>\n<tr>\n<td style=\"width: 50%; line-height: 1.5;\" width=\"224\"><span style=\"font-family: arial, helvetica, sans-serif; font-size: 16px;\">Tipo di prodotto vegetale<\/span><\/td>\n<td style=\"width: 50%; line-height: 1.5;\" width=\"224\"><span style=\"font-family: arial, helvetica, sans-serif; font-size: 16px;\">Erbe aromatiche<\/span><\/td>\n<\/tr>\n<tr>\n<td style=\"width: 50%; line-height: 1.5;\" width=\"224\"><span style=\"font-family: arial, helvetica, sans-serif; font-size: 16px;\">Caratteristica speciale<\/span><\/td>\n<td style=\"width: 50%; line-height: 1.5;\" width=\"224\"><span style=\"font-family: arial, helvetica, sans-serif; font-size: 16px;\">Coltivazione indoor-outdoor<\/span><\/td>\n<\/tr>\n<tr>\n<td style=\"width: 50%; line-height: 1.5;\" width=\"224\"><span style=\"font-family: arial, helvetica, sans-serif; font-size: 16px;\">Marca<\/span><\/td>\n<td style=\"width: 50%; line-height: 1.5;\" width=\"224\"><span style=\"font-family: arial, helvetica, sans-serif; font-size: 16px;\">Kit da giardino<\/span><\/td>\n<\/tr>\n<tr>\n<td style=\"width: 50%; line-height: 1.5;\" width=\"224\"><span style=\"font-family: arial, helvetica, sans-serif; font-size: 16px;\">Luogo d&#039;origine<\/span><\/td>\n<td style=\"width: 50%; line-height: 1.5;\" width=\"224\"><span style=\"font-family: arial, helvetica, sans-serif; font-size: 16px;\">Fujian, Cina<\/span><\/td>\n<\/tr>\n<tr>\n<td style=\"width: 50%; line-height: 1.5;\" width=\"224\"><span style=\"font-family: arial, helvetica, sans-serif; font-size: 16px;\">ODM\/OEM<\/span><\/td>\n<td style=\"width: 50%; line-height: 1.5;\" width=\"224\"><span style=\"font-family: arial, helvetica, sans-serif; font-size: 16px;\">Disponibile<\/span><\/td>\n<\/tr>\n<tr>\n<td style=\"width: 50%; line-height: 1.5;\" width=\"224\"><span style=\"font-family: arial, helvetica, sans-serif; font-size: 16px;\">MOQ per ordine personalizzato<\/span><\/td>\n<td style=\"width: 50%; line-height: 1.5;\" width=\"224\"><span style=\"font-family: arial, helvetica, sans-serif; font-size: 16px;\">3000 pezzi<\/span><\/td>\n<\/tr>\n<tr>\n<td style=\"width: 50%; line-height: 1.5;\" width=\"224\"><span style=\"font-family: arial, helvetica, sans-serif; font-size: 16px;\">Costo del campione<\/span><\/td>\n<td style=\"width: 50%; line-height: 1.5;\" width=\"224\"><span style=\"font-family: arial, helvetica, sans-serif; font-size: 16px;\">US$400\/Campione, restituzione completa dopo l&#039;ordine da parte nostra<\/span><\/td>\n<\/tr>\n<\/tbody>\n<\/table>\n<h2 style=\"line-height: 1.5;\">Informazioni sull'ordinazione di kit per il giardinaggio di erbe aromatiche<\/h2>\n<p style=\"line-height: 1.5;\"><strong><span style=\"font-family: arial, helvetica, sans-serif; font-size: 16px;\">Scatola regalo personalizzata<\/span><\/strong><\/p>\n<p>L'imballaggio esterno dei kit pu\u00f2 essere personalizzato in base alle vostre idee, se non avete un design, possiamo anche fornire il design dell'imballaggio esterno; abbiamo anche progettato l'imballaggio esterno di molti marchi, rendendo la loro attivit\u00e0 di grande successo. Quindi, se volete avviare la vostra attivit\u00e0 di kit per il giardinaggio di erbe, contattateci!<\/p>\n<p><strong>Kit di partenza ecologico a base di erbe<\/strong><\/p>\n<p>Ogni kit per il giardinaggio di erbe da interno contiene semi biologici certificati e non OGM. Le erbe da vaso per interni comprendono anche basilico italiano a foglia larga, coriandolo, prezzemolo, salvia a foglia larga e timo, 5 vasi di torba compostabili, 5 terricci fertili certificati OMRI, 5 segnapiante in legno personalizzati e una bella guida alla semina.<\/p>\n<p>L'intero kit \u00e8 certificato biologico, la maggior parte degli Starter Kit per l'orto contiene semi biologici e il terreno e i vasi sono trattati con sostanze chimiche e pesticidi dannosi. Sono quindi rispettosi dell'ambiente e noi crediamo fermamente che i sistemi sostenibili, ecologici e completamente biologici siano sicuri per le nostre famiglie, le donne, gli uomini, i bambini e ogni coltivatore.<\/p>\n<p><strong>Regalo speciale perfetto\u00a0<\/strong><\/p>\n<p>I nostri kit per il giardinaggio delle erbe da interno sono perfetti per chiunque, uomo o donna, vegetariano o vegano, madre, padre, miglior regalo per la cucina e il giardinaggio o regalo per la casa. I nostri kit per l'orto di erbe aromatiche da interno sono perfetti per la coltivazione su davanzali, appartamenti, esterni personali, cucine, balconi e persino piani di lavoro.<\/p>\n<p><strong>Date vita alla vostra cucina<\/strong><\/p>\n<p>Piantate i semi per il giardinaggio indoor perch\u00e9 ogni cucina \u00e8 pi\u00f9 bella con erbe e piante fresche sul piano di lavoro. I nostri kit di erbe da interno con semi di cimelio sono un modo unico di aggiungere cibo alla vostra piantagione e di ravvivare i vostri pasti con un po' di sapore gourmet dal vostro kit di coltivazione personale!<\/p>\n<p style=\"line-height: 1.5;\"><strong><span style=\"font-family: arial, helvetica, sans-serif; font-size: 16px;\">Kit di avviamento alle erbe da interno da 23 pezzi preparati<\/span><\/strong><\/p>\n<p>Include tutto il necessario per coltivare erbe deliziose. Iniziate a coltivare le vostre erbe partendo dai semi e noi vi guideremo in ogni fase del processo con facilit\u00e0. Il kit per il giardinaggio indoor di erbe aromatiche comprende i seguenti articoli.<\/p>\n<p>5 bustine di semi personalizzate<br \/>\n5 segnapiante in legno<br \/>\n5 dischi di terriccio certificato OMRI<br \/>\n4 vasi di torba compostabili certificati OMRI<\/p>\n<p style=\"line-height: 1.5;\"><strong>Cose da tenere a mente prima di iniziare a piantare il vostro kit per il giardinaggio indoor di erbe aromatiche<\/strong><\/p>\n<p style=\"line-height: 1.5;\">\n1. Scegliete un contenitore adatto:<\/p>\n<p style=\"line-height: 1.5;\">Le erbe aromatiche sono piante con radici poco profonde, quindi \u00e8 meglio scegliere un vaso poco profondo per la messa a dimora. I vasi in fibra vegetale e i vasi in argilla comunemente utilizzati sono pi\u00f9 adatti in quanto pi\u00f9 traspiranti. Sul fondo del vaso \u00e8 bene collocare dei sassolini per migliorare il drenaggio ed evitare l'intasamento.<\/p>\n<p style=\"line-height: 1.5;\">\n2. Posizionamento delle piante in vaso:<\/p>\n<p style=\"line-height: 1.5;\">Le erbe aromatiche possono crescere in zone con luce diffusa, ma prosperano se vengono garantite 5-6 ore di luce rifratta al giorno. In estate, posizionatele su un balcone esposto a sud. Per evitare l'appassimento e lo scolorimento delle foglie, non esponetele alla forte luce del sole.<\/p>\n<p style=\"line-height: 1.5;\">\n3. Suolo:<\/p>\n<p style=\"line-height: 1.5;\">Le erbe aromatiche crescono bene in un terreno ben drenato, ben aerato, sciolto e fertile. Mantenete quindi il terreno in buone condizioni, non ammassato e non secco.<\/p>\n<p style=\"line-height: 1.5;\">\n4. Semina:<\/p>\n<p style=\"line-height: 1.5;\">Mettere a bagno i semi per 24 ore prima della semina per migliorare la germinazione.<\/p>\n<p style=\"line-height: 1.5;\">\n5. Concimazione:<\/p>\n<p style=\"line-height: 1.5;\">Fate attenzione all'innaffiatura delle erbe, evitando di esagerare con l'acqua o di rimanere a lungo senza annaffiare.<\/p>","protected":false},"excerpt":{"rendered":"<p>Certificato USDA Organic Non-GMO - 5 semi di erbe aromatiche Basilico, cilantro, prezzemolo, salvia, timo, terriccio, kit per piante - Kit per il giardinaggio fai-da-te di erbe aromatiche in cucina.<\/p>","protected":false},"featured_media":13325,"comment_status":"open","ping_status":"closed","template":"","meta":[],"product_cat":[50],"product_tag":[180,183,179,176,181,177,56,57,178,182],"acf":[],"_links":{"self":[{"href":"https:\/\/www.garden-kit.com\/it\/wp-json\/wp\/v2\/product\/1526"}],"collection":[{"href":"https:\/\/www.garden-kit.com\/it\/wp-json\/wp\/v2\/product"}],"about":[{"href":"https:\/\/www.garden-kit.com\/it\/wp-json\/wp\/v2\/types\/product"}],"replies":[{"embeddable":true,"href":"https:\/\/www.garden-kit.com\/it\/wp-json\/wp\/v2\/comments?post=1526"}],"wp:featuredmedia":[{"embeddable":true,"href":"https:\/\/www.garden-kit.com\/it\/wp-json\/wp\/v2\/media\/13325"}],"wp:attachment":[{"href":"https:\/\/www.garden-kit.com\/it\/wp-json\/wp\/v2\/media?parent=1526"}],"wp:term":[{"taxonomy":"product_cat","embeddable":true,"href":"https:\/\/www.garden-kit.com\/it\/wp-json\/wp\/v2\/product_cat?post=1526"},{"taxonomy":"product_tag","embeddable":true,"href":"https:\/\/www.garden-kit.com\/it\/wp-json\/wp\/v2\/product_tag?post=1526"}],"curies":[{"name":"wp","href":"https:\/\/api.w.org\/{rel}","templated":true}]}}